{"id":6517,"date":"2021-07-16T12:48:44","date_gmt":"2021-07-16T09:48:44","guid":{"rendered":"https:\/\/kp.k12.tr\/ortaokul\/?page_id=6517"},"modified":"2022-01-04T11:03:57","modified_gmt":"2022-01-04T08:03:57","slug":"asteroid-b-612","status":"publish","type":"page","link":"https:\/\/kp.k12.tr\/ortaokul\/kampuste-yasam\/asteroid-b-612\/","title":{"rendered":"Asteroid B-612"},"content":{"rendered":"<div class=\"fusion-fullwidth fullwidth-box fusion-builder-row-1 fusion-flex-container fusion-parallax-fixed nonhundred-percent-fullwidth non-hundred-percent-height-scrolling lazyload\" style=\"--awb-border-radius-top-left:0px;--awb-border-radius-top-right:0px;--awb-border-radius-bottom-right:0px;--awb-border-radius-bottom-left:0px;--awb-margin-top:60px;--awb-margin-bottom:60px;--awb-background-color:#fafafa;--awb-background-size:cover;--awb-flex-wrap:wrap;background-attachment:fixed;\" data-bg=\"http:\/\/kp.k12.tr\/ortaokul\/wp-content\/uploads\/sites\/7\/2018\/02\/ilkorta_bg.jpg\" ><div class=\"fusion-builder-row fusion-row fusion-flex-align-items-flex-start fusion-flex-content-wrap\" style=\"max-width:calc( 1100px + 0px );margin-left: calc(-0px \/ 2 );margin-right: calc(-0px \/ 2 );\"><div class=\"fusion-layout-column fusion_builder_column fusion-builder-column-0 fusion_builder_column_1_1 1_1 fusion-flex-column card-1\" style=\"--awb-padding-top:5%;--awb-padding-right:5%;--awb-padding-bottom:5%;--awb-padding-left:5%;--awb-bg-color:#ffffff;--awb-bg-color-hover:#ffffff;--awb-bg-size:cover;--awb-width-large:100%;--awb-margin-top-large:0px;--awb-spacing-right-large:0px;--awb-margin-bottom-large:20px;--awb-spacing-left-large:0px;--awb-width-medium:100%;--awb-spacing-right-medium:0px;--awb-spacing-left-medium:0px;--awb-width-small:100%;--awb-spacing-right-small:0px;--awb-spacing-left-small:0px;\"><div class=\"fusion-column-wrapper fusion-flex-justify-content-flex-start fusion-content-layout-column\"><div class=\"fusion-title title fusion-title-1 fusion-sep-none fusion-title-text fusion-title-size-one\" style=\"--awb-margin-bottom:20px;--awb-margin-top-small:10px;--awb-margin-right-small:0px;--awb-margin-bottom-small:10px;--awb-margin-left-small:0px;\"><h1 class=\"fusion-title-heading title-heading-left fusion-responsive-typography-calculated\" style=\"margin:0;--fontSize:30;line-height:1.4;\">Asteroid B-612<\/h1><\/div><div class=\"fusion-builder-row fusion-builder-row-inner fusion-row fusion-flex-align-items-flex-start fusion-flex-content-wrap\" style=\"--awb-flex-grow:0;--awb-flex-grow-medium:0;--awb-flex-grow-small:0;--awb-flex-shrink:0;--awb-flex-shrink-medium:0;--awb-flex-shrink-small:0;width:calc( 100% + 0px ) !important;max-width:calc( 100% + 0px ) !important;margin-left: calc(-0px \/ 2 );margin-right: calc(-0px \/ 2 );\"><div class=\"fusion-layout-column fusion_builder_column_inner fusion-builder-nested-column-0 fusion_builder_column_inner_1_1 1_1 fusion-flex-column\" style=\"--awb-bg-size:cover;--awb-width-large:100%;--awb-margin-top-large:0px;--awb-spacing-right-large:0px;--awb-margin-bottom-large:20px;--awb-spacing-left-large:0px;--awb-width-medium:100%;--awb-spacing-right-medium:0px;--awb-spacing-left-medium:0px;--awb-width-small:100%;--awb-spacing-right-small:0px;--awb-spacing-left-small:0px;\"><div class=\"fusion-column-wrapper fusion-flex-justify-content-flex-start fusion-content-layout-column\"><div class=\"fusion-blog-shortcode fusion-blog-shortcode-1 fusion-blog-archive fusion-blog-layout-timeline-wrapper fusion-blog-infinite\"><div class=\"fusion-posts-container fusion-posts-container-infinite fusion-blog-rollover\" data-pages=\"1\"><div class=\"fusion-timeline-icon\"><i class=\"awb-icon-bubbles\" style=\"color:#ebeaea;\" aria-hidden=\"true\"><\/i><\/div><div class=\"fusion-blog-layout-timeline fusion-clearfix\"><div class=\"fusion-timeline-line\" style=\"border-left:1px solid #ebeaea;border-right:1px solid #ebeaea;\"><\/div><h3 class=\"fusion-timeline-date\" style=\"background-color:#ebeaea;\">Haziran 2025<\/h3><div class=\"fusion-collapse-month\"><article id=\"blog-1-post-11005\" style=\"border-color:#ebeaea;\" class=\"fusion-post-timeline fusion-clearfix fusion-left-column post-11005 post type-post status-publish format-standard has-post-thumbnail hentry category-asteroid-b-612\">\n<div class=\"fusion-post-wrapper\" style=\"background-color:rgba(255,255,255,0);\">\n\n\t\t\t<div class=\"fusion-flexslider flexslider fusion-flexslider-loading fusion-post-slideshow\" style=\"border-color:#ebeaea;\">\n\t\t<ul class=\"slides\">\n\t\t\t\n\t\t\t\t\t\t\t\t\t\t\t\t\t\t<li><div  class=\"fusion-image-wrapper\" aria-haspopup=\"true\">\n\t\t\t\t<img decoding=\"async\" width=\"1662\" height=\"2351\" src=\"https:\/\/kp.k12.tr\/ortaokul\/wp-content\/uploads\/sites\/7\/2025\/06\/ASTEROID_15_Sayfa_01.jpg\" class=\"attachment-full size-full lazyload wp-post-image\" alt=\"\" srcset=\"data:image\/svg+xml,%3Csvg%20xmlns%3D%27http%3A%2F%2Fwww.w3.org%2F2000%2Fsvg%27%20width%3D%271662%27%20height%3D%272351%27%20viewBox%3D%270%200%201662%202351%27%3E%3Crect%20width%3D%271662%27%20height%3D%272351%27%20fill-opacity%3D%220%22%2F%3E%3C%2Fsvg%3E\" data-orig-src=\"https:\/\/kp.k12.tr\/ortaokul\/wp-content\/uploads\/sites\/7\/2025\/06\/ASTEROID_15_Sayfa_01.jpg\" data-srcset=\"https:\/\/kp.k12.tr\/ortaokul\/wp-content\/uploads\/sites\/7\/2025\/06\/ASTEROID_15_Sayfa_01-200x283.jpg 200w, https:\/\/kp.k12.tr\/ortaokul\/wp-content\/uploads\/sites\/7\/2025\/06\/ASTEROID_15_Sayfa_01-400x566.jpg 400w, https:\/\/kp.k12.tr\/ortaokul\/wp-content\/uploads\/sites\/7\/2025\/06\/ASTEROID_15_Sayfa_01-600x849.jpg 600w, https:\/\/kp.k12.tr\/ortaokul\/wp-content\/uploads\/sites\/7\/2025\/06\/ASTEROID_15_Sayfa_01-800x1132.jpg 800w, https:\/\/kp.k12.tr\/ortaokul\/wp-content\/uploads\/sites\/7\/2025\/06\/ASTEROID_15_Sayfa_01-1200x1697.jpg 1200w, https:\/\/kp.k12.tr\/ortaokul\/wp-content\/uploads\/sites\/7\/2025\/06\/ASTEROID_15_Sayfa_01.jpg 1662w\" data-sizes=\"auto\" \/><div class=\"fusion-rollover\">\n\t<div class=\"fusion-rollover-content\">\n\n\t\t\t\t\t\t\t\t\t\t\t\t\t\t<a class=\"fusion-rollover-link\" href=\"https:\/\/kp.k12.tr\/ortaokul\/asteroid-b-612-sayi15\/\">Asteroid B-612 \/ Say\u0131:15<\/a>\n\t\t\t\n\t\t\t\t\t\t\t\t\t\t\t\t\t\t\n\t\t\t\t\t\t\t\t\n\t\t\t\t\t\t\t\t\t\t\t\t\t<div class=\"fusion-rollover-sep\"><\/div>\n\t\t\t\t\n\t\t\t\t\t\t\t\t\t\t\t\t\t\t\t\t\t\t<a class=\"fusion-rollover-gallery\" href=\"https:\/\/kp.k12.tr\/ortaokul\/wp-content\/uploads\/sites\/7\/2025\/06\/ASTEROID_15_Sayfa_01.jpg\" data-options=\"\" data-id=\"11005\" data-rel=\"iLightbox[gallery]\" data-title=\"ASTEROID_15_Sayfa_01\" data-caption=\"\">\n\t\t\t\t\t\tGaleri\t\t\t\t\t<\/a>\n\t\t\t\t\t\t\t\t\t\t\t\t\t\t\n\t\t\n\t\t\t\t\t\t\t\t\t\t\t\t<h4 class=\"fusion-rollover-title\">\n\t\t\t\t\t<a class=\"fusion-rollover-title-link\" href=\"https:\/\/kp.k12.tr\/ortaokul\/asteroid-b-612-sayi15\/\">\n\t\t\t\t\t\tAsteroid B-612 \/ Say\u0131:15\t\t\t\t\t<\/a>\n\t\t\t\t<\/h4>\n\t\t\t\n\t\t\t\t\t\t\t\t\t\t<div class=\"fusion-rollover-categories\"><a href=\"https:\/\/kp.k12.tr\/ortaokul\/category\/asteroid-b-612\/\" rel=\"tag\">Asteroid B-612<\/a><\/div>\t\t\t\t\t\n\t\t\n\t\t\t\t\t\t<a class=\"fusion-link-wrapper\" href=\"https:\/\/kp.k12.tr\/ortaokul\/asteroid-b-612-sayi15\/\" aria-label=\"Asteroid B-612 \/ Say\u0131:15\"><\/a>\n\t<\/div>\n<\/div>\n<\/div>\n<\/li>\n\t\t\t\n\t\t\t\n\t\t\t\t\t\t\t\t\t\t\t\t\t\t\t\t\t\t\t\t\t\t\t\t\t\t\t\t\t\t\t\t\t\t\t\t\t\t\t\t\t\t\t\t\t\t\t\t\t\t\t\t\t\t\t\t\t\t\t\t\t\t\t\t\t\t\t\t<\/ul>\n\t<\/div>\n\t<div class=\"fusion-post-content-wrapper\" style=\"padding:30px 25px 20px 25px;\"><div class=\"fusion-post-content post-content\"><div class=\"fusion-timeline-circle\" style=\"background-color:#ebeaea;\"><\/div><div class=\"fusion-timeline-arrow\" style=\"color:#ebeaea;\"><\/div><h2 class=\"blog-shortcode-post-title entry-title\"><a href=\"https:\/\/kp.k12.tr\/ortaokul\/asteroid-b-612-sayi15\/\">Asteroid B-612 \/ Say\u0131:15<\/a><\/h2><div class=\"fusion-content-sep sep-double sep-solid\"><\/div><div class=\"fusion-post-content-container\"><p>   <\/p><\/div><\/div><div class=\"fusion-meta-info\"><div class=\"fusion-alignleft\"><a class=\"fusion-read-more\" href=\"https:\/\/kp.k12.tr\/ortaokul\/asteroid-b-612-sayi15\/\" aria-label=\"\u015eu konuda ayr\u0131nt\u0131l\u0131 bilgi Asteroid B-612 \/ Say\u0131:15\">Devam\u0131n\u0131 oku<\/a><\/div><\/div><\/div><div class=\"fusion-clearfix\"><\/div><\/div>\n<\/article>\n<\/div><h3 class=\"fusion-timeline-date\" style=\"background-color:#ebeaea;\">Haziran 2024<\/h3><div class=\"fusion-collapse-month\"><article id=\"blog-1-post-9729\" style=\"border-color:#ebeaea;\" class=\"fusion-post-timeline fusion-clearfix fusion-right-column post-9729 post type-post status-publish format-standard has-post-thumbnail hentry\">\n<div class=\"fusion-post-wrapper\" style=\"background-color:rgba(255,255,255,0);\">\n\n\t\t\t<div class=\"fusion-flexslider flexslider fusion-flexslider-loading fusion-post-slideshow\" style=\"border-color:#ebeaea;\">\n\t\t<ul class=\"slides\">\n\t\t\t\n\t\t\t\t\t\t\t\t\t\t\t\t\t\t<li><div  class=\"fusion-image-wrapper\" aria-haspopup=\"true\">\n\t\t\t\t<img decoding=\"async\" width=\"615\" height=\"858\" src=\"https:\/\/kp.k12.tr\/ortaokul\/wp-content\/uploads\/sites\/7\/2024\/06\/Astreoid_13.png\" class=\"attachment-full size-full lazyload wp-post-image\" alt=\"\" srcset=\"data:image\/svg+xml,%3Csvg%20xmlns%3D%27http%3A%2F%2Fwww.w3.org%2F2000%2Fsvg%27%20width%3D%27615%27%20height%3D%27858%27%20viewBox%3D%270%200%20615%20858%27%3E%3Crect%20width%3D%27615%27%20height%3D%27858%27%20fill-opacity%3D%220%22%2F%3E%3C%2Fsvg%3E\" data-orig-src=\"https:\/\/kp.k12.tr\/ortaokul\/wp-content\/uploads\/sites\/7\/2024\/06\/Astreoid_13.png\" data-srcset=\"https:\/\/kp.k12.tr\/ortaokul\/wp-content\/uploads\/sites\/7\/2024\/06\/Astreoid_13-200x279.png 200w, https:\/\/kp.k12.tr\/ortaokul\/wp-content\/uploads\/sites\/7\/2024\/06\/Astreoid_13-400x558.png 400w, https:\/\/kp.k12.tr\/ortaokul\/wp-content\/uploads\/sites\/7\/2024\/06\/Astreoid_13-600x837.png 600w, https:\/\/kp.k12.tr\/ortaokul\/wp-content\/uploads\/sites\/7\/2024\/06\/Astreoid_13.png 615w\" data-sizes=\"auto\" \/><div class=\"fusion-rollover\">\n\t<div class=\"fusion-rollover-content\">\n\n\t\t\t\t\t\t\t\t\t\t\t\t\t\t<a class=\"fusion-rollover-link\" href=\"https:\/\/kp.k12.tr\/ortaokul\/asteroid-b-612-sayi14\/\">Asteroid B-612 \/ Say\u0131:14<\/a>\n\t\t\t\n\t\t\t\t\t\t\t\t\t\t\t\t\t\t\n\t\t\t\t\t\t\t\t\n\t\t\t\t\t\t\t\t\t\t\t\t\t<div class=\"fusion-rollover-sep\"><\/div>\n\t\t\t\t\n\t\t\t\t\t\t\t\t\t\t\t\t\t\t\t\t\t\t<a class=\"fusion-rollover-gallery\" href=\"https:\/\/kp.k12.tr\/ortaokul\/wp-content\/uploads\/sites\/7\/2024\/06\/Astreoid_13.png\" data-options=\"\" data-id=\"9729\" data-rel=\"iLightbox[gallery]\" data-title=\"Astreoid_13\" data-caption=\"\">\n\t\t\t\t\t\tGaleri\t\t\t\t\t<\/a>\n\t\t\t\t\t\t\t\t\t\t\t\t\t\t\n\t\t\n\t\t\t\t\t\t\t\t\t\t\t\t<h4 class=\"fusion-rollover-title\">\n\t\t\t\t\t<a class=\"fusion-rollover-title-link\" href=\"https:\/\/kp.k12.tr\/ortaokul\/asteroid-b-612-sayi14\/\">\n\t\t\t\t\t\tAsteroid B-612 \/ Say\u0131:14\t\t\t\t\t<\/a>\n\t\t\t\t<\/h4>\n\t\t\t\n\t\t\t\t\t\t\t\t\t\t\t\t\t\t\t\n\t\t\n\t\t\t\t\t\t<a class=\"fusion-link-wrapper\" href=\"https:\/\/kp.k12.tr\/ortaokul\/asteroid-b-612-sayi14\/\" aria-label=\"Asteroid B-612 \/ Say\u0131:14\"><\/a>\n\t<\/div>\n<\/div>\n<\/div>\n<\/li>\n\t\t\t\n\t\t\t\n\t\t\t\t\t\t\t\t\t\t\t\t\t\t\t\t\t\t\t\t\t\t\t\t\t\t\t\t\t\t\t\t\t\t\t\t\t\t\t\t\t\t\t\t\t\t\t\t\t\t\t\t\t\t\t\t\t\t\t\t\t\t\t\t\t\t\t\t<\/ul>\n\t<\/div>\n\t<div class=\"fusion-post-content-wrapper\" style=\"padding:30px 25px 20px 25px;\"><div class=\"fusion-post-content post-content\"><div class=\"fusion-timeline-circle\" style=\"background-color:#ebeaea;\"><\/div><div class=\"fusion-timeline-arrow\" style=\"color:#ebeaea;\"><\/div><h2 class=\"blog-shortcode-post-title entry-title\"><a href=\"https:\/\/kp.k12.tr\/ortaokul\/asteroid-b-612-sayi14\/\">Asteroid B-612 \/ Say\u0131:14<\/a><\/h2><div class=\"fusion-content-sep sep-double sep-solid\"><\/div><div class=\"fusion-post-content-container\"><p>   <\/p><\/div><\/div><div class=\"fusion-meta-info\"><div class=\"fusion-alignleft\"><a class=\"fusion-read-more\" href=\"https:\/\/kp.k12.tr\/ortaokul\/asteroid-b-612-sayi14\/\" aria-label=\"\u015eu konuda ayr\u0131nt\u0131l\u0131 bilgi Asteroid B-612 \/ Say\u0131:14\">Devam\u0131n\u0131 oku<\/a><\/div><\/div><\/div><div class=\"fusion-clearfix\"><\/div><\/div>\n<\/article>\n<\/div><h3 class=\"fusion-timeline-date\" style=\"background-color:#ebeaea;\">Haziran 2022<\/h3><div class=\"fusion-collapse-month\"><article id=\"blog-1-post-7530\" style=\"border-color:#ebeaea;\" class=\"fusion-post-timeline fusion-clearfix fusion-left-column post-7530 post type-post status-publish format-standard has-post-thumbnail hentry\">\n<div class=\"fusion-post-wrapper\" style=\"background-color:rgba(255,255,255,0);\">\n\n\t\t\t<div class=\"fusion-flexslider flexslider fusion-flexslider-loading fusion-post-slideshow\" style=\"border-color:#ebeaea;\">\n\t\t<ul class=\"slides\">\n\t\t\t\n\t\t\t\t\t\t\t\t\t\t\t\t\t\t<li><div  class=\"fusion-image-wrapper\" aria-haspopup=\"true\">\n\t\t\t\t<img decoding=\"async\" width=\"633\" height=\"888\" src=\"https:\/\/kp.k12.tr\/ortaokul\/wp-content\/uploads\/sites\/7\/2022\/11\/Screenshot_1-2.png\" class=\"attachment-full size-full lazyload wp-post-image\" alt=\"\" srcset=\"data:image\/svg+xml,%3Csvg%20xmlns%3D%27http%3A%2F%2Fwww.w3.org%2F2000%2Fsvg%27%20width%3D%27633%27%20height%3D%27888%27%20viewBox%3D%270%200%20633%20888%27%3E%3Crect%20width%3D%27633%27%20height%3D%27888%27%20fill-opacity%3D%220%22%2F%3E%3C%2Fsvg%3E\" data-orig-src=\"https:\/\/kp.k12.tr\/ortaokul\/wp-content\/uploads\/sites\/7\/2022\/11\/Screenshot_1-2.png\" data-srcset=\"https:\/\/kp.k12.tr\/ortaokul\/wp-content\/uploads\/sites\/7\/2022\/11\/Screenshot_1-2-200x281.png 200w, https:\/\/kp.k12.tr\/ortaokul\/wp-content\/uploads\/sites\/7\/2022\/11\/Screenshot_1-2-400x561.png 400w, https:\/\/kp.k12.tr\/ortaokul\/wp-content\/uploads\/sites\/7\/2022\/11\/Screenshot_1-2-600x842.png 600w, https:\/\/kp.k12.tr\/ortaokul\/wp-content\/uploads\/sites\/7\/2022\/11\/Screenshot_1-2.png 633w\" data-sizes=\"auto\" \/><div class=\"fusion-rollover\">\n\t<div class=\"fusion-rollover-content\">\n\n\t\t\t\t\t\t\t\t\t\t\t\t\t\t<a class=\"fusion-rollover-link\" href=\"https:\/\/kp.k12.tr\/ortaokul\/asteroid-b-612-sayi12\/\">Asteroid B-612 \/ Say\u0131:12<\/a>\n\t\t\t\n\t\t\t\t\t\t\t\t\t\t\t\t\t\t\n\t\t\t\t\t\t\t\t\n\t\t\t\t\t\t\t\t\t\t\t\t\t<div class=\"fusion-rollover-sep\"><\/div>\n\t\t\t\t\n\t\t\t\t\t\t\t\t\t\t\t\t\t\t\t\t\t\t<a class=\"fusion-rollover-gallery\" href=\"https:\/\/kp.k12.tr\/ortaokul\/wp-content\/uploads\/sites\/7\/2022\/11\/Screenshot_1-2.png\" data-options=\"\" data-id=\"7530\" data-rel=\"iLightbox[gallery]\" data-title=\"\" data-caption=\"\">\n\t\t\t\t\t\tGaleri\t\t\t\t\t<\/a>\n\t\t\t\t\t\t\t\t\t\t\t\t\t\t\n\t\t\n\t\t\t\t\t\t\t\t\t\t\t\t<h4 class=\"fusion-rollover-title\">\n\t\t\t\t\t<a class=\"fusion-rollover-title-link\" href=\"https:\/\/kp.k12.tr\/ortaokul\/asteroid-b-612-sayi12\/\">\n\t\t\t\t\t\tAsteroid B-612 \/ Say\u0131:12\t\t\t\t\t<\/a>\n\t\t\t\t<\/h4>\n\t\t\t\n\t\t\t\t\t\t\t\t\t\t\t\t\t\t\t\n\t\t\n\t\t\t\t\t\t<a class=\"fusion-link-wrapper\" href=\"https:\/\/kp.k12.tr\/ortaokul\/asteroid-b-612-sayi12\/\" aria-label=\"Asteroid B-612 \/ Say\u0131:12\"><\/a>\n\t<\/div>\n<\/div>\n<\/div>\n<\/li>\n\t\t\t\n\t\t\t\n\t\t\t\t\t\t\t\t\t\t\t\t\t\t\t\t\t\t\t\t\t\t\t\t\t\t\t\t\t\t\t\t\t\t\t\t\t\t\t\t\t\t\t\t\t\t\t\t\t\t\t\t\t\t\t\t\t\t\t\t\t\t\t\t\t\t\t\t<\/ul>\n\t<\/div>\n\t<div class=\"fusion-post-content-wrapper\" style=\"padding:30px 25px 20px 25px;\"><div class=\"fusion-post-content post-content\"><div class=\"fusion-timeline-circle\" style=\"background-color:#ebeaea;\"><\/div><div class=\"fusion-timeline-arrow\" style=\"color:#ebeaea;\"><\/div><h2 class=\"blog-shortcode-post-title entry-title\"><a href=\"https:\/\/kp.k12.tr\/ortaokul\/asteroid-b-612-sayi12\/\">Asteroid B-612 \/ Say\u0131:12<\/a><\/h2><div class=\"fusion-content-sep sep-double sep-solid\"><\/div><div class=\"fusion-post-content-container\"><p>   <\/p><\/div><\/div><div class=\"fusion-meta-info\"><div class=\"fusion-alignleft\"><a class=\"fusion-read-more\" href=\"https:\/\/kp.k12.tr\/ortaokul\/asteroid-b-612-sayi12\/\" aria-label=\"\u015eu konuda ayr\u0131nt\u0131l\u0131 bilgi Asteroid B-612 \/ Say\u0131:12\">Devam\u0131n\u0131 oku<\/a><\/div><\/div><\/div><div class=\"fusion-clearfix\"><\/div><\/div>\n<\/article>\n<\/div><h3 class=\"fusion-timeline-date\" style=\"background-color:#ebeaea;\">Temmuz 2021<\/h3><div class=\"fusion-collapse-month\"><article id=\"blog-1-post-6520\" style=\"border-color:#ebeaea;\" class=\"fusion-post-timeline fusion-clearfix fusion-right-column post-6520 post type-post status-publish format-standard has-post-thumbnail hentry category-asteroid-b-612\">\n<div class=\"fusion-post-wrapper\" style=\"background-color:rgba(255,255,255,0);\">\n\n\t\t\t<div class=\"fusion-flexslider flexslider fusion-flexslider-loading fusion-post-slideshow\" style=\"border-color:#ebeaea;\">\n\t\t<ul class=\"slides\">\n\t\t\t\n\t\t\t\t\t\t\t\t\t\t\t\t\t\t<li><div  class=\"fusion-image-wrapper\" aria-haspopup=\"true\">\n\t\t\t\t<img decoding=\"async\" width=\"471\" height=\"672\" src=\"https:\/\/kp.k12.tr\/ortaokul\/wp-content\/uploads\/sites\/7\/2021\/07\/Screenshot_1.png\" class=\"attachment-full size-full lazyload wp-post-image\" alt=\"\" srcset=\"data:image\/svg+xml,%3Csvg%20xmlns%3D%27http%3A%2F%2Fwww.w3.org%2F2000%2Fsvg%27%20width%3D%27471%27%20height%3D%27672%27%20viewBox%3D%270%200%20471%20672%27%3E%3Crect%20width%3D%27471%27%20height%3D%27672%27%20fill-opacity%3D%220%22%2F%3E%3C%2Fsvg%3E\" data-orig-src=\"https:\/\/kp.k12.tr\/ortaokul\/wp-content\/uploads\/sites\/7\/2021\/07\/Screenshot_1.png\" data-srcset=\"https:\/\/kp.k12.tr\/ortaokul\/wp-content\/uploads\/sites\/7\/2021\/07\/Screenshot_1-200x285.png 200w, https:\/\/kp.k12.tr\/ortaokul\/wp-content\/uploads\/sites\/7\/2021\/07\/Screenshot_1-400x571.png 400w, https:\/\/kp.k12.tr\/ortaokul\/wp-content\/uploads\/sites\/7\/2021\/07\/Screenshot_1.png 471w\" data-sizes=\"auto\" \/><div class=\"fusion-rollover\">\n\t<div class=\"fusion-rollover-content\">\n\n\t\t\t\t\t\t\t\t\t\t\t\t\t\t<a class=\"fusion-rollover-link\" href=\"https:\/\/kp.k12.tr\/ortaokul\/asteroid-b-612-sayi11\/\">Asteroid B-612 \/ Say\u0131:11<\/a>\n\t\t\t\n\t\t\t\t\t\t\t\t\t\t\t\t\t\t\n\t\t\t\t\t\t\t\t\n\t\t\t\t\t\t\t\t\t\t\t\t\t<div class=\"fusion-rollover-sep\"><\/div>\n\t\t\t\t\n\t\t\t\t\t\t\t\t\t\t\t\t\t\t\t\t\t\t<a class=\"fusion-rollover-gallery\" href=\"https:\/\/kp.k12.tr\/ortaokul\/wp-content\/uploads\/sites\/7\/2021\/07\/Screenshot_1.png\" data-options=\"\" data-id=\"6520\" data-rel=\"iLightbox[gallery]\" data-title=\"\" data-caption=\"\">\n\t\t\t\t\t\tGaleri\t\t\t\t\t<\/a>\n\t\t\t\t\t\t\t\t\t\t\t\t\t\t\n\t\t\n\t\t\t\t\t\t\t\t\t\t\t\t<h4 class=\"fusion-rollover-title\">\n\t\t\t\t\t<a class=\"fusion-rollover-title-link\" href=\"https:\/\/kp.k12.tr\/ortaokul\/asteroid-b-612-sayi11\/\">\n\t\t\t\t\t\tAsteroid B-612 \/ Say\u0131:11\t\t\t\t\t<\/a>\n\t\t\t\t<\/h4>\n\t\t\t\n\t\t\t\t\t\t\t\t\t\t<div class=\"fusion-rollover-categories\"><a href=\"https:\/\/kp.k12.tr\/ortaokul\/category\/asteroid-b-612\/\" rel=\"tag\">Asteroid B-612<\/a>, <a href=\"https:\/\/kp.k12.tr\/ortaokul\/category\/asteroid-b-612\/\" rel=\"tag\">Asteroid B-612<\/a>, <a href=\"https:\/\/kp.k12.tr\/ortaokul\/category\/asteroid-b-612\/\" rel=\"tag\">Asteroid B-612<\/a><\/div>\t\t\t\t\t\n\t\t\n\t\t\t\t\t\t<a class=\"fusion-link-wrapper\" href=\"https:\/\/kp.k12.tr\/ortaokul\/asteroid-b-612-sayi11\/\" aria-label=\"Asteroid B-612 \/ Say\u0131:11\"><\/a>\n\t<\/div>\n<\/div>\n<\/div>\n<\/li>\n\t\t\t\n\t\t\t\n\t\t\t\t\t\t\t\t\t\t\t\t\t\t\t\t\t\t\t\t\t\t\t\t\t\t\t\t\t\t\t\t\t\t\t\t\t\t\t\t\t\t\t\t\t\t\t\t\t\t\t\t\t\t\t\t\t\t\t\t\t\t\t\t\t\t\t\t<\/ul>\n\t<\/div>\n\t<div class=\"fusion-post-content-wrapper\" style=\"padding:30px 25px 20px 25px;\"><div class=\"fusion-post-content post-content\"><div class=\"fusion-timeline-circle\" style=\"background-color:#ebeaea;\"><\/div><div class=\"fusion-timeline-arrow\" style=\"color:#ebeaea;\"><\/div><h2 class=\"blog-shortcode-post-title entry-title\"><a href=\"https:\/\/kp.k12.tr\/ortaokul\/asteroid-b-612-sayi11\/\">Asteroid B-612 \/ Say\u0131:11<\/a><\/h2><div class=\"fusion-content-sep sep-double sep-solid\"><\/div><div class=\"fusion-post-content-container\"><p>   <\/p><\/div><\/div><div class=\"fusion-meta-info\"><div class=\"fusion-alignleft\"><a class=\"fusion-read-more\" href=\"https:\/\/kp.k12.tr\/ortaokul\/asteroid-b-612-sayi11\/\" aria-label=\"\u015eu konuda ayr\u0131nt\u0131l\u0131 bilgi Asteroid B-612 \/ Say\u0131:11\">Devam\u0131n\u0131 oku<\/a><\/div><\/div><\/div><div class=\"fusion-clearfix\"><\/div><\/div>\n<\/article>\n<\/div><\/div><\/div><\/div><\/div><\/div><\/div><\/div><\/div><\/div><\/div>\n","protected":false},"excerpt":{"rendered":"","protected":false},"author":5,"featured_media":0,"parent":50,"menu_order":54,"comment_status":"closed","ping_status":"closed","template":"100-width.php","meta":{"_view_id":"","footnotes":""},"class_list":["post-6517","page","type-page","status-publish","hentry"],"jetpack_sharing_enabled":true,"_links":{"self":[{"href":"https:\/\/kp.k12.tr\/ortaokul\/wp-json\/wp\/v2\/pages\/6517","targetHints":{"allow":["GET"]}}],"collection":[{"href":"https:\/\/kp.k12.tr\/ortaokul\/wp-json\/wp\/v2\/pages"}],"about":[{"href":"https:\/\/kp.k12.tr\/ortaokul\/wp-json\/wp\/v2\/types\/page"}],"author":[{"embeddable":true,"href":"https:\/\/kp.k12.tr\/ortaokul\/wp-json\/wp\/v2\/users\/5"}],"replies":[{"embeddable":true,"href":"https:\/\/kp.k12.tr\/ortaokul\/wp-json\/wp\/v2\/comments?post=6517"}],"version-history":[{"count":0,"href":"https:\/\/kp.k12.tr\/ortaokul\/wp-json\/wp\/v2\/pages\/6517\/revisions"}],"up":[{"embeddable":true,"href":"https:\/\/kp.k12.tr\/ortaokul\/wp-json\/wp\/v2\/pages\/50"}],"wp:attachment":[{"href":"https:\/\/kp.k12.tr\/ortaokul\/wp-json\/wp\/v2\/media?parent=6517"}],"curies":[{"name":"wp","href":"https:\/\/api.w.org\/{rel}","templated":true}]}}