{"id":6,"date":"2018-01-18T08:00:27","date_gmt":"2018-01-18T08:00:27","guid":{"rendered":"http:\/\/kp.k12.tr\/ortaokul\/okulumuz\/mudurumuzden\/"},"modified":"2026-02-05T12:12:53","modified_gmt":"2026-02-05T09:12:53","slug":"mudurumuzden","status":"publish","type":"page","link":"https:\/\/kp.k12.tr\/ortaokul\/okulumuz\/mudurumuzden\/","title":{"rendered":"M\u00fcd\u00fcr\u00fcm\u00fczden"},"content":{"rendered":"<div class=\"fusion-fullwidth fullwidth-box fusion-builder-row-1 fusion-flex-container nonhundred-percent-fullwidth non-hundred-percent-height-scrolling\" style=\"--awb-border-radius-top-left:0px;--awb-border-radius-top-right:0px;--awb-border-radius-bottom-right:0px;--awb-border-radius-bottom-left:0px;--awb-padding-bottom:120px;--awb-background-color:#fafafa;--awb-flex-wrap:wrap;\" ><div class=\"fusion-builder-row fusion-row fusion-flex-align-items-flex-start fusion-flex-content-wrap\" style=\"max-width:1144px;margin-left: calc(-4% \/ 2 );margin-right: calc(-4% \/ 2 );\"><div class=\"fusion-layout-column fusion_builder_column fusion-builder-column-0 fusion_builder_column_1_1 1_1 fusion-flex-column card-1\" style=\"--awb-padding-top:0%;--awb-padding-right:5%;--awb-padding-left:5%;--awb-bg-color:rgba(255,255,255,0.87);--awb-bg-color-hover:rgba(255,255,255,0.87);--awb-bg-size:cover;--awb-width-large:100%;--awb-margin-top-large:192px;--awb-spacing-right-large:1.92%;--awb-margin-bottom-large:20px;--awb-spacing-left-large:1.92%;--awb-width-medium:100%;--awb-spacing-right-medium:1.92%;--awb-spacing-left-medium:1.92%;--awb-width-small:100%;--awb-spacing-right-small:1.92%;--awb-spacing-left-small:1.92%;\"><div class=\"fusion-column-wrapper fusion-flex-justify-content-flex-start fusion-content-layout-column\"><div class=\"fusion-builder-row fusion-builder-row-inner fusion-row fusion-flex-align-items-flex-start fusion-flex-content-wrap\" style=\"--awb-flex-grow:0;--awb-flex-grow-medium:0;--awb-flex-grow-small:0;--awb-flex-shrink:0;--awb-flex-shrink-medium:0;--awb-flex-shrink-small:0;width:104% !important;max-width:104% !important;margin-left: calc(-4% \/ 2 );margin-right: calc(-4% \/ 2 );\"><div class=\"fusion-layout-column fusion_builder_column_inner fusion-builder-nested-column-0 fusion_builder_column_inner_1_5 1_5 fusion-flex-column\" style=\"--awb-bg-size:cover;--awb-width-large:20%;--awb-margin-top-large:0px;--awb-spacing-right-large:0px;--awb-margin-bottom-large:20px;--awb-spacing-left-large:9.6%;--awb-width-medium:100%;--awb-spacing-right-medium:1.92%;--awb-spacing-left-medium:1.92%;--awb-width-small:100%;--awb-spacing-right-small:1.92%;--awb-spacing-left-small:1.92%;\"><div class=\"fusion-column-wrapper fusion-flex-justify-content-flex-start fusion-content-layout-column\"><\/div><\/div><div class=\"fusion-layout-column fusion_builder_column_inner fusion-builder-nested-column-1 fusion_builder_column_inner_3_5 3_5 fusion-flex-column\" style=\"--awb-bg-size:cover;--awb-width-large:60%;--awb-margin-top-large:0px;--awb-spacing-right-large:0px;--awb-margin-bottom-large:20px;--awb-spacing-left-large:0px;--awb-width-medium:100%;--awb-spacing-right-medium:1.92%;--awb-spacing-left-medium:1.92%;--awb-width-small:100%;--awb-spacing-right-small:1.92%;--awb-spacing-left-small:1.92%;\"><div class=\"fusion-column-wrapper fusion-flex-justify-content-flex-start fusion-content-layout-column\"><div class=\"fusion-title title fusion-title-1 fusion-sep-none fusion-title-text fusion-title-size-one\" style=\"--awb-margin-top-small:10px;--awb-margin-right-small:0px;--awb-margin-bottom-small:10px;--awb-margin-left-small:0px;\"><h1 class=\"fusion-title-heading title-heading-left fusion-responsive-typography-calculated\" style=\"margin:0;--fontSize:30;line-height:1.4;\">M\u00fcd\u00fcr\u00fcm\u00fczden<\/h1><\/div><\/div><\/div><div class=\"fusion-layout-column fusion_builder_column_inner fusion-builder-nested-column-2 fusion_builder_column_inner_1_5 1_5 fusion-flex-column\" style=\"--awb-bg-size:cover;--awb-width-large:20%;--awb-margin-top-large:0px;--awb-spacing-right-large:9.6%;--awb-margin-bottom-large:20px;--awb-spacing-left-large:0px;--awb-width-medium:100%;--awb-spacing-right-medium:1.92%;--awb-spacing-left-medium:1.92%;--awb-width-small:100%;--awb-spacing-right-small:1.92%;--awb-spacing-left-small:1.92%;\"><div class=\"fusion-column-wrapper fusion-flex-justify-content-flex-start fusion-content-layout-column\"><\/div><\/div><div class=\"fusion-layout-column fusion_builder_column_inner fusion-builder-nested-column-3 fusion_builder_column_inner_1_6 1_6 fusion-flex-column\" style=\"--awb-bg-size:cover;--awb-width-large:16.666666666667%;--awb-margin-top-large:0px;--awb-spacing-right-large:11.52%;--awb-margin-bottom-large:20px;--awb-spacing-left-large:11.52%;--awb-width-medium:100%;--awb-spacing-right-medium:1.92%;--awb-spacing-left-medium:1.92%;--awb-width-small:100%;--awb-spacing-right-small:1.92%;--awb-spacing-left-small:1.92%;\"><div class=\"fusion-column-wrapper fusion-flex-justify-content-flex-start fusion-content-layout-column\"><\/div><\/div><div class=\"fusion-layout-column fusion_builder_column_inner fusion-builder-nested-column-4 fusion_builder_column_inner_2_3 2_3 fusion-flex-column\" style=\"--awb-bg-size:cover;--awb-width-large:66.666666666667%;--awb-margin-top-large:0px;--awb-spacing-right-large:2.88%;--awb-margin-bottom-large:20px;--awb-spacing-left-large:2.88%;--awb-width-medium:100%;--awb-spacing-right-medium:1.92%;--awb-spacing-left-medium:1.92%;--awb-width-small:100%;--awb-spacing-right-small:1.92%;--awb-spacing-left-small:1.92%;\"><div class=\"fusion-column-wrapper fusion-flex-justify-content-flex-start fusion-content-layout-column\"><div class=\"fusion-image-element \" style=\"--awb-caption-title-font-family:var(--h2_typography-font-family);--awb-caption-title-font-weight:var(--h2_typography-font-weight);--awb-caption-title-font-style:var(--h2_typography-font-style);--awb-caption-title-size:var(--h2_typography-font-size);--awb-caption-title-transform:var(--h2_typography-text-transform);--awb-caption-title-line-height:var(--h2_typography-line-height);--awb-caption-title-letter-spacing:var(--h2_typography-letter-spacing);\"><span class=\" fusion-imageframe imageframe-none imageframe-1 hover-type-none\"><img decoding=\"async\" width=\"684\" height=\"424\" title=\"ilk_ortaokul_mudurumuz\" src=\"https:\/\/kp.k12.tr\/ortaokul\/wp-content\/uploads\/sites\/7\/2018\/04\/ilk_ortaokul_mudurumuz.jpg\" data-orig-src=\"https:\/\/kp.k12.tr\/ortaokul\/wp-content\/uploads\/sites\/7\/2018\/04\/ilk_ortaokul_mudurumuz.jpg\" alt class=\"lazyload img-responsive wp-image-2420\" srcset=\"data:image\/svg+xml,%3Csvg%20xmlns%3D%27http%3A%2F%2Fwww.w3.org%2F2000%2Fsvg%27%20width%3D%27684%27%20height%3D%27424%27%20viewBox%3D%270%200%20684%20424%27%3E%3Crect%20width%3D%27684%27%20height%3D%27424%27%20fill-opacity%3D%220%22%2F%3E%3C%2Fsvg%3E\" data-srcset=\"https:\/\/kp.k12.tr\/ortaokul\/wp-content\/uploads\/sites\/7\/2018\/04\/ilk_ortaokul_mudurumuz-200x124.jpg 200w, https:\/\/kp.k12.tr\/ortaokul\/wp-content\/uploads\/sites\/7\/2018\/04\/ilk_ortaokul_mudurumuz-400x248.jpg 400w, https:\/\/kp.k12.tr\/ortaokul\/wp-content\/uploads\/sites\/7\/2018\/04\/ilk_ortaokul_mudurumuz-600x372.jpg 600w, https:\/\/kp.k12.tr\/ortaokul\/wp-content\/uploads\/sites\/7\/2018\/04\/ilk_ortaokul_mudurumuz.jpg 684w\" data-sizes=\"auto\" data-orig-sizes=\"(max-width: 1024px) 100vw, (max-width: 640px) 100vw, 684px\" \/><\/span><\/div><\/div><\/div><div class=\"fusion-layout-column fusion_builder_column_inner fusion-builder-nested-column-5 fusion_builder_column_inner_1_6 1_6 fusion-flex-column\" style=\"--awb-bg-size:cover;--awb-width-large:16.666666666667%;--awb-margin-top-large:0px;--awb-spacing-right-large:11.52%;--awb-margin-bottom-large:20px;--awb-spacing-left-large:11.52%;--awb-width-medium:100%;--awb-spacing-right-medium:1.92%;--awb-spacing-left-medium:1.92%;--awb-width-small:100%;--awb-spacing-right-small:1.92%;--awb-spacing-left-small:1.92%;\"><div class=\"fusion-column-wrapper fusion-flex-justify-content-flex-start fusion-content-layout-column\"><\/div><\/div><div class=\"fusion-layout-column fusion_builder_column_inner fusion-builder-nested-column-6 fusion_builder_column_inner_1_5 1_5 fusion-flex-column\" style=\"--awb-bg-size:cover;--awb-width-large:20%;--awb-margin-top-large:0px;--awb-spacing-right-large:0px;--awb-margin-bottom-large:20px;--awb-spacing-left-large:9.6%;--awb-width-medium:100%;--awb-spacing-right-medium:1.92%;--awb-spacing-left-medium:1.92%;--awb-width-small:100%;--awb-spacing-right-small:1.92%;--awb-spacing-left-small:1.92%;\"><div class=\"fusion-column-wrapper fusion-flex-justify-content-flex-start fusion-content-layout-column\"><\/div><\/div><div class=\"fusion-layout-column fusion_builder_column_inner fusion-builder-nested-column-7 fusion_builder_column_inner_3_5 3_5 fusion-flex-column\" style=\"--awb-bg-size:cover;--awb-width-large:60%;--awb-margin-top-large:0px;--awb-spacing-right-large:0px;--awb-margin-bottom-large:20px;--awb-spacing-left-large:0px;--awb-width-medium:100%;--awb-spacing-right-medium:1.92%;--awb-spacing-left-medium:1.92%;--awb-width-small:100%;--awb-spacing-right-small:1.92%;--awb-spacing-left-small:1.92%;\"><div class=\"fusion-column-wrapper fusion-flex-justify-content-flex-start fusion-content-layout-column\"><div class=\"fusion-text fusion-text-1\"><p>Sevgili K\u00fc\u00e7\u00fck Prensliler,<\/p>\n<p>Saint Joseph Lisesi E\u011fitim Vakf\u0131 taraf\u0131ndan kurulan ve y\u00f6netilen okulumuzda en b\u00fcy\u00fck amac\u0131m\u0131z; gelece\u011fimizi emanet edece\u011fimiz \u00f6\u011frencilerimizin sorumlu, \u00f6\u011frenen, \u00fcreten, mutlu bireyler olarak toplumsal ya\u015famda yer almalar\u0131n\u0131 sa\u011flamakt\u0131r.<\/p>\n<p>Okulumuz; \u00e7a\u011fda\u015f bir e\u011fitimin ger\u00e7ekle\u015fti\u011fi teknoloji ile donat\u0131lm\u0131\u015f s\u0131n\u0131flar\u0131yla, modern laboratuvarlar\u0131yla, i\u00e7inde 5.000\u2019i yabanc\u0131 dilde olmak \u00fczere toplam 17.000 eser bulunan k\u00fct\u00fcphanesiyle, etkinlik at\u00f6lyeleriyle, spor ve konferans salonlar\u0131yla, geni\u015f ve ye\u015fil bah\u00e7esiyle T\u00fcrk e\u011fitim sistemine katk\u0131da bulunmaktad\u0131r.<\/p>\n<p>Okulumuzda; alanlar\u0131nda ve teknoloji kullan\u0131m\u0131nda yetkin, e\u011fitim y\u00f6ntemleri konusunda kendilerini s\u00fcrekli yenileyen \u00f6\u011fretmenlerimiz \u00e7al\u0131\u015fmaktad\u0131r. \u00d6\u011fretmenlerimizin g\u00f6revleri, sadece bilgi aktarmak de\u011fildir. \u00d6\u011frencilerimizin kazan\u0131mlar\u0131yla ya\u015famda kar\u015f\u0131la\u015fabilecekleri sorunlar\u0131 yorumlama, geli\u015ftirdikleri bilgi ve becerilerini kullanma, ileti\u015fim kurma ve yarat\u0131c\u0131 olma yeterliliklerine kavu\u015fmalar\u0131 \u00f6\u011fretmenlerimizin en b\u00fcy\u00fck hedefleridir.<\/p>\n<p>Okulumuzun geli\u015ftirerek uygulad\u0131\u011f\u0131 T\u00fcrk\u00e7e ders programlar\u0131 yan\u0131nda, d\u00fcnyadaki siyasal, sosyal, teknolojik geli\u015fim ve de\u011fi\u015fimleri izleyebilmelerini, di\u011fer toplumlarla ileti\u015fim kurmalar\u0131n\u0131 sa\u011flayacak Frans\u0131zca ve \u0130ngilizce \u00f6\u011fretimine de \u00e7ok \u00f6nem veriyoruz. Okulumuzdaki yabanc\u0131 dil e\u011fitimini \u00f6\u011frencilerimizin zihinsel, sosyal, k\u00fclt\u00fcrel ve duygusal geli\u015fimleri i\u00e7in de gerekli buluyoruz.<\/p>\n<p>Frans\u0131zca ve \u0130ngilizce ders programlar\u0131m\u0131z\u0131 Avrupa Konseyi\u2019nin haz\u0131rlad\u0131\u011f\u0131, \u201cDiller i\u00e7in Avrupa Ortak Metni\u201dne g\u00f6re evrensel d\u00fc\u015f\u00fcnceye sahip, ileti\u015fim becerileri g\u00fc\u00e7l\u00fc k\u00fclt\u00fcrel \u00e7e\u015fitlili\u011fe sayg\u0131l\u0131, bireyler yeti\u015ftirmeye y\u00f6nelik olarak geli\u015ftirmekteyiz. Bu ama\u00e7la \u00f6\u011frencilerimiz \u0130lkokul 4. s\u0131n\u0131ftan itibaren seviyelerine uygun olarak DELF Frans\u0131zca s\u0131navlar\u0131na kat\u0131lmakta ve 8. s\u0131n\u0131f sonras\u0131nda B1 d\u00fczeyine ula\u015fmaktad\u0131rlar.<\/p>\n<p>Okulumuzda d\u00fczenlenen etkinlikler, Sosyal Sorumluluk Projeleri ve Se\u00e7meli Dersler de bu ama\u00e7lar\u0131m\u0131z\u0131 g\u00fc\u00e7lendirecek \u015fekilde yap\u0131land\u0131r\u0131lmaktad\u0131r. Okul olarak Frans\u0131zca ve \u0130ngilizce dil \u00f6\u011fretiminde, LGS, DELF ve KET S\u0131navlar\u0131nda, kat\u0131ld\u0131\u011f\u0131m\u0131z projeler ve spor etkinliklerinde ba\u015far\u0131l\u0131y\u0131z ve bu ba\u015far\u0131n\u0131n devam etmesini arzu etmekteyiz.<\/p>\n<p>Okulda ger\u00e7ekle\u015ftirdi\u011fimiz b\u00fct\u00fcn etkinliklerimizi okul, aile ve \u00f6\u011frenci b\u00fct\u00fcnl\u00fc\u011f\u00fc i\u00e7erisinde sevgi ve sayg\u0131ya dayal\u0131 \u00f6\u011frenenler toplulu\u011fu olarak ger\u00e7ekle\u015ftiriyoruz. Bu ba\u011flamda velilerimize y\u00f6nelik ba\u015flatt\u0131\u011f\u0131m\u0131z Frans\u0131zca Dil Kursu yo\u011fun ilgi g\u00f6rmektedir.<\/p>\n<p>\u00dclkemizin gelece\u011finde bilgisiyle, k\u00fclt\u00fcr\u00fcyle, iki yabanc\u0131 diliyle, yarat\u0131c\u0131l\u0131\u011f\u0131yla \u00f6nemli g\u00f6revler \u00fcstlenecek K\u00fc\u00e7\u00fck Prenslilere sevgilerimle ba\u015far\u0131lar diliyorum.<\/p>\n<p>M. \u0130hsan ZEREN<br \/>\n\u00d6zel K\u00fc\u00e7\u00fck Prens \u0130lkokul-Ortaokul M\u00fcd\u00fcr\u00fc<\/p>\n<\/div><\/div><\/div><div class=\"fusion-layout-column fusion_builder_column_inner fusion-builder-nested-column-8 fusion_builder_column_inner_1_5 1_5 fusion-flex-column\" style=\"--awb-bg-size:cover;--awb-width-large:20%;--awb-margin-top-large:0px;--awb-spacing-right-large:9.6%;--awb-margin-bottom-large:20px;--awb-spacing-left-large:0px;--awb-width-medium:100%;--awb-spacing-right-medium:1.92%;--awb-spacing-left-medium:1.92%;--awb-width-small:100%;--awb-spacing-right-small:1.92%;--awb-spacing-left-small:1.92%;\"><div class=\"fusion-column-wrapper fusion-flex-justify-content-flex-start fusion-content-layout-column\"><\/div><\/div><\/div><\/div><\/div><\/div><\/div>\n","protected":false},"excerpt":{"rendered":"","protected":false},"author":6,"featured_media":0,"parent":5,"menu_order":3,"comment_status":"closed","ping_status":"closed","template":"100-width.php","meta":{"_view_id":"","footnotes":""},"class_list":["post-6","page","type-page","status-publish","hentry"],"jetpack_sharing_enabled":true,"_links":{"self":[{"href":"https:\/\/kp.k12.tr\/ortaokul\/wp-json\/wp\/v2\/pages\/6","targetHints":{"allow":["GET"]}}],"collection":[{"href":"https:\/\/kp.k12.tr\/ortaokul\/wp-json\/wp\/v2\/pages"}],"about":[{"href":"https:\/\/kp.k12.tr\/ortaokul\/wp-json\/wp\/v2\/types\/page"}],"author":[{"embeddable":true,"href":"https:\/\/kp.k12.tr\/ortaokul\/wp-json\/wp\/v2\/users\/6"}],"replies":[{"embeddable":true,"href":"https:\/\/kp.k12.tr\/ortaokul\/wp-json\/wp\/v2\/comments?post=6"}],"version-history":[{"count":2,"href":"https:\/\/kp.k12.tr\/ortaokul\/wp-json\/wp\/v2\/pages\/6\/revisions"}],"predecessor-version":[{"id":11557,"href":"https:\/\/kp.k12.tr\/ortaokul\/wp-json\/wp\/v2\/pages\/6\/revisions\/11557"}],"up":[{"embeddable":true,"href":"https:\/\/kp.k12.tr\/ortaokul\/wp-json\/wp\/v2\/pages\/5"}],"wp:attachment":[{"href":"https:\/\/kp.k12.tr\/ortaokul\/wp-json\/wp\/v2\/media?parent=6"}],"curies":[{"name":"wp","href":"https:\/\/api.w.org\/{rel}","templated":true}]}}