{"id":51,"date":"2018-01-18T08:19:26","date_gmt":"2018-01-18T05:19:26","guid":{"rendered":"http:\/\/kp.k12.tr\/ortaokul\/bizden\/kampuste-yasam\/"},"modified":"2020-07-06T20:58:20","modified_gmt":"2020-07-06T17:58:20","slug":"kampus-hizmetleri","status":"publish","type":"page","link":"https:\/\/kp.k12.tr\/ortaokul\/kampuste-yasam\/kampus-hizmetleri\/","title":{"rendered":"Kamp\u00fcs Hizmetleri"},"content":{"rendered":"<div class=\"fusion-fullwidth fullwidth-box fusion-builder-row-1 fusion-flex-container nonhundred-percent-fullwidth non-hundred-percent-height-scrolling\" style=\"--awb-border-radius-top-left:0px;--awb-border-radius-top-right:0px;--awb-border-radius-bottom-right:0px;--awb-border-radius-bottom-left:0px;--awb-margin-top:60px;--awb-margin-bottom:60px;--awb-background-color:#fafafa;--awb-flex-wrap:wrap;\" ><div class=\"fusion-builder-row fusion-row fusion-flex-align-items-flex-start fusion-flex-content-wrap\" style=\"max-width:calc( 1100px + 0px );margin-left: calc(-0px \/ 2 );margin-right: calc(-0px \/ 2 );\"><div class=\"fusion-layout-column fusion_builder_column fusion-builder-column-0 fusion_builder_column_1_1 1_1 fusion-flex-column card-1\" style=\"--awb-padding-top:5%;--awb-bg-color:rgba(255,255,255,0.87);--awb-bg-color-hover:rgba(255,255,255,0.87);--awb-bg-size:cover;--awb-width-large:100%;--awb-margin-top-large:0px;--awb-spacing-right-large:0px;--awb-margin-bottom-large:20px;--awb-spacing-left-large:0px;--awb-width-medium:100%;--awb-spacing-right-medium:0px;--awb-spacing-left-medium:0px;--awb-width-small:100%;--awb-spacing-right-small:0px;--awb-spacing-left-small:0px;\"><div class=\"fusion-column-wrapper fusion-flex-justify-content-flex-start fusion-content-layout-column\"><div class=\"fusion-builder-row fusion-builder-row-inner fusion-row fusion-flex-align-items-flex-start fusion-flex-content-wrap\" style=\"--awb-flex-grow:0;--awb-flex-grow-medium:0;--awb-flex-grow-small:0;--awb-flex-shrink:0;--awb-flex-shrink-medium:0;--awb-flex-shrink-small:0;width:calc( 100% + 0px ) !important;max-width:calc( 100% + 0px ) !important;margin-left: calc(-0px \/ 2 );margin-right: calc(-0px \/ 2 );\"><div class=\"fusion-layout-column fusion_builder_column_inner fusion-builder-nested-column-0 fusion_builder_column_inner_1_5 1_5 fusion-flex-column\" style=\"--awb-bg-size:cover;--awb-width-large:20%;--awb-margin-top-large:0px;--awb-spacing-right-large:0px;--awb-margin-bottom-large:20px;--awb-spacing-left-large:0px;--awb-width-medium:100%;--awb-spacing-right-medium:0px;--awb-spacing-left-medium:0px;--awb-width-small:100%;--awb-spacing-right-small:0px;--awb-spacing-left-small:0px;\"><div class=\"fusion-column-wrapper fusion-flex-justify-content-flex-start fusion-content-layout-column\"><\/div><\/div><div class=\"fusion-layout-column fusion_builder_column_inner fusion-builder-nested-column-1 fusion_builder_column_inner_3_5 3_5 fusion-flex-column\" style=\"--awb-bg-size:cover;--awb-width-large:60%;--awb-margin-top-large:0px;--awb-spacing-right-large:0px;--awb-margin-bottom-large:20px;--awb-spacing-left-large:0px;--awb-width-medium:100%;--awb-spacing-right-medium:0px;--awb-spacing-left-medium:0px;--awb-width-small:100%;--awb-spacing-right-small:0px;--awb-spacing-left-small:0px;\"><div class=\"fusion-column-wrapper fusion-flex-justify-content-flex-start fusion-content-layout-column\"><div class=\"fusion-title title fusion-title-1 fusion-sep-none fusion-title-text fusion-title-size-one\" style=\"--awb-margin-bottom:20px;--awb-margin-top-small:10px;--awb-margin-right-small:0px;--awb-margin-bottom-small:10px;--awb-margin-left-small:0px;\"><h1 class=\"fusion-title-heading title-heading-left fusion-responsive-typography-calculated\" style=\"margin:0;--fontSize:30;line-height:1.4;\">Kamp\u00fcs Hizmetleri<\/h1><\/div><\/div><\/div><div class=\"fusion-layout-column fusion_builder_column_inner fusion-builder-nested-column-2 fusion_builder_column_inner_1_5 1_5 fusion-flex-column\" style=\"--awb-bg-size:cover;--awb-width-large:20%;--awb-margin-top-large:0px;--awb-spacing-right-large:0px;--awb-margin-bottom-large:20px;--awb-spacing-left-large:0px;--awb-width-medium:100%;--awb-spacing-right-medium:0px;--awb-spacing-left-medium:0px;--awb-width-small:100%;--awb-spacing-right-small:0px;--awb-spacing-left-small:0px;\"><div class=\"fusion-column-wrapper fusion-flex-justify-content-flex-start fusion-content-layout-column\"><\/div><\/div><div class=\"fusion-layout-column fusion_builder_column_inner fusion-builder-nested-column-3 fusion_builder_column_inner_1_5 1_5 fusion-flex-column\" style=\"--awb-bg-size:cover;--awb-width-large:20%;--awb-margin-top-large:0px;--awb-spacing-right-large:0px;--awb-margin-bottom-large:20px;--awb-spacing-left-large:0px;--awb-width-medium:100%;--awb-spacing-right-medium:0px;--awb-spacing-left-medium:0px;--awb-width-small:100%;--awb-spacing-right-small:0px;--awb-spacing-left-small:0px;\"><div class=\"fusion-column-wrapper fusion-flex-justify-content-flex-start fusion-content-layout-column\"><\/div><\/div><div class=\"fusion-layout-column fusion_builder_column_inner fusion-builder-nested-column-4 fusion_builder_column_inner_3_5 3_5 fusion-flex-column\" style=\"--awb-bg-size:cover;--awb-width-large:60%;--awb-margin-top-large:0px;--awb-spacing-right-large:0px;--awb-margin-bottom-large:20px;--awb-spacing-left-large:0px;--awb-width-medium:100%;--awb-spacing-right-medium:0px;--awb-spacing-left-medium:0px;--awb-width-small:100%;--awb-spacing-right-small:0px;--awb-spacing-left-small:0px;\"><div class=\"fusion-column-wrapper fusion-flex-justify-content-flex-start fusion-content-layout-column\"><div class=\"fusion-text fusion-text-1\"><p><strong>SA\u011eLIK H\u0130ZMETLER\u0130<\/strong><\/p>\n<p>Okullar\u0131m\u0131zda \u00f6\u011frencilerimizin fiziksel ve sa\u011fl\u0131k durumlar\u0131yla ilgili her t\u00fcrl\u00fc bilgi izlenmekte ve kay\u0131t alt\u0131na al\u0131nmaktad\u0131r. Sa\u011fl\u0131k birimlerimizde; Uzman doktorumuz ve okul hem\u015fireleri g\u00f6rev yapmaktad\u0131r. T\u00fcm okullar\u0131m\u0131zda, acil bir durumda ilk m\u00fcdahaleyi yapmaya imkan veren donan\u0131ml\u0131 revirler bulunmaktad\u0131r. Revirlerimizde, acil bir durumda ilk m\u00fcdahaleyi yapabilmek i\u00e7in gerekli donan\u0131m mevcuttur.<\/p>\n<p>Her \u00f6\u011fretim y\u0131l\u0131 ba\u015f\u0131nda \u00f6\u011frencilerin sa\u011fl\u0131k bilgi formlar\u0131 doldurulur, g\u00fcncellenir ve takibi yap\u0131l\u0131r. \u00d6\u011frenciye re\u00e7etesiz ve ailenin bilgisi d\u0131\u015f\u0131nda ila\u00e7 verilmez.<\/p>\n<p>\u00d6\u011frencilerimiz okul faaliyetlerini s\u00fcrd\u00fcrd\u00fckleri her t\u00fcrl\u00fc mek\u00e2n ve zamanda kazalara kar\u015f\u0131 Ferdi Kaza Sigortas\u0131 ile g\u00fcvence alt\u0131na al\u0131nm\u0131\u015ft\u0131r.<\/p>\n<p><strong>YEMEK H\u0130ZMETLER\u0130<\/strong><\/p>\n<p><div class=\"fusion-image-element in-legacy-container\" style=\"--awb-caption-title-font-family:var(--h2_typography-font-family);--awb-caption-title-font-weight:var(--h2_typography-font-weight);--awb-caption-title-font-style:var(--h2_typography-font-style);--awb-caption-title-size:var(--h2_typography-font-size);--awb-caption-title-transform:var(--h2_typography-text-transform);--awb-caption-title-line-height:var(--h2_typography-line-height);--awb-caption-title-letter-spacing:var(--h2_typography-letter-spacing);\"><span class=\" fusion-imageframe imageframe-none imageframe-1 hover-type-none\"><img decoding=\"async\" width=\"348\" height=\"358\" title=\"okulhavadan\" src=\"data:image\/svg+xml,%3Csvg%20xmlns%3D%27http%3A%2F%2Fwww.w3.org%2F2000%2Fsvg%27%20width%3D%27348%27%20height%3D%27358%27%20viewBox%3D%270%200%20348%20358%27%3E%3Crect%20width%3D%27348%27%20height%3D%27358%27%20fill-opacity%3D%220%22%2F%3E%3C%2Fsvg%3E\" data-orig-src=\"http:\/\/kp.k12.tr\/ilkokul\/wp-content\/uploads\/sites\/4\/2018\/04\/logo_sardunya.png\" alt class=\"lazyload img-responsive wp-image-1840\"\/><\/span><\/div><div class=\"fusion-separator fusion-full-width-sep\" style=\"align-self: center;margin-left: auto;margin-right: auto;margin-bottom:16px;width:100%;\"><\/div><\/p>\n<p>Yemek ve beslenme hizmetleri \u201cSARDUNYA G\u0131da Mutfak \u0130\u015fletmeleri\u201d taraf\u0131ndan sa\u011flanan okullar\u0131m\u0131zda; sabah kahvalt\u0131s\u0131, \u00f6\u011fle yeme\u011fi ve ikindi kahvalt\u0131s\u0131 olmak \u00fczere g\u00fcnde \u00fc\u00e7 \u00f6\u011f\u00fcn yemek verilir.<\/p>\n<p>Protein, karbonhidrat, vitamin ve mineralleri dengeli \u015fekilde i\u00e7ermelerine \u00f6zellikle dikkat edilerek; diyetisyenler ve yemek komisyonumuz taraf\u0131ndan kontrol\u00fc sa\u011flanan, ayl\u0131k men\u00fc web sitemiz arac\u0131l\u0131\u011f\u0131 ile duyurulur ve her ay periyodik olarak e-posta ile velilerimize g\u00f6nderilir.<\/p>\n<p><strong>TEM\u0130ZL\u0130K H\u0130ZMETLER\u0130<\/strong><\/p>\n<p><div class=\"fusion-image-element in-legacy-container\" style=\"--awb-caption-title-font-family:var(--h2_typography-font-family);--awb-caption-title-font-weight:var(--h2_typography-font-weight);--awb-caption-title-font-style:var(--h2_typography-font-style);--awb-caption-title-size:var(--h2_typography-font-size);--awb-caption-title-transform:var(--h2_typography-text-transform);--awb-caption-title-line-height:var(--h2_typography-line-height);--awb-caption-title-letter-spacing:var(--h2_typography-letter-spacing);\"><span class=\" fusion-imageframe imageframe-none imageframe-2 hover-type-none\"><img decoding=\"async\" src=\"data:image\/gif;base64,R0lGODlhAQABAAAAACH5BAEKAAEALAAAAAABAAEAAAICTAEAOw==\" data-orig-src=\"http:\/\/kp.k12.tr\/ilkokul\/wp-content\/uploads\/sites\/4\/2018\/04\/logo_sodexo.png\" alt class=\"lazyload img-responsive\"\/><\/span><\/div><div class=\"fusion-separator fusion-full-width-sep\" style=\"align-self: center;margin-left: auto;margin-right: auto;margin-bottom:16px;width:100%;\"><\/div><\/p>\n<p>Okullar\u0131m\u0131zda temizlik hizmetleri, alan\u0131nda bir d\u00fcnya markas\u0131 olan SODEXO firmas\u0131 taraf\u0131ndan verilmektedir. Temiz ve du\u0308zenli bir e\u011fitim ortam\u0131 olu\u015fturulmas\u0131 ve hijyenin sa\u011flanmas\u0131 i\u00e7in, konular\u0131nda tecr\u00fcbeli, uzman bir ekip taraf\u0131ndan temizlik hizmeti sunulmaktad\u0131r.<\/p>\n<p>Temizlik hizmetleri kapsam\u0131nda \u00f6nceli\u011fimiz, ya\u015fam ve e\u011fitim alanlar\u0131nda temizlik ve d\u00fczenin sa\u011flanmas\u0131, hijyenik ko\u015fullar\u0131n olu\u015fturulmas\u0131 ve s\u00fcrd\u00fcr\u00fclebilirli\u011fi, \u00e7evre dostu \u00fcr\u00fcnlerin kullan\u0131m\u0131d\u0131r.<\/p>\n<p>Okullar\u0131m\u0131zda \u201chijyen konusu\u201d birinci derecede dikkate al\u0131nmakta, her teneff\u00fcsten sonra \u0131slak hacimler ve c\u0327o\u0308pler temizlenmektedir.<\/p>\n<p>Ayr\u0131ca; okullar\u0131m\u0131zdaki k\u00e2\u011f\u0131t, plastik, metal, cam, pil gibi geri d\u00f6n\u00fc\u015ft\u00fcr\u00fclebilecek at\u0131klar\u0131n ayr\u0131\u015ft\u0131r\u0131lmas\u0131 ve toplanmas\u0131 sa\u011flanmakta, ye\u015fil dostu aktivitelere ve do\u011faya katk\u0131 sa\u011flanarak \u00f6\u011frencilerimiz bu konularda bilin\u00e7lendirilmektedir.<\/p>\n<p><strong>G\u00dcVENL\u0130K H\u0130ZMETLER\u0130<\/strong><\/p>\n<p><div class=\"fusion-image-element in-legacy-container\" style=\"--awb-caption-title-font-family:var(--h2_typography-font-family);--awb-caption-title-font-weight:var(--h2_typography-font-weight);--awb-caption-title-font-style:var(--h2_typography-font-style);--awb-caption-title-size:var(--h2_typography-font-size);--awb-caption-title-transform:var(--h2_typography-text-transform);--awb-caption-title-line-height:var(--h2_typography-line-height);--awb-caption-title-letter-spacing:var(--h2_typography-letter-spacing);\"><span class=\" fusion-imageframe imageframe-none imageframe-3 hover-type-none\"><img decoding=\"async\" src=\"data:image\/gif;base64,R0lGODlhAQABAAAAACH5BAEKAAEALAAAAAABAAEAAAICTAEAOw==\" data-orig-src=\"http:\/\/kp.k12.tr\/ilkokul\/wp-content\/uploads\/sites\/4\/2018\/04\/logo_g4s.png\" alt class=\"lazyload img-responsive\"\/><\/span><\/div><div class=\"fusion-separator fusion-full-width-sep\" style=\"align-self: center;margin-left: auto;margin-right: auto;margin-bottom:16px;width:100%;\"><\/div><\/p>\n<p>Okullar\u0131m\u0131zda huzurlu ve g\u00fcvenli bir e\u011fitim ortam\u0131 sa\u011flamak, \u00f6\u011frencilerimizin, \u00e7al\u0131\u015fanlar\u0131m\u0131z\u0131n, velilerimizin can ve mal g\u00fcvenli\u011fini korumak amac\u0131yla, okul binalar\u0131m\u0131z ve \u00e7evresini s\u00fcrekli izlemek i\u00e7in ihtiya\u00e7 duyulan \u201cG\u00fcvenlik Hizmetleri\u201d, 5188 Say\u0131l\u0131 \u00d6zel G\u00fcvenlik Hizmetlerine Dair Kanuna dayanarak konusunda uzman ve uluslararas\u0131 bir g\u00fcvenlik firmas\u0131 olan G4S G\u00fcvenlik Hizmetleri firmas\u0131 taraf\u0131ndan verilmektedir.<\/p>\n<p>\u00d6zel G\u00fcvenlik Personellerimiz, kamp\u00fcslerimizin t\u00fcm giri\u015f noktalar\u0131nda gece-g\u00fcnd\u00fcz 24 saat d\u00f6n\u00fc\u015f\u00fcml\u00fc olarak hizmet vermektedirler.<\/p>\n<p>\u0130\u00e7 ve d\u0131\u015f mek\u00e2n g\u00fcvenlik kameralar\u0131 ile devaml\u0131 surette izleme yap\u0131larak kay\u0131t alt\u0131na al\u0131nmakta, ayr\u0131ca fiziki devriye hizmetleri de yap\u0131lmaktad\u0131r.<\/p>\n<p>Servis ve hizmet ara\u00e7lar\u0131 emniyet kontrolleri yap\u0131ld\u0131ktan sonra okul i\u00e7erisine al\u0131nmaktad\u0131r. Yabanc\u0131 \u015fah\u0131slar\u0131n giri\u015flerine asla m\u00fcsaade edilmemektedir. Ziyaret ama\u00e7l\u0131 gelen veliler ve di\u011fer \u015fah\u0131slar kimlik kontrolleri yap\u0131ld\u0131ktan sonra kimlikleri al\u0131narak yerine verilen \u201cZ\u0130YARET\u00c7\u0130 KARTI\u201d ile i\u00e7eriye al\u0131nmaktad\u0131r.<\/p>\n<p><strong>ULA\u015eIM H\u0130ZMETLER\u0130<\/strong><\/p>\n<p>Okullar\u0131m\u0131zda \u00f6\u011frenci ve personel ula\u015f\u0131m hizmetleri G\u00fcrsel Turizm taraf\u0131ndan sa\u011flanmaktad\u0131r.<\/p>\n<p>1989 y\u0131l\u0131nda kurulan G\u00fcrsel Turizm, ilk g\u00fcnden bu yana uzman kadrosuyla a\u011f\u0131rl\u0131kl\u0131 olarak personel ve \u00f6\u011frenci ula\u015f\u0131m \u00e7\u00f6z\u00fcmleri sunmaktad\u0131r.<\/p>\n<p>G\u00fcrsel Ula\u015f\u0131m \u00c7\u00f6z\u00fcmleri, 6.000\u2019in \u00fczerinde ara\u00e7 ile her g\u00fcn 150.000 personel ve 50.000 \u00f6\u011frenciye; ba\u015fta \u0130stanbul, Kocaeli, Ankara, \u0130zmir, Bursa ve Samsun olmak \u00fczere t\u00fcm \u00fclke genelinde 500\u2019\u00fcn \u00fczerinde sayg\u0131n ve se\u00e7kin kurulu\u015fa hizmet veren bir \u015firkettir.G\u00fcrsel Ula\u015f\u0131m \u00c7\u00f6z\u00fcmleri, sundu\u011fu konforu, verdi\u011fi g\u00fcveni, dakikli\u011fi, uzmanl\u0131\u011f\u0131, kalitesi ve m\u00fc\u015fteri odakl\u0131 anlay\u0131\u015f\u0131yla her ge\u00e7en g\u00fcn \u00fclkemizin \u00f6nde gelen kurumsal \u015firketlerini ve e\u011fitim kurumlar\u0131n\u0131 hizmet portf\u00f6y\u00fcne katarak h\u0131zla b\u00fcy\u00fcmeye devam etmektedir.<\/p>\n<p>\u00d6\u011frenci Ula\u015f\u0131m \u00c7\u00f6z\u00fcmleri:<\/p>\n<p>G\u00fcrsel Ula\u015f\u0131m \u00c7\u00f6z\u00fcmleri kuruldu\u011fu ilk g\u00fcnden beri Anaokulu, \u0130lk\u00f6\u011fretim Okullar\u0131, Lise ve \u00dcniversite \u00f6\u011frencilerine hizmet vermektedir. \u00d6\u011frenci ula\u015f\u0131m\u0131nda y\u00fcksek standartlara sahip G\u00fcrsel Ula\u015f\u0131m \u00c7\u00f6z\u00fcmleri; \u00f6zel donan\u0131ml\u0131 ara\u00e7lar\u0131, GPS ara\u00e7 takip sistemleri, profesyonel ve e\u011fitimli s\u00fcr\u00fcc\u00fc ve servis rehberleri ile g\u00fcvenli\u011fi \u00f6n planda tutmaktad\u0131r. G\u00fcrsel Ula\u015f\u0131m \u00c7\u00f6z\u00fcmleri, \u00f6\u011frencilerin konforunun yan\u0131 s\u0131ra velilerin de g\u00fcvende hissetmesi i\u00e7in haz\u0131rlad\u0131\u011f\u0131 \u201cG\u00fcrsel Mobile\u201d veli takip uygulamas\u0131yla \u00e7ok kapsaml\u0131 bir hizmet sunmaktad\u0131r.<\/p>\n<p>E-Posta: <a href=\"mailto:kucukprens@gurseltur.com.tr\">kucukprens@gurseltur.com.tr<\/a><\/p>\n<p class=\"xmsonormal\">Telefon: \u00d6zcan B\u00f6l\u00fckba\u015f &#8211; 0533 961 67 23\u00a0 \u00d6zlem Celep &#8211; 0533 963 08 26<\/p>\n<\/div><\/div><\/div><div class=\"fusion-layout-column fusion_builder_column_inner fusion-builder-nested-column-5 fusion_builder_column_inner_1_5 1_5 fusion-flex-column\" style=\"--awb-bg-size:cover;--awb-width-large:20%;--awb-margin-top-large:0px;--awb-spacing-right-large:0px;--awb-margin-bottom-large:20px;--awb-spacing-left-large:0px;--awb-width-medium:100%;--awb-spacing-right-medium:0px;--awb-spacing-left-medium:0px;--awb-width-small:100%;--awb-spacing-right-small:0px;--awb-spacing-left-small:0px;\"><div class=\"fusion-column-wrapper fusion-flex-justify-content-flex-start fusion-content-layout-column\"><\/div><\/div><\/div><\/div><\/div><\/div><\/div>\n","protected":false},"excerpt":{"rendered":"","protected":false},"author":6,"featured_media":0,"parent":50,"menu_order":47,"comment_status":"closed","ping_status":"closed","template":"","meta":{"_view_id":"","footnotes":""},"class_list":["post-51","page","type-page","status-publish","hentry"],"jetpack_sharing_enabled":true,"_links":{"self":[{"href":"https:\/\/kp.k12.tr\/ortaokul\/wp-json\/wp\/v2\/pages\/51","targetHints":{"allow":["GET"]}}],"collection":[{"href":"https:\/\/kp.k12.tr\/ortaokul\/wp-json\/wp\/v2\/pages"}],"about":[{"href":"https:\/\/kp.k12.tr\/ortaokul\/wp-json\/wp\/v2\/types\/page"}],"author":[{"embeddable":true,"href":"https:\/\/kp.k12.tr\/ortaokul\/wp-json\/wp\/v2\/users\/6"}],"replies":[{"embeddable":true,"href":"https:\/\/kp.k12.tr\/ortaokul\/wp-json\/wp\/v2\/comments?post=51"}],"version-history":[{"count":0,"href":"https:\/\/kp.k12.tr\/ortaokul\/wp-json\/wp\/v2\/pages\/51\/revisions"}],"up":[{"embeddable":true,"href":"https:\/\/kp.k12.tr\/ortaokul\/wp-json\/wp\/v2\/pages\/50"}],"wp:attachment":[{"href":"https:\/\/kp.k12.tr\/ortaokul\/wp-json\/wp\/v2\/media?parent=51"}],"curies":[{"name":"wp","href":"https:\/\/api.w.org\/{rel}","templated":true}]}}