{"id":2053,"date":"2018-04-18T10:31:52","date_gmt":"2018-04-18T07:31:52","guid":{"rendered":"http:\/\/kp.k12.tr\/ortaokul\/?page_id=2053"},"modified":"2018-05-15T12:48:25","modified_gmt":"2018-05-15T09:48:25","slug":"bilisim-teknolojileri","status":"publish","type":"page","link":"https:\/\/kp.k12.tr\/ortaokul\/egitim\/akademik-bolumler\/bilisim-teknolojileri\/","title":{"rendered":"Bili\u015fim Teknolojileri"},"content":{"rendered":"<div class=\"fusion-fullwidth fullwidth-box fusion-builder-row-1 fusion-flex-container nonhundred-percent-fullwidth non-hundred-percent-height-scrolling\" style=\"--awb-border-radius-top-left:0px;--awb-border-radius-top-right:0px;--awb-border-radius-bottom-right:0px;--awb-border-radius-bottom-left:0px;--awb-margin-top:60px;--awb-margin-bottom:60px;--awb-flex-wrap:wrap;\" ><div class=\"fusion-builder-row fusion-row fusion-flex-align-items-flex-start fusion-flex-content-wrap\" style=\"max-width:1144px;margin-left: calc(-4% \/ 2 );margin-right: calc(-4% \/ 2 );\"><div class=\"fusion-layout-column fusion_builder_column fusion-builder-column-0 fusion_builder_column_1_1 1_1 fusion-flex-column card-1\" style=\"--awb-padding-top:60px;--awb-padding-right:60px;--awb-padding-left:60px;--awb-bg-size:cover;--awb-width-large:100%;--awb-margin-top-large:0px;--awb-spacing-right-large:1.92%;--awb-margin-bottom-large:0px;--awb-spacing-left-large:1.92%;--awb-width-medium:100%;--awb-spacing-right-medium:1.92%;--awb-spacing-left-medium:1.92%;--awb-width-small:100%;--awb-spacing-right-small:1.92%;--awb-spacing-left-small:1.92%;\"><div class=\"fusion-column-wrapper fusion-flex-justify-content-flex-start fusion-content-layout-column\"><div class=\"fusion-builder-row fusion-builder-row-inner fusion-row fusion-flex-align-items-flex-start fusion-flex-content-wrap\" style=\"--awb-flex-grow:0;--awb-flex-grow-medium:0;--awb-flex-grow-small:0;--awb-flex-shrink:0;--awb-flex-shrink-medium:0;--awb-flex-shrink-small:0;width:104% !important;max-width:104% !important;margin-left: calc(-4% \/ 2 );margin-right: calc(-4% \/ 2 );\"><div class=\"fusion-layout-column fusion_builder_column_inner fusion-builder-nested-column-0 fusion_builder_column_inner_2_3 2_3 fusion-flex-column\" style=\"--awb-bg-size:cover;--awb-width-large:66.666666666667%;--awb-margin-top-large:0px;--awb-spacing-right-large:3.84%;--awb-margin-bottom-large:20px;--awb-spacing-left-large:2.88%;--awb-width-medium:100%;--awb-spacing-right-medium:1.92%;--awb-spacing-left-medium:1.92%;--awb-width-small:100%;--awb-spacing-right-small:1.92%;--awb-spacing-left-small:1.92%;\"><div class=\"fusion-column-wrapper fusion-flex-justify-content-flex-start fusion-content-layout-column\"><div class=\"fusion-title title fusion-title-1 fusion-sep-none fusion-title-text fusion-title-size-one\" style=\"--awb-margin-bottom:20px;--awb-margin-top-small:10px;--awb-margin-right-small:0px;--awb-margin-bottom-small:10px;--awb-margin-left-small:0px;\"><h1 class=\"fusion-title-heading title-heading-left fusion-responsive-typography-calculated\" style=\"margin:0;--fontSize:30;line-height:1.4;\">Bili\u015fim Teknolojileri<\/h1><\/div><div class=\"fusion-image-element \" style=\"--awb-caption-title-font-family:var(--h2_typography-font-family);--awb-caption-title-font-weight:var(--h2_typography-font-weight);--awb-caption-title-font-style:var(--h2_typography-font-style);--awb-caption-title-size:var(--h2_typography-font-size);--awb-caption-title-transform:var(--h2_typography-text-transform);--awb-caption-title-line-height:var(--h2_typography-line-height);--awb-caption-title-letter-spacing:var(--h2_typography-letter-spacing);\"><span class=\" fusion-imageframe imageframe-none imageframe-1 hover-type-none\"><img decoding=\"async\" width=\"684\" height=\"424\" title=\"ortaokul_bilisim_teknolojileri\" src=\"https:\/\/kp.k12.tr\/ortaokul\/wp-content\/uploads\/sites\/7\/2018\/04\/ortaokul_bilisim_teknolojileri.jpg\" data-orig-src=\"http:\/\/kp.k12.tr\/ortaokul\/wp-content\/uploads\/sites\/7\/2018\/04\/ortaokul_bilisim_teknolojileri.jpg\" alt class=\"lazyload img-responsive wp-image-2422\" srcset=\"data:image\/svg+xml,%3Csvg%20xmlns%3D%27http%3A%2F%2Fwww.w3.org%2F2000%2Fsvg%27%20width%3D%27684%27%20height%3D%27424%27%20viewBox%3D%270%200%20684%20424%27%3E%3Crect%20width%3D%27684%27%20height%3D%27424%27%20fill-opacity%3D%220%22%2F%3E%3C%2Fsvg%3E\" data-srcset=\"https:\/\/kp.k12.tr\/ortaokul\/wp-content\/uploads\/sites\/7\/2018\/04\/ortaokul_bilisim_teknolojileri-200x124.jpg 200w, https:\/\/kp.k12.tr\/ortaokul\/wp-content\/uploads\/sites\/7\/2018\/04\/ortaokul_bilisim_teknolojileri-400x248.jpg 400w, https:\/\/kp.k12.tr\/ortaokul\/wp-content\/uploads\/sites\/7\/2018\/04\/ortaokul_bilisim_teknolojileri-600x372.jpg 600w, https:\/\/kp.k12.tr\/ortaokul\/wp-content\/uploads\/sites\/7\/2018\/04\/ortaokul_bilisim_teknolojileri.jpg 684w\" data-sizes=\"auto\" data-orig-sizes=\"(max-width: 1024px) 100vw, (max-width: 640px) 100vw, 684px\" \/><\/span><\/div><div class=\"fusion-separator fusion-full-width-sep\" style=\"align-self: center;margin-left: auto;margin-right: auto;margin-top:24px;margin-bottom:12px;width:100%;\"><\/div><div class=\"fusion-text fusion-text-1\"><p>SAJEV K\u00fc\u00e7\u00fck Prens Okullar\u0131nda, bilgi teknolojileri kullan\u0131m\u0131 anaokulundan itibaren ba\u015flar. Her s\u0131n\u0131fta bilgisayar, projeksiyon ve ak\u0131ll\u0131 tahta teknolojisi ile interaktif bir e\u011fitim verilir.<\/p>\n<p>Bili\u015fim Teknolojileri derslerinde, bilgisayar okur \u2013 yazar\u0131 olman\u0131n bir gereklilik oldu\u011fu anlay\u0131\u015f\u0131 ile \u00f6\u011frenci seviyesine uygun kelime \u2013 i\u015flem programlar\u0131, hesaplama, tablolama, grafik ve sunum programlar\u0131 \u00f6\u011fretilir, Bilgisayar Kul\u00fcb\u00fc \u00e7al\u0131\u015fmalar\u0131yla da \u00f6\u011frencilerin ilgi alanlar\u0131na g\u00f6re \u00e7e\u015fitli proje \u00e7al\u0131\u015fmalar\u0131 y\u00fcr\u00fct\u00fcl\u00fcr. Bilgisayar laboratuvarlar\u0131m\u0131z her \u00f6\u011frenciye bir bilgisayar d\u00fc\u015fecek \u015fekilde tasarlanm\u0131\u015ft\u0131r. Derslerimiz bu laboratuvarda uygulamal\u0131 olarak i\u015flenir.<\/p>\n<p>Bilgi ve ileti\u015fim teknolojilerinin g\u00fcnl\u00fck hayat\u0131m\u0131zdaki yeri ve \u00f6nemi, bu ara\u00e7lar\u0131 kullan\u0131rken dikkat etmemiz gerekenler, bilgisayar a\u011flar\u0131, vir\u00fcsler ve zararl\u0131 yaz\u0131l\u0131mlar, internet ve internet g\u00fcvenli\u011fi, internet kullan\u0131m\u0131n\u0131n kurallar\u0131, bili\u015fim su\u00e7lar\u0131 gibi konularda bilgilendirme yap\u0131l\u0131r.<\/p>\n<p>\u201cBili\u015fim Haftas\u0131\u201d ve \u201c\u0130nternet Haftas\u0131\u201d etkinliklerinde her y\u0131l okulumuza konuklar davet edilir, bilgilendirme toplant\u0131m\u0131z\u0131n ard\u0131ndan \u00f6\u011frencilerimiz bu etkinli\u011fe soru &#8211;\u00a0 cevap \u015feklinde aktif olarak kat\u0131l\u0131r.<\/p>\n<\/div><\/div><\/div><div class=\"fusion-layout-column fusion_builder_column_inner fusion-builder-nested-column-1 fusion_builder_column_inner_1_3 1_3 fusion-flex-column card-0\" style=\"--awb-padding-top:5%;--awb-padding-right:5%;--awb-padding-bottom:5%;--awb-padding-left:5%;--awb-bg-color:#fafafa;--awb-bg-color-hover:#fafafa;--awb-bg-size:cover;--awb-width-large:33.333333333333%;--awb-margin-top-large:0px;--awb-spacing-right-large:5.76%;--awb-margin-bottom-large:0px;--awb-spacing-left-large:3.8399999999999%;--awb-width-medium:100%;--awb-spacing-right-medium:1.92%;--awb-spacing-left-medium:1.92%;--awb-width-small:100%;--awb-spacing-right-small:1.92%;--awb-spacing-left-small:1.92%;\"><div class=\"fusion-column-wrapper fusion-flex-justify-content-flex-start fusion-content-layout-column\"><div class=\"fusion-title title fusion-title-2 fusion-sep-none fusion-title-text fusion-title-size-two\" style=\"--awb-margin-bottom:24px;--awb-margin-top-small:10px;--awb-margin-right-small:0px;--awb-margin-bottom-small:10px;--awb-margin-left-small:0px;\"><h2 class=\"fusion-title-heading title-heading-left fusion-responsive-typography-calculated\" style=\"margin:0;--fontSize:24;line-height:1.2;\">Akademik B\u00f6l\u00fcmler<\/h2><\/div><div class=\"fusion-text fusion-text-2\"><p><a href=\"http:\/\/kp.k12.tr\/ortaokul\/egitim\/akademik-bolumler\/fransizca\/\">Frans\u0131zca<\/a><br \/>\n<a href=\"http:\/\/kp.k12.tr\/ortaokul\/egitim\/akademik-bolumler\/ingilizce\/\">\u0130ngilizce<\/a><br \/>\n<a href=\"http:\/\/kp.k12.tr\/ortaokul\/egitim\/akademik-bolumler\/turkce-sosyal\/\">T\u00fcrk\u00e7e-Sosyal<\/a><br \/>\n<a href=\"http:\/\/kp.k12.tr\/ortaokul\/egitim\/akademik-bolumler\/fen-matematik\/\">Fen-Matematik<\/a><br \/>\n<a href=\"http:\/\/kp.k12.tr\/ortaokul\/egitim\/akademik-bolumler\/muzik\/\">M\u00fczik<\/a><br \/>\n<a href=\"http:\/\/kp.k12.tr\/ortaokul\/egitim\/akademik-bolumler\/gorsel-sanatlar\/\">G\u00f6rsel Sanatlar<\/a><br \/>\n<a href=\"http:\/\/kp.k12.tr\/ortaokul\/egitim\/akademik-bolumler\/beden-egitimi\/\">Beden E\u011fitimi<\/a><br \/>\n<a href=\"http:\/\/kp.k12.tr\/ortaokul\/egitim\/akademik-bolumler\/rehberlik\/\">Rehberlik<\/a><br \/>\n<a href=\"http:\/\/kp.k12.tr\/ortaokul\/egitim\/akademik-bolumler\/bilisim-teknolojileri\/\">Bili\u015fim Teknolojileri<\/a><br \/>\n<a href=\"http:\/\/kp.k12.tr\/ortaokul\/egitim\/akademik-bolumler\/olcme-degerlendirme\/\">\u00d6l\u00e7me De\u011ferlendirme<\/a><\/p>\n<\/div><\/div><\/div><\/div><\/div><\/div><\/div><\/div>\n","protected":false},"excerpt":{"rendered":"","protected":false},"author":6,"featured_media":0,"parent":2025,"menu_order":0,"comment_status":"closed","ping_status":"closed","template":"","meta":{"_view_id":"","footnotes":""},"class_list":["post-2053","page","type-page","status-publish","hentry"],"jetpack_sharing_enabled":true,"_links":{"self":[{"href":"https:\/\/kp.k12.tr\/ortaokul\/wp-json\/wp\/v2\/pages\/2053","targetHints":{"allow":["GET"]}}],"collection":[{"href":"https:\/\/kp.k12.tr\/ortaokul\/wp-json\/wp\/v2\/pages"}],"about":[{"href":"https:\/\/kp.k12.tr\/ortaokul\/wp-json\/wp\/v2\/types\/page"}],"author":[{"embeddable":true,"href":"https:\/\/kp.k12.tr\/ortaokul\/wp-json\/wp\/v2\/users\/6"}],"replies":[{"embeddable":true,"href":"https:\/\/kp.k12.tr\/ortaokul\/wp-json\/wp\/v2\/comments?post=2053"}],"version-history":[{"count":0,"href":"https:\/\/kp.k12.tr\/ortaokul\/wp-json\/wp\/v2\/pages\/2053\/revisions"}],"up":[{"embeddable":true,"href":"https:\/\/kp.k12.tr\/ortaokul\/wp-json\/wp\/v2\/pages\/2025"}],"wp:attachment":[{"href":"https:\/\/kp.k12.tr\/ortaokul\/wp-json\/wp\/v2\/media?parent=2053"}],"curies":[{"name":"wp","href":"https:\/\/api.w.org\/{rel}","templated":true}]}}