{"id":2049,"date":"2018-04-18T10:30:10","date_gmt":"2018-04-18T07:30:10","guid":{"rendered":"http:\/\/kp.k12.tr\/ortaokul\/?page_id=2049"},"modified":"2018-05-15T12:46:16","modified_gmt":"2018-05-15T09:46:16","slug":"beden-egitimi","status":"publish","type":"page","link":"https:\/\/kp.k12.tr\/ortaokul\/egitim\/akademik-bolumler\/beden-egitimi\/","title":{"rendered":"Beden E\u011fitimi"},"content":{"rendered":"<div class=\"fusion-fullwidth fullwidth-box fusion-builder-row-1 fusion-flex-container nonhundred-percent-fullwidth non-hundred-percent-height-scrolling\" style=\"--awb-border-radius-top-left:0px;--awb-border-radius-top-right:0px;--awb-border-radius-bottom-right:0px;--awb-border-radius-bottom-left:0px;--awb-margin-top:60px;--awb-margin-bottom:60px;--awb-flex-wrap:wrap;\" ><div class=\"fusion-builder-row fusion-row fusion-flex-align-items-flex-start fusion-flex-content-wrap\" style=\"max-width:1144px;margin-left: calc(-4% \/ 2 );margin-right: calc(-4% \/ 2 );\"><div class=\"fusion-layout-column fusion_builder_column fusion-builder-column-0 fusion_builder_column_1_1 1_1 fusion-flex-column card-1\" style=\"--awb-padding-top:60px;--awb-padding-right:60px;--awb-padding-left:60px;--awb-bg-size:cover;--awb-width-large:100%;--awb-margin-top-large:0px;--awb-spacing-right-large:1.92%;--awb-margin-bottom-large:0px;--awb-spacing-left-large:1.92%;--awb-width-medium:100%;--awb-spacing-right-medium:1.92%;--awb-spacing-left-medium:1.92%;--awb-width-small:100%;--awb-spacing-right-small:1.92%;--awb-spacing-left-small:1.92%;\"><div class=\"fusion-column-wrapper fusion-flex-justify-content-flex-start fusion-content-layout-column\"><div class=\"fusion-builder-row fusion-builder-row-inner fusion-row fusion-flex-align-items-flex-start fusion-flex-content-wrap\" style=\"--awb-flex-grow:0;--awb-flex-grow-medium:0;--awb-flex-grow-small:0;--awb-flex-shrink:0;--awb-flex-shrink-medium:0;--awb-flex-shrink-small:0;width:104% !important;max-width:104% !important;margin-left: calc(-4% \/ 2 );margin-right: calc(-4% \/ 2 );\"><div class=\"fusion-layout-column fusion_builder_column_inner fusion-builder-nested-column-0 fusion_builder_column_inner_2_3 2_3 fusion-flex-column\" style=\"--awb-bg-size:cover;--awb-width-large:66.666666666667%;--awb-margin-top-large:0px;--awb-spacing-right-large:3.84%;--awb-margin-bottom-large:20px;--awb-spacing-left-large:2.88%;--awb-width-medium:100%;--awb-spacing-right-medium:1.92%;--awb-spacing-left-medium:1.92%;--awb-width-small:100%;--awb-spacing-right-small:1.92%;--awb-spacing-left-small:1.92%;\"><div class=\"fusion-column-wrapper fusion-flex-justify-content-flex-start fusion-content-layout-column\"><div class=\"fusion-title title fusion-title-1 fusion-sep-none fusion-title-text fusion-title-size-one\" style=\"--awb-margin-bottom:20px;--awb-margin-top-small:10px;--awb-margin-right-small:0px;--awb-margin-bottom-small:10px;--awb-margin-left-small:0px;\"><h1 class=\"fusion-title-heading title-heading-left fusion-responsive-typography-calculated\" style=\"margin:0;--fontSize:30;line-height:1.4;\">Beden E\u011fitimi<\/h1><\/div><div class=\"fusion-text fusion-text-1\"><p>AMACIMIZ,<\/p>\n<p>\u00d6zel K\u00fc\u00e7\u00fck Prens Okullar\u0131 olarak Beden E\u011fitimi Derslerindeki amac\u0131m\u0131z, Atat\u00fcrk \u0130lke ve \u0130nk\u0131laplar\u0131 do\u011frultusunda, \u00d6\u011frencilerimizin geli\u015fim \u00f6zelliklerini g\u00f6z \u00f6n\u00fcne alarak onlar\u0131 sa\u011fl\u0131kl\u0131, mutlu, iyi ahlakl\u0131, dengeli, ki\u015filik sahibi, yap\u0131c\u0131, yarat\u0131c\u0131 ve \u00fcretken bireyler olarak yeti\u015ftirmektir.<\/p>\n<p>\u00d6\u011frencilerimize bu ama\u00e7lar do\u011frultusunda kazand\u0131rmay\u0131 hedefledi\u011fimiz \u00f6zellikler;<\/p>\n<ul>\n<li>Ekip \u00e7al\u0131\u015fmas\u0131n\u0131, kar\u015f\u0131l\u0131kl\u0131 dayan\u0131\u015fmay\u0131, payla\u015fmay\u0131, sosyalle\u015fmeyi ve sorumluluk duygusunu \u00f6\u011fretmek,<\/li>\n<li>Kazanan\u0131 kutlama, kaybetmeyi kabullenme becerisini \u00f6\u011fretmek,<\/li>\n<li>Zaman\u0131 verimli kullanmay\u0131 \u00f6\u011frenmek,<\/li>\n<li>Ruhsal dayan\u0131kl\u0131l\u0131\u011f\u0131 art\u0131rmak ve kendine g\u00fcven duygusu geli\u015ftirmek,<\/li>\n<li>Ani kararlara kar\u015f\u0131 pratik \u00e7\u00f6z\u00fcm yollar\u0131 bulmak,<\/li>\n<li>Egzersizler yolu ile v\u00fccudu sa\u011fl\u0131kl\u0131 ve zinde tutmak,<\/li>\n<li>Sa\u011fl\u0131kl\u0131 bireyler olabilmek i\u00e7in beslenmenin \u00f6nemini kavramak,<\/li>\n<li>\u0130lk yard\u0131m bilgilerini kavramak,<\/li>\n<\/ul>\n<p><strong> VOLEYBOL<\/strong><\/p>\n<p>Voleybol fiziksel geli\u015fimin yan\u0131nda v\u00fccudun esneklik kazanmas\u0131na di\u011fer sporlardan daha fazla yard\u0131mc\u0131 olur. Tak\u0131m sporu olmas\u0131 nedeniyle yard\u0131mla\u015fma ve ekip bilinci \u00fcst seviyededir. Uzun ve k\u0131sa vadede kendine hedefler koyan voleybolcu zaman\u0131 verimli kullanmay\u0131 \u00f6\u011frenir.Sorumluluk duygusu erken ya\u015fta geli\u015fen \u00e7ocukta ileti\u015fim becerisi de g\u00fc\u00e7lenir. Voleybol \u00e7ocu\u011fu nezakete davet ederken onlar\u0131n g\u00fc\u00e7l\u00fc yanlar\u0131n\u0131 da ortaya \u00e7\u0131kart\u0131r. Bu ama\u00e7lar do\u011frultusunda Altyap\u0131, K\u00fc\u00e7\u00fck ve Y\u0131ld\u0131z K\u0131z Voleybol Tak\u0131mlar\u0131m\u0131z, hafta i\u00e7i, hafta sonu, yar\u0131y\u0131l tatilleri ve yaz tatillerinde yap\u0131lan antrenmanlarla ve ald\u0131\u011f\u0131m\u0131z \u00f6zel ma\u00e7larla resmi ma\u00e7lara haz\u0131rlanmaktad\u0131r.<\/p>\n<p><strong>HENTBOL<\/strong><\/p>\n<p>Hentbol Tak\u0131m\u0131m\u0131z\u0131n amac\u0131, \u00f6\u011frencilerimize teknik-taktik bilgileri \u00f6\u011fretirken g\u00fcnl\u00fck hayatta onlar i\u00e7in gerekli olan yard\u0131mla\u015fma, dayan\u0131\u015fma, d\u00fczenli-disiplinli \u00e7al\u0131\u015fma ve \u00f6z g\u00fcven duygusunu kazand\u0131rmakt\u0131r. K\u00fc\u00e7\u00fck Erkek Hentbol Tak\u0131m\u0131m\u0131z, haftada d\u00f6rt g\u00fcn okul \u00e7\u0131k\u0131\u015f\u0131nda ve hafta sonlar\u0131 d\u00fczenli yap\u0131lan antrenmanlar ve \u00f6zel ma\u00e7larla resmi ma\u00e7lara haz\u0131rlanmaktad\u0131r.<\/p>\n<p><strong>BASKETBOL<\/strong><\/p>\n<p>Basketbol \u00e7al\u0131\u015fmalar\u0131m\u0131zda amac\u0131m\u0131z; \u00f6\u011frencilerimizin sadece iyi birer basketbolcu olmalar\u0131n\u0131 sa\u011flamak de\u011fil, ayn\u0131 zamanda onlar\u0131n ekip \u00e7al\u0131\u015fmalar\u0131na uyumlu, disiplinli \u00e7al\u0131\u015fmay\u0131 seven, payla\u015f\u0131mc\u0131, sorumluluk sahibi bireyler ve sporcular olmalar\u0131n\u0131 sa\u011flayarak \u0130stanbul ve T\u00fcrkiye \u00e7ap\u0131nda ba\u015far\u0131l\u0131 sonu\u00e7lar almakt\u0131r. Bu hedeflerimizi ger\u00e7ekle\u015ftirebilmek i\u00e7in, Altyap\u0131 Basketbol Tak\u0131m\u0131m\u0131z haftada bir, K\u00fc\u00e7\u00fck Erkek Basketbol Tak\u0131m\u0131m\u0131z haftada d\u00f6rt, Y\u0131ld\u0131z Erkek Basketbol Tak\u0131m\u0131m\u0131z da haftada iki olmak \u00fczere antrenmanlar\u0131n\u0131 ve haz\u0131rl\u0131k ma\u00e7lar\u0131n\u0131 s\u00fcrd\u00fcrerek turnuvalara ve resmi ma\u00e7lara haz\u0131rlanmaktad\u0131rlar.<\/p>\n<\/div><\/div><\/div><div class=\"fusion-layout-column fusion_builder_column_inner fusion-builder-nested-column-1 fusion_builder_column_inner_1_3 1_3 fusion-flex-column card-0\" style=\"--awb-padding-top:5%;--awb-padding-right:5%;--awb-padding-bottom:5%;--awb-padding-left:5%;--awb-bg-color:#fafafa;--awb-bg-color-hover:#fafafa;--awb-bg-size:cover;--awb-width-large:33.333333333333%;--awb-margin-top-large:0px;--awb-spacing-right-large:5.76%;--awb-margin-bottom-large:0px;--awb-spacing-left-large:3.8399999999999%;--awb-width-medium:100%;--awb-spacing-right-medium:1.92%;--awb-spacing-left-medium:1.92%;--awb-width-small:100%;--awb-spacing-right-small:1.92%;--awb-spacing-left-small:1.92%;\"><div class=\"fusion-column-wrapper fusion-flex-justify-content-flex-start fusion-content-layout-column\"><div class=\"fusion-title title fusion-title-2 fusion-sep-none fusion-title-text fusion-title-size-two\" style=\"--awb-margin-bottom:24px;--awb-margin-top-small:10px;--awb-margin-right-small:0px;--awb-margin-bottom-small:10px;--awb-margin-left-small:0px;\"><h2 class=\"fusion-title-heading title-heading-left fusion-responsive-typography-calculated\" style=\"margin:0;--fontSize:24;line-height:1.2;\">Akademik B\u00f6l\u00fcmler<\/h2><\/div><div class=\"fusion-text fusion-text-2\"><p><a href=\"http:\/\/kp.k12.tr\/ortaokul\/egitim\/akademik-bolumler\/fransizca\/\">Frans\u0131zca<\/a><br \/>\n<a href=\"http:\/\/kp.k12.tr\/ortaokul\/egitim\/akademik-bolumler\/ingilizce\/\">\u0130ngilizce<\/a><br \/>\n<a href=\"http:\/\/kp.k12.tr\/ortaokul\/egitim\/akademik-bolumler\/turkce-sosyal\/\">T\u00fcrk\u00e7e-Sosyal<\/a><br \/>\n<a href=\"http:\/\/kp.k12.tr\/ortaokul\/egitim\/akademik-bolumler\/fen-matematik\/\">Fen-Matematik<\/a><br \/>\n<a href=\"http:\/\/kp.k12.tr\/ortaokul\/egitim\/akademik-bolumler\/muzik\/\">M\u00fczik<\/a><br \/>\n<a href=\"http:\/\/kp.k12.tr\/ortaokul\/egitim\/akademik-bolumler\/gorsel-sanatlar\/\">G\u00f6rsel Sanatlar<\/a><br \/>\n<a href=\"http:\/\/kp.k12.tr\/ortaokul\/egitim\/akademik-bolumler\/beden-egitimi\/\">Beden E\u011fitimi<\/a><br \/>\n<a href=\"http:\/\/kp.k12.tr\/ortaokul\/egitim\/akademik-bolumler\/rehberlik\/\">Rehberlik<\/a><br \/>\n<a href=\"http:\/\/kp.k12.tr\/ortaokul\/egitim\/akademik-bolumler\/bilisim-teknolojileri\/\">Bili\u015fim Teknolojileri<\/a><br \/>\n<a href=\"http:\/\/kp.k12.tr\/ortaokul\/egitim\/akademik-bolumler\/olcme-degerlendirme\/\">\u00d6l\u00e7me De\u011ferlendirme<\/a><\/p>\n<\/div><\/div><\/div><\/div><\/div><\/div><\/div><\/div>\n","protected":false},"excerpt":{"rendered":"","protected":false},"author":6,"featured_media":0,"parent":2025,"menu_order":0,"comment_status":"closed","ping_status":"closed","template":"","meta":{"_view_id":"","footnotes":""},"class_list":["post-2049","page","type-page","status-publish","hentry"],"jetpack_sharing_enabled":true,"_links":{"self":[{"href":"https:\/\/kp.k12.tr\/ortaokul\/wp-json\/wp\/v2\/pages\/2049","targetHints":{"allow":["GET"]}}],"collection":[{"href":"https:\/\/kp.k12.tr\/ortaokul\/wp-json\/wp\/v2\/pages"}],"about":[{"href":"https:\/\/kp.k12.tr\/ortaokul\/wp-json\/wp\/v2\/types\/page"}],"author":[{"embeddable":true,"href":"https:\/\/kp.k12.tr\/ortaokul\/wp-json\/wp\/v2\/users\/6"}],"replies":[{"embeddable":true,"href":"https:\/\/kp.k12.tr\/ortaokul\/wp-json\/wp\/v2\/comments?post=2049"}],"version-history":[{"count":0,"href":"https:\/\/kp.k12.tr\/ortaokul\/wp-json\/wp\/v2\/pages\/2049\/revisions"}],"up":[{"embeddable":true,"href":"https:\/\/kp.k12.tr\/ortaokul\/wp-json\/wp\/v2\/pages\/2025"}],"wp:attachment":[{"href":"https:\/\/kp.k12.tr\/ortaokul\/wp-json\/wp\/v2\/media?parent=2049"}],"curies":[{"name":"wp","href":"https:\/\/api.w.org\/{rel}","templated":true}]}}