{"id":2047,"date":"2018-04-18T10:28:43","date_gmt":"2018-04-18T07:28:43","guid":{"rendered":"http:\/\/kp.k12.tr\/ortaokul\/?page_id=2047"},"modified":"2018-05-15T12:45:49","modified_gmt":"2018-05-15T09:45:49","slug":"gorsel-sanatlar","status":"publish","type":"page","link":"https:\/\/kp.k12.tr\/ortaokul\/egitim\/akademik-bolumler\/gorsel-sanatlar\/","title":{"rendered":"G\u00f6rsel Sanatlar"},"content":{"rendered":"<div class=\"fusion-fullwidth fullwidth-box fusion-builder-row-1 fusion-flex-container nonhundred-percent-fullwidth non-hundred-percent-height-scrolling\" style=\"--awb-border-radius-top-left:0px;--awb-border-radius-top-right:0px;--awb-border-radius-bottom-right:0px;--awb-border-radius-bottom-left:0px;--awb-margin-top:60px;--awb-margin-bottom:60px;--awb-flex-wrap:wrap;\" ><div class=\"fusion-builder-row fusion-row fusion-flex-align-items-flex-start fusion-flex-content-wrap\" style=\"max-width:1144px;margin-left: calc(-4% \/ 2 );margin-right: calc(-4% \/ 2 );\"><div class=\"fusion-layout-column fusion_builder_column fusion-builder-column-0 fusion_builder_column_1_1 1_1 fusion-flex-column card-1\" style=\"--awb-padding-top:60px;--awb-padding-right:60px;--awb-padding-left:60px;--awb-bg-size:cover;--awb-width-large:100%;--awb-margin-top-large:0px;--awb-spacing-right-large:1.92%;--awb-margin-bottom-large:0px;--awb-spacing-left-large:1.92%;--awb-width-medium:100%;--awb-spacing-right-medium:1.92%;--awb-spacing-left-medium:1.92%;--awb-width-small:100%;--awb-spacing-right-small:1.92%;--awb-spacing-left-small:1.92%;\"><div class=\"fusion-column-wrapper fusion-flex-justify-content-flex-start fusion-content-layout-column\"><div class=\"fusion-builder-row fusion-builder-row-inner fusion-row fusion-flex-align-items-flex-start fusion-flex-content-wrap\" style=\"--awb-flex-grow:0;--awb-flex-grow-medium:0;--awb-flex-grow-small:0;--awb-flex-shrink:0;--awb-flex-shrink-medium:0;--awb-flex-shrink-small:0;width:104% !important;max-width:104% !important;margin-left: calc(-4% \/ 2 );margin-right: calc(-4% \/ 2 );\"><div class=\"fusion-layout-column fusion_builder_column_inner fusion-builder-nested-column-0 fusion_builder_column_inner_2_3 2_3 fusion-flex-column\" style=\"--awb-bg-size:cover;--awb-width-large:66.666666666667%;--awb-margin-top-large:0px;--awb-spacing-right-large:3.84%;--awb-margin-bottom-large:20px;--awb-spacing-left-large:2.88%;--awb-width-medium:100%;--awb-spacing-right-medium:1.92%;--awb-spacing-left-medium:1.92%;--awb-width-small:100%;--awb-spacing-right-small:1.92%;--awb-spacing-left-small:1.92%;\"><div class=\"fusion-column-wrapper fusion-flex-justify-content-flex-start fusion-content-layout-column\"><div class=\"fusion-title title fusion-title-1 fusion-sep-none fusion-title-text fusion-title-size-one\" style=\"--awb-margin-bottom:20px;--awb-margin-top-small:10px;--awb-margin-right-small:0px;--awb-margin-bottom-small:10px;--awb-margin-left-small:0px;\"><h1 class=\"fusion-title-heading title-heading-left fusion-responsive-typography-calculated\" style=\"margin:0;--fontSize:30;line-height:1.4;\">G\u00f6rsel Sanatlar<\/h1><\/div><div class=\"fusion-text fusion-text-1\"><p>G\u00f6rsel Sanatlar B\u00f6l\u00fcm\u00fcm\u00fcz, 4 at\u00f6lye ve sanat malzemelerimizin korundu\u011fu bir depodan olu\u015fur. At\u00f6lyelerimizde teknolojik donan\u0131mlar\u0131m\u0131z bulunur. Bu teknolojik donan\u0131m sayesinde derslerimizde \u201cSanat Tarihi\u201d ve \u201cPlastik Sanatlar\u201d ile ilgili t\u00fcm g\u00f6rsellerinden yararlan\u0131l\u0131r; at\u00f6lyelerimizde, G\u00f6rsel Sanatlar ve Plastik Sanatlar alan\u0131 ile ilgili aktivitelerimiz yap\u0131l\u0131r.<\/p>\n<p>Okulumuzda sanat e\u011fitiminin amac\u0131; \u00f6\u011frencilerimizin duygu, d\u00fc\u015f\u00fcnce ve izlenimlerini anlatabilmelerini, yetenek ve yarat\u0131c\u0131l\u0131klar\u0131n\u0131 estetik bir seviyeye ula\u015ft\u0131rabilmelerini, \u00f6\u011frencilerimizin sosyalle\u015fmelerini, i\u015f birli\u011fi i\u00e7inde \u00e7al\u0131\u015fmalar\u0131n\u0131, \u00fcretken olmalar\u0131n\u0131 sa\u011flamakt\u0131r. Sanat e\u011fitimi; \u00f6\u011frencilerimizin g\u00f6zlem yapmalar\u0131na, pratik d\u00fc\u015f\u00fcnmelerine, el becerilerini geli\u015ftirmelerine ve sentez yapmalar\u0131na yard\u0131mc\u0131 olmaktad\u0131r. Ama\u00e7, sanat\u00e7\u0131 yeti\u015ftirmek de\u011fil; yeti\u015ftirdi\u011fimiz her \u00f6\u011frenciyi, yarat\u0131c\u0131l\u0131\u011fa y\u00f6neltmek, onun bilgisel, bili\u015fsel ve duygusal e\u011fitim gereksinimlerini kar\u015f\u0131lamakt\u0131r.<\/p>\n<p>G\u00f6rsel Sanatlar B\u00f6l\u00fcm\u00fc, 1.s\u0131n\u0131ftan 8. s\u0131n\u0131fa kadar olan t\u00fcm gruplarda geli\u015fim s\u00fcre\u00e7lerine uygun \u015fekilde konu ve teknikleri belirleyip y\u0131l i\u00e7erisinde kendilerini ifade etmenin farkl\u0131 y\u00f6nleriyle tan\u0131\u015fmalar\u0131n\u0131 sa\u011flar. \u0130ki boyutlu ve \u00fc\u00e7 boyutlu \u00e7al\u0131\u015fmalarla sanat tarihi ve m\u00fcze bilinci de harmanlanarak \u00f6\u011frencilerimize aktar\u0131l\u0131r. 6, 7,8. s\u0131n\u0131flardaki G\u00f6rsel Sanatlar dersinde inceleme ve ara\u015ft\u0131rma konular\u0131 yo\u011funla\u015ft\u0131r\u0131l\u0131p alan bilgisi zenginle\u015ftirilir. \u00d6\u011frencilerimizin \u00e7al\u0131\u015fmalar\u0131 belirli g\u00fcnlerde sergilenip sizlere sunulur.<\/p>\n<p>Ayr\u0131ca, g\u00f6rsel sanatlar\u0131n zengin alanlar\u0131ndan detayl\u0131ca bilgi edinmek ve alan bilgisini geli\u015ftirmek isteyen \u00f6\u011frencilerimiz i\u00e7in Seramik-Heykel, Boyamay\u0131 Seviyorum, Mozaik, \u00d6zg\u00fcn Bask\u0131 ve Geleneksel T\u00fcrk El Sanatlar\u0131 Aktiviteleri yer al\u0131r.<\/p>\n<\/div><\/div><\/div><div class=\"fusion-layout-column fusion_builder_column_inner fusion-builder-nested-column-1 fusion_builder_column_inner_1_3 1_3 fusion-flex-column card-0\" style=\"--awb-padding-top:5%;--awb-padding-right:5%;--awb-padding-bottom:5%;--awb-padding-left:5%;--awb-bg-color:#fafafa;--awb-bg-color-hover:#fafafa;--awb-bg-size:cover;--awb-width-large:33.333333333333%;--awb-margin-top-large:0px;--awb-spacing-right-large:5.76%;--awb-margin-bottom-large:0px;--awb-spacing-left-large:3.8399999999999%;--awb-width-medium:100%;--awb-spacing-right-medium:1.92%;--awb-spacing-left-medium:1.92%;--awb-width-small:100%;--awb-spacing-right-small:1.92%;--awb-spacing-left-small:1.92%;\"><div class=\"fusion-column-wrapper fusion-flex-justify-content-flex-start fusion-content-layout-column\"><div class=\"fusion-title title fusion-title-2 fusion-sep-none fusion-title-text fusion-title-size-two\" style=\"--awb-margin-bottom:24px;--awb-margin-top-small:10px;--awb-margin-right-small:0px;--awb-margin-bottom-small:10px;--awb-margin-left-small:0px;\"><h2 class=\"fusion-title-heading title-heading-left fusion-responsive-typography-calculated\" style=\"margin:0;--fontSize:24;line-height:1.2;\">Akademik B\u00f6l\u00fcmler<\/h2><\/div><div class=\"fusion-text fusion-text-2\"><p><a href=\"http:\/\/kp.k12.tr\/ortaokul\/egitim\/akademik-bolumler\/fransizca\/\">Frans\u0131zca<\/a><br \/>\n<a href=\"http:\/\/kp.k12.tr\/ortaokul\/egitim\/akademik-bolumler\/ingilizce\/\">\u0130ngilizce<\/a><br \/>\n<a href=\"http:\/\/kp.k12.tr\/ortaokul\/egitim\/akademik-bolumler\/turkce-sosyal\/\">T\u00fcrk\u00e7e-Sosyal<\/a><br \/>\n<a href=\"http:\/\/kp.k12.tr\/ortaokul\/egitim\/akademik-bolumler\/fen-matematik\/\">Fen-Matematik<\/a><br \/>\n<a href=\"http:\/\/kp.k12.tr\/ortaokul\/egitim\/akademik-bolumler\/muzik\/\">M\u00fczik<\/a><br \/>\n<a href=\"http:\/\/kp.k12.tr\/ortaokul\/egitim\/akademik-bolumler\/gorsel-sanatlar\/\">G\u00f6rsel Sanatlar<\/a><br \/>\n<a href=\"http:\/\/kp.k12.tr\/ortaokul\/egitim\/akademik-bolumler\/beden-egitimi\/\">Beden E\u011fitimi<\/a><br \/>\n<a href=\"http:\/\/kp.k12.tr\/ortaokul\/egitim\/akademik-bolumler\/rehberlik\/\">Rehberlik<\/a><br \/>\n<a href=\"http:\/\/kp.k12.tr\/ortaokul\/egitim\/akademik-bolumler\/bilisim-teknolojileri\/\">Bili\u015fim Teknolojileri<\/a><br \/>\n<a href=\"http:\/\/kp.k12.tr\/ortaokul\/egitim\/akademik-bolumler\/olcme-degerlendirme\/\">\u00d6l\u00e7me De\u011ferlendirme<\/a><\/p>\n<\/div><\/div><\/div><\/div><\/div><\/div><\/div><\/div>\n","protected":false},"excerpt":{"rendered":"","protected":false},"author":6,"featured_media":0,"parent":2025,"menu_order":0,"comment_status":"closed","ping_status":"closed","template":"","meta":{"_view_id":"","footnotes":""},"class_list":["post-2047","page","type-page","status-publish","hentry"],"jetpack_sharing_enabled":true,"_links":{"self":[{"href":"https:\/\/kp.k12.tr\/ortaokul\/wp-json\/wp\/v2\/pages\/2047","targetHints":{"allow":["GET"]}}],"collection":[{"href":"https:\/\/kp.k12.tr\/ortaokul\/wp-json\/wp\/v2\/pages"}],"about":[{"href":"https:\/\/kp.k12.tr\/ortaokul\/wp-json\/wp\/v2\/types\/page"}],"author":[{"embeddable":true,"href":"https:\/\/kp.k12.tr\/ortaokul\/wp-json\/wp\/v2\/users\/6"}],"replies":[{"embeddable":true,"href":"https:\/\/kp.k12.tr\/ortaokul\/wp-json\/wp\/v2\/comments?post=2047"}],"version-history":[{"count":0,"href":"https:\/\/kp.k12.tr\/ortaokul\/wp-json\/wp\/v2\/pages\/2047\/revisions"}],"up":[{"embeddable":true,"href":"https:\/\/kp.k12.tr\/ortaokul\/wp-json\/wp\/v2\/pages\/2025"}],"wp:attachment":[{"href":"https:\/\/kp.k12.tr\/ortaokul\/wp-json\/wp\/v2\/media?parent=2047"}],"curies":[{"name":"wp","href":"https:\/\/api.w.org\/{rel}","templated":true}]}}