{"id":2045,"date":"2018-04-18T10:28:02","date_gmt":"2018-04-18T07:28:02","guid":{"rendered":"http:\/\/kp.k12.tr\/ortaokul\/?page_id=2045"},"modified":"2018-05-15T12:43:57","modified_gmt":"2018-05-15T09:43:57","slug":"muzik","status":"publish","type":"page","link":"https:\/\/kp.k12.tr\/ortaokul\/egitim\/akademik-bolumler\/muzik\/","title":{"rendered":"M\u00fczik"},"content":{"rendered":"<div class=\"fusion-fullwidth fullwidth-box fusion-builder-row-1 fusion-flex-container nonhundred-percent-fullwidth non-hundred-percent-height-scrolling\" style=\"--awb-border-radius-top-left:0px;--awb-border-radius-top-right:0px;--awb-border-radius-bottom-right:0px;--awb-border-radius-bottom-left:0px;--awb-margin-top:60px;--awb-margin-bottom:60px;--awb-flex-wrap:wrap;\" ><div class=\"fusion-builder-row fusion-row fusion-flex-align-items-flex-start fusion-flex-content-wrap\" style=\"max-width:1144px;margin-left: calc(-4% \/ 2 );margin-right: calc(-4% \/ 2 );\"><div class=\"fusion-layout-column fusion_builder_column fusion-builder-column-0 fusion_builder_column_1_1 1_1 fusion-flex-column card-1\" style=\"--awb-padding-top:60px;--awb-padding-right:60px;--awb-padding-left:60px;--awb-bg-size:cover;--awb-width-large:100%;--awb-margin-top-large:0px;--awb-spacing-right-large:1.92%;--awb-margin-bottom-large:0px;--awb-spacing-left-large:1.92%;--awb-width-medium:100%;--awb-spacing-right-medium:1.92%;--awb-spacing-left-medium:1.92%;--awb-width-small:100%;--awb-spacing-right-small:1.92%;--awb-spacing-left-small:1.92%;\"><div class=\"fusion-column-wrapper fusion-flex-justify-content-flex-start fusion-content-layout-column\"><div class=\"fusion-builder-row fusion-builder-row-inner fusion-row fusion-flex-align-items-flex-start fusion-flex-content-wrap\" style=\"--awb-flex-grow:0;--awb-flex-grow-medium:0;--awb-flex-grow-small:0;--awb-flex-shrink:0;--awb-flex-shrink-medium:0;--awb-flex-shrink-small:0;width:104% !important;max-width:104% !important;margin-left: calc(-4% \/ 2 );margin-right: calc(-4% \/ 2 );\"><div class=\"fusion-layout-column fusion_builder_column_inner fusion-builder-nested-column-0 fusion_builder_column_inner_2_3 2_3 fusion-flex-column\" style=\"--awb-bg-size:cover;--awb-width-large:66.666666666667%;--awb-margin-top-large:0px;--awb-spacing-right-large:3.84%;--awb-margin-bottom-large:20px;--awb-spacing-left-large:2.88%;--awb-width-medium:100%;--awb-spacing-right-medium:1.92%;--awb-spacing-left-medium:1.92%;--awb-width-small:100%;--awb-spacing-right-small:1.92%;--awb-spacing-left-small:1.92%;\"><div class=\"fusion-column-wrapper fusion-flex-justify-content-flex-start fusion-content-layout-column\"><div class=\"fusion-title title fusion-title-1 fusion-sep-none fusion-title-text fusion-title-size-one\" style=\"--awb-margin-bottom:20px;--awb-margin-top-small:10px;--awb-margin-right-small:0px;--awb-margin-bottom-small:10px;--awb-margin-left-small:0px;\"><h1 class=\"fusion-title-heading title-heading-left fusion-responsive-typography-calculated\" style=\"margin:0;--fontSize:30;line-height:1.4;\">M\u00fczik<\/h1><\/div><div class=\"fusion-text fusion-text-1\"><p>M\u00fczik e\u011fitiminin amac\u0131; \u00e7ocuklar\u0131n genel bir m\u00fczik k\u00fclt\u00fcr\u00fc ve iyi m\u00fczik dinleme al\u0131\u015fkanl\u0131\u011f\u0131 kazanabilmelerini sa\u011flamakt\u0131r. \u00c7ocuklar\u0131m\u0131z m\u00fczik yoluyla kendilerini ifade etmeyi, sosyalle\u015fmeyi, grupla uyumlu \u00e7al\u0131\u015fmay\u0131, payla\u015fmay\u0131 ya\u015fam\u0131 ve birbirlerini sevmeyi \u00f6\u011frenirler.<\/p>\n<p>M\u00fczik B\u00f6l\u00fcm\u00fc olarak bir di\u011fer \u00f6nemsedi\u011fimiz konu da \u00f6zel yetene\u011fi olan \u00f6\u011frencilerimizin ke\u015ffedilmesi ve bu yeteneklerinin de\u011ferlendirilmesi i\u00e7in gerekli \u00e7al\u0131\u015fmalar\u0131n yap\u0131larak velilerimizin bu konuda y\u00f6nlendirilmesidir.<\/p>\n<p>Anaokulundan 8. s\u0131n\u0131fa kadar t\u00fcm \u00f6\u011frencilerimiz bu konuda desteklenmekte, y\u00f6nlendirilmekte ve onlara te\u015fvik edici konser ve resitaller d\u00fczenlenmektedir.<\/p>\n<p>Orff \u00e7alg\u0131lar\u0131 ve ritim aletleri t\u00fcm s\u0131n\u0131flarda ve etkinliklerde kullan\u0131larak ritmik egzersiz ve oyunlar, m\u00fczikle hareket, canland\u0131rma gibi yarat\u0131c\u0131 \u00e7al\u0131\u015fmalar yap\u0131lmaktad\u0131r.<\/p>\n<p>Ayr\u0131ca 4. s\u0131n\u0131ftan itibaren ba\u015flatt\u0131\u011f\u0131m\u0131z melodika \u00e7al\u0131\u015fmalar\u0131m\u0131zla, her \u00f6\u011frencinin basit bir m\u00fczik aleti \u00e7alarak mezun olmas\u0131 hedeflenmektedir. Melodika, 4. s\u0131n\u0131ftan itibaren \u00f6\u011frencilerimizin m\u00fczik derslerinde, s\u00fcrekli olarak kulland\u0131\u011f\u0131 temel enstr\u00fcman\u0131d\u0131r.<\/p>\n<p>\u00d6\u011frencilerimiz, \u201cOkul Koromuz\u201dla her y\u0131l T\u00fcrk ve d\u00fcnya m\u00fczik ar\u015fivinden seviyelerine uygun par\u00e7alar seslendirerek hem de\u011fi\u015fik m\u00fcziklertan\u0131makta, hem de birlikte \u015fark\u0131 s\u00f6ylemenin zevkine varmaktad\u0131rlar. Ayr\u0131ca Okul Koromuz, kat\u0131ld\u0131\u011f\u0131m\u0131z okullar aras\u0131 festival ve yar\u0131\u015fmalarda da okulumuzu ba\u015far\u0131yla temsil etmektedir.<\/p>\n<p><strong>M\u00dcZ\u0130K AKT\u0130V\u0130TELER\u0130<br \/>\n<\/strong><br \/>\n<strong>Blok Fl\u00fct Aktivitesi<\/strong><\/p>\n<p>Blok fl\u00fct aktivitemiz \u00f6\u011frencilerimizin enstr\u00fcmanlar\u0131 ile bir konser i\u00e7erisinde yer almalar\u0131na olanak sa\u011flar; ki\u015fisel geli\u015fimlerine, arkada\u015fl\u0131k ortam\u0131n\u0131n olu\u015fmas\u0131na ve ayn\u0131 duygular i\u00e7indeki \u00f6\u011frencilerle ileti\u015fim kurmas\u0131na\u00a0f\u0131rsat yarat\u0131r.<\/p>\n<p>Ayr\u0131ca solfej e\u011fitiminin de verilece\u011fi bu aktivitenin \u00f6\u011frencilerimizin kulak geli\u015fime katk\u0131da bulunaca\u011f\u0131na inan\u0131yoruz.<\/p>\n<p><strong>Orkestra Aktivitesi<\/strong><\/p>\n<p>Orkestra aktivitemiz m\u00fczi\u011fi payla\u015fmak isteyen, yetenekli m\u00fczisyen adaylar\u0131ndan olu\u015fur. Okulumuzu yar\u0131\u015fmalarda temsil etmenin yan\u0131 s\u0131ra \u00f6nemli g\u00fcn ve haftalarda yap\u0131lan etkinliklerde yer al\u0131r. Kendi repertuvarlar\u0131n\u0131 olu\u015fturur ve konserler verirler.<\/p>\n<p>Aktivitemizin di\u011fer bir amac\u0131 \u00f6\u011frencilerimizin m\u00fczik, k\u00fclt\u00fcr ve sanat alan\u0131ndaki yeteneklerinin geli\u015ftirilmesine katk\u0131da bulunmak,\u00a0sosyal ve k\u00fclt\u00fcrel faaliyetlere te\u015fvik etmektir.<\/p>\n<p><strong>Koro Aktivitesi<\/strong><\/p>\n<p>Koro aktivitemiz\u00a0\u00e7e\u015fitli ya\u015f gruplar\u0131ndaki \u00f6\u011frencilerimiz ile \u00e7al\u0131\u015fmalar\u0131n\u0131 s\u00fcrd\u00fcrmektedir. Koromuz tek sesli, \u00e7ok sesli, kanon vb. bir\u00e7ok eser \u00e7al\u0131\u015fmalar\u0131 yapman\u0131n yan\u0131 s\u0131ra solfej dersleri ile de bu \u00e7al\u0131\u015fmalar\u0131 desteklemektedir.<\/p>\n<p>Koromuz okul i\u00e7i ve okul d\u0131\u015f\u0131 bir\u00e7ok etkinlikte g\u00f6rev alarak m\u00fczik \u00e7al\u0131\u015fmalar\u0131na devam etmektedir.<\/p>\n<\/div><\/div><\/div><div class=\"fusion-layout-column fusion_builder_column_inner fusion-builder-nested-column-1 fusion_builder_column_inner_1_3 1_3 fusion-flex-column card-0\" style=\"--awb-padding-top:5%;--awb-padding-right:5%;--awb-padding-bottom:5%;--awb-padding-left:5%;--awb-bg-color:#fafafa;--awb-bg-color-hover:#fafafa;--awb-bg-size:cover;--awb-width-large:33.333333333333%;--awb-margin-top-large:0px;--awb-spacing-right-large:5.76%;--awb-margin-bottom-large:0px;--awb-spacing-left-large:3.8399999999999%;--awb-width-medium:100%;--awb-spacing-right-medium:1.92%;--awb-spacing-left-medium:1.92%;--awb-width-small:100%;--awb-spacing-right-small:1.92%;--awb-spacing-left-small:1.92%;\"><div class=\"fusion-column-wrapper fusion-flex-justify-content-flex-start fusion-content-layout-column\"><div class=\"fusion-title title fusion-title-2 fusion-sep-none fusion-title-text fusion-title-size-two\" style=\"--awb-margin-bottom:24px;--awb-margin-top-small:10px;--awb-margin-right-small:0px;--awb-margin-bottom-small:10px;--awb-margin-left-small:0px;\"><h2 class=\"fusion-title-heading title-heading-left fusion-responsive-typography-calculated\" style=\"margin:0;--fontSize:24;line-height:1.2;\">Akademik B\u00f6l\u00fcmler<\/h2><\/div><div class=\"fusion-text fusion-text-2\"><p><a href=\"http:\/\/kp.k12.tr\/ortaokul\/egitim\/akademik-bolumler\/fransizca\/\">Frans\u0131zca<\/a><br \/>\n<a href=\"http:\/\/kp.k12.tr\/ortaokul\/egitim\/akademik-bolumler\/ingilizce\/\">\u0130ngilizce<\/a><br \/>\n<a href=\"http:\/\/kp.k12.tr\/ortaokul\/egitim\/akademik-bolumler\/turkce-sosyal\/\">T\u00fcrk\u00e7e-Sosyal<\/a><br \/>\n<a href=\"http:\/\/kp.k12.tr\/ortaokul\/egitim\/akademik-bolumler\/fen-matematik\/\">Fen-Matematik<\/a><br \/>\n<a href=\"http:\/\/kp.k12.tr\/ortaokul\/egitim\/akademik-bolumler\/muzik\/\">M\u00fczik<\/a><br \/>\n<a href=\"http:\/\/kp.k12.tr\/ortaokul\/egitim\/akademik-bolumler\/gorsel-sanatlar\/\">G\u00f6rsel Sanatlar<\/a><br \/>\n<a href=\"http:\/\/kp.k12.tr\/ortaokul\/egitim\/akademik-bolumler\/beden-egitimi\/\">Beden E\u011fitimi<\/a><br \/>\n<a href=\"http:\/\/kp.k12.tr\/ortaokul\/egitim\/akademik-bolumler\/rehberlik\/\">Rehberlik<\/a><br \/>\n<a href=\"http:\/\/kp.k12.tr\/ortaokul\/egitim\/akademik-bolumler\/bilisim-teknolojileri\/\">Bili\u015fim Teknolojileri<\/a><br \/>\n<a href=\"http:\/\/kp.k12.tr\/ortaokul\/egitim\/akademik-bolumler\/olcme-degerlendirme\/\">\u00d6l\u00e7me De\u011ferlendirme<\/a><\/p>\n<\/div><\/div><\/div><\/div><\/div><\/div><\/div><\/div>\n","protected":false},"excerpt":{"rendered":"","protected":false},"author":6,"featured_media":0,"parent":2025,"menu_order":0,"comment_status":"closed","ping_status":"closed","template":"","meta":{"_view_id":"","footnotes":""},"class_list":["post-2045","page","type-page","status-publish","hentry"],"jetpack_sharing_enabled":true,"_links":{"self":[{"href":"https:\/\/kp.k12.tr\/ortaokul\/wp-json\/wp\/v2\/pages\/2045","targetHints":{"allow":["GET"]}}],"collection":[{"href":"https:\/\/kp.k12.tr\/ortaokul\/wp-json\/wp\/v2\/pages"}],"about":[{"href":"https:\/\/kp.k12.tr\/ortaokul\/wp-json\/wp\/v2\/types\/page"}],"author":[{"embeddable":true,"href":"https:\/\/kp.k12.tr\/ortaokul\/wp-json\/wp\/v2\/users\/6"}],"replies":[{"embeddable":true,"href":"https:\/\/kp.k12.tr\/ortaokul\/wp-json\/wp\/v2\/comments?post=2045"}],"version-history":[{"count":0,"href":"https:\/\/kp.k12.tr\/ortaokul\/wp-json\/wp\/v2\/pages\/2045\/revisions"}],"up":[{"embeddable":true,"href":"https:\/\/kp.k12.tr\/ortaokul\/wp-json\/wp\/v2\/pages\/2025"}],"wp:attachment":[{"href":"https:\/\/kp.k12.tr\/ortaokul\/wp-json\/wp\/v2\/media?parent=2045"}],"curies":[{"name":"wp","href":"https:\/\/api.w.org\/{rel}","templated":true}]}}