{"id":2039,"date":"2018-04-18T10:25:10","date_gmt":"2018-04-18T07:25:10","guid":{"rendered":"http:\/\/kp.k12.tr\/ortaokul\/?page_id=2039"},"modified":"2018-12-28T11:14:31","modified_gmt":"2018-12-28T08:14:31","slug":"ingilizce","status":"publish","type":"page","link":"https:\/\/kp.k12.tr\/ortaokul\/egitim\/akademik-bolumler\/ingilizce\/","title":{"rendered":"\u0130ngilizce"},"content":{"rendered":"<div class=\"fusion-fullwidth fullwidth-box fusion-builder-row-1 fusion-flex-container nonhundred-percent-fullwidth non-hundred-percent-height-scrolling\" style=\"--awb-border-radius-top-left:0px;--awb-border-radius-top-right:0px;--awb-border-radius-bottom-right:0px;--awb-border-radius-bottom-left:0px;--awb-margin-top:60px;--awb-margin-bottom:60px;--awb-flex-wrap:wrap;\" ><div class=\"fusion-builder-row fusion-row fusion-flex-align-items-flex-start fusion-flex-content-wrap\" style=\"max-width:1144px;margin-left: calc(-4% \/ 2 );margin-right: calc(-4% \/ 2 );\"><div class=\"fusion-layout-column fusion_builder_column fusion-builder-column-0 fusion_builder_column_1_1 1_1 fusion-flex-column card-1\" style=\"--awb-padding-top:60px;--awb-padding-right:60px;--awb-padding-left:60px;--awb-bg-size:cover;--awb-width-large:100%;--awb-margin-top-large:0px;--awb-spacing-right-large:1.92%;--awb-margin-bottom-large:0px;--awb-spacing-left-large:1.92%;--awb-width-medium:100%;--awb-spacing-right-medium:1.92%;--awb-spacing-left-medium:1.92%;--awb-width-small:100%;--awb-spacing-right-small:1.92%;--awb-spacing-left-small:1.92%;\"><div class=\"fusion-column-wrapper fusion-flex-justify-content-flex-start fusion-content-layout-column\"><div class=\"fusion-builder-row fusion-builder-row-inner fusion-row fusion-flex-align-items-flex-start fusion-flex-content-wrap\" style=\"--awb-flex-grow:0;--awb-flex-grow-medium:0;--awb-flex-grow-small:0;--awb-flex-shrink:0;--awb-flex-shrink-medium:0;--awb-flex-shrink-small:0;width:104% !important;max-width:104% !important;margin-left: calc(-4% \/ 2 );margin-right: calc(-4% \/ 2 );\"><div class=\"fusion-layout-column fusion_builder_column_inner fusion-builder-nested-column-0 fusion_builder_column_inner_2_3 2_3 fusion-flex-column\" style=\"--awb-bg-size:cover;--awb-width-large:66.666666666667%;--awb-margin-top-large:0px;--awb-spacing-right-large:3.84%;--awb-margin-bottom-large:20px;--awb-spacing-left-large:2.88%;--awb-width-medium:100%;--awb-spacing-right-medium:1.92%;--awb-spacing-left-medium:1.92%;--awb-width-small:100%;--awb-spacing-right-small:1.92%;--awb-spacing-left-small:1.92%;\"><div class=\"fusion-column-wrapper fusion-flex-justify-content-flex-start fusion-content-layout-column\"><div class=\"fusion-title title fusion-title-1 fusion-sep-none fusion-title-text fusion-title-size-one\" style=\"--awb-margin-bottom:20px;--awb-margin-top-small:10px;--awb-margin-right-small:0px;--awb-margin-bottom-small:10px;--awb-margin-left-small:0px;\"><h1 class=\"fusion-title-heading title-heading-left fusion-responsive-typography-calculated\" style=\"margin:0;--fontSize:30;line-height:1.4;\">\u0130ngilizce<\/h1><\/div><div class=\"fusion-text fusion-text-1\"><p><strong>\u0130ngilizce Program\u0131<\/strong><\/p>\n<p>\u0130lk ve ortaokulumuzun her d\u00fczeyinde dinleme, konu\u015fma, okuma ve yazma becerilerini kazand\u0131rmaya y\u00f6nelik bir \u0130ngilizce dil \u00f6\u011fretimi yap\u0131l\u0131r. Amac\u0131m\u0131z, \u00f6\u011frencilerimizin iki yabanc\u0131 dilde dinledi\u011fini anlayabilen, konu\u015fabilen, okuyabilen, yazabilen bireyler olarak yeti\u015ftirilmesidir. \u0130ngilizce derslerinde bu amac\u0131 ger\u00e7ekle\u015ftirebilmek i\u00e7in Avrupa Konseyi taraf\u0131ndan yay\u0131mlanan Diller i\u00e7in Avrupa Ortak Ba\u015fvuru Metninde belirlenen dil seviyeleri i\u00e7eriklerine uygun olarak \u00f6\u011fretmenlerimiz taraf\u0131ndan haz\u0131rlanan ve s\u00fcrekli geli\u015ftirilen \u00f6\u011fretim programlar\u0131 uygulan\u0131r.<\/p>\n<p>Okulumuzda \u0130ngilizce \u00f6\u011fretimi 3. s\u0131n\u0131flarda haftada 2 ders saati; 4.s\u0131n\u0131flarda haftada 3 ders saati,5,6 ve 7.s\u0131n\u0131flarda haftada 4 ders saati, 8.s\u0131n\u0131flarda haftada 2 ders saati olarak uygulan\u0131r. Etkinlik derslerimiz de \u0130ngilizce \u00f6\u011fretimini destekleyecek \u015fekilde planlanmaktad\u0131r.<\/p>\n<p><strong>Bilgi Yar\u0131\u015fmalar\u0131<\/strong>: Her sene 4 ve 5.s\u0131n\u0131flar\u0131m\u0131z aras\u0131nda yap\u0131lan bilgi yar\u0131\u015fmalar\u0131 \u00e7ok heyecanl\u0131 ge\u00e7er ve \u00f6\u011frencilerimiz yar\u0131\u015fmalar s\u0131ras\u0131nda da \u00f6\u011frenmeye devam ederler.<\/p>\n<p><strong>Kitap Tan\u0131t\u0131m G\u00fcn\u00fc: <\/strong>6.s\u0131n\u0131flar her sene okuduklar\u0131 okuma kitaplar\u0131n\u0131n k\u0131sa bir \u00f6zetini o kitaptaki bir karakterin k\u0131yafetlerine b\u00fcr\u00fcnerek bu etkinlikte anlat\u0131rlar. \u00d6\u011frencilerimiz sunumlar\u0131 b\u00fcy\u00fck bir dikkatle izler ve sunum sonundaki sorular\u0131 yan\u0131tlarlar.<\/p>\n<p><strong>Avrupa\u2019da Bahar Bilgi Yar\u0131\u015fmas\u0131:<\/strong> 7.s\u0131n\u0131flar aras\u0131 her sene d\u00fczenlenen bu yar\u0131\u015fma s\u0131ras\u0131nda \u00f6\u011frencilere Avrupa ile ilgili tarih, sanat, co\u011frafya, k\u00fclt\u00fcr, spor ve m\u00fczik sorular\u0131 sorulur. \u00d6\u011frencilerimizin Avrupa ile ilgili bilgileri bu sayede artar.<\/p>\n<p><strong>Cambridge S\u0131navlar\u0131: <\/strong>7.s\u0131n\u0131f sonunda \u00f6\u011frencilerimiz Cambridge \u00dcniversitesi taraf\u0131ndan haz\u0131rlanan KET ve PET s\u0131navlar\u0131na girerek Diller i\u00e7in Avrupa Ortak Ba\u015fvuru Metninde belirtilen A2 ve B1seviyesi dil yeterlili\u011fini kazan\u0131rlar. 2017-2018 KET ve PET s\u0131nav\u0131nda ba\u015far\u0131m\u0131z %100 olarak ger\u00e7ekle\u015fmi\u015ftir.<\/p>\n<p><strong>\u0130ngilizce Kul\u00fcp:<\/strong> \u0130ngilizce kul\u00fcb\u00fcm\u00fczde \u00f6\u011frencilerimiz \u00e7e\u015fitli oyunlar oynar, filmler seyreder, \u015fark\u0131lar s\u00f6yler ve ske\u00e7ler haz\u0131rlarlar.<\/p>\n<\/div><\/div><\/div><div class=\"fusion-layout-column fusion_builder_column_inner fusion-builder-nested-column-1 fusion_builder_column_inner_1_3 1_3 fusion-flex-column card-0\" style=\"--awb-padding-top:5%;--awb-padding-right:5%;--awb-padding-bottom:5%;--awb-padding-left:5%;--awb-bg-color:#fafafa;--awb-bg-color-hover:#fafafa;--awb-bg-size:cover;--awb-width-large:33.333333333333%;--awb-margin-top-large:0px;--awb-spacing-right-large:5.76%;--awb-margin-bottom-large:0px;--awb-spacing-left-large:3.8399999999999%;--awb-width-medium:100%;--awb-spacing-right-medium:1.92%;--awb-spacing-left-medium:1.92%;--awb-width-small:100%;--awb-spacing-right-small:1.92%;--awb-spacing-left-small:1.92%;\"><div class=\"fusion-column-wrapper fusion-flex-justify-content-flex-start fusion-content-layout-column\"><div class=\"fusion-title title fusion-title-2 fusion-sep-none fusion-title-text fusion-title-size-two\" style=\"--awb-margin-bottom:24px;--awb-margin-top-small:10px;--awb-margin-right-small:0px;--awb-margin-bottom-small:10px;--awb-margin-left-small:0px;\"><h2 class=\"fusion-title-heading title-heading-left fusion-responsive-typography-calculated\" style=\"margin:0;--fontSize:24;line-height:1.2;\">Akademik B\u00f6l\u00fcmler<\/h2><\/div><div class=\"fusion-text fusion-text-2\"><p><a href=\"http:\/\/kp.k12.tr\/ortaokul\/egitim\/akademik-bolumler\/fransizca\/\">Frans\u0131zca<\/a><br \/>\n<a href=\"http:\/\/kp.k12.tr\/ortaokul\/egitim\/akademik-bolumler\/ingilizce\/\">\u0130ngilizce<\/a><br \/>\n<a href=\"http:\/\/kp.k12.tr\/ortaokul\/egitim\/akademik-bolumler\/turkce-sosyal\/\">T\u00fcrk\u00e7e-Sosyal<\/a><br \/>\n<a href=\"http:\/\/kp.k12.tr\/ortaokul\/egitim\/akademik-bolumler\/fen-matematik\/\">Fen-Matematik<\/a><br \/>\n<a href=\"http:\/\/kp.k12.tr\/ortaokul\/egitim\/akademik-bolumler\/muzik\/\">M\u00fczik<\/a><br \/>\n<a href=\"http:\/\/kp.k12.tr\/ortaokul\/egitim\/akademik-bolumler\/gorsel-sanatlar\/\">G\u00f6rsel Sanatlar<\/a><br \/>\n<a href=\"http:\/\/kp.k12.tr\/ortaokul\/egitim\/akademik-bolumler\/beden-egitimi\/\">Beden E\u011fitimi<\/a><br \/>\n<a href=\"http:\/\/kp.k12.tr\/ortaokul\/egitim\/akademik-bolumler\/rehberlik\/\">Rehberlik<\/a><br \/>\n<a href=\"http:\/\/kp.k12.tr\/ortaokul\/egitim\/akademik-bolumler\/bilisim-teknolojileri\/\">Bili\u015fim Teknolojileri<\/a><br \/>\n<a href=\"http:\/\/kp.k12.tr\/ortaokul\/egitim\/akademik-bolumler\/olcme-degerlendirme\/\">\u00d6l\u00e7me De\u011ferlendirme<\/a><\/p>\n<\/div><\/div><\/div><\/div><\/div><\/div><\/div><\/div>\n","protected":false},"excerpt":{"rendered":"","protected":false},"author":6,"featured_media":0,"parent":2025,"menu_order":0,"comment_status":"closed","ping_status":"closed","template":"","meta":{"_view_id":"","footnotes":""},"class_list":["post-2039","page","type-page","status-publish","hentry"],"jetpack_sharing_enabled":true,"_links":{"self":[{"href":"https:\/\/kp.k12.tr\/ortaokul\/wp-json\/wp\/v2\/pages\/2039","targetHints":{"allow":["GET"]}}],"collection":[{"href":"https:\/\/kp.k12.tr\/ortaokul\/wp-json\/wp\/v2\/pages"}],"about":[{"href":"https:\/\/kp.k12.tr\/ortaokul\/wp-json\/wp\/v2\/types\/page"}],"author":[{"embeddable":true,"href":"https:\/\/kp.k12.tr\/ortaokul\/wp-json\/wp\/v2\/users\/6"}],"replies":[{"embeddable":true,"href":"https:\/\/kp.k12.tr\/ortaokul\/wp-json\/wp\/v2\/comments?post=2039"}],"version-history":[{"count":0,"href":"https:\/\/kp.k12.tr\/ortaokul\/wp-json\/wp\/v2\/pages\/2039\/revisions"}],"up":[{"embeddable":true,"href":"https:\/\/kp.k12.tr\/ortaokul\/wp-json\/wp\/v2\/pages\/2025"}],"wp:attachment":[{"href":"https:\/\/kp.k12.tr\/ortaokul\/wp-json\/wp\/v2\/media?parent=2039"}],"curies":[{"name":"wp","href":"https:\/\/api.w.org\/{rel}","templated":true}]}}