{"id":2033,"date":"2018-04-18T10:19:56","date_gmt":"2018-04-18T07:19:56","guid":{"rendered":"http:\/\/kp.k12.tr\/ortaokul\/?page_id=2033"},"modified":"2018-11-19T12:55:23","modified_gmt":"2018-11-19T09:55:23","slug":"fransizca","status":"publish","type":"page","link":"https:\/\/kp.k12.tr\/ortaokul\/egitim\/akademik-bolumler\/fransizca\/","title":{"rendered":"Frans\u0131zca"},"content":{"rendered":"<div class=\"fusion-fullwidth fullwidth-box fusion-builder-row-1 fusion-flex-container nonhundred-percent-fullwidth non-hundred-percent-height-scrolling\" style=\"--awb-border-radius-top-left:0px;--awb-border-radius-top-right:0px;--awb-border-radius-bottom-right:0px;--awb-border-radius-bottom-left:0px;--awb-margin-top:60px;--awb-margin-bottom:60px;--awb-flex-wrap:wrap;\" ><div class=\"fusion-builder-row fusion-row fusion-flex-align-items-flex-start fusion-flex-content-wrap\" style=\"max-width:1144px;margin-left: calc(-4% \/ 2 );margin-right: calc(-4% \/ 2 );\"><div class=\"fusion-layout-column fusion_builder_column fusion-builder-column-0 fusion_builder_column_1_1 1_1 fusion-flex-column card-1\" style=\"--awb-padding-top:60px;--awb-padding-right:60px;--awb-padding-left:60px;--awb-bg-size:cover;--awb-width-large:100%;--awb-margin-top-large:0px;--awb-spacing-right-large:1.92%;--awb-margin-bottom-large:0px;--awb-spacing-left-large:1.92%;--awb-width-medium:100%;--awb-spacing-right-medium:1.92%;--awb-spacing-left-medium:1.92%;--awb-width-small:100%;--awb-spacing-right-small:1.92%;--awb-spacing-left-small:1.92%;\"><div class=\"fusion-column-wrapper fusion-flex-justify-content-flex-start fusion-content-layout-column\"><div class=\"fusion-builder-row fusion-builder-row-inner fusion-row fusion-flex-align-items-flex-start fusion-flex-content-wrap\" style=\"--awb-flex-grow:0;--awb-flex-grow-medium:0;--awb-flex-grow-small:0;--awb-flex-shrink:0;--awb-flex-shrink-medium:0;--awb-flex-shrink-small:0;width:104% !important;max-width:104% !important;margin-left: calc(-4% \/ 2 );margin-right: calc(-4% \/ 2 );\"><div class=\"fusion-layout-column fusion_builder_column_inner fusion-builder-nested-column-0 fusion_builder_column_inner_2_3 2_3 fusion-flex-column\" style=\"--awb-bg-size:cover;--awb-width-large:66.666666666667%;--awb-margin-top-large:0px;--awb-spacing-right-large:3.84%;--awb-margin-bottom-large:20px;--awb-spacing-left-large:2.88%;--awb-width-medium:100%;--awb-spacing-right-medium:1.92%;--awb-spacing-left-medium:1.92%;--awb-width-small:100%;--awb-spacing-right-small:1.92%;--awb-spacing-left-small:1.92%;\"><div class=\"fusion-column-wrapper fusion-flex-justify-content-flex-start fusion-content-layout-column\"><div class=\"fusion-title title fusion-title-1 fusion-sep-none fusion-title-text fusion-title-size-one\" style=\"--awb-margin-bottom:20px;--awb-margin-top-small:10px;--awb-margin-right-small:0px;--awb-margin-bottom-small:10px;--awb-margin-left-small:0px;\"><h1 class=\"fusion-title-heading title-heading-left fusion-responsive-typography-calculated\" style=\"margin:0;--fontSize:30;line-height:1.4;\"><img decoding=\"async\" class=\"lazyload alignnone wp-image-3301\" src=\"http:\/\/kp.k12.tr\/ortaokul\/wp-content\/uploads\/sites\/7\/2018\/10\/label-2-copy.png\" data-orig-src=\"http:\/\/kp.k12.tr\/ortaokul\/wp-content\/uploads\/sites\/7\/2018\/10\/label-2-copy.png\" alt=\"\" width=\"70\" height=\"70\" srcset=\"data:image\/svg+xml,%3Csvg%20xmlns%3D%27http%3A%2F%2Fwww.w3.org%2F2000%2Fsvg%27%20width%3D%2770%27%20height%3D%2770%27%20viewBox%3D%270%200%2070%2070%27%3E%3Crect%20width%3D%2770%27%20height%3D%2770%27%20fill-opacity%3D%220%22%2F%3E%3C%2Fsvg%3E\" data-srcset=\"https:\/\/kp.k12.tr\/ortaokul\/wp-content\/uploads\/sites\/7\/2018\/10\/label-2-copy-24x24.png 24w, https:\/\/kp.k12.tr\/ortaokul\/wp-content\/uploads\/sites\/7\/2018\/10\/label-2-copy-36x36.png 36w, https:\/\/kp.k12.tr\/ortaokul\/wp-content\/uploads\/sites\/7\/2018\/10\/label-2-copy-48x48.png 48w, https:\/\/kp.k12.tr\/ortaokul\/wp-content\/uploads\/sites\/7\/2018\/10\/label-2-copy-66x66.png 66w, https:\/\/kp.k12.tr\/ortaokul\/wp-content\/uploads\/sites\/7\/2018\/10\/label-2-copy.png 100w\" data-sizes=\"auto\" data-orig-sizes=\"(max-width: 70px) 100vw, 70px\" \/>Frans\u0131zca<\/h1><\/div><div class=\"fusion-text fusion-text-1\"><p>Fransa D\u0131\u015fi\u015fleri ve Mill\u00ee E\u011fitim Bakanl\u0131klar\u0131nca Frans\u0131zcay\u0131 m\u00fckemmel olarak \u00f6\u011freten okul olarak belirlenen SAJEV \u00d6zel K\u00fc\u00e7\u00fck Prens Okullar\u0131na LABEL belgesi verildi. Bu onurlu belge, okulumuzda Frans\u0131zca \u00f6\u011fretimini daha \u00fcst noktalara ta\u015f\u0131yacak motivasyonu sa\u011flayacakt\u0131r.<\/p>\n<p>\u0130lk ve ortaokulumuzda; Frans\u0131zca ve \u0130ngilizce dil becerileriyle \u00f6\u011frencilerimizin d\u00fcnyaya a\u00e7\u0131lmas\u0131na ve gelecekte\u00a0 uluslararas\u0131 ortamlarda\u00a0 kendilerini kabul ettirmelerine\u00a0 olanak sa\u011flayacak bir yakla\u015f\u0131mla yabanc\u0131 dil \u00f6\u011fretimi yap\u0131lmaktad\u0131r.<\/p>\n<p>Frans\u0131zca \u00d6\u011fretim Ama\u00e7lar\u0131m\u0131z:<\/p>\n<ul>\n<li>\u00d6\u011frencilerimizin kendilerini gelecekte g\u00fc\u00e7l\u00fc k\u0131lacak yabanc\u0131 dil \u00f6\u011frenmenin \u00f6nemini anlamalar\u0131<\/li>\n<li>Frans\u0131zca dinleme, okuma, konu\u015fma ve yazma becerilerini geli\u015ftirmeleri<\/li>\n<li>Frans\u0131zca s\u00f6zc\u00fck bilgilerini zenginle\u015ftirmeleri<\/li>\n<li>S\u00f6zl\u00fc ve yaz\u0131l\u0131 olarak kendi d\u00fc\u015f\u00fcnce , g\u00f6r\u00fc\u015f ve duygular\u0131n\u0131 a\u00e7\u0131klayabilmeleri<\/li>\n<li>Teknolojiyi etkin olarak kullanabilmeleri, bilgi teknolojilerinden yararlanarak yabanc\u0131 dil \u00f6\u011frenme becerilerini geli\u015ftirmeleri<\/li>\n<\/ul>\n<p>Bu ama\u00e7lar\u0131 ger\u00e7ekle\u015ftirmek i\u00e7in Avrupa Konseyi taraf\u0131ndan yay\u0131mlanan Diller i\u00e7in Avrupa Ortak Ba\u015fvuru Metni&#8217;nde belirlenen dil seviyeleri i\u00e7eriklerine uygun olarak \u00f6\u011fretmenlerimiz taraf\u0131ndan haz\u0131rlanan ve s\u00fcrekli geli\u015ftirilen \u00f6\u011fretim programlar\u0131 uygulamaktay\u0131z.<\/p>\n<p>\u0130lkokul birinci s\u0131n\u0131fta \u00f6\u011frencilerimiz ilk Frans\u0131zca dil\u00a0 becerilerini kazanmaya ve geli\u015ftirmeye ba\u015flarlar. \u00d6\u011frencilerimiz bu ya\u015flarda Frans\u0131zca telaffuza kar\u015f\u0131 duyarl\u0131d\u0131rlar ve bunu i\u00e7selle\u015ftirirler. Frans\u0131zca \u00f6\u011fretimine temel olu\u015fturacak k\u00fclt\u00fcrel, s\u00f6zel ve fonetik \u00e7al\u0131\u015fmalar bu s\u00fcre\u00e7te etkin bir \u015fekilde uygulan\u0131r.<\/p>\n<p><strong>\u0130lkokul- Ortaokul Frans\u0131zca \u00d6\u011fretim Devaml\u0131l\u0131\u011f\u0131<\/strong><\/p>\n<p>\u0130lkokul 1. 2. ve 3. s\u0131n\u0131flar\u0131m\u0131zda haftada 12, di\u011fer s\u0131n\u0131flar\u0131m\u0131zda 10 saat Frans\u0131zca ders yap\u0131l\u0131r. \u00a0Etkinlik derslerimiz de Frans\u0131zca \u00f6\u011fretimini destekleyecek \u015fekilde planlanmaktad\u0131r.<\/p>\n<p>\u0130lkokul 4. s\u0131n\u0131f sonunda \u00f6\u011frencilerimiz Diller i\u00e7in Avrupa Ortak Ba\u015fvuru Metni&#8217;nde belirtilen A1 seviyesi dil yeterlili\u011fi kazan\u0131rlar.\u00a0 Fransa Mill\u00ee E\u011fitim Bakanl\u0131\u011f\u0131nca d\u00fczenlenen DELF A1 JUN\u0130OR s\u0131nav\u0131na kat\u0131larak uluslararas\u0131 ge\u00e7erlili\u011fi olan diploma al\u0131rlar. 2017-2018 4. S\u0131n\u0131flar DELF A1 JUNIOR\u00a0 ba\u015far\u0131m\u0131z %100 d\u00fcr.<\/p>\n<p>\u0130lkokulda kazan\u0131lan bu ba\u015far\u0131n\u0131n ortaokulda devam etmesi amac\u0131yla ilk ve ortaokul Frans\u0131zca \u00f6\u011fretmenlerimiz ortak \u00e7al\u0131\u015fmalar yaparlar.\u00a0\u00d6\u011fretim y\u0131l\u0131 ba\u015f\u0131nda\u00a0 ortaokul 5. ve 6. s\u0131n\u0131f \u00f6\u011frencilerimizin DELF A2 JUNIOR s\u0131nav\u0131nda ba\u015far\u0131l\u0131 olmalar\u0131na y\u00f6nelik \u00e7al\u0131\u015fmalar planlan\u0131r.\u00a0 2017-2018 DELF A2 JUNIOR s\u0131nav\u0131nda ba\u015far\u0131m\u0131z %100 olarak ger\u00e7ekle\u015fmi\u015ftir. 7. s\u0131n\u0131flar\u0131m\u0131z DELF B1\u00a0 s\u0131nav\u0131na kat\u0131l\u0131rlar.<\/p>\n<p>2017-2018 7. s\u0131n\u0131flar DELF B1 ba\u015far\u0131m\u0131z % 100 olarak ger\u00e7ekle\u015fmi\u015ftir.<\/p>\n<p>8. s\u0131n\u0131f \u00f6\u011frencilerimiz, daha \u00f6nceki y\u0131llarda kazand\u0131klar\u0131 dil becerileri sayesinde Frans\u0131zca edebi metin, gazete ve dergi yaz\u0131lar\u0131 \u00fczerinde \u00e7al\u0131\u015f\u0131rlar. Ayr\u0131ca LGS s\u0131nav\u0131na haz\u0131rlan\u0131rlar.<\/p>\n<\/div><\/div><\/div><div class=\"fusion-layout-column fusion_builder_column_inner fusion-builder-nested-column-1 fusion_builder_column_inner_1_3 1_3 fusion-flex-column card-0\" style=\"--awb-padding-top:5%;--awb-padding-right:5%;--awb-padding-bottom:5%;--awb-padding-left:5%;--awb-bg-color:#fafafa;--awb-bg-color-hover:#fafafa;--awb-bg-size:cover;--awb-width-large:33.333333333333%;--awb-margin-top-large:0px;--awb-spacing-right-large:5.76%;--awb-margin-bottom-large:0px;--awb-spacing-left-large:3.8399999999999%;--awb-width-medium:100%;--awb-spacing-right-medium:1.92%;--awb-spacing-left-medium:1.92%;--awb-width-small:100%;--awb-spacing-right-small:1.92%;--awb-spacing-left-small:1.92%;\"><div class=\"fusion-column-wrapper fusion-flex-justify-content-flex-start fusion-content-layout-column\"><div class=\"fusion-title title fusion-title-2 fusion-sep-none fusion-title-text fusion-title-size-two\" style=\"--awb-margin-bottom:24px;--awb-margin-top-small:10px;--awb-margin-right-small:0px;--awb-margin-bottom-small:10px;--awb-margin-left-small:0px;\"><h2 class=\"fusion-title-heading title-heading-left fusion-responsive-typography-calculated\" style=\"margin:0;--fontSize:24;line-height:1.2;\">Akademik B\u00f6l\u00fcmler<\/h2><\/div><div class=\"fusion-text fusion-text-2\"><p><a href=\"http:\/\/kp.k12.tr\/ortaokul\/egitim\/akademik-bolumler\/fransizca\/\">Frans\u0131zca<\/a><br \/>\n<a href=\"http:\/\/kp.k12.tr\/ortaokul\/egitim\/akademik-bolumler\/ingilizce\/\">\u0130ngilizce<\/a><br \/>\n<a href=\"http:\/\/kp.k12.tr\/ortaokul\/egitim\/akademik-bolumler\/turkce-sosyal\/\">T\u00fcrk\u00e7e-Sosyal<\/a><br \/>\n<a href=\"http:\/\/kp.k12.tr\/ortaokul\/egitim\/akademik-bolumler\/fen-matematik\/\">Fen-Matematik<\/a><br \/>\n<a href=\"http:\/\/kp.k12.tr\/ortaokul\/egitim\/akademik-bolumler\/muzik\/\">M\u00fczik<\/a><br \/>\n<a href=\"http:\/\/kp.k12.tr\/ortaokul\/egitim\/akademik-bolumler\/gorsel-sanatlar\/\">G\u00f6rsel Sanatlar<\/a><br \/>\n<a href=\"http:\/\/kp.k12.tr\/ortaokul\/egitim\/akademik-bolumler\/beden-egitimi\/\">Beden E\u011fitimi<\/a><br \/>\n<a href=\"http:\/\/kp.k12.tr\/ortaokul\/egitim\/akademik-bolumler\/rehberlik\/\">Rehberlik<\/a><br \/>\n<a href=\"http:\/\/kp.k12.tr\/ortaokul\/egitim\/akademik-bolumler\/bilisim-teknolojileri\/\">Bili\u015fim Teknolojileri<\/a><br \/>\n<a href=\"http:\/\/kp.k12.tr\/ortaokul\/egitim\/akademik-bolumler\/olcme-degerlendirme\/\">\u00d6l\u00e7me De\u011ferlendirme<\/a><\/p>\n<\/div><\/div><\/div><\/div><\/div><\/div><\/div><\/div>\n","protected":false},"excerpt":{"rendered":"","protected":false},"author":6,"featured_media":0,"parent":2025,"menu_order":0,"comment_status":"closed","ping_status":"closed","template":"","meta":{"_view_id":"","footnotes":""},"class_list":["post-2033","page","type-page","status-publish","hentry"],"jetpack_sharing_enabled":true,"_links":{"self":[{"href":"https:\/\/kp.k12.tr\/ortaokul\/wp-json\/wp\/v2\/pages\/2033","targetHints":{"allow":["GET"]}}],"collection":[{"href":"https:\/\/kp.k12.tr\/ortaokul\/wp-json\/wp\/v2\/pages"}],"about":[{"href":"https:\/\/kp.k12.tr\/ortaokul\/wp-json\/wp\/v2\/types\/page"}],"author":[{"embeddable":true,"href":"https:\/\/kp.k12.tr\/ortaokul\/wp-json\/wp\/v2\/users\/6"}],"replies":[{"embeddable":true,"href":"https:\/\/kp.k12.tr\/ortaokul\/wp-json\/wp\/v2\/comments?post=2033"}],"version-history":[{"count":0,"href":"https:\/\/kp.k12.tr\/ortaokul\/wp-json\/wp\/v2\/pages\/2033\/revisions"}],"up":[{"embeddable":true,"href":"https:\/\/kp.k12.tr\/ortaokul\/wp-json\/wp\/v2\/pages\/2025"}],"wp:attachment":[{"href":"https:\/\/kp.k12.tr\/ortaokul\/wp-json\/wp\/v2\/media?parent=2033"}],"curies":[{"name":"wp","href":"https:\/\/api.w.org\/{rel}","templated":true}]}}