{"id":1805,"date":"2018-04-10T14:13:31","date_gmt":"2018-04-10T11:13:31","guid":{"rendered":"http:\/\/kp.k12.tr\/ortaokul\/?page_id=1805"},"modified":"2020-02-27T15:36:13","modified_gmt":"2020-02-27T12:36:13","slug":"randevu-formu","status":"publish","type":"page","link":"https:\/\/kp.k12.tr\/ortaokul\/aday-ogrenci\/randevu-formu\/","title":{"rendered":"Randevu Formu"},"content":{"rendered":"<div class=\"fusion-fullwidth fullwidth-box fusion-builder-row-1 fusion-flex-container nonhundred-percent-fullwidth non-hundred-percent-height-scrolling\" style=\"--awb-border-radius-top-left:0px;--awb-border-radius-top-right:0px;--awb-border-radius-bottom-right:0px;--awb-border-radius-bottom-left:0px;--awb-padding-bottom:60px;--awb-background-color:#fafafa;--awb-flex-wrap:wrap;\" ><div class=\"fusion-builder-row fusion-row fusion-flex-align-items-flex-start fusion-flex-content-wrap\" style=\"max-width:calc( 1100px + 0px );margin-left: calc(-0px \/ 2 );margin-right: calc(-0px \/ 2 );\"><div class=\"fusion-layout-column fusion_builder_column fusion-builder-column-0 fusion_builder_column_1_1 1_1 fusion-flex-column card-1\" style=\"--awb-padding-top:5%;--awb-padding-right:5%;--awb-padding-left:5%;--awb-bg-color:#ffffff;--awb-bg-color-hover:#ffffff;--awb-bg-size:cover;--awb-width-large:100%;--awb-margin-top-large:300px;--awb-spacing-right-large:0px;--awb-margin-bottom-large:20px;--awb-spacing-left-large:0px;--awb-width-medium:100%;--awb-spacing-right-medium:0px;--awb-spacing-left-medium:0px;--awb-width-small:100%;--awb-spacing-right-small:0px;--awb-spacing-left-small:0px;\"><div class=\"fusion-column-wrapper fusion-flex-justify-content-flex-start fusion-content-layout-column\"><div class=\"fusion-builder-row fusion-builder-row-inner fusion-row fusion-flex-align-items-flex-start fusion-flex-content-wrap\" style=\"--awb-flex-grow:0;--awb-flex-grow-medium:0;--awb-flex-grow-small:0;--awb-flex-shrink:0;--awb-flex-shrink-medium:0;--awb-flex-shrink-small:0;width:calc( 100% + 0px ) !important;max-width:calc( 100% + 0px ) !important;margin-left: calc(-0px \/ 2 );margin-right: calc(-0px \/ 2 );\"><div class=\"fusion-layout-column fusion_builder_column_inner fusion-builder-nested-column-0 fusion_builder_column_inner_1_1 1_1 fusion-flex-column\" style=\"--awb-bg-size:cover;--awb-width-large:100%;--awb-margin-top-large:0px;--awb-spacing-right-large:0px;--awb-margin-bottom-large:20px;--awb-spacing-left-large:0px;--awb-width-medium:100%;--awb-spacing-right-medium:0px;--awb-spacing-left-medium:0px;--awb-width-small:100%;--awb-spacing-right-small:0px;--awb-spacing-left-small:0px;\"><div class=\"fusion-column-wrapper fusion-flex-justify-content-flex-start fusion-content-layout-column\"><div class=\"fusion-title title fusion-title-1 fusion-sep-none fusion-title-text fusion-title-size-one\" style=\"--awb-margin-top-small:10px;--awb-margin-right-small:0px;--awb-margin-bottom-small:10px;--awb-margin-left-small:0px;\"><h1 class=\"fusion-title-heading title-heading-left fusion-responsive-typography-calculated\" style=\"margin:0;--fontSize:30;line-height:1.4;\"><p style=\"text-align: center;\">\u00d6ZEL K\u00dc\u00c7\u00dcK PRENS ORTAOKULU<\/p>\n<p style=\"text-align: center;\">Randevu Talep ve \u00d6n G\u00f6r\u00fc\u015fme Formu<\/p><\/h1><\/div><div class=\"wpforms-container wpforms-container-full\" id=\"wpforms-1804\"><form id=\"wpforms-form-1804\" class=\"wpforms-validate wpforms-form\" data-formid=\"1804\" method=\"post\" enctype=\"multipart\/form-data\" action=\"\/ortaokul\/wp-json\/wp\/v2\/pages\/1805\" data-token=\"69d1bb9096cfa8e78baac11c8b16c3d1\"><noscript class=\"wpforms-error-noscript\">Bu formu bitirebilmek i\u00e7in taray\u0131c\u0131n\u0131zda JavaScript&#039;i etkinle\u015ftirin.<\/noscript><div class=\"wpforms-field-container\"><div id=\"wpforms-1804-field_3-container\" class=\"wpforms-field wpforms-field-divider\" data-field-id=\"3\"><h3 id=\"wpforms-1804-field_3\" name=\"wpforms[fields][3]\">\u00d6\u011frenci Bilgileri<\/h3><\/div><div id=\"wpforms-1804-field_0-container\" class=\"wpforms-field wpforms-field-name wpforms-one-half wpforms-first\" data-field-id=\"0\"><label class=\"wpforms-field-label\" for=\"wpforms-1804-field_0\">Ad\u0131 Soyad\u0131 <span class=\"wpforms-required-label\">*<\/span><\/label><div class=\"wpforms-field-row wpforms-field-large\"><div class=\"wpforms-field-row-block wpforms-first wpforms-two-fifths\"><input type=\"text\" id=\"wpforms-1804-field_0\" class=\"wpforms-field-name-first wpforms-field-required\" name=\"wpforms[fields][0][first]\" placeholder=\"Ad\u0131\" required><label for=\"wpforms-1804-field_0\" class=\"wpforms-field-sublabel after wpforms-sublabel-hide\">Ad<\/label><\/div><div class=\"wpforms-field-row-block wpforms-one-fifth\"><input type=\"text\" id=\"wpforms-1804-field_0-middle\" class=\"wpforms-field-name-middle\" name=\"wpforms[fields][0][middle]\" placeholder=\"\u0130kinci Ad\u0131\" ><label for=\"wpforms-1804-field_0-middle\" class=\"wpforms-field-sublabel after wpforms-sublabel-hide\">\u0130kinci Ad<\/label><\/div><div class=\"wpforms-field-row-block wpforms-two-fifths\"><input type=\"text\" id=\"wpforms-1804-field_0-last\" class=\"wpforms-field-name-last wpforms-field-required\" name=\"wpforms[fields][0][last]\" placeholder=\"Soyad\u0131\" required><label for=\"wpforms-1804-field_0-last\" class=\"wpforms-field-sublabel after wpforms-sublabel-hide\">Soyad<\/label><\/div><\/div><\/div><div id=\"wpforms-1804-field_5-container\" class=\"wpforms-field wpforms-field-date-time wpforms-one-half wpforms-first\" data-field-id=\"5\"><label class=\"wpforms-field-label\" for=\"wpforms-1804-field_5\">Do\u011fum Tarihi <span class=\"wpforms-required-label\">*<\/span><\/label><div class=\"wpforms-datepicker-wrap\"><input type=\"text\" id=\"wpforms-1804-field_5\" class=\"wpforms-field-date-time-date wpforms-datepicker wpforms-field-required wpforms-field-large\" data-date-format=\"d\/m\/Y\" data-disable-past-dates=\"0\" data-input=\"true\" name=\"wpforms[fields][5][date]\" required><a title=\"Clear Date\" data-clear class=\"wpforms-datepicker-clear\" style=\"display:none;\"><\/a><\/div><\/div><div id=\"wpforms-1804-field_10-container\" class=\"wpforms-field wpforms-field-radio wpforms-one-half wpforms-first wpforms-list-2-columns\" data-field-id=\"10\"><label class=\"wpforms-field-label\" for=\"wpforms-1804-field_10\">Cinsiyet <span class=\"wpforms-required-label\">*<\/span><\/label><ul id=\"wpforms-1804-field_10\" class=\"wpforms-field-required\"><li class=\"choice-1 depth-1\"><input type=\"radio\" id=\"wpforms-1804-field_10_1\" name=\"wpforms[fields][10]\" value=\"K\u0131z\" required ><label class=\"wpforms-field-label-inline\" for=\"wpforms-1804-field_10_1\">K\u0131z<\/label><\/li><li class=\"choice-2 depth-1\"><input type=\"radio\" id=\"wpforms-1804-field_10_2\" name=\"wpforms[fields][10]\" value=\"Erkek\" required ><label class=\"wpforms-field-label-inline\" for=\"wpforms-1804-field_10_2\">Erkek<\/label><\/li><\/ul><\/div><div id=\"wpforms-1804-field_7-container\" class=\"wpforms-field wpforms-field-select wpforms-one-half wpforms-first wpforms-conditional-trigger wpforms-field-select-style-classic\" data-field-id=\"7\"><label class=\"wpforms-field-label\" for=\"wpforms-1804-field_7\">Uyru\u011fu <span class=\"wpforms-required-label\">*<\/span><\/label><select id=\"wpforms-1804-field_7\" class=\"wpforms-field-large wpforms-field-required\" name=\"wpforms[fields][7]\" required=\"required\"><option value=\"T.C.\"  selected='selected'>T.C.<\/option><option value=\"Di\u011fer\" >Di\u011fer<\/option><\/select><\/div><div id=\"wpforms-1804-field_30-container\" class=\"wpforms-field wpforms-field-select wpforms-one-half wpforms-first wpforms-field-select-style-classic\" data-field-id=\"30\"><label class=\"wpforms-field-label\" for=\"wpforms-1804-field_30\">Okuyaca\u011f\u0131 S\u0131n\u0131f<\/label><select id=\"wpforms-1804-field_30\" class=\"wpforms-field-medium\" name=\"wpforms[fields][30]\"><option value=\"5. veya 6. S\u0131n\u0131f\" >5. veya 6. S\u0131n\u0131f<\/option><option value=\"7. veya 8. S\u0131n\u0131f\" >7. veya 8. S\u0131n\u0131f<\/option><\/select><\/div><div id=\"wpforms-1804-field_8-container\" class=\"wpforms-field wpforms-field-text wpforms-one-half wpforms-conditional-field wpforms-conditional-show\" data-field-id=\"8\" style=\"display:none;\"><label class=\"wpforms-field-label\" for=\"wpforms-1804-field_8\">Di\u011fer<\/label><input type=\"text\" id=\"wpforms-1804-field_8\" class=\"wpforms-field-large\" name=\"wpforms[fields][8]\" ><\/div><div id=\"wpforms-1804-field_25-container\" class=\"wpforms-field wpforms-field-text wpforms-one-half\" data-field-id=\"25\"><label class=\"wpforms-field-label\" for=\"wpforms-1804-field_25\">Devam Etmekte Oldu\u011fu Okul <span class=\"wpforms-required-label\">*<\/span><\/label><input type=\"text\" id=\"wpforms-1804-field_25\" class=\"wpforms-field-medium wpforms-field-required\" name=\"wpforms[fields][25]\" required><\/div><div id=\"wpforms-1804-field_11-container\" class=\"wpforms-field wpforms-field-divider\" data-field-id=\"11\"><h3 id=\"wpforms-1804-field_11\" name=\"wpforms[fields][11]\">Veli Bilgileri<\/h3><\/div><div id=\"wpforms-1804-field_13-container\" class=\"wpforms-field wpforms-field-name wpforms-one-half wpforms-first\" data-field-id=\"13\"><label class=\"wpforms-field-label\" for=\"wpforms-1804-field_13\">Ad\u0131 Soyad\u0131 <span class=\"wpforms-required-label\">*<\/span><\/label><div class=\"wpforms-field-row wpforms-field-large\"><div class=\"wpforms-field-row-block wpforms-first wpforms-two-fifths\"><input type=\"text\" id=\"wpforms-1804-field_13\" class=\"wpforms-field-name-first wpforms-field-required\" name=\"wpforms[fields][13][first]\" placeholder=\"Ad\u0131\" required><label for=\"wpforms-1804-field_13\" class=\"wpforms-field-sublabel after wpforms-sublabel-hide\">Ad<\/label><\/div><div class=\"wpforms-field-row-block wpforms-one-fifth\"><input type=\"text\" id=\"wpforms-1804-field_13-middle\" class=\"wpforms-field-name-middle\" name=\"wpforms[fields][13][middle]\" placeholder=\"\u0130kinci Ad\u0131\" ><label for=\"wpforms-1804-field_13-middle\" class=\"wpforms-field-sublabel after wpforms-sublabel-hide\">\u0130kinci Ad<\/label><\/div><div class=\"wpforms-field-row-block wpforms-two-fifths\"><input type=\"text\" id=\"wpforms-1804-field_13-last\" class=\"wpforms-field-name-last wpforms-field-required\" name=\"wpforms[fields][13][last]\" placeholder=\"Soyad\u0131\" required><label for=\"wpforms-1804-field_13-last\" class=\"wpforms-field-sublabel after wpforms-sublabel-hide\">Soyad<\/label><\/div><\/div><\/div><div id=\"wpforms-1804-field_14-container\" class=\"wpforms-field wpforms-field-phone wpforms-one-half wpforms-first\" data-field-id=\"14\"><label class=\"wpforms-field-label\" for=\"wpforms-1804-field_14\">Cep Telefonu <span class=\"wpforms-required-label\">*<\/span><\/label><input type=\"tel\" id=\"wpforms-1804-field_14\" class=\"wpforms-field-large wpforms-field-required\" data-rule-int-phone-field=\"true\" name=\"wpforms[fields][14]\" required><\/div><div id=\"wpforms-1804-field_15-container\" class=\"wpforms-field wpforms-field-email wpforms-one-half\" data-field-id=\"15\"><label class=\"wpforms-field-label\" for=\"wpforms-1804-field_15\">E-Posta <span class=\"wpforms-required-label\">*<\/span><\/label><input type=\"email\" id=\"wpforms-1804-field_15\" class=\"wpforms-field-large wpforms-field-required\" name=\"wpforms[fields][15]\" spellcheck=\"false\" required><\/div><div id=\"wpforms-1804-field_27-container\" class=\"wpforms-field wpforms-field-checkbox wpforms-list-inline\" data-field-id=\"27\"><label class=\"wpforms-field-label wpforms-label-hide\" for=\"wpforms-1804-field_27\">KVK Ayd\u0131nlatma Metni <span class=\"wpforms-required-label\">*<\/span><\/label><ul id=\"wpforms-1804-field_27\" class=\"wpforms-field-required\"><li class=\"choice-1 depth-1\"><input type=\"checkbox\" id=\"wpforms-1804-field_27_1\" name=\"wpforms[fields][27][]\" value=\"&lt;a target=&quot;_blank&quot; href=&quot;https:\/\/kp.k12.tr\/sajev-aday-kvkk-aydinlatma-metni\/&quot;&gt;&lt;b&gt;KVK Ayd\u0131nlatma Metni &lt;\/b&gt;&lt;\/a&gt;&#039;ni okudum, anlad\u0131m.\" required ><label class=\"wpforms-field-label-inline\" for=\"wpforms-1804-field_27_1\"><a target=\"_blank\" href=\"https:\/\/kp.k12.tr\/sajev-aday-kvkk-aydinlatma-metni\/\"><b>KVK Ayd\u0131nlatma Metni <\/b><\/a>'ni okudum, anlad\u0131m.<\/label><\/li><\/ul><\/div><div id=\"wpforms-1804-field_28-container\" class=\"wpforms-field wpforms-field-checkbox wpforms-list-inline\" data-field-id=\"28\"><label class=\"wpforms-field-label wpforms-label-hide\" for=\"wpforms-1804-field_28\">KVK A\u00e7\u0131k R\u0131za Metni <span class=\"wpforms-required-label\">*<\/span><\/label><ul id=\"wpforms-1804-field_28\" class=\"wpforms-field-required\"><li class=\"choice-1 depth-1\"><input type=\"checkbox\" id=\"wpforms-1804-field_28_1\" name=\"wpforms[fields][28][]\" value=\"&lt;a target=&quot;_blank&quot; href=&quot;https:\/\/kp.k12.tr\/sajev-aday-kvkk-acik-riza-metni\/&quot;&gt;&lt;b&gt;KVK A\u00e7\u0131k R\u0131za Metni &lt;\/b&gt;&lt;\/a&gt; &#039;ni okudum, anlad\u0131m. Ki\u015fisel verilerimin bu y\u00f6nde i\u015flenmesini kabul ediyorum.\" required ><label class=\"wpforms-field-label-inline\" for=\"wpforms-1804-field_28_1\"><a target=\"_blank\" href=\"https:\/\/kp.k12.tr\/sajev-aday-kvkk-acik-riza-metni\/\"><b>KVK A\u00e7\u0131k R\u0131za Metni <\/b><\/a> 'ni okudum, anlad\u0131m. Ki\u015fisel verilerimin bu y\u00f6nde i\u015flenmesini kabul ediyorum.<\/label><\/li><\/ul><\/div><\/div><!-- .wpforms-field-container --><div class=\"wpforms-field wpforms-field-hp\"><label for=\"wpforms-1804-field-hp\" class=\"wpforms-field-label\">Name<\/label><input type=\"text\" name=\"wpforms[hp]\" id=\"wpforms-1804-field-hp\" class=\"wpforms-field-medium\"><\/div><div class=\"wpforms-submit-container\" ><input type=\"hidden\" name=\"wpforms[id]\" value=\"1804\"><input type=\"hidden\" name=\"wpforms[author]\" value=\"6\"><button type=\"submit\" name=\"wpforms[submit]\" id=\"wpforms-submit-1804\" class=\"wpforms-submit\" data-alt-text=\"G\u00f6nderiliyor...\" data-submit-text=\"G\u00f6nder\" aria-live=\"assertive\" value=\"wpforms-submit\">G\u00f6nder<\/button><\/div><\/form><\/div>  <!-- .wpforms-container --><\/div><\/div><\/div><\/div><\/div><\/div><\/div>\n","protected":false},"excerpt":{"rendered":"","protected":false},"author":6,"featured_media":0,"parent":67,"menu_order":7,"comment_status":"closed","ping_status":"closed","template":"100-width.php","meta":{"_view_id":"","footnotes":""},"class_list":["post-1805","page","type-page","status-publish","hentry"],"jetpack_sharing_enabled":true,"_links":{"self":[{"href":"https:\/\/kp.k12.tr\/ortaokul\/wp-json\/wp\/v2\/pages\/1805","targetHints":{"allow":["GET"]}}],"collection":[{"href":"https:\/\/kp.k12.tr\/ortaokul\/wp-json\/wp\/v2\/pages"}],"about":[{"href":"https:\/\/kp.k12.tr\/ortaokul\/wp-json\/wp\/v2\/types\/page"}],"author":[{"embeddable":true,"href":"https:\/\/kp.k12.tr\/ortaokul\/wp-json\/wp\/v2\/users\/6"}],"replies":[{"embeddable":true,"href":"https:\/\/kp.k12.tr\/ortaokul\/wp-json\/wp\/v2\/comments?post=1805"}],"version-history":[{"count":0,"href":"https:\/\/kp.k12.tr\/ortaokul\/wp-json\/wp\/v2\/pages\/1805\/revisions"}],"up":[{"embeddable":true,"href":"https:\/\/kp.k12.tr\/ortaokul\/wp-json\/wp\/v2\/pages\/67"}],"wp:attachment":[{"href":"https:\/\/kp.k12.tr\/ortaokul\/wp-json\/wp\/v2\/media?parent=1805"}],"curies":[{"name":"wp","href":"https:\/\/api.w.org\/{rel}","templated":true}]}}