{"id":11,"date":"2018-01-18T08:07:20","date_gmt":"2018-01-18T08:07:20","guid":{"rendered":"http:\/\/kp.k12.tr\/ortaokul\/egitim\/akademik-kadro\/"},"modified":"2026-02-05T11:22:26","modified_gmt":"2026-02-05T08:22:26","slug":"akademik-kadro","status":"publish","type":"page","link":"https:\/\/kp.k12.tr\/ortaokul\/egitim\/akademik-kadro\/","title":{"rendered":"Akademik Kadro"},"content":{"rendered":"<div class=\"fusion-fullwidth fullwidth-box fusion-builder-row-1 fusion-flex-container nonhundred-percent-fullwidth non-hundred-percent-height-scrolling\" style=\"--awb-border-radius-top-left:0px;--awb-border-radius-top-right:0px;--awb-border-radius-bottom-right:0px;--awb-border-radius-bottom-left:0px;--awb-padding-bottom:60px;--awb-background-color:#fafafa;--awb-flex-wrap:wrap;\" ><div class=\"fusion-builder-row fusion-row fusion-flex-align-items-flex-start fusion-flex-content-wrap\" style=\"max-width:calc( 1100px + 0px );margin-left: calc(-0px \/ 2 );margin-right: calc(-0px \/ 2 );\"><div class=\"fusion-layout-column fusion_builder_column fusion-builder-column-0 fusion_builder_column_1_1 1_1 fusion-flex-column card-1\" style=\"--awb-padding-top:5%;--awb-padding-right:5%;--awb-padding-bottom:5%;--awb-padding-left:5%;--awb-bg-color:rgba(255,255,255,0.87);--awb-bg-color-hover:rgba(255,255,255,0.87);--awb-bg-size:cover;--awb-width-large:100%;--awb-margin-top-large:189px;--awb-spacing-right-large:0px;--awb-margin-bottom-large:0px;--awb-spacing-left-large:0px;--awb-width-medium:100%;--awb-spacing-right-medium:0px;--awb-spacing-left-medium:0px;--awb-width-small:100%;--awb-spacing-right-small:0px;--awb-spacing-left-small:0px;\"><div class=\"fusion-column-wrapper fusion-flex-justify-content-flex-start fusion-content-layout-column\"><div class=\"fusion-title title fusion-title-1 fusion-sep-none fusion-title-center fusion-title-text fusion-title-size-one\" style=\"--awb-margin-bottom:20px;--awb-margin-top-small:10px;--awb-margin-right-small:0px;--awb-margin-bottom-small:10px;--awb-margin-left-small:0px;\"><h1 class=\"fusion-title-heading title-heading-center fusion-responsive-typography-calculated\" style=\"margin:0;--fontSize:30;line-height:1.4;\">Akademik Y\u00f6netici Kadro<\/h1><\/div><div class=\"fusion-text fusion-text-1\"><div class=\"table-1\">\n<table style=\"font-size: 14px; width: 100%;\">\n<tbody>\n<tr>\n<td><strong>Ad\u0131-Soyad\u0131<\/strong><\/td>\n<td><b>G\u00f6revi<\/b><\/td>\n<td><strong>E-posta<\/strong><\/td>\n<\/tr>\n<tr>\n<td>MEHMET \u0130HSAN ZEREN<\/td>\n<td>\u0130lkokul\/Ortaokul M\u00fcd\u00fcr\u00fc<\/td>\n<td><a href=\"mailto:ihsan.zeren@kp.k12.tr\">ihsan.zeren@kp.k12.tr<\/a><\/td>\n<\/tr>\n<tr>\n<td>YILMAZ YILDIRIM<\/td>\n<td>M\u00fcd\u00fcr Ba\u015fyard\u0131mc\u0131s\u0131<\/td>\n<td><a href=\"mailto:yilmaz.yildirim@kp.k12.tr\">yilmaz.yildirim@kp.k12.tr<\/a><\/td>\n<\/tr>\n<tr>\n<td>BUR\u00c7E OSKAY<\/td>\n<td>5.ve 6. S\u0131n\u0131flardan Sorumlu M\u00fcd\u00fcr Yard\u0131mc\u0131s\u0131<\/td>\n<td><a href=\"mailto:burce.oskay@kp.k12.tr\">burce.oskay@kp.k12.tr<\/a><\/td>\n<\/tr>\n<tr>\n<td>ZEYNEP BAHAR AKYOL<\/td>\n<td>7 ve 8. S\u0131n\u0131flardan Sorumlu M\u00fcd\u00fcr Yard\u0131mc\u0131s\u0131<\/td>\n<td><a href=\"mailto:bahar.akyol@kp.k12.tr\">bahar.akyol@kp.k12.tr<\/a><\/td>\n<\/tr>\n<\/tbody>\n<\/table>\n<\/div>\n<\/div><\/div><\/div><\/div><\/div>\n","protected":false},"excerpt":{"rendered":"","protected":false},"author":6,"featured_media":0,"parent":9,"menu_order":7,"comment_status":"closed","ping_status":"closed","template":"100-width.php","meta":{"_view_id":"","footnotes":""},"class_list":["post-11","page","type-page","status-publish","hentry"],"jetpack_sharing_enabled":true,"_links":{"self":[{"href":"https:\/\/kp.k12.tr\/ortaokul\/wp-json\/wp\/v2\/pages\/11","targetHints":{"allow":["GET"]}}],"collection":[{"href":"https:\/\/kp.k12.tr\/ortaokul\/wp-json\/wp\/v2\/pages"}],"about":[{"href":"https:\/\/kp.k12.tr\/ortaokul\/wp-json\/wp\/v2\/types\/page"}],"author":[{"embeddable":true,"href":"https:\/\/kp.k12.tr\/ortaokul\/wp-json\/wp\/v2\/users\/6"}],"replies":[{"embeddable":true,"href":"https:\/\/kp.k12.tr\/ortaokul\/wp-json\/wp\/v2\/comments?post=11"}],"version-history":[{"count":1,"href":"https:\/\/kp.k12.tr\/ortaokul\/wp-json\/wp\/v2\/pages\/11\/revisions"}],"predecessor-version":[{"id":11546,"href":"https:\/\/kp.k12.tr\/ortaokul\/wp-json\/wp\/v2\/pages\/11\/revisions\/11546"}],"up":[{"embeddable":true,"href":"https:\/\/kp.k12.tr\/ortaokul\/wp-json\/wp\/v2\/pages\/9"}],"wp:attachment":[{"href":"https:\/\/kp.k12.tr\/ortaokul\/wp-json\/wp\/v2\/media?parent=11"}],"curies":[{"name":"wp","href":"https:\/\/api.w.org\/{rel}","templated":true}]}}