{"id":877,"date":"2018-02-02T01:42:50","date_gmt":"2018-02-01T22:42:50","guid":{"rendered":"http:\/\/kp.k12.tr\/lise\/?page_id=877"},"modified":"2019-09-10T10:41:52","modified_gmt":"2019-09-10T07:41:52","slug":"galatasaray-universitesi","status":"publish","type":"page","link":"https:\/\/kp.k12.tr\/lise\/akademik\/universite\/galatasaray-universitesi\/","title":{"rendered":"Galatasaray \u00dcniversitesi"},"content":{"rendered":"<div class=\"fusion-fullwidth fullwidth-box fusion-builder-row-1 fusion-flex-container nonhundred-percent-fullwidth non-hundred-percent-height-scrolling card-1\" style=\"--awb-border-radius-top-left:0px;--awb-border-radius-top-right:0px;--awb-border-radius-bottom-right:0px;--awb-border-radius-bottom-left:0px;--awb-margin-top:60px;--awb-margin-bottom:60px;--awb-flex-wrap:wrap;\" ><div class=\"fusion-builder-row fusion-row fusion-flex-align-items-flex-start fusion-flex-content-wrap\" style=\"max-width:calc( 1100px + 0px );margin-left: calc(-0px \/ 2 );margin-right: calc(-0px \/ 2 );\"><div class=\"fusion-layout-column fusion_builder_column fusion-builder-column-0 fusion_builder_column_1_1 1_1 fusion-flex-column\" style=\"--awb-padding-top:60px;--awb-padding-right:5%;--awb-padding-left:5%;--awb-bg-size:cover;--awb-width-large:100%;--awb-margin-top-large:0px;--awb-spacing-right-large:0px;--awb-margin-bottom-large:20px;--awb-spacing-left-large:0px;--awb-width-medium:100%;--awb-spacing-right-medium:0px;--awb-spacing-left-medium:0px;--awb-width-small:100%;--awb-spacing-right-small:0px;--awb-spacing-left-small:0px;\"><div class=\"fusion-column-wrapper fusion-flex-justify-content-flex-start fusion-content-layout-column\"><div class=\"fusion-builder-row fusion-builder-row-inner fusion-row fusion-flex-align-items-flex-start fusion-flex-content-wrap\" style=\"--awb-flex-grow:0;--awb-flex-grow-medium:0;--awb-flex-grow-small:0;--awb-flex-shrink:0;--awb-flex-shrink-medium:0;--awb-flex-shrink-small:0;width:calc( 100% + 0px ) !important;max-width:calc( 100% + 0px ) !important;margin-left: calc(-0px \/ 2 );margin-right: calc(-0px \/ 2 );\"><div class=\"fusion-layout-column fusion_builder_column_inner fusion-builder-nested-column-0 fusion_builder_column_inner_1_6 1_6 fusion-flex-column\" style=\"--awb-bg-size:cover;--awb-width-large:16.666666666667%;--awb-margin-top-large:0px;--awb-spacing-right-large:0px;--awb-margin-bottom-large:20px;--awb-spacing-left-large:0px;--awb-width-medium:100%;--awb-spacing-right-medium:0px;--awb-spacing-left-medium:0px;--awb-width-small:100%;--awb-spacing-right-small:0px;--awb-spacing-left-small:0px;\"><div class=\"fusion-column-wrapper fusion-flex-justify-content-flex-start fusion-content-layout-column\"><\/div><\/div><div class=\"fusion-layout-column fusion_builder_column_inner fusion-builder-nested-column-1 fusion_builder_column_inner_2_3 2_3 fusion-flex-column\" style=\"--awb-bg-size:cover;--awb-width-large:66.666666666667%;--awb-margin-top-large:0px;--awb-spacing-right-large:0px;--awb-margin-bottom-large:20px;--awb-spacing-left-large:0px;--awb-width-medium:100%;--awb-spacing-right-medium:0px;--awb-spacing-left-medium:0px;--awb-width-small:100%;--awb-spacing-right-small:0px;--awb-spacing-left-small:0px;\"><div class=\"fusion-column-wrapper fusion-flex-justify-content-flex-start fusion-content-layout-column\"><div class=\"fusion-title title fusion-title-1 fusion-sep-none fusion-title-text fusion-title-size-one\" style=\"--awb-margin-bottom:20px;--awb-margin-top-small:10px;--awb-margin-right-small:0px;--awb-margin-bottom-small:10px;--awb-margin-left-small:0px;\"><h1 class=\"fusion-title-heading title-heading-left fusion-responsive-typography-calculated\" style=\"margin:0;--fontSize:30;line-height:1.4;\">Galatasaray \u00dcniversitesi \u0130\u00e7 S\u0131nav\u0131<\/h1><\/div><div class=\"fusion-image-element \" style=\"--awb-caption-title-font-family:var(--h2_typography-font-family);--awb-caption-title-font-weight:var(--h2_typography-font-weight);--awb-caption-title-font-style:var(--h2_typography-font-style);--awb-caption-title-size:var(--h2_typography-font-size);--awb-caption-title-transform:var(--h2_typography-text-transform);--awb-caption-title-line-height:var(--h2_typography-line-height);--awb-caption-title-letter-spacing:var(--h2_typography-letter-spacing);\"><span class=\" fusion-imageframe imageframe-none imageframe-1 hover-type-none\"><img decoding=\"async\" width=\"800\" height=\"400\" title=\"galatasaray-universitesi\" src=\"https:\/\/i0.wp.com\/kp.k12.tr\/lise\/wp-content\/uploads\/sites\/2\/2018\/03\/galatasaray-universitesi.jpg?fit=800%2C400&ssl=1\" data-orig-src=\"http:\/\/kp.k12.tr\/lise\/wp-content\/uploads\/sites\/2\/2018\/03\/galatasaray-universitesi.jpg\" alt class=\"lazyload img-responsive wp-image-2164\" srcset=\"data:image\/svg+xml,%3Csvg%20xmlns%3D%27http%3A%2F%2Fwww.w3.org%2F2000%2Fsvg%27%20width%3D%27800%27%20height%3D%27400%27%20viewBox%3D%270%200%20800%20400%27%3E%3Crect%20width%3D%27800%27%20height%3D%27400%27%20fill-opacity%3D%220%22%2F%3E%3C%2Fsvg%3E\" data-srcset=\"https:\/\/i0.wp.com\/kp.k12.tr\/lise\/wp-content\/uploads\/sites\/2\/2018\/03\/galatasaray-universitesi.jpg?resize=24%2C12&amp;ssl=1 24w, https:\/\/i0.wp.com\/kp.k12.tr\/lise\/wp-content\/uploads\/sites\/2\/2018\/03\/galatasaray-universitesi.jpg?resize=36%2C18&amp;ssl=1 36w, https:\/\/i0.wp.com\/kp.k12.tr\/lise\/wp-content\/uploads\/sites\/2\/2018\/03\/galatasaray-universitesi.jpg?resize=48%2C24&amp;ssl=1 48w, https:\/\/i0.wp.com\/kp.k12.tr\/lise\/wp-content\/uploads\/sites\/2\/2018\/03\/galatasaray-universitesi.jpg?resize=200%2C100&amp;ssl=1 200w, https:\/\/i0.wp.com\/kp.k12.tr\/lise\/wp-content\/uploads\/sites\/2\/2018\/03\/galatasaray-universitesi.jpg?resize=400%2C200&amp;ssl=1 400w, https:\/\/i0.wp.com\/kp.k12.tr\/lise\/wp-content\/uploads\/sites\/2\/2018\/03\/galatasaray-universitesi.jpg?resize=600%2C300&amp;ssl=1 600w, https:\/\/i0.wp.com\/kp.k12.tr\/lise\/wp-content\/uploads\/sites\/2\/2018\/03\/galatasaray-universitesi.jpg?resize=768%2C384&amp;ssl=1 768w, https:\/\/i0.wp.com\/kp.k12.tr\/lise\/wp-content\/uploads\/sites\/2\/2018\/03\/galatasaray-universitesi.jpg?fit=800%2C400&amp;ssl=1 800w\" data-sizes=\"auto\" data-orig-sizes=\"(max-width: 1024px) 100vw, (max-width: 640px) 100vw, 800px\" \/><\/span><\/div><div class=\"fusion-separator fusion-full-width-sep\" style=\"align-self: center;margin-left: auto;margin-right: auto;margin-top:20px;margin-bottom:20px;width:100%;\"><\/div><div class=\"fusion-text fusion-text-1\"><p>Galatasaray i\u00e7 s\u0131nav\u0131 Frans\u0131zca e\u011fitim veren okullara tan\u0131nan \u00f6zel bir s\u0131nav sistemidir. Bu s\u0131navda \u00f6\u011frenciler Frans\u0131zca olarak fen, matematik ve Frans\u0131zca alanlar\u0131nda haz\u0131rlanan sorulara cevap verirler. Bu s\u0131nav\u0131n de\u011ferlendirilmesi i\u00e7in \u00f6n ko\u015ful \u00d6SYM s\u0131nav\u0131nda ilk 25.000 aday aras\u0131na girmektir. Bu kriterlere uygun olan \u00f6\u011frenciler siyaset bilimi, matematik, sosyoloji, iktisat, uluslararas\u0131 ili\u015fkiler, Frans\u0131zca dili ve edebiyat\u0131 b\u00f6l\u00fcmlerine kabul edilirler.<\/p>\n<\/div><div class=\"fusion-text fusion-text-2\"><h3><a href=\"http:\/\/kp.k12.tr\/lise\/akademik\/universite\/galatasaray-universitesi\/gsu-ic-sinavi\/\">GS\u00dc \u0130\u00e7 S\u0131nav Sonu\u00e7lar\u0131<\/a><\/h3>\n<\/div><\/div><\/div><div class=\"fusion-layout-column fusion_builder_column_inner fusion-builder-nested-column-2 fusion_builder_column_inner_1_6 1_6 fusion-flex-column\" style=\"--awb-bg-size:cover;--awb-width-large:16.666666666667%;--awb-margin-top-large:0px;--awb-spacing-right-large:0px;--awb-margin-bottom-large:20px;--awb-spacing-left-large:0px;--awb-width-medium:100%;--awb-spacing-right-medium:0px;--awb-spacing-left-medium:0px;--awb-width-small:100%;--awb-spacing-right-small:0px;--awb-spacing-left-small:0px;\"><div class=\"fusion-column-wrapper fusion-flex-justify-content-flex-start fusion-content-layout-column\"><\/div><\/div><\/div><\/div><\/div><div class=\"fusion-layout-column fusion_builder_column fusion-builder-column-1 fusion_builder_column_1_1 1_1 fusion-flex-column\" style=\"--awb-padding-top:30px;--awb-padding-bottom:30px;--awb-padding-left:30px;--awb-bg-color:#fabf3a;--awb-bg-color-hover:#fabf3a;--awb-bg-size:cover;--awb-width-large:100%;--awb-margin-top-large:0px;--awb-spacing-right-large:0px;--awb-margin-bottom-large:0px;--awb-spacing-left-large:0px;--awb-width-medium:100%;--awb-spacing-right-medium:0px;--awb-spacing-left-medium:0px;--awb-width-small:100%;--awb-spacing-right-small:0px;--awb-spacing-left-small:0px;\"><div class=\"fusion-column-wrapper fusion-flex-justify-content-center fusion-content-layout-column\"><div class=\"fusion-title title fusion-title-2 fusion-sep-none fusion-title-text fusion-title-size-four\" style=\"--awb-margin-top-small:10px;--awb-margin-right-small:0px;--awb-margin-bottom-small:10px;--awb-margin-left-small:0px;\"><h4 class=\"fusion-title-heading title-heading-right fusion-responsive-typography-calculated\" style=\"margin:0;--fontSize:20;--minFontSize:20;line-height:1.5;\"><a style=\"color: #ffffff;\" href=\"http:\/\/kp.k12.tr\/lise\/egitim\/universite\/universite-basarimiz\/\">\u00dcniversite Ba\u015far\u0131m\u0131z <i class=\"fb-icon-element-1 fb-icon-element fontawesome-icon fa fa-arrow-right circle-no fusion-text-flow\" style=\"--awb-font-size:32px;--awb-margin-right:16px;\"><\/i><\/a><\/h4><\/div><\/div><\/div><\/div><\/div>\n","protected":false},"excerpt":{"rendered":"","protected":false},"author":6,"featured_media":0,"parent":33,"menu_order":32,"comment_status":"closed","ping_status":"closed","template":"","meta":{"_view_id":"","footnotes":""},"class_list":["post-877","page","type-page","status-publish","hentry"],"jetpack_sharing_enabled":true,"_links":{"self":[{"href":"https:\/\/kp.k12.tr\/lise\/wp-json\/wp\/v2\/pages\/877","targetHints":{"allow":["GET"]}}],"collection":[{"href":"https:\/\/kp.k12.tr\/lise\/wp-json\/wp\/v2\/pages"}],"about":[{"href":"https:\/\/kp.k12.tr\/lise\/wp-json\/wp\/v2\/types\/page"}],"author":[{"embeddable":true,"href":"https:\/\/kp.k12.tr\/lise\/wp-json\/wp\/v2\/users\/6"}],"replies":[{"embeddable":true,"href":"https:\/\/kp.k12.tr\/lise\/wp-json\/wp\/v2\/comments?post=877"}],"version-history":[{"count":0,"href":"https:\/\/kp.k12.tr\/lise\/wp-json\/wp\/v2\/pages\/877\/revisions"}],"up":[{"embeddable":true,"href":"https:\/\/kp.k12.tr\/lise\/wp-json\/wp\/v2\/pages\/33"}],"wp:attachment":[{"href":"https:\/\/kp.k12.tr\/lise\/wp-json\/wp\/v2\/media?parent=877"}],"curies":[{"name":"wp","href":"https:\/\/api.w.org\/{rel}","templated":true}]}}