{"id":7,"date":"2018-01-18T08:00:27","date_gmt":"2018-01-18T08:00:27","guid":{"rendered":"http:\/\/kp.k12.tr\/lise\/okulumuz\/neden-kucuk-prens-lisesi\/"},"modified":"2018-03-23T15:14:42","modified_gmt":"2018-03-23T12:14:42","slug":"kucuk-prens-lisesi","status":"publish","type":"page","link":"https:\/\/kp.k12.tr\/lise\/okulumuz\/kucuk-prens-lisesi\/","title":{"rendered":"K\u00fc\u00e7\u00fck Prens Lisesi"},"content":{"rendered":"<div class=\"fusion-fullwidth fullwidth-box fusion-builder-row-1 fusion-flex-container nonhundred-percent-fullwidth non-hundred-percent-height-scrolling card-1\" style=\"--awb-border-radius-top-left:0px;--awb-border-radius-top-right:0px;--awb-border-radius-bottom-right:0px;--awb-border-radius-bottom-left:0px;--awb-margin-top:60px;--awb-margin-bottom:60px;--awb-background-color:#ffffff;--awb-flex-wrap:wrap;\" ><div class=\"fusion-builder-row fusion-row fusion-flex-align-items-flex-start fusion-flex-content-wrap\" style=\"max-width:calc( 1100px + 0px );margin-left: calc(-0px \/ 2 );margin-right: calc(-0px \/ 2 );\"><div class=\"fusion-layout-column fusion_builder_column fusion-builder-column-0 fusion_builder_column_1_1 1_1 fusion-flex-column\" style=\"--awb-padding-top:5%;--awb-padding-right:5%;--awb-padding-bottom:5%;--awb-padding-left:5%;--awb-bg-size:cover;--awb-width-large:100%;--awb-margin-top-large:0px;--awb-spacing-right-large:0px;--awb-margin-bottom-large:20px;--awb-spacing-left-large:0px;--awb-width-medium:100%;--awb-spacing-right-medium:0px;--awb-spacing-left-medium:0px;--awb-width-small:100%;--awb-spacing-right-small:0px;--awb-spacing-left-small:0px;\"><div class=\"fusion-column-wrapper fusion-flex-justify-content-flex-start fusion-content-layout-column\"><div class=\"fusion-builder-row fusion-builder-row-inner fusion-row fusion-flex-align-items-flex-start fusion-flex-content-wrap\" style=\"--awb-flex-grow:0;--awb-flex-grow-medium:0;--awb-flex-grow-small:0;--awb-flex-shrink:0;--awb-flex-shrink-medium:0;--awb-flex-shrink-small:0;width:calc( 100% + 0px ) !important;max-width:calc( 100% + 0px ) !important;margin-left: calc(-0px \/ 2 );margin-right: calc(-0px \/ 2 );\"><div class=\"fusion-layout-column fusion_builder_column_inner fusion-builder-nested-column-0 fusion_builder_column_inner_1_6 1_6 fusion-flex-column\" style=\"--awb-bg-size:cover;--awb-width-large:16.666666666667%;--awb-margin-top-large:0px;--awb-spacing-right-large:0px;--awb-margin-bottom-large:20px;--awb-spacing-left-large:0px;--awb-width-medium:100%;--awb-spacing-right-medium:0px;--awb-spacing-left-medium:0px;--awb-width-small:100%;--awb-spacing-right-small:0px;--awb-spacing-left-small:0px;\"><div class=\"fusion-column-wrapper fusion-flex-justify-content-flex-start fusion-content-layout-column\"><\/div><\/div><div class=\"fusion-layout-column fusion_builder_column_inner fusion-builder-nested-column-1 fusion_builder_column_inner_2_3 2_3 fusion-flex-column\" style=\"--awb-bg-size:cover;--awb-width-large:66.666666666667%;--awb-margin-top-large:0px;--awb-spacing-right-large:0px;--awb-margin-bottom-large:20px;--awb-spacing-left-large:0px;--awb-width-medium:100%;--awb-spacing-right-medium:0px;--awb-spacing-left-medium:0px;--awb-width-small:100%;--awb-spacing-right-small:0px;--awb-spacing-left-small:0px;\"><div class=\"fusion-column-wrapper fusion-flex-justify-content-flex-start fusion-content-layout-column\"><div class=\"fusion-title title fusion-title-1 fusion-sep-none fusion-title-text fusion-title-size-one\" style=\"--awb-margin-bottom:20px;--awb-margin-top-small:10px;--awb-margin-right-small:0px;--awb-margin-bottom-small:10px;--awb-margin-left-small:0px;\"><h1 class=\"fusion-title-heading title-heading-left fusion-responsive-typography-calculated\" style=\"margin:0;--fontSize:30;line-height:1.4;\">K\u00fc\u00e7\u00fck Prens Lisesi<\/h1><\/div><div class=\"fusion-image-element \" style=\"--awb-caption-title-font-family:var(--h2_typography-font-family);--awb-caption-title-font-weight:var(--h2_typography-font-weight);--awb-caption-title-font-style:var(--h2_typography-font-style);--awb-caption-title-size:var(--h2_typography-font-size);--awb-caption-title-transform:var(--h2_typography-text-transform);--awb-caption-title-line-height:var(--h2_typography-line-height);--awb-caption-title-letter-spacing:var(--h2_typography-letter-spacing);\"><span class=\" fusion-imageframe imageframe-none imageframe-1 hover-type-none\"><img decoding=\"async\" width=\"800\" height=\"400\" title=\"kucukprenslisesi\" src=\"https:\/\/i0.wp.com\/kp.k12.tr\/lise\/wp-content\/uploads\/sites\/2\/2018\/03\/kucukprenslisesi.jpg?fit=800%2C400&ssl=1\" data-orig-src=\"http:\/\/kp.k12.tr\/lise\/wp-content\/uploads\/sites\/2\/2018\/03\/kucukprenslisesi.jpg\" alt class=\"lazyload img-responsive wp-image-2201\" srcset=\"data:image\/svg+xml,%3Csvg%20xmlns%3D%27http%3A%2F%2Fwww.w3.org%2F2000%2Fsvg%27%20width%3D%27800%27%20height%3D%27400%27%20viewBox%3D%270%200%20800%20400%27%3E%3Crect%20width%3D%27800%27%20height%3D%27400%27%20fill-opacity%3D%220%22%2F%3E%3C%2Fsvg%3E\" data-srcset=\"https:\/\/i0.wp.com\/kp.k12.tr\/lise\/wp-content\/uploads\/sites\/2\/2018\/03\/kucukprenslisesi.jpg?resize=24%2C12&amp;ssl=1 24w, https:\/\/i0.wp.com\/kp.k12.tr\/lise\/wp-content\/uploads\/sites\/2\/2018\/03\/kucukprenslisesi.jpg?resize=36%2C18&amp;ssl=1 36w, https:\/\/i0.wp.com\/kp.k12.tr\/lise\/wp-content\/uploads\/sites\/2\/2018\/03\/kucukprenslisesi.jpg?resize=48%2C24&amp;ssl=1 48w, https:\/\/i0.wp.com\/kp.k12.tr\/lise\/wp-content\/uploads\/sites\/2\/2018\/03\/kucukprenslisesi.jpg?resize=200%2C100&amp;ssl=1 200w, https:\/\/i0.wp.com\/kp.k12.tr\/lise\/wp-content\/uploads\/sites\/2\/2018\/03\/kucukprenslisesi.jpg?resize=400%2C200&amp;ssl=1 400w, https:\/\/i0.wp.com\/kp.k12.tr\/lise\/wp-content\/uploads\/sites\/2\/2018\/03\/kucukprenslisesi.jpg?resize=600%2C300&amp;ssl=1 600w, https:\/\/i0.wp.com\/kp.k12.tr\/lise\/wp-content\/uploads\/sites\/2\/2018\/03\/kucukprenslisesi.jpg?resize=768%2C384&amp;ssl=1 768w, https:\/\/i0.wp.com\/kp.k12.tr\/lise\/wp-content\/uploads\/sites\/2\/2018\/03\/kucukprenslisesi.jpg?fit=800%2C400&amp;ssl=1 800w\" data-sizes=\"auto\" data-orig-sizes=\"(max-width: 1024px) 100vw, (max-width: 640px) 100vw, 800px\" \/><\/span><\/div><div class=\"fusion-title title fusion-title-2 fusion-sep-none fusion-title-text fusion-title-size-five\" style=\"--awb-margin-top:20px;--awb-margin-bottom:20px;--awb-margin-top-small:10px;--awb-margin-right-small:0px;--awb-margin-bottom-small:10px;--awb-margin-left-small:0px;\"><h5 class=\"fusion-title-heading title-heading-left fusion-responsive-typography-calculated\" style=\"margin:0;--fontSize:20;--minFontSize:20;line-height:1.5;\">\u0130ki asra yakla\u015fan sayg\u0131n, k\u00f6kl\u00fc ve ilkeli Frans\u0131z e\u011fitim gelene\u011fini\u00a0g\u00fc\u00e7l\u00fc ve parlak bir gelece\u011fe ta\u015f\u0131yoruz.<\/h5><\/div><div class=\"fusion-text fusion-text-1\"><p>SAJEV \u00d6zel K\u00fc\u00e7\u00fck Prens Lisesi, g\u00fc\u00e7l\u00fc Frans\u0131z e\u011fitim gelene\u011finin birikimiyle kurulan Saint-Joseph Lisesi E\u011fitim Vakf\u0131n\u0131n (SAJEV) bir okuludur. SAJEV\u2019in g\u00fc\u00e7l\u00fc kurumsal kimli\u011fi ve okullar\u0131na yapt\u0131\u011f\u0131 \u00f6nemli yat\u0131r\u0131mlarla T\u00fcrk e\u011fitiminde se\u00e7kin bir yer edinmi\u015ftir.<\/p>\n<p>\u00d6\u011frenci odakl\u0131 bir e\u011fitim; yo\u011fun etkinlikleri, uygulamalar\u0131, deneyleri, projeleri de i\u00e7erir. Bu ba\u011flamda \u00f6\u011frenciler; matematik, biyoloji, fizik, kimya derslerini disiplinler aras\u0131 i\u015fbirli\u011fine dayal\u0131 olarak Frans\u0131zca dilinde i\u015fler.<\/p>\n<p>\u00d6\u011frenciler, b\u00fct\u00fcn bu etkinlikleri ger\u00e7ekle\u015ftirirken ailelerini, sosyal \u00e7evrelerini ve bulunduklar\u0131 do\u011fal ortamlar\u0131 s\u0131n\u0131fla bulu\u015fturabilir; okul i\u00e7i ve okul d\u0131\u015f\u0131 ya\u015famlar\u0131n\u0131 yine iki dilde arkada\u015flar\u0131yla payla\u015fabilir.<\/p>\n<p>\u00d6\u011frencileri, akademik anlamda g\u00fc\u00e7lendirmek \u00f6nemlidir ancak \u00f6\u011frencinin sosyal y\u00f6n\u00fc ne kadar g\u00fc\u00e7l\u00fcyse \u00f6zellikle profesyonel ya\u015famda kabul g\u00f6rme olas\u0131l\u0131\u011f\u0131 da o kadar y\u00fcksektir. G\u00fcn\u00fcm\u00fczde, \u00f6zellikle y\u00fcksek\u00f6\u011fretimde \u00f6\u011frencinin hangi \u00fcniversiteden mezun oldu\u011funun \u00f6nemi giderek azalmakta; bireyin giri\u015fimci y\u00f6n\u00fc ve organizasyon becerileri \u00f6n plana \u00e7\u0131kmaktad\u0131r. K\u00fc\u00e7\u00fck Prens Lisesi, \u00f6\u011frencilerine bu becerileri kazand\u0131rmak i\u00e7in f\u0131rsatlar sunar.<\/p>\n<p>Fen a\u011f\u0131rl\u0131kl\u0131 bir e\u011fitim veren K\u00fc\u00e7\u00fck Prens Lisesi, fen alan\u0131nda d\u00fczenlenen yurt i\u00e7i ve uluslararas\u0131 yar\u0131\u015fmalara aktif olarak kat\u0131l\u0131r. Bu \u00e7er\u00e7evede DOESEF\u2019in d\u00fczenledi\u011fi yar\u0131\u015fmada fizik alan\u0131nda T\u00fcrkiye I.li\u011fi kazanarak \u00fclkemizi yurt d\u0131\u015f\u0131nda temsil etmi\u015f ve D\u00fcnya I.cili\u011fi kazanm\u0131\u015ft\u0131r.<\/p>\n<p>T\u00fcrkiye\u2019deki se\u00e7kin \u00fcniversiteler, Fransa\u2019daki \u00fcniversiteler, Anglofon \u00fcniversiteler ve Amerikan ekol\u00fcndeki \u00fcniversiteler; \u00f6\u011frencilerimizin hedef olarak belirledi\u011fi \u00fcniversitelerdir.<\/p>\n<p>Galatasaray \u00dcniversitesi, Frans\u0131zca \u00f6\u011fretim yapan liselere \u00f6zel bir kontenjan tan\u0131maktad\u0131r. Bu liselerin \u00f6\u011frencileri, Galatasaray \u00dcniversitesi \u0130\u00e7 S\u0131nav\u0131\u2019na girme hakk\u0131na sahiptir. Lisemiz, \u00f6\u011frencileri Galatasaray \u00dcniversitesi \u0130\u00e7 S\u0131nav\u0131\u2019na girme hakk\u0131 olan T\u00fcrkiye\u2019deki 7 liseden biridir.<\/p>\n<p>\u00dcniversiteyi yurt d\u0131\u015f\u0131nda okumak isteyen \u00f6\u011frencilerimize, ba\u015fvuru dosyalar\u0131n\u0131n haz\u0131rlanmas\u0131ndan kay\u0131t s\u00fcrecinin tamamlanmas\u0131na kadar ge\u00e7en s\u00fcrede profesyonel dan\u0131\u015fmanl\u0131k hizmeti verilir.<\/p>\n<p>Fransa\u2019daki \u00fcniversitelere ba\u015fvuru yapmak isteyen \u00f6\u011frencilerimize, Fransa B\u00fcy\u00fckel\u00e7ili\u011fi i\u00e7inde bulunan ve ba\u015fvurular\u0131n dosyalanmas\u0131na ya da kay\u0131t s\u00fcrecine arac\u0131l\u0131k eden \u201cCampus France\u201d ile \u00e7al\u0131\u015fma ayr\u0131cal\u0131\u011f\u0131 tan\u0131n\u0131r. Bu s\u00fcre\u00e7, lisemizin \u201cCampus France\u201d ile yapt\u0131\u011f\u0131 anla\u015fma \u00e7er\u00e7evesinde i\u015fler.<\/p>\n<p>Saint-Joseph Lisesi E\u011fitim Vakf\u0131n\u0131n (SAJEV) kurulu\u015f felsefesini temel alan lisemizin e\u011fitim anlay\u0131\u015f\u0131 \u015fu ilkelere dayan\u0131r:<\/p>\n<ul>\n<li>\u00d6\u011frenci odakl\u0131 bir e\u011fitim<\/li>\n<li>K\u00fclt\u00fcrlere sayg\u0131 g\u00f6steren bir program<\/li>\n<li>\u015eeffafl\u0131k<\/li>\n<li>Hesap verebilirlik<\/li>\n<li>Bilgi teknolojilerin \u00f6\u011frenci odakl\u0131 kullan\u0131m\u0131<\/li>\n<li>Uluslararas\u0131 nitelikler kazand\u0131rmak<\/li>\n<\/ul>\n<\/div><\/div><\/div><div class=\"fusion-layout-column fusion_builder_column_inner fusion-builder-nested-column-2 fusion_builder_column_inner_1_6 1_6 fusion-flex-column\" style=\"--awb-bg-size:cover;--awb-width-large:16.666666666667%;--awb-margin-top-large:0px;--awb-spacing-right-large:0px;--awb-margin-bottom-large:20px;--awb-spacing-left-large:0px;--awb-width-medium:100%;--awb-spacing-right-medium:0px;--awb-spacing-left-medium:0px;--awb-width-small:100%;--awb-spacing-right-small:0px;--awb-spacing-left-small:0px;\"><div class=\"fusion-column-wrapper fusion-flex-justify-content-flex-start fusion-content-layout-column\"><\/div><\/div><\/div><\/div><\/div><\/div><\/div>\n","protected":false},"excerpt":{"rendered":"","protected":false},"author":6,"featured_media":0,"parent":5,"menu_order":4,"comment_status":"closed","ping_status":"closed","template":"","meta":{"_view_id":"","footnotes":""},"class_list":["post-7","page","type-page","status-publish","hentry"],"jetpack_sharing_enabled":true,"_links":{"self":[{"href":"https:\/\/kp.k12.tr\/lise\/wp-json\/wp\/v2\/pages\/7","targetHints":{"allow":["GET"]}}],"collection":[{"href":"https:\/\/kp.k12.tr\/lise\/wp-json\/wp\/v2\/pages"}],"about":[{"href":"https:\/\/kp.k12.tr\/lise\/wp-json\/wp\/v2\/types\/page"}],"author":[{"embeddable":true,"href":"https:\/\/kp.k12.tr\/lise\/wp-json\/wp\/v2\/users\/6"}],"replies":[{"embeddable":true,"href":"https:\/\/kp.k12.tr\/lise\/wp-json\/wp\/v2\/comments?post=7"}],"version-history":[{"count":0,"href":"https:\/\/kp.k12.tr\/lise\/wp-json\/wp\/v2\/pages\/7\/revisions"}],"up":[{"embeddable":true,"href":"https:\/\/kp.k12.tr\/lise\/wp-json\/wp\/v2\/pages\/5"}],"wp:attachment":[{"href":"https:\/\/kp.k12.tr\/lise\/wp-json\/wp\/v2\/media?parent=7"}],"curies":[{"name":"wp","href":"https:\/\/api.w.org\/{rel}","templated":true}]}}