{"id":6660,"date":"2022-05-06T10:29:20","date_gmt":"2022-05-06T07:29:20","guid":{"rendered":"https:\/\/kp.k12.tr\/lise\/?page_id=6660"},"modified":"2022-05-06T10:48:00","modified_gmt":"2022-05-06T07:48:00","slug":"nouvel-horizon","status":"publish","type":"page","link":"https:\/\/kp.k12.tr\/lise\/nouvel-horizon\/","title":{"rendered":"Nouvel Horizon"},"content":{"rendered":"<div class=\"fusion-fullwidth fullwidth-box fusion-builder-row-1 fusion-flex-container nonhundred-percent-fullwidth non-hundred-percent-height-scrolling\" style=\"--awb-border-radius-top-left:0px;--awb-border-radius-top-right:0px;--awb-border-radius-bottom-right:0px;--awb-border-radius-bottom-left:0px;--awb-margin-top:60px;--awb-margin-bottom:60px;--awb-background-color:#fafafa;--awb-flex-wrap:wrap;\" ><div class=\"fusion-builder-row fusion-row fusion-flex-align-items-flex-start fusion-flex-content-wrap\" style=\"max-width:calc( 1100px + 0px );margin-left: calc(-0px \/ 2 );margin-right: calc(-0px \/ 2 );\"><div class=\"fusion-layout-column fusion_builder_column fusion-builder-column-0 fusion_builder_column_1_1 1_1 fusion-flex-column card-1\" style=\"--awb-padding-top:5%;--awb-padding-right:5%;--awb-padding-bottom:5%;--awb-padding-left:5%;--awb-bg-color:#ffffff;--awb-bg-color-hover:#ffffff;--awb-bg-size:cover;--awb-width-large:100%;--awb-margin-top-large:0px;--awb-spacing-right-large:0px;--awb-margin-bottom-large:20px;--awb-spacing-left-large:0px;--awb-width-medium:100%;--awb-spacing-right-medium:0px;--awb-spacing-left-medium:0px;--awb-width-small:100%;--awb-spacing-right-small:0px;--awb-spacing-left-small:0px;\"><div class=\"fusion-column-wrapper fusion-flex-justify-content-flex-start fusion-content-layout-column\"><div class=\"fusion-title title fusion-title-1 fusion-sep-none fusion-title-center fusion-title-text fusion-title-size-one\" style=\"--awb-margin-bottom:20px;--awb-margin-top-small:10px;--awb-margin-right-small:0px;--awb-margin-bottom-small:10px;--awb-margin-left-small:0px;\"><h1 class=\"fusion-title-heading title-heading-center fusion-responsive-typography-calculated\" style=\"margin:0;--fontSize:30;line-height:1.4;\">Nouvel Horizon<\/h1><\/div><div class=\"fusion-title title fusion-title-2 fusion-sep-none fusion-title-center fusion-title-text fusion-title-size-three\" style=\"--awb-margin-top-small:10px;--awb-margin-right-small:0px;--awb-margin-bottom-small:10px;--awb-margin-left-small:0px;\"><h3 class=\"fusion-title-heading title-heading-center fusion-responsive-typography-calculated\" style=\"margin:0;--fontSize:24;line-height:1.5;\"><\/h3><\/div><div class=\"fusion-blog-shortcode fusion-blog-shortcode-1 fusion-blog-archive fusion-blog-layout-timeline-wrapper fusion-blog-no\"><div class=\"fusion-posts-container fusion-posts-container-no fusion-blog-rollover\" data-pages=\"1\"><div class=\"fusion-timeline-icon\"><i class=\"awb-icon-bubbles\" style=\"color:#ebeaea;\" aria-hidden=\"true\"><\/i><\/div><div class=\"fusion-blog-layout-timeline fusion-clearfix\"><div class=\"fusion-timeline-line\" style=\"border-left:1px solid #ebeaea;border-right:1px solid #ebeaea;\"><\/div><h3 class=\"fusion-timeline-date\" style=\"background-color:#ebeaea;\">Temmuz 2021<\/h3><div class=\"fusion-collapse-month\"><article id=\"blog-1-post-6666\" style=\"border-color:#ebeaea;\" class=\"fusion-post-timeline fusion-clearfix fusion-left-column post-6666 post type-post status-publish format-standard has-post-thumbnail hentry category-nouvel-horizon\">\n<div class=\"fusion-post-wrapper\" style=\"background-color:rgba(255,255,255,0);\">\n\n\t\t\t<div class=\"fusion-flexslider flexslider fusion-flexslider-loading fusion-post-slideshow\" style=\"border-color:#ebeaea;\">\n\t\t<ul class=\"slides\">\n\t\t\t\n\t\t\t\t\t\t\t\t\t\t\t\t\t\t<li><div  class=\"fusion-image-wrapper\" aria-haspopup=\"true\">\n\t\t\t\t<img decoding=\"async\" width=\"676\" height=\"679\" src=\"https:\/\/i0.wp.com\/kp.k12.tr\/lise\/wp-content\/uploads\/sites\/2\/2022\/05\/Screenshot_4.png?fit=676%2C679&amp;ssl=1\" class=\"attachment-full size-full lazyload wp-post-image\" alt=\"\" srcset=\"data:image\/svg+xml,%3Csvg%20xmlns%3D%27http%3A%2F%2Fwww.w3.org%2F2000%2Fsvg%27%20width%3D%27676%27%20height%3D%27679%27%20viewBox%3D%270%200%20676%20679%27%3E%3Crect%20width%3D%27676%27%20height%3D%27679%27%20fill-opacity%3D%220%22%2F%3E%3C%2Fsvg%3E\" data-orig-src=\"https:\/\/i0.wp.com\/kp.k12.tr\/lise\/wp-content\/uploads\/sites\/2\/2022\/05\/Screenshot_4.png?fit=676%2C679&amp;ssl=1\" data-srcset=\"https:\/\/i0.wp.com\/kp.k12.tr\/lise\/wp-content\/uploads\/sites\/2\/2022\/05\/Screenshot_4.png?resize=24%2C24&amp;ssl=1 24w, https:\/\/i0.wp.com\/kp.k12.tr\/lise\/wp-content\/uploads\/sites\/2\/2022\/05\/Screenshot_4.png?resize=36%2C36&amp;ssl=1 36w, https:\/\/i0.wp.com\/kp.k12.tr\/lise\/wp-content\/uploads\/sites\/2\/2022\/05\/Screenshot_4.png?resize=48%2C48&amp;ssl=1 48w, https:\/\/i0.wp.com\/kp.k12.tr\/lise\/wp-content\/uploads\/sites\/2\/2022\/05\/Screenshot_4.png?resize=66%2C66&amp;ssl=1 66w, https:\/\/i0.wp.com\/kp.k12.tr\/lise\/wp-content\/uploads\/sites\/2\/2022\/05\/Screenshot_4.png?resize=200%2C201&amp;ssl=1 200w, https:\/\/i0.wp.com\/kp.k12.tr\/lise\/wp-content\/uploads\/sites\/2\/2022\/05\/Screenshot_4.png?resize=400%2C402&amp;ssl=1 400w, https:\/\/i0.wp.com\/kp.k12.tr\/lise\/wp-content\/uploads\/sites\/2\/2022\/05\/Screenshot_4.png?resize=600%2C603&amp;ssl=1 600w, https:\/\/i0.wp.com\/kp.k12.tr\/lise\/wp-content\/uploads\/sites\/2\/2022\/05\/Screenshot_4.png?fit=676%2C679&amp;ssl=1 676w\" data-sizes=\"auto\" \/><div class=\"fusion-rollover\">\n\t<div class=\"fusion-rollover-content\">\n\n\t\t\t\t\t\t\t\t\t\t\t\t\t\t<a class=\"fusion-rollover-link\" href=\"https:\/\/kp.k12.tr\/lise\/nouvel-horizon-no1\/\">Nouvel Horizon \/ No:1<\/a>\n\t\t\t\n\t\t\t\t\t\t\t\t\t\t\t\t\t\t\n\t\t\t\t\t\t\t\t\n\t\t\t\t\t\t\t\t\t\t\t\t\t<div class=\"fusion-rollover-sep\"><\/div>\n\t\t\t\t\n\t\t\t\t\t\t\t\t\t\t\t\t\t\t\t\t\t\t<a class=\"fusion-rollover-gallery\" href=\"https:\/\/i0.wp.com\/kp.k12.tr\/lise\/wp-content\/uploads\/sites\/2\/2022\/05\/Screenshot_4.png?fit=676%2C679&ssl=1\" data-options=\"\" data-id=\"6666\" data-rel=\"iLightbox[gallery]\" data-title=\"\" data-caption=\"\">\n\t\t\t\t\t\tGaleri\t\t\t\t\t<\/a>\n\t\t\t\t\t\t\t\t\t\t\t\t\t\t\n\t\t\n\t\t\t\t\t\t\t\t\t\t\t\t<h4 class=\"fusion-rollover-title\">\n\t\t\t\t\t<a class=\"fusion-rollover-title-link\" href=\"https:\/\/kp.k12.tr\/lise\/nouvel-horizon-no1\/\">\n\t\t\t\t\t\tNouvel Horizon \/ No:1\t\t\t\t\t<\/a>\n\t\t\t\t<\/h4>\n\t\t\t\n\t\t\t\t\t\t\t\t\t\t<div class=\"fusion-rollover-categories\"><a href=\"https:\/\/kp.k12.tr\/lise\/category\/nouvel-horizon\/\" rel=\"tag\">Nouvel Horizon<\/a><\/div>\t\t\t\t\t\n\t\t\n\t\t\t\t\t\t<a class=\"fusion-link-wrapper\" href=\"https:\/\/kp.k12.tr\/lise\/nouvel-horizon-no1\/\" aria-label=\"Nouvel Horizon \/ No:1\"><\/a>\n\t<\/div>\n<\/div>\n<\/div>\n<\/li>\n\t\t\t\n\t\t\t\n\t\t\t\t\t\t\t\t\t\t\t\t\t\t\t\t\t\t\t\t\t\t\t\t\t\t\t\t\t\t\t\t\t\t\t\t\t\t\t\t\t\t\t\t\t\t\t\t\t\t\t\t\t\t\t\t\t\t\t\t\t\t\t\t\t\t\t\t<\/ul>\n\t<\/div>\n\t<div class=\"fusion-post-content-wrapper\" style=\"padding:30px 25px 20px 25px;\"><div class=\"fusion-post-content post-content\"><div class=\"fusion-timeline-circle\" style=\"background-color:#ebeaea;\"><\/div><div class=\"fusion-timeline-arrow\" style=\"color:#ebeaea;\"><\/div><h2 class=\"blog-shortcode-post-title entry-title\"><a href=\"https:\/\/kp.k12.tr\/lise\/nouvel-horizon-no1\/\">Nouvel Horizon \/ No:1<\/a><\/h2><p class=\"fusion-single-line-meta\"><span class=\"vcard\" style=\"display: none;\"><span class=\"fn\"><a href=\"https:\/\/kp.k12.tr\/lise\/author\/mugesarioglu\/\" title=\"mugesarioglu taraf\u0131ndan yaz\u0131lan yaz\u0131lar\" rel=\"author\">mugesarioglu<\/a><\/span><\/span><span class=\"updated\" style=\"display:none;\">2022-05-06T10:48:53+03:00<\/span><span>Temmuz 6th, 2021<\/span><span class=\"fusion-inline-sep\">|<\/span><\/p><div class=\"fusion-content-sep sep-double sep-solid\"><\/div><div class=\"fusion-post-content-container\"><p>      <\/p><\/div><\/div><div class=\"fusion-meta-info\"><div class=\"fusion-alignleft\"><a class=\"fusion-read-more\" href=\"https:\/\/kp.k12.tr\/lise\/nouvel-horizon-no1\/\" aria-label=\"\u015eu konuda ayr\u0131nt\u0131l\u0131 bilgi Nouvel Horizon \/ No:1\">Devam\u0131n\u0131 oku<\/a><\/div><\/div><\/div><div class=\"fusion-clearfix\"><\/div><\/div>\n<\/article>\n<\/div><\/div><\/div><\/div><\/div><\/div><\/div><\/div>\n","protected":false},"excerpt":{"rendered":"","protected":false},"author":5,"featured_media":0,"parent":0,"menu_order":0,"comment_status":"closed","ping_status":"closed","template":"","meta":{"_view_id":"","footnotes":""},"class_list":["post-6660","page","type-page","status-publish","hentry"],"jetpack_sharing_enabled":true,"_links":{"self":[{"href":"https:\/\/kp.k12.tr\/lise\/wp-json\/wp\/v2\/pages\/6660","targetHints":{"allow":["GET"]}}],"collection":[{"href":"https:\/\/kp.k12.tr\/lise\/wp-json\/wp\/v2\/pages"}],"about":[{"href":"https:\/\/kp.k12.tr\/lise\/wp-json\/wp\/v2\/types\/page"}],"author":[{"embeddable":true,"href":"https:\/\/kp.k12.tr\/lise\/wp-json\/wp\/v2\/users\/5"}],"replies":[{"embeddable":true,"href":"https:\/\/kp.k12.tr\/lise\/wp-json\/wp\/v2\/comments?post=6660"}],"version-history":[{"count":0,"href":"https:\/\/kp.k12.tr\/lise\/wp-json\/wp\/v2\/pages\/6660\/revisions"}],"wp:attachment":[{"href":"https:\/\/kp.k12.tr\/lise\/wp-json\/wp\/v2\/media?parent=6660"}],"curies":[{"name":"wp","href":"https:\/\/api.w.org\/{rel}","templated":true}]}}