{"id":6,"date":"2018-01-18T08:00:27","date_gmt":"2018-01-18T08:00:27","guid":{"rendered":"http:\/\/kp.k12.tr\/lise\/okulumuz\/mudurumuzden\/"},"modified":"2019-09-13T11:40:07","modified_gmt":"2019-09-13T08:40:07","slug":"mudurumuzden","status":"publish","type":"page","link":"https:\/\/kp.k12.tr\/lise\/okulumuz\/mudurumuzden\/","title":{"rendered":"M\u00fcd\u00fcr\u00fcm\u00fczden"},"content":{"rendered":"<div class=\"fusion-fullwidth fullwidth-box fusion-builder-row-1 fusion-flex-container nonhundred-percent-fullwidth non-hundred-percent-height-scrolling\" style=\"--awb-border-radius-top-left:0px;--awb-border-radius-top-right:0px;--awb-border-radius-bottom-right:0px;--awb-border-radius-bottom-left:0px;--awb-margin-top:60px;--awb-margin-bottom:60px;--awb-background-color:#fafafa;--awb-flex-wrap:wrap;\" ><div class=\"fusion-builder-row fusion-row fusion-flex-align-items-flex-start fusion-flex-content-wrap\" style=\"max-width:calc( 1100px + 0px );margin-left: calc(-0px \/ 2 );margin-right: calc(-0px \/ 2 );\"><div class=\"fusion-layout-column fusion_builder_column fusion-builder-column-0 fusion_builder_column_1_1 1_1 fusion-flex-column card-1\" style=\"--awb-padding-top:5%;--awb-padding-right:5%;--awb-padding-bottom:5%;--awb-padding-left:5%;--awb-bg-color:rgba(255,255,255,0.87);--awb-bg-color-hover:rgba(255,255,255,0.87);--awb-bg-size:cover;--awb-width-large:100%;--awb-margin-top-large:0px;--awb-spacing-right-large:0px;--awb-margin-bottom-large:20px;--awb-spacing-left-large:0px;--awb-width-medium:100%;--awb-spacing-right-medium:0px;--awb-spacing-left-medium:0px;--awb-width-small:100%;--awb-spacing-right-small:0px;--awb-spacing-left-small:0px;\"><div class=\"fusion-column-wrapper fusion-flex-justify-content-flex-start fusion-content-layout-column\"><div class=\"fusion-builder-row fusion-builder-row-inner fusion-row fusion-flex-align-items-flex-start fusion-flex-content-wrap\" style=\"--awb-flex-grow:0;--awb-flex-grow-medium:0;--awb-flex-grow-small:0;--awb-flex-shrink:0;--awb-flex-shrink-medium:0;--awb-flex-shrink-small:0;width:calc( 100% + 0px ) !important;max-width:calc( 100% + 0px ) !important;margin-left: calc(-0px \/ 2 );margin-right: calc(-0px \/ 2 );\"><div class=\"fusion-layout-column fusion_builder_column_inner fusion-builder-nested-column-0 fusion_builder_column_inner_1_6 1_6 fusion-flex-column\" style=\"--awb-bg-size:cover;--awb-width-large:16.666666666667%;--awb-margin-top-large:0px;--awb-spacing-right-large:0px;--awb-margin-bottom-large:20px;--awb-spacing-left-large:0px;--awb-width-medium:100%;--awb-spacing-right-medium:0px;--awb-spacing-left-medium:0px;--awb-width-small:100%;--awb-spacing-right-small:0px;--awb-spacing-left-small:0px;\"><div class=\"fusion-column-wrapper fusion-flex-justify-content-flex-start fusion-content-layout-column\"><\/div><\/div><div class=\"fusion-layout-column fusion_builder_column_inner fusion-builder-nested-column-1 fusion_builder_column_inner_2_3 2_3 fusion-flex-column\" style=\"--awb-bg-size:cover;--awb-width-large:66.666666666667%;--awb-margin-top-large:0px;--awb-spacing-right-large:0px;--awb-margin-bottom-large:20px;--awb-spacing-left-large:0px;--awb-width-medium:100%;--awb-spacing-right-medium:0px;--awb-spacing-left-medium:0px;--awb-width-small:100%;--awb-spacing-right-small:0px;--awb-spacing-left-small:0px;\"><div class=\"fusion-column-wrapper fusion-flex-justify-content-flex-start fusion-content-layout-column\"><div class=\"fusion-title title fusion-title-1 fusion-sep-none fusion-title-text fusion-title-size-one\" style=\"--awb-margin-bottom:20px;--awb-margin-top-small:10px;--awb-margin-right-small:0px;--awb-margin-bottom-small:10px;--awb-margin-left-small:0px;\"><h1 class=\"fusion-title-heading title-heading-left fusion-responsive-typography-calculated\" style=\"margin:0;--fontSize:30;line-height:1.4;\">M\u00fcd\u00fcr\u00fcm\u00fczden<\/h1><\/div><div class=\"fusion-title title fusion-title-2 fusion-sep-none fusion-title-text fusion-title-size-five\" style=\"--awb-margin-bottom:20px;--awb-margin-top-small:10px;--awb-margin-right-small:0px;--awb-margin-bottom-small:10px;--awb-margin-left-small:0px;\"><h5 class=\"fusion-title-heading title-heading-left fusion-responsive-typography-calculated\" style=\"margin:0;--fontSize:20;--minFontSize:20;line-height:1.5;\">\u00d6\u011fretmek ve e\u011fitmek, s\u00fcrekli yenilenmeyi gerektiren evrensel bir u\u011fra\u015ft\u0131r.<\/h5><\/div><div class=\"fusion-image-element \" style=\"--awb-caption-title-font-family:var(--h2_typography-font-family);--awb-caption-title-font-weight:var(--h2_typography-font-weight);--awb-caption-title-font-style:var(--h2_typography-font-style);--awb-caption-title-size:var(--h2_typography-font-size);--awb-caption-title-transform:var(--h2_typography-text-transform);--awb-caption-title-line-height:var(--h2_typography-line-height);--awb-caption-title-letter-spacing:var(--h2_typography-letter-spacing);\"><span class=\" fusion-imageframe imageframe-none imageframe-1 hover-type-none\"><img decoding=\"async\" width=\"684\" height=\"456\" title=\"lise_okul_muduru\" src=\"https:\/\/i0.wp.com\/kp.k12.tr\/lise\/wp-content\/uploads\/sites\/2\/2019\/09\/lise_okul_muduru.png?fit=684%2C456&ssl=1\" data-orig-src=\"http:\/\/kp.k12.tr\/lise\/wp-content\/uploads\/sites\/2\/2019\/09\/lise_okul_muduru.png\" alt class=\"lazyload img-responsive wp-image-4330\" srcset=\"data:image\/svg+xml,%3Csvg%20xmlns%3D%27http%3A%2F%2Fwww.w3.org%2F2000%2Fsvg%27%20width%3D%27684%27%20height%3D%27456%27%20viewBox%3D%270%200%20684%20456%27%3E%3Crect%20width%3D%27684%27%20height%3D%27456%27%20fill-opacity%3D%220%22%2F%3E%3C%2Fsvg%3E\" data-srcset=\"https:\/\/i0.wp.com\/kp.k12.tr\/lise\/wp-content\/uploads\/sites\/2\/2019\/09\/lise_okul_muduru.png?resize=24%2C16&amp;ssl=1 24w, https:\/\/i0.wp.com\/kp.k12.tr\/lise\/wp-content\/uploads\/sites\/2\/2019\/09\/lise_okul_muduru.png?resize=36%2C24&amp;ssl=1 36w, https:\/\/i0.wp.com\/kp.k12.tr\/lise\/wp-content\/uploads\/sites\/2\/2019\/09\/lise_okul_muduru.png?resize=48%2C32&amp;ssl=1 48w, https:\/\/i0.wp.com\/kp.k12.tr\/lise\/wp-content\/uploads\/sites\/2\/2019\/09\/lise_okul_muduru.png?resize=200%2C133&amp;ssl=1 200w, https:\/\/i0.wp.com\/kp.k12.tr\/lise\/wp-content\/uploads\/sites\/2\/2019\/09\/lise_okul_muduru.png?resize=400%2C267&amp;ssl=1 400w, https:\/\/i0.wp.com\/kp.k12.tr\/lise\/wp-content\/uploads\/sites\/2\/2019\/09\/lise_okul_muduru.png?resize=600%2C400&amp;ssl=1 600w, https:\/\/i0.wp.com\/kp.k12.tr\/lise\/wp-content\/uploads\/sites\/2\/2019\/09\/lise_okul_muduru.png?fit=684%2C456&amp;ssl=1 684w\" data-sizes=\"auto\" data-orig-sizes=\"(max-width: 1024px) 100vw, (max-width: 640px) 100vw, 684px\" \/><\/span><\/div><div class=\"fusion-separator fusion-full-width-sep\" style=\"align-self: center;margin-left: auto;margin-right: auto;margin-top:20px;margin-bottom:20px;width:100%;\"><div class=\"fusion-separator-border sep-double\" style=\"--awb-height:20px;--awb-amount:20px;border-color:#e0dede;border-top-width:0px;border-bottom-width:0px;\"><\/div><\/div><div class=\"fusion-text fusion-text-1\"><p>\u00c7o\u011fumuz meslek ya\u015fam\u0131m\u0131zda, \u00f6\u011frencilerimizin ya\u015fad\u0131\u011f\u0131 kayg\u0131lara ya da pi\u015fmanl\u0131klara tan\u0131kl\u0131k etmi\u015fizdir. Ke\u015fke \u015fu alan\u0131 se\u00e7seydim, ke\u015fke \u015fu \u00fcniversiteye girebilseydim ya da lisede ke\u015fke daha bilin\u00e7li olsayd\u0131m, daha fazla \u00e7al\u0131\u015fsayd\u0131m gibi.<\/p>\n<p>\u0130\u015fte biz, \u00d6zel K\u00fc\u00e7\u00fck Prens Lisesini akademik, sosyal, sanatsal ve sportif y\u00f6nlerden yap\u0131land\u0131r\u0131rken \u201cke\u015fke\u201dlerin ya\u015fanmayaca\u011f\u0131 bir okulu hayal ettik ve buna odakland\u0131k. Ara\u015ft\u0131rmalar yapt\u0131k. Uluslararas\u0131 platformlarda meslekta\u015flar\u0131m\u0131zla fikir al\u0131\u015fveri\u015finde bulunduk.<\/p>\n<p>\u00d6zel K\u00fc\u00e7\u00fck Prens Lisesi, \u00f6\u011frencilerini <strong>SAJEV E\u011fitim Kurumlar\u0131n\u0131n de\u011ferleriyle<\/strong> yeti\u015fmi\u015f Atat\u00fcrk\u00e7\u00fc gen\u00e7ler olarak topluma kazand\u0131rmay\u0131, onlar\u0131n gerekli bilgi ve becerilerle donanarak yurt i\u00e7inde ya da yurt d\u0131\u015f\u0131nda istedikleri bir y\u00fcksek \u00f6\u011fretim kurumuna yerle\u015fmelerini ama\u00e7lar.<\/p>\n<p>Bu ama\u00e7lar do\u011frultusunda, okulumuzun e\u011fitim felsefesi alt\u0131 ana ilkeye dayanmaktad\u0131r.<\/p>\n<ul>\n<li>\u00d6\u011frenci odakl\u0131 bir e\u011fitim<\/li>\n<li>K\u00fclt\u00fcrlere sayg\u0131 g\u00f6steren bir program<\/li>\n<li>\u015eeffafl\u0131k<\/li>\n<li>Hesap verebilirlik<\/li>\n<li>Bilgi teknolojilerin \u00f6\u011frenci odakl\u0131 kullan\u0131m\u0131<\/li>\n<li>Uluslararas\u0131 nitelikler kazand\u0131rmak<\/li>\n<\/ul>\n<p>\u00d6\u011frenci odakl\u0131 bir e\u011fitim yo\u011fun olarak etkinlikler ve uygulamalar i\u00e7erir. Bu ba\u011flamda, \u00f6\u011frenciler matematik, biyoloji, fizik, kimya derslerini ve disiplinler aras\u0131 i\u015fbirli\u011fine dayal\u0131 olarak, Frans\u0131zca B\u00f6l\u00fcm\u00fcm\u00fcz\u00fcn de deste\u011fiyle iki dilli olarak i\u015fler.<\/p>\n<p>\u00d6\u011frenciler, \u00f6zellikle Frans\u0131zca B\u00f6l\u00fcm\u00fcn\u00fcn deste\u011fiyle yine iki dilde deneyler yap\u0131p, projeler ve sunumlar haz\u0131rlar. Okul i\u00e7i ve okul d\u0131\u015f\u0131 ya\u015famlar\u0131n\u0131 yine iki dilde arkada\u015flar\u0131yla payla\u015fabilirler. Bu, sarmal bir i\u015fleyi\u015ftir ve sadece derslerin i\u015fleyi\u015fiyle de s\u0131n\u0131rl\u0131 de\u011fildir, sosyal kul\u00fcplerimiz de bu i\u015fleyi\u015fe dahildir.<\/p>\n<p>Okulumuzun WEB sayfas\u0131 arac\u0131l\u0131\u011f\u0131yla, \u00f6\u011frencilerimizin s\u0131n\u0131f i\u00e7inde yapt\u0131klar\u0131 sunum ve projeleri <strong>Moodle<\/strong> program\u0131ndan rahatl\u0131kla takip edebilir.<\/p>\n<p>Ayr\u0131ca, Fransa\u2019da ve T\u00fcrkiye\u2019deki Frankofon okullarda uygulanan <strong>ajanda<\/strong> sistemiyle de \u00f6\u011fretmen- veli ileti\u015fimi daha etkin olarak ger\u00e7ekle\u015ftirilir.<\/p>\n<p>Okulumuzun \u00e7ok \u00f6nem verdi\u011fi di\u011fer bir ilke, bilgi teknolojilerinin \u00f6\u011frenci odakl\u0131 kullan\u0131m\u0131d\u0131r. Lisemizde bilgi teknolojileri; bilgisayar yaz\u0131l\u0131mlar\u0131, al\u0131\u015ft\u0131rmalar, modellemeler, canland\u0131rmalar, benze\u015fimler, \u00e7oklu ortamlar, etkile\u015fimli videolar ve internet kaynaklar\u0131 olmak \u00fczere \u00e7ok de\u011fi\u015fik \u015fekillerde \u00f6\u011fretim amac\u0131yla kullan\u0131lmaktad\u0131r. Uluslararas\u0131 kimli\u011fimiz: evrensel standartlarda akademik ve k\u00fclt\u00fcrel bir donan\u0131ma sahip olmas\u0131n\u0131 ama\u00e7lad\u0131\u011f\u0131m\u0131z \u00f6\u011frencilerimizi<\/p>\n<ul>\n<li><strong>Uluslararas\u0131 Frans\u0131zca Yeterlilik DELF B2<\/strong> ve<\/li>\n<li><strong>Uluslararas\u0131 \u0130ngilizce Yeterlilik TOEFL<\/strong><\/li>\n<\/ul>\n<p>s\u0131navlar\u0131na haz\u0131rl\u0131yoruz.<\/p>\n<p><strong>\u201c\u00d6\u011frenci de\u011fi\u015fim program\u0131 AFS\u201d<\/strong>, \u00fcniversite \u00f6\u011frenimini Fransa\u2019da g\u00f6rmek isteyen \u00f6\u011frencilerimize rehberlik yapacak olan <strong>\u201cCampus France\u201d<\/strong> ayr\u0131cal\u0131\u011f\u0131, uluslararas\u0131 \u00e7al\u0131\u015fmalar\u0131m\u0131z aras\u0131ndad\u0131r.<\/p>\n<p>Ayr\u0131ca, \u00f6\u011frencilerin lise ya\u015famlar\u0131 boyunca kat\u0131labilecekleri en prestijli akademik etkinlik olan Model Birle\u015fmi\u015f Milletler (MUN) Kul\u00fcb\u00fc, uluslararas\u0131 bir \u00f6\u011frenci kul\u00fcb\u00fcd\u00fcr. Lisemizde Frans\u0131zca ve \u0130ngilizce olmak \u00fczere iki farkl\u0131 kul\u00fcp olarak \u00e7al\u0131\u015fmalar\u0131n\u0131 s\u00fcrd\u00fcrmektedir.<\/p>\n<p>Sonu\u00e7 olarak, \u00d6zel K\u00fc\u00e7\u00fck Prens Lisesi bilimin ve akl\u0131n \u00f6n plana \u00e7\u0131kart\u0131ld\u0131\u011f\u0131, \u00f6zg\u00fcr d\u00fc\u015f\u00fcncelerin yarat\u0131c\u0131 d\u00fc\u015f\u00fcncelere d\u00f6n\u00fc\u015ft\u00fcr\u00fcld\u00fc\u011f\u00fc, sosyal etkinliklerle bireylerin b\u00fct\u00fcnlendi\u011fi \u00f6nc\u00fc bir lise olmay\u0131; ge\u00e7mi\u015fe pi\u015fmanl\u0131kla, gelece\u011fe kayg\u0131yla bakan insanlar yerine, ge\u00e7mi\u015fiyle onur duyan, gelece\u011fe g\u00fcvenle bakan \u00f6\u011frenciler yeti\u015ftirmeyi hedeflemektedir.<\/p>\n<p>Erdal KAZAN<br \/>\n\u00d6zel K\u00fc\u00e7\u00fck Prens Lisesi M\u00fcd\u00fcr\u00fc<\/p>\n<\/div><\/div><\/div><div class=\"fusion-layout-column fusion_builder_column_inner fusion-builder-nested-column-2 fusion_builder_column_inner_1_6 1_6 fusion-flex-column\" style=\"--awb-bg-size:cover;--awb-width-large:16.666666666667%;--awb-margin-top-large:0px;--awb-spacing-right-large:0px;--awb-margin-bottom-large:20px;--awb-spacing-left-large:0px;--awb-width-medium:100%;--awb-spacing-right-medium:0px;--awb-spacing-left-medium:0px;--awb-width-small:100%;--awb-spacing-right-small:0px;--awb-spacing-left-small:0px;\"><div class=\"fusion-column-wrapper fusion-flex-justify-content-flex-start fusion-content-layout-column\"><\/div><\/div><\/div><\/div><\/div><\/div><\/div>\n","protected":false},"excerpt":{"rendered":"","protected":false},"author":6,"featured_media":0,"parent":5,"menu_order":3,"comment_status":"closed","ping_status":"closed","template":"100-width.php","meta":{"_view_id":"","footnotes":""},"class_list":["post-6","page","type-page","status-publish","hentry"],"jetpack_sharing_enabled":true,"_links":{"self":[{"href":"https:\/\/kp.k12.tr\/lise\/wp-json\/wp\/v2\/pages\/6","targetHints":{"allow":["GET"]}}],"collection":[{"href":"https:\/\/kp.k12.tr\/lise\/wp-json\/wp\/v2\/pages"}],"about":[{"href":"https:\/\/kp.k12.tr\/lise\/wp-json\/wp\/v2\/types\/page"}],"author":[{"embeddable":true,"href":"https:\/\/kp.k12.tr\/lise\/wp-json\/wp\/v2\/users\/6"}],"replies":[{"embeddable":true,"href":"https:\/\/kp.k12.tr\/lise\/wp-json\/wp\/v2\/comments?post=6"}],"version-history":[{"count":0,"href":"https:\/\/kp.k12.tr\/lise\/wp-json\/wp\/v2\/pages\/6\/revisions"}],"up":[{"embeddable":true,"href":"https:\/\/kp.k12.tr\/lise\/wp-json\/wp\/v2\/pages\/5"}],"wp:attachment":[{"href":"https:\/\/kp.k12.tr\/lise\/wp-json\/wp\/v2\/media?parent=6"}],"curies":[{"name":"wp","href":"https:\/\/api.w.org\/{rel}","templated":true}]}}