{"id":46,"date":"2018-01-18T08:19:26","date_gmt":"2018-01-18T08:19:26","guid":{"rendered":"http:\/\/kp.k12.tr\/lise\/egitim\/degerler-egitimi\/"},"modified":"2018-02-22T07:28:15","modified_gmt":"2018-02-22T07:28:15","slug":"degerler-egitimi","status":"publish","type":"page","link":"https:\/\/kp.k12.tr\/lise\/akademik\/degerler-egitimi\/","title":{"rendered":"De\u011ferler e\u011fitimi"},"content":{"rendered":"<div class=\"fusion-fullwidth fullwidth-box fusion-builder-row-1 fusion-flex-container nonhundred-percent-fullwidth non-hundred-percent-height-scrolling card-1\" style=\"--awb-border-radius-top-left:0px;--awb-border-radius-top-right:0px;--awb-border-radius-bottom-right:0px;--awb-border-radius-bottom-left:0px;--awb-margin-top:60px;--awb-margin-bottom:60px;--awb-flex-wrap:wrap;\" ><div class=\"fusion-builder-row fusion-row fusion-flex-align-items-flex-start fusion-flex-content-wrap\" style=\"max-width:calc( 1100px + 0px );margin-left: calc(-0px \/ 2 );margin-right: calc(-0px \/ 2 );\"><div class=\"fusion-layout-column fusion_builder_column fusion-builder-column-0 fusion_builder_column_1_1 1_1 fusion-flex-column\" style=\"--awb-padding-top:60px;--awb-padding-right:5%;--awb-padding-left:5%;--awb-bg-size:cover;--awb-width-large:100%;--awb-margin-top-large:0px;--awb-spacing-right-large:0px;--awb-margin-bottom-large:20px;--awb-spacing-left-large:0px;--awb-width-medium:100%;--awb-spacing-right-medium:0px;--awb-spacing-left-medium:0px;--awb-width-small:100%;--awb-spacing-right-small:0px;--awb-spacing-left-small:0px;\"><div class=\"fusion-column-wrapper fusion-flex-justify-content-flex-start fusion-content-layout-column\"><div class=\"fusion-title title fusion-title-1 fusion-sep-none fusion-title-center fusion-title-text fusion-title-size-one\" style=\"--awb-margin-bottom:20px;--awb-margin-top-small:10px;--awb-margin-right-small:0px;--awb-margin-bottom-small:10px;--awb-margin-left-small:0px;\"><h1 class=\"fusion-title-heading title-heading-center fusion-responsive-typography-calculated\" style=\"margin:0;--fontSize:30;line-height:1.4;\">De\u011ferler E\u011fitimi \u00c7al\u0131\u015fmalar\u0131 Ayl\u0131k Konular\u0131<\/h1><\/div><div class=\"fusion-text fusion-text-1\"><div class=\"table-1\" style=\"align:center\">\n<table style=\"font-size: 14px;\" width=\"100%\">\n<tbody>\n<tr>\n<td><b>EYL\u00dcL<\/b><\/td>\n<td><span style=\"font-weight: 400;\">ADALET<\/span><\/td>\n<\/tr>\n<tr>\n<td><b>EK\u0130M<\/b><\/td>\n<td><span style=\"font-weight: 400;\">DOSTLUK<\/span><\/td>\n<\/tr>\n<tr>\n<td><b>KASIM<\/b><\/td>\n<td><span style=\"font-weight: 400;\">D\u00dcR\u00dcSTL\u00dcK<\/span><\/td>\n<\/tr>\n<tr>\n<td><b>ARALIK<\/b><\/td>\n<td><span style=\"font-weight: 400;\">\u00d6Z DENET\u0130M<\/span><\/td>\n<\/tr>\n<tr>\n<td><b>OCAK<\/b><\/td>\n<td><span style=\"font-weight: 400;\">SABIR<\/span><\/td>\n<\/tr>\n<tr>\n<td><b>\u015eUBAT<\/b><\/td>\n<td><span style=\"font-weight: 400;\">SAYGI<\/span><\/td>\n<\/tr>\n<tr>\n<td><b>MART<\/b><\/td>\n<td><span style=\"font-weight: 400;\">SEVG\u0130<\/span><\/td>\n<\/tr>\n<tr>\n<td><b>N\u0130SAN<\/b><\/td>\n<td><span style=\"font-weight: 400;\">SORUMLULUK<\/span><\/td>\n<\/tr>\n<tr>\n<td><b>MAYIS<\/b><\/td>\n<td><span style=\"font-weight: 400;\">VATANSEVERL\u0130K<\/span><\/td>\n<\/tr>\n<tr>\n<td><b>HAZ\u0130RAN<\/b><\/td>\n<td><span style=\"font-weight: 400;\">YARDIMSEVERL\u0130K<\/span><\/td>\n<\/tr>\n<\/tbody>\n<\/table>\n<\/div>\n<\/div><\/div><\/div><\/div><\/div>\n","protected":false},"excerpt":{"rendered":"","protected":false},"author":6,"featured_media":0,"parent":9,"menu_order":42,"comment_status":"closed","ping_status":"closed","template":"","meta":{"_view_id":"","footnotes":""},"class_list":["post-46","page","type-page","status-publish","hentry"],"jetpack_sharing_enabled":true,"_links":{"self":[{"href":"https:\/\/kp.k12.tr\/lise\/wp-json\/wp\/v2\/pages\/46","targetHints":{"allow":["GET"]}}],"collection":[{"href":"https:\/\/kp.k12.tr\/lise\/wp-json\/wp\/v2\/pages"}],"about":[{"href":"https:\/\/kp.k12.tr\/lise\/wp-json\/wp\/v2\/types\/page"}],"author":[{"embeddable":true,"href":"https:\/\/kp.k12.tr\/lise\/wp-json\/wp\/v2\/users\/6"}],"replies":[{"embeddable":true,"href":"https:\/\/kp.k12.tr\/lise\/wp-json\/wp\/v2\/comments?post=46"}],"version-history":[{"count":0,"href":"https:\/\/kp.k12.tr\/lise\/wp-json\/wp\/v2\/pages\/46\/revisions"}],"up":[{"embeddable":true,"href":"https:\/\/kp.k12.tr\/lise\/wp-json\/wp\/v2\/pages\/9"}],"wp:attachment":[{"href":"https:\/\/kp.k12.tr\/lise\/wp-json\/wp\/v2\/media?parent=46"}],"curies":[{"name":"wp","href":"https:\/\/api.w.org\/{rel}","templated":true}]}}