{"id":4310,"date":"2019-09-10T10:28:19","date_gmt":"2019-09-10T07:28:19","guid":{"rendered":"http:\/\/kp.k12.tr\/lise\/?page_id=4310"},"modified":"2022-12-20T12:31:18","modified_gmt":"2022-12-20T09:31:18","slug":"gsu-ic-sinavi","status":"publish","type":"page","link":"https:\/\/kp.k12.tr\/lise\/akademik\/universite\/galatasaray-universitesi\/gsu-ic-sinavi\/","title":{"rendered":"GS\u00dc \u0130\u00e7 S\u0131nav\u0131"},"content":{"rendered":"<div class=\"fusion-fullwidth fullwidth-box fusion-builder-row-1 fusion-flex-container nonhundred-percent-fullwidth non-hundred-percent-height-scrolling card-1\" style=\"--awb-border-radius-top-left:0px;--awb-border-radius-top-right:0px;--awb-border-radius-bottom-right:0px;--awb-border-radius-bottom-left:0px;--awb-margin-top:60px;--awb-margin-bottom:60px;--awb-flex-wrap:wrap;\" ><div class=\"fusion-builder-row fusion-row fusion-flex-align-items-flex-start fusion-flex-content-wrap\" style=\"max-width:calc( 1100px + 0px );margin-left: calc(-0px \/ 2 );margin-right: calc(-0px \/ 2 );\"><div class=\"fusion-layout-column fusion_builder_column fusion-builder-column-0 fusion_builder_column_1_1 1_1 fusion-flex-column\" style=\"--awb-padding-top:5%;--awb-padding-right:5%;--awb-padding-bottom:5%;--awb-padding-left:5%;--awb-bg-size:cover;--awb-width-large:100%;--awb-margin-top-large:0px;--awb-spacing-right-large:0px;--awb-margin-bottom-large:20px;--awb-spacing-left-large:0px;--awb-width-medium:100%;--awb-spacing-right-medium:0px;--awb-spacing-left-medium:0px;--awb-width-small:100%;--awb-spacing-right-small:0px;--awb-spacing-left-small:0px;\"><div class=\"fusion-column-wrapper fusion-flex-justify-content-flex-start fusion-content-layout-column\"><div class=\"fusion-title title fusion-title-1 fusion-sep-none fusion-title-center fusion-title-text fusion-title-size-one\" style=\"--awb-margin-bottom:20px;--awb-margin-top-small:10px;--awb-margin-right-small:0px;--awb-margin-bottom-small:10px;--awb-margin-left-small:0px;\"><h1 class=\"fusion-title-heading title-heading-center fusion-responsive-typography-calculated\" style=\"margin:0;--fontSize:30;line-height:1.4;\">Galatasaray \u00dcniversitesi \u0130\u00e7 S\u0131nav Sonu\u00e7lar\u0131<\/h1><\/div>\n<div class=\"table-1\">\n<table width=\"100%\">\n<thead>\n<tr>\n<th style=\"text-align: left;\" align=\"left\">\u00d6\u011frenci No<\/th>\n<th style=\"text-align: left;\" align=\"left\">Fak\u00fclte \/ B\u00f6l\u00fcm<\/th>\n<th style=\"text-align: left;\" align=\"left\">Y\u0131l<\/th>\n<\/tr>\n<\/thead>\n<tbody>\n<tr>\n<td style=\"text-align: left;\" align=\"left\">292<\/td>\n<td style=\"text-align: left;\" align=\"left\">\u0130\u015fletme B\u00f6l\u00fcm\u00fc<\/td>\n<td style=\"text-align: left;\" align=\"left\">2021<\/td>\n<\/tr>\n<tr>\n<td style=\"text-align: left;\" align=\"left\">235<\/td>\n<td style=\"text-align: left;\" align=\"left\">Siyaset Bilimi<\/td>\n<td style=\"text-align: left;\" align=\"left\">2021<\/td>\n<\/tr>\n<tr>\n<td style=\"text-align: left;\" align=\"left\">235<\/td>\n<td style=\"text-align: left;\" align=\"left\">Bilgisayar M\u00fchendisli\u011fi<\/td>\n<td style=\"text-align: left;\" align=\"left\">2021<\/td>\n<\/tr>\n<tr>\n<td style=\"text-align: left;\" align=\"left\">210<\/td>\n<td style=\"text-align: left;\" align=\"left\">\u0130leti\u015fim Fak\u00fcltesi<\/td>\n<td style=\"text-align: left;\" align=\"left\">2021<\/td>\n<\/tr>\n<tr>\n<td style=\"text-align: left;\" align=\"left\">202<\/td>\n<td style=\"text-align: left;\" align=\"left\">\u0130\u015fletme B\u00f6l\u00fcm\u00fc<\/td>\n<td style=\"text-align: left;\" align=\"left\">2021<\/td>\n<\/tr>\n<tr>\n<td style=\"text-align: left;\" align=\"left\">140<\/td>\n<td style=\"text-align: left;\" align=\"left\">Siyaset Bilimi<\/td>\n<td style=\"text-align: left;\" align=\"left\">2021<\/td>\n<\/tr>\n<tr>\n<td style=\"text-align: left;\" align=\"left\">107<\/td>\n<td style=\"text-align: left;\" align=\"left\">Bilgisayar M\u00fchendisli\u011fi &amp; \u0130\u015fletme B\u00f6l\u00fcm\u00fc<\/td>\n<td style=\"text-align: left;\" align=\"left\">2020<\/td>\n<\/tr>\n<tr>\n<td style=\"text-align: left;\" align=\"left\">123<\/td>\n<td style=\"text-align: left;\" align=\"left\">Bilgisayar M\u00fchendisli\u011fi<\/td>\n<td style=\"text-align: left;\" align=\"left\">2020<\/td>\n<\/tr>\n<tr>\n<td style=\"text-align: left;\" align=\"left\">65<\/td>\n<td style=\"text-align: left;\" align=\"left\">Hukuk Fak\u00fcltesi &amp; \u0130\u015fletme B\u00f6l\u00fcm\u00fc<\/td>\n<td style=\"text-align: left;\" align=\"left\">2020<\/td>\n<\/tr>\n<tr>\n<td style=\"text-align: left;\" align=\"left\">99<\/td>\n<td style=\"text-align: left;\" align=\"left\">Kar\u015f\u0131la\u015ft\u0131rmal\u0131 Dil Bilimleri<\/td>\n<td style=\"text-align: left;\" align=\"left\">2020<\/td>\n<\/tr>\n<tr>\n<td style=\"text-align: left;\" align=\"left\">66<\/td>\n<td style=\"text-align: left;\" align=\"left\">Uluslararas\u0131 \u0130li\u015fkiler<\/td>\n<td style=\"text-align: left;\" align=\"left\">2020<\/td>\n<\/tr>\n<tr>\n<td style=\"text-align: left;\" align=\"left\">127<\/td>\n<td style=\"text-align: left;\" align=\"left\">\u0130\u015fletme B\u00f6l\u00fcm\u00fc<\/td>\n<td style=\"text-align: left;\" align=\"left\">2020<\/td>\n<\/tr>\n<tr>\n<td style=\"text-align: left;\" align=\"left\">34<\/td>\n<td style=\"text-align: left;\" align=\"left\">Siyaset ve Uluslararas\u0131 \u0130li\u015fkiler<\/td>\n<td style=\"text-align: left;\" align=\"left\">2019<\/td>\n<\/tr>\n<tr>\n<td style=\"text-align: left;\" align=\"left\">43<\/td>\n<td style=\"text-align: left;\" align=\"left\">Siyaset ve Uluslararas\u0131 \u0130li\u015fkiler<\/td>\n<td style=\"text-align: left;\" align=\"left\">2019<\/td>\n<\/tr>\n<tr>\n<td style=\"text-align: left;\" align=\"left\">37<\/td>\n<td style=\"text-align: left;\" align=\"left\">Bilgisayar M\u00fchendisli\u011fi<\/td>\n<td style=\"text-align: left;\" align=\"left\">2019<\/td>\n<\/tr>\n<tr>\n<td style=\"text-align: left;\" align=\"left\">58<\/td>\n<td style=\"text-align: left;\" align=\"left\">End\u00fcstri M\u00fchendisli\u011fi<\/td>\n<td style=\"text-align: left;\" align=\"left\">2019<\/td>\n<\/tr>\n<tr>\n<td style=\"text-align: left;\" align=\"left\">61<\/td>\n<td style=\"text-align: left;\" align=\"left\">\u0130\u015fletme B\u00f6l\u00fcm\u00fc<\/td>\n<td style=\"text-align: left;\" align=\"left\">2018<\/td>\n<\/tr>\n<tr>\n<td style=\"text-align: left;\" align=\"left\">18<\/td>\n<td style=\"text-align: left;\" align=\"left\">Felsefe B\u00f6l\u00fcm\u00fc<\/td>\n<td style=\"text-align: left;\" align=\"left\">2018<\/td>\n<\/tr>\n<\/tbody>\n<\/table>\n<\/div>\n<\/div><\/div><div class=\"fusion-layout-column fusion_builder_column fusion-builder-column-1 fusion_builder_column_1_1 1_1 fusion-flex-column\" style=\"--awb-padding-top:30px;--awb-padding-bottom:30px;--awb-padding-left:30px;--awb-bg-color:#fabf3a;--awb-bg-color-hover:#fabf3a;--awb-bg-size:cover;--awb-width-large:100%;--awb-margin-top-large:0px;--awb-spacing-right-large:0px;--awb-margin-bottom-large:0px;--awb-spacing-left-large:0px;--awb-width-medium:100%;--awb-spacing-right-medium:0px;--awb-spacing-left-medium:0px;--awb-width-small:100%;--awb-spacing-right-small:0px;--awb-spacing-left-small:0px;\"><div class=\"fusion-column-wrapper fusion-flex-justify-content-center fusion-content-layout-column\"><div class=\"fusion-title title fusion-title-2 fusion-sep-none fusion-title-text fusion-title-size-four\" style=\"--awb-margin-top-small:10px;--awb-margin-right-small:0px;--awb-margin-bottom-small:10px;--awb-margin-left-small:0px;\"><h4 class=\"fusion-title-heading title-heading-left fusion-responsive-typography-calculated\" style=\"margin:0;--fontSize:20;--minFontSize:20;line-height:1.5;\"><a style=\"color: #ffffff;\" href=\"http:\/\/kp.k12.tr\/lise\/egitim\/universite\/galatasaray-universitesi\/\"><i class=\"fb-icon-element-1 fb-icon-element fontawesome-icon fa fa-arrow-left circle-no fusion-text-flow\" style=\"--awb-font-size:32px;--awb-margin-right:16px;\"><\/i>\u00a0Galatasaray \u00dcniversitesi<\/a><\/h4><\/div><\/div><\/div><\/div><\/div>\n","protected":false},"excerpt":{"rendered":"","protected":false},"author":5,"featured_media":0,"parent":877,"menu_order":32,"comment_status":"closed","ping_status":"closed","template":"","meta":{"_view_id":"","footnotes":""},"class_list":["post-4310","page","type-page","status-publish","hentry"],"jetpack_sharing_enabled":true,"_links":{"self":[{"href":"https:\/\/kp.k12.tr\/lise\/wp-json\/wp\/v2\/pages\/4310","targetHints":{"allow":["GET"]}}],"collection":[{"href":"https:\/\/kp.k12.tr\/lise\/wp-json\/wp\/v2\/pages"}],"about":[{"href":"https:\/\/kp.k12.tr\/lise\/wp-json\/wp\/v2\/types\/page"}],"author":[{"embeddable":true,"href":"https:\/\/kp.k12.tr\/lise\/wp-json\/wp\/v2\/users\/5"}],"replies":[{"embeddable":true,"href":"https:\/\/kp.k12.tr\/lise\/wp-json\/wp\/v2\/comments?post=4310"}],"version-history":[{"count":0,"href":"https:\/\/kp.k12.tr\/lise\/wp-json\/wp\/v2\/pages\/4310\/revisions"}],"up":[{"embeddable":true,"href":"https:\/\/kp.k12.tr\/lise\/wp-json\/wp\/v2\/pages\/877"}],"wp:attachment":[{"href":"https:\/\/kp.k12.tr\/lise\/wp-json\/wp\/v2\/media?parent=4310"}],"curies":[{"name":"wp","href":"https:\/\/api.w.org\/{rel}","templated":true}]}}