{"id":43,"date":"2018-01-18T08:19:25","date_gmt":"2018-01-18T08:19:25","guid":{"rendered":"http:\/\/kp.k12.tr\/lise\/egitim\/degisim-programlari\/"},"modified":"2018-03-23T15:18:30","modified_gmt":"2018-03-23T12:18:30","slug":"degisim-programlari","status":"publish","type":"page","link":"https:\/\/kp.k12.tr\/lise\/akademik\/degisim-programlari\/","title":{"rendered":"De\u011fi\u015fim programlar\u0131"},"content":{"rendered":"<div class=\"fusion-fullwidth fullwidth-box fusion-builder-row-1 fusion-flex-container nonhundred-percent-fullwidth non-hundred-percent-height-scrolling card-1\" style=\"--awb-border-radius-top-left:0px;--awb-border-radius-top-right:0px;--awb-border-radius-bottom-right:0px;--awb-border-radius-bottom-left:0px;--awb-margin-top:60px;--awb-margin-bottom:60px;--awb-flex-wrap:wrap;\" ><div class=\"fusion-builder-row fusion-row fusion-flex-align-items-flex-start fusion-flex-content-wrap\" style=\"max-width:calc( 1100px + 0px );margin-left: calc(-0px \/ 2 );margin-right: calc(-0px \/ 2 );\"><div class=\"fusion-layout-column fusion_builder_column fusion-builder-column-0 fusion_builder_column_1_1 1_1 fusion-flex-column\" style=\"--awb-padding-top:60px;--awb-padding-right:5%;--awb-padding-left:5%;--awb-bg-size:cover;--awb-width-large:100%;--awb-margin-top-large:0px;--awb-spacing-right-large:0px;--awb-margin-bottom-large:20px;--awb-spacing-left-large:0px;--awb-width-medium:100%;--awb-spacing-right-medium:0px;--awb-spacing-left-medium:0px;--awb-width-small:100%;--awb-spacing-right-small:0px;--awb-spacing-left-small:0px;\"><div class=\"fusion-column-wrapper fusion-flex-justify-content-flex-start fusion-content-layout-column\"><div class=\"fusion-builder-row fusion-builder-row-inner fusion-row fusion-flex-align-items-flex-start fusion-flex-content-wrap\" style=\"--awb-flex-grow:0;--awb-flex-grow-medium:0;--awb-flex-grow-small:0;--awb-flex-shrink:0;--awb-flex-shrink-medium:0;--awb-flex-shrink-small:0;width:calc( 100% + 0px ) !important;max-width:calc( 100% + 0px ) !important;margin-left: calc(-0px \/ 2 );margin-right: calc(-0px \/ 2 );\"><div class=\"fusion-layout-column fusion_builder_column_inner fusion-builder-nested-column-0 fusion_builder_column_inner_1_6 1_6 fusion-flex-column\" style=\"--awb-bg-size:cover;--awb-width-large:16.666666666667%;--awb-margin-top-large:0px;--awb-spacing-right-large:0px;--awb-margin-bottom-large:20px;--awb-spacing-left-large:0px;--awb-width-medium:100%;--awb-spacing-right-medium:0px;--awb-spacing-left-medium:0px;--awb-width-small:100%;--awb-spacing-right-small:0px;--awb-spacing-left-small:0px;\"><div class=\"fusion-column-wrapper fusion-flex-justify-content-flex-start fusion-content-layout-column\"><\/div><\/div><div class=\"fusion-layout-column fusion_builder_column_inner fusion-builder-nested-column-1 fusion_builder_column_inner_2_3 2_3 fusion-flex-column\" style=\"--awb-bg-size:cover;--awb-width-large:66.666666666667%;--awb-margin-top-large:0px;--awb-spacing-right-large:0px;--awb-margin-bottom-large:20px;--awb-spacing-left-large:0px;--awb-width-medium:100%;--awb-spacing-right-medium:0px;--awb-spacing-left-medium:0px;--awb-width-small:100%;--awb-spacing-right-small:0px;--awb-spacing-left-small:0px;\"><div class=\"fusion-column-wrapper fusion-flex-justify-content-flex-start fusion-content-layout-column\"><div class=\"fusion-title title fusion-title-1 fusion-sep-none fusion-title-text fusion-title-size-one\" style=\"--awb-margin-bottom:20px;--awb-margin-top-small:10px;--awb-margin-right-small:0px;--awb-margin-bottom-small:10px;--awb-margin-left-small:0px;\"><h1 class=\"fusion-title-heading title-heading-left fusion-responsive-typography-calculated\" style=\"margin:0;--fontSize:30;line-height:1.4;\">Uluslararas\u0131 AFS De\u011fi\u015fim Program\u0131<\/h1><\/div><div class=\"fusion-image-element \" style=\"--awb-caption-title-font-family:var(--h2_typography-font-family);--awb-caption-title-font-weight:var(--h2_typography-font-weight);--awb-caption-title-font-style:var(--h2_typography-font-style);--awb-caption-title-size:var(--h2_typography-font-size);--awb-caption-title-transform:var(--h2_typography-text-transform);--awb-caption-title-line-height:var(--h2_typography-line-height);--awb-caption-title-letter-spacing:var(--h2_typography-letter-spacing);\"><span class=\" fusion-imageframe imageframe-none imageframe-1 hover-type-none\"><img decoding=\"async\" width=\"371\" height=\"300\" title=\"afs\" src=\"https:\/\/i0.wp.com\/kp.k12.tr\/lise\/wp-content\/uploads\/sites\/2\/2018\/03\/afs.jpg?fit=371%2C300&ssl=1\" data-orig-src=\"http:\/\/kp.k12.tr\/lise\/wp-content\/uploads\/sites\/2\/2018\/03\/afs.jpg\" alt class=\"lazyload img-responsive wp-image-2206\" srcset=\"data:image\/svg+xml,%3Csvg%20xmlns%3D%27http%3A%2F%2Fwww.w3.org%2F2000%2Fsvg%27%20width%3D%27371%27%20height%3D%27300%27%20viewBox%3D%270%200%20371%20300%27%3E%3Crect%20width%3D%27371%27%20height%3D%27300%27%20fill-opacity%3D%220%22%2F%3E%3C%2Fsvg%3E\" data-srcset=\"https:\/\/i0.wp.com\/kp.k12.tr\/lise\/wp-content\/uploads\/sites\/2\/2018\/03\/afs.jpg?resize=24%2C19&amp;ssl=1 24w, https:\/\/i0.wp.com\/kp.k12.tr\/lise\/wp-content\/uploads\/sites\/2\/2018\/03\/afs.jpg?resize=36%2C29&amp;ssl=1 36w, https:\/\/i0.wp.com\/kp.k12.tr\/lise\/wp-content\/uploads\/sites\/2\/2018\/03\/afs.jpg?resize=48%2C39&amp;ssl=1 48w, https:\/\/i0.wp.com\/kp.k12.tr\/lise\/wp-content\/uploads\/sites\/2\/2018\/03\/afs.jpg?resize=200%2C162&amp;ssl=1 200w, https:\/\/i0.wp.com\/kp.k12.tr\/lise\/wp-content\/uploads\/sites\/2\/2018\/03\/afs.jpg?fit=371%2C300&amp;ssl=1 371w\" data-sizes=\"auto\" data-orig-sizes=\"(max-width: 1024px) 100vw, (max-width: 640px) 100vw, 371px\" \/><\/span><\/div><div class=\"fusion-separator fusion-full-width-sep\" style=\"align-self: center;margin-left: auto;margin-right: auto;margin-top:24px;margin-bottom:24px;width:100%;\"><\/div><div class=\"fusion-text fusion-text-1\"><p><a href=\"http:\/\/www.afs.org\">www.afs.org<\/a><\/p>\n<p>Temelleri Birinci ve \u0130kinci d\u00fcnya sava\u015flar\u0131nda ambulans sof\u00f6rl\u00fc\u011f\u00fc yapan g\u00f6n\u00fcll\u00fclere, AFS (American Field Service)&#8217;e dayanan AFS K\u00fclt\u00fcrleraras\u0131 Programlar\u0131, 1947 y\u0131l\u0131nda farkl\u0131 k\u00fclt\u00fcrlerden insanlar aras\u0131nda kurulacak ili\u015fkiler sayesinde \u00f6n yarg\u0131lar\u0131n y\u0131k\u0131lmas\u0131, ho\u015fg\u00f6r\u00fc ve k\u00fclt\u00fcrleraras\u0131 anlay\u0131\u015f\u0131n artmas\u0131yla d\u00fcnya bar\u0131\u015f\u0131n\u0131n sa\u011flanaca\u011f\u0131 inanc\u0131n\u0131 ta\u015f\u0131yan g\u00f6n\u00fcll\u00fclerin giri\u015fimleri ile de\u011fi\u015fim programlar\u0131na ba\u015flad\u0131 ve 60 y\u0131l\u0131 a\u015fk\u0131n s\u00fcredir aral\u0131ks\u0131z olarak d\u00fcnyan\u0131n d\u00f6rt bir yan\u0131na yay\u0131larak s\u00fcrd\u00fc.<\/p>\n<p>G\u00fcn\u00fcm\u00fczde AFS K\u00fclt\u00fcrleraras\u0131 Programlar\u0131, kendilerini k\u00fclt\u00fcrleraras\u0131 \u00f6\u011frenme tecr\u00fcbelerine adam\u0131\u015f \u00f6\u011frenciler, aileler, arkada\u015flar ve g\u00f6n\u00fcll\u00fclerden olu\u015fan d\u00fcnya ap\u0131nda bir a\u011fd\u0131r ve K\u00fclt\u00fcrleraras\u0131 \u00d6\u011frenci De\u011fi\u015fimleri alan\u0131nda d\u00fcnya lideridir. 1947&#8217;den buyana 380.000&#8217;den fazla kat\u0131l\u0131mc\u0131 AFS&#8217;nin b\u00fcy\u00fck tecr\u00fcbesi, destek sistemi ve g\u00fcvenirli\u011fi ile d\u00fcnya \u00e7ap\u0131nda 50&#8217;den fazla \u00fclkede K\u00fclt\u00fcrleraras\u0131 De\u011fi\u015fim programlar\u0131na kat\u0131ld\u0131lar. \u00dclkemizde ise 1952 y\u0131l\u0131ndan bu yana s\u00fcrd\u00fcr\u00fclen AFS programlar\u0131 ile \u015fu ana kadar toplumumuzun her kesiminden 5000&#8217;den fazla ki\u015fi yurt d\u0131\u015f\u0131na giderek 4000&#8217;den fazla aile ise bir AFS \u00f6\u011frencisi konuk ederek AFS ailesine kat\u0131lm\u0131\u015ft\u0131r.<\/p>\n<p>AFS y\u0131l programlar\u0131na kat\u0131lan \u00f6\u011frenciler bir y\u0131l s\u00fcre ile farkl\u0131 bir \u00fclkede g\u00f6n\u00fcll\u00fc ailelerin yan\u0131nda kalarak liseye devam ederler ve AFS taraf\u0131ndan sa\u011flanan oryantasyon ve dan\u0131\u015fmanl\u0131\u011f\u0131n da katk\u0131s\u0131 ile onlara hi\u00e7bir s\u0131n\u0131f d\u00fczeninde ya da kitaplara sunulamayacak s\u0131rad\u0131\u015f\u0131 bir k\u00fclt\u00fcrleraras\u0131 \u00f6\u011frenme ve de\u011fi\u015fim deneyiminin par\u00e7as\u0131 olurlar.<\/p>\n<\/div><\/div><\/div><div class=\"fusion-layout-column fusion_builder_column_inner fusion-builder-nested-column-2 fusion_builder_column_inner_1_6 1_6 fusion-flex-column\" style=\"--awb-bg-size:cover;--awb-width-large:16.666666666667%;--awb-margin-top-large:0px;--awb-spacing-right-large:0px;--awb-margin-bottom-large:20px;--awb-spacing-left-large:0px;--awb-width-medium:100%;--awb-spacing-right-medium:0px;--awb-spacing-left-medium:0px;--awb-width-small:100%;--awb-spacing-right-small:0px;--awb-spacing-left-small:0px;\"><div class=\"fusion-column-wrapper fusion-flex-justify-content-flex-start fusion-content-layout-column\"><\/div><\/div><\/div><\/div><\/div><\/div><\/div>\n","protected":false},"excerpt":{"rendered":"","protected":false},"author":6,"featured_media":0,"parent":9,"menu_order":39,"comment_status":"closed","ping_status":"closed","template":"","meta":{"_view_id":"","footnotes":""},"class_list":["post-43","page","type-page","status-publish","hentry"],"jetpack_sharing_enabled":true,"_links":{"self":[{"href":"https:\/\/kp.k12.tr\/lise\/wp-json\/wp\/v2\/pages\/43","targetHints":{"allow":["GET"]}}],"collection":[{"href":"https:\/\/kp.k12.tr\/lise\/wp-json\/wp\/v2\/pages"}],"about":[{"href":"https:\/\/kp.k12.tr\/lise\/wp-json\/wp\/v2\/types\/page"}],"author":[{"embeddable":true,"href":"https:\/\/kp.k12.tr\/lise\/wp-json\/wp\/v2\/users\/6"}],"replies":[{"embeddable":true,"href":"https:\/\/kp.k12.tr\/lise\/wp-json\/wp\/v2\/comments?post=43"}],"version-history":[{"count":0,"href":"https:\/\/kp.k12.tr\/lise\/wp-json\/wp\/v2\/pages\/43\/revisions"}],"up":[{"embeddable":true,"href":"https:\/\/kp.k12.tr\/lise\/wp-json\/wp\/v2\/pages\/9"}],"wp:attachment":[{"href":"https:\/\/kp.k12.tr\/lise\/wp-json\/wp\/v2\/media?parent=43"}],"curies":[{"name":"wp","href":"https:\/\/api.w.org\/{rel}","templated":true}]}}