{"id":41,"date":"2018-01-18T08:19:25","date_gmt":"2018-01-18T08:19:25","guid":{"rendered":"http:\/\/kp.k12.tr\/lise\/egitim\/yonetmelikler\/sinif-gecme-yonetmligi\/"},"modified":"2024-03-28T21:16:10","modified_gmt":"2024-03-28T18:16:10","slug":"sinif-gecme-yonetmeligi","status":"publish","type":"page","link":"https:\/\/kp.k12.tr\/lise\/akademik\/yonetmelikler\/sinif-gecme-yonetmeligi\/","title":{"rendered":"S\u0131n\u0131f ge\u00e7me y\u00f6netmeli\u011fi"},"content":{"rendered":"<div class=\"fusion-fullwidth fullwidth-box fusion-builder-row-1 fusion-flex-container has-pattern-background has-mask-background nonhundred-percent-fullwidth non-hundred-percent-height-scrolling\" style=\"--awb-border-radius-top-left:0px;--awb-border-radius-top-right:0px;--awb-border-radius-bottom-right:0px;--awb-border-radius-bottom-left:0px;--awb-margin-top:60px;--awb-margin-bottom:60px;--awb-flex-wrap:wrap;\" ><div class=\"fusion-builder-row fusion-row fusion-flex-align-items-flex-start fusion-flex-content-wrap\" style=\"max-width:1144px;margin-left: calc(-4% \/ 2 );margin-right: calc(-4% \/ 2 );\"><div class=\"fusion-layout-column fusion_builder_column fusion-builder-column-0 fusion_builder_column_1_1 1_1 fusion-flex-column\" style=\"--awb-bg-size:cover;--awb-width-large:100%;--awb-margin-top-large:0px;--awb-spacing-right-large:1.92%;--awb-margin-bottom-large:20px;--awb-spacing-left-large:1.92%;--awb-width-medium:100%;--awb-order-medium:0;--awb-spacing-right-medium:1.92%;--awb-spacing-left-medium:1.92%;--awb-width-small:100%;--awb-order-small:0;--awb-spacing-right-small:1.92%;--awb-spacing-left-small:1.92%;\"><div class=\"fusion-column-wrapper fusion-column-has-shadow fusion-flex-justify-content-flex-start fusion-content-layout-column\"><div class=\"fusion-text fusion-text-1\"><h1 style=\"text-align: center;\">S\u0131n\u0131f Ge\u00e7me Y\u00f6netmeli\u011fi<\/h1>\n<p style=\"text-align: center;\">S\u0131n\u0131f ge\u00e7me y\u00f6netmeli\u011fini PDF olarak indirmek veya yazd\u0131rmak i\u00e7in g\u00f6r\u00fcnt\u00fc alt\u0131ndaki d\u00fc\u011fmeleri kullanabilirsiniz.<\/p>\n<div class=\"inside\" style=\"text-align: center;\"><code><div class=\"real3dflipbook\" id=\"49_69d629903cacf\" style=\"position:absolute;\"><\/div><\/code><\/div>\n<\/div><\/div><\/div><\/div><\/div>\n","protected":false},"excerpt":{"rendered":"","protected":false},"author":6,"featured_media":0,"parent":37,"menu_order":37,"comment_status":"closed","ping_status":"closed","template":"100-width.php","meta":{"_view_id":"","footnotes":""},"class_list":["post-41","page","type-page","status-publish","hentry"],"jetpack_sharing_enabled":true,"_links":{"self":[{"href":"https:\/\/kp.k12.tr\/lise\/wp-json\/wp\/v2\/pages\/41","targetHints":{"allow":["GET"]}}],"collection":[{"href":"https:\/\/kp.k12.tr\/lise\/wp-json\/wp\/v2\/pages"}],"about":[{"href":"https:\/\/kp.k12.tr\/lise\/wp-json\/wp\/v2\/types\/page"}],"author":[{"embeddable":true,"href":"https:\/\/kp.k12.tr\/lise\/wp-json\/wp\/v2\/users\/6"}],"replies":[{"embeddable":true,"href":"https:\/\/kp.k12.tr\/lise\/wp-json\/wp\/v2\/comments?post=41"}],"version-history":[{"count":0,"href":"https:\/\/kp.k12.tr\/lise\/wp-json\/wp\/v2\/pages\/41\/revisions"}],"up":[{"embeddable":true,"href":"https:\/\/kp.k12.tr\/lise\/wp-json\/wp\/v2\/pages\/37"}],"wp:attachment":[{"href":"https:\/\/kp.k12.tr\/lise\/wp-json\/wp\/v2\/media?parent=41"}],"curies":[{"name":"wp","href":"https:\/\/api.w.org\/{rel}","templated":true}]}}