{"id":40,"date":"2018-01-18T08:19:25","date_gmt":"2018-01-18T08:19:25","guid":{"rendered":"http:\/\/kp.k12.tr\/lise\/egitim\/yonetmelikler\/bilisim-teknolojileri-yonetmeligi\/"},"modified":"2019-08-23T10:28:30","modified_gmt":"2019-08-23T07:28:30","slug":"bilisim-teknolojileri-yonetmeligi","status":"publish","type":"page","link":"https:\/\/kp.k12.tr\/lise\/akademik\/yonetmelikler\/bilisim-teknolojileri-yonetmeligi\/","title":{"rendered":"Bili\u015fim teknolojileri y\u00f6netmeli\u011fi"},"content":{"rendered":"<div class=\"fusion-fullwidth fullwidth-box fusion-builder-row-1 fusion-flex-container nonhundred-percent-fullwidth non-hundred-percent-height-scrolling card-1\" style=\"--awb-border-radius-top-left:0px;--awb-border-radius-top-right:0px;--awb-border-radius-bottom-right:0px;--awb-border-radius-bottom-left:0px;--awb-margin-top:60px;--awb-margin-bottom:60px;--awb-flex-wrap:wrap;\" ><div class=\"fusion-builder-row fusion-row fusion-flex-align-items-flex-start fusion-flex-content-wrap\" style=\"max-width:calc( 1100px + 0px );margin-left: calc(-0px \/ 2 );margin-right: calc(-0px \/ 2 );\"><div class=\"fusion-layout-column fusion_builder_column fusion-builder-column-0 fusion_builder_column_1_1 1_1 fusion-flex-column\" style=\"--awb-padding-top:60px;--awb-padding-right:5%;--awb-padding-left:5%;--awb-bg-size:cover;--awb-width-large:100%;--awb-margin-top-large:0px;--awb-spacing-right-large:0px;--awb-margin-bottom-large:20px;--awb-spacing-left-large:0px;--awb-width-medium:100%;--awb-spacing-right-medium:0px;--awb-spacing-left-medium:0px;--awb-width-small:100%;--awb-spacing-right-small:0px;--awb-spacing-left-small:0px;\"><div class=\"fusion-column-wrapper fusion-flex-justify-content-flex-start fusion-content-layout-column\"><div class=\"fusion-builder-row fusion-builder-row-inner fusion-row fusion-flex-align-items-flex-start fusion-flex-content-wrap\" style=\"--awb-flex-grow:0;--awb-flex-grow-medium:0;--awb-flex-grow-small:0;--awb-flex-shrink:0;--awb-flex-shrink-medium:0;--awb-flex-shrink-small:0;width:calc( 100% + 0px ) !important;max-width:calc( 100% + 0px ) !important;margin-left: calc(-0px \/ 2 );margin-right: calc(-0px \/ 2 );\"><div class=\"fusion-layout-column fusion_builder_column_inner fusion-builder-nested-column-0 fusion_builder_column_inner_1_6 1_6 fusion-flex-column\" style=\"--awb-bg-size:cover;--awb-width-large:16.666666666667%;--awb-margin-top-large:0px;--awb-spacing-right-large:0px;--awb-margin-bottom-large:20px;--awb-spacing-left-large:0px;--awb-width-medium:100%;--awb-spacing-right-medium:0px;--awb-spacing-left-medium:0px;--awb-width-small:100%;--awb-spacing-right-small:0px;--awb-spacing-left-small:0px;\"><div class=\"fusion-column-wrapper fusion-flex-justify-content-flex-start fusion-content-layout-column\"><\/div><\/div><div class=\"fusion-layout-column fusion_builder_column_inner fusion-builder-nested-column-1 fusion_builder_column_inner_2_3 2_3 fusion-flex-column\" style=\"--awb-bg-size:cover;--awb-width-large:66.666666666667%;--awb-margin-top-large:0px;--awb-spacing-right-large:0px;--awb-margin-bottom-large:20px;--awb-spacing-left-large:0px;--awb-width-medium:100%;--awb-spacing-right-medium:0px;--awb-spacing-left-medium:0px;--awb-width-small:100%;--awb-spacing-right-small:0px;--awb-spacing-left-small:0px;\"><div class=\"fusion-column-wrapper fusion-flex-justify-content-flex-start fusion-content-layout-column\"><div class=\"fusion-title title fusion-title-1 fusion-sep-none fusion-title-text fusion-title-size-one\" style=\"--awb-margin-bottom:20px;--awb-margin-top-small:10px;--awb-margin-right-small:0px;--awb-margin-bottom-small:10px;--awb-margin-left-small:0px;\"><h1 class=\"fusion-title-heading title-heading-left fusion-responsive-typography-calculated\" style=\"margin:0;--fontSize:30;line-height:1.4;\">Bili\u015fim Teknolojileri Y\u00f6netmeli\u011fi<\/h1><\/div><div class=\"fusion-text fusion-text-1\"><p>\u00d6\u011frenci, bilgisayar teknolojileriyle ilgili a\u015fa\u011f\u0131da yer alan t\u00fcm kurallara uymakla y\u00fck\u00fcml\u00fcd\u00fcr.<\/p>\n<ol>\n<li>\u00d6\u011frenci, okul i\u00e7inde kendisine verilen e\u011fitim ve \u00f6\u011fretim ama\u00e7l\u0131 t\u00fcm kullan\u0131c\u0131 adreslerini amac\u0131na uygun kullanmal\u0131d\u0131r.<\/li>\n<li>\u00d6\u011frenci, sistem y\u00f6neticileri taraf\u0131ndan i\u00e7erikleri okunmadan gelen ve giden her t\u00fcrl\u00fc mesaj\u0131n periyodik olarak kontrol edilece\u011fini bilmelidir.<\/li>\n<li>\u00d6\u011frenci, internet ortam\u0131nda yay\u0131mlanan her t\u00fcrl\u00fc makale, foto\u011fraf ve videonun telif haklar\u0131na sayg\u0131l\u0131 olmal\u0131d\u0131r.<\/li>\n<li>\u00d6\u011frenci, di\u011fer \u00f6\u011frencilerin hi\u00e7bir internet hesab\u0131n\u0131 kullanmamal\u0131 ve kullan\u0131lmas\u0131na izin vermemelidir.<\/li>\n<li>\u00d6\u011frenci, okulda kullan\u0131lan bili\u015fim teknolojilerine, ara\u00e7 ve gere\u00e7lerine zarar vermemeli veya izinsiz almamal\u0131d\u0131r.<\/li>\n<li>\u00d6\u011frenci, okul taraf\u0131ndan izin verilmeyen hi\u00e7bir internet sitesine ba\u011flanmaya \u00e7al\u0131\u015fmamal\u0131d\u0131r.<\/li>\n<li>\u00d6\u011frenci, di\u011fer \u00f6\u011frencilerin \u00f6zel foto\u011fraflar\u0131n\u0131, videolar\u0131n\u0131 veya \u00f6zel yaz\u0131y\u0131 de\u011fi\u015ftirmemeli ve yay\u0131mlamamal\u0131d\u0131r.<\/li>\n<li>\u00d6\u011frenci, \u00f6\u011fretmenlerinin \u00f6zel foto\u011fraflar\u0131n\u0131, videolar\u0131n\u0131 veya \u00f6zel yaz\u0131lar\u0131n\u0131 de\u011fi\u015ftirmemeli ve yay\u0131mlamamal\u0131d\u0131r.<\/li>\n<li>\u00d6\u011frenci, okul i\u00e7erisinde yay\u0131mlanan hi\u00e7bir foto\u011fraf\u0131, videoyu veya yaz\u0131y\u0131 de\u011fi\u015ftirmemeli ve zarar vermemelidir.<\/li>\n<li>\u00d6\u011frenci, okulda kullan\u0131lan bili\u015fim teknolojilerinin g\u00fcvenlik duvarlar\u0131n\u0131 a\u015fmaya \u00e7al\u0131\u015fmamal\u0131 ve vir\u00fcs bula\u015ft\u0131rmamal\u0131d\u0131r.<\/li>\n<li>\u00d6\u011frenci, okul i\u00e7erisinde bulunan bilgisayar sistemlerini de\u011fi\u015ftirmemeli veya zarar vermemelidir.<\/li>\n<li>\u00d6\u011frenci, izinsiz almadan arkada\u015flar\u0131n\u0131 ve \u00f6\u011fretmenlerini i\u00e7eren video, resim ve yaz\u0131 yay\u0131mlamamal\u0131d\u0131r.<\/li>\n<li>\u00d6\u011frenci, okul idaresinin bilgisi d\u0131\u015f\u0131nda okul logosu, foto\u011fraflar\u0131, isim hakk\u0131n\u0131 vs internet ortam\u0131nda kullanmamal\u0131 ve kullan\u0131lmas\u0131na izin vermemelidir.<\/li>\n<li>\u00d6\u011frenci yukar\u0131da belirtilen maddelere uymad\u0131\u011f\u0131 takdirde disiplin veya kanuni ceza ile kar\u015f\u0131 kar\u015f\u0131ya kalabilece\u011fini bilmelidir.<\/li>\n<\/ol>\n<\/div><\/div><\/div><div class=\"fusion-layout-column fusion_builder_column_inner fusion-builder-nested-column-2 fusion_builder_column_inner_1_6 1_6 fusion-flex-column\" style=\"--awb-bg-size:cover;--awb-width-large:16.666666666667%;--awb-margin-top-large:0px;--awb-spacing-right-large:0px;--awb-margin-bottom-large:20px;--awb-spacing-left-large:0px;--awb-width-medium:100%;--awb-spacing-right-medium:0px;--awb-spacing-left-medium:0px;--awb-width-small:100%;--awb-spacing-right-small:0px;--awb-spacing-left-small:0px;\"><div class=\"fusion-column-wrapper fusion-flex-justify-content-flex-start fusion-content-layout-column\"><\/div><\/div><\/div><\/div><\/div><\/div><\/div>\n","protected":false},"excerpt":{"rendered":"","protected":false},"author":6,"featured_media":0,"parent":37,"menu_order":36,"comment_status":"closed","ping_status":"closed","template":"","meta":{"_view_id":"","footnotes":""},"class_list":["post-40","page","type-page","status-publish","hentry"],"jetpack_sharing_enabled":true,"_links":{"self":[{"href":"https:\/\/kp.k12.tr\/lise\/wp-json\/wp\/v2\/pages\/40","targetHints":{"allow":["GET"]}}],"collection":[{"href":"https:\/\/kp.k12.tr\/lise\/wp-json\/wp\/v2\/pages"}],"about":[{"href":"https:\/\/kp.k12.tr\/lise\/wp-json\/wp\/v2\/types\/page"}],"author":[{"embeddable":true,"href":"https:\/\/kp.k12.tr\/lise\/wp-json\/wp\/v2\/users\/6"}],"replies":[{"embeddable":true,"href":"https:\/\/kp.k12.tr\/lise\/wp-json\/wp\/v2\/comments?post=40"}],"version-history":[{"count":0,"href":"https:\/\/kp.k12.tr\/lise\/wp-json\/wp\/v2\/pages\/40\/revisions"}],"up":[{"embeddable":true,"href":"https:\/\/kp.k12.tr\/lise\/wp-json\/wp\/v2\/pages\/37"}],"wp:attachment":[{"href":"https:\/\/kp.k12.tr\/lise\/wp-json\/wp\/v2\/media?parent=40"}],"curies":[{"name":"wp","href":"https:\/\/api.w.org\/{rel}","templated":true}]}}