{"id":38,"date":"2018-01-18T08:19:25","date_gmt":"2018-01-18T08:19:25","guid":{"rendered":"http:\/\/kp.k12.tr\/lise\/egitim\/yonetmelikler\/odul-disiplin-yonetmeligi\/"},"modified":"2019-08-23T10:22:48","modified_gmt":"2019-08-23T07:22:48","slug":"ogrenci-disiplin-yonetmeligi","status":"publish","type":"page","link":"https:\/\/kp.k12.tr\/lise\/akademik\/yonetmelikler\/ogrenci-disiplin-yonetmeligi\/","title":{"rendered":"\u00d6\u011frenci disiplin y\u00f6netmeli\u011fi"},"content":{"rendered":"<div class=\"fusion-fullwidth fullwidth-box fusion-builder-row-1 fusion-flex-container nonhundred-percent-fullwidth non-hundred-percent-height-scrolling card-1\" style=\"--awb-border-radius-top-left:0px;--awb-border-radius-top-right:0px;--awb-border-radius-bottom-right:0px;--awb-border-radius-bottom-left:0px;--awb-margin-top:60px;--awb-margin-bottom:60px;--awb-flex-wrap:wrap;\" ><div class=\"fusion-builder-row fusion-row fusion-flex-align-items-flex-start fusion-flex-content-wrap\" style=\"max-width:calc( 1100px + 0px );margin-left: calc(-0px \/ 2 );margin-right: calc(-0px \/ 2 );\"><div class=\"fusion-layout-column fusion_builder_column fusion-builder-column-0 fusion_builder_column_1_1 1_1 fusion-flex-column\" style=\"--awb-padding-top:60px;--awb-padding-right:5%;--awb-padding-left:5%;--awb-bg-size:cover;--awb-width-large:100%;--awb-margin-top-large:0px;--awb-spacing-right-large:0px;--awb-margin-bottom-large:20px;--awb-spacing-left-large:0px;--awb-width-medium:100%;--awb-spacing-right-medium:0px;--awb-spacing-left-medium:0px;--awb-width-small:100%;--awb-spacing-right-small:0px;--awb-spacing-left-small:0px;\"><div class=\"fusion-column-wrapper fusion-flex-justify-content-flex-start fusion-content-layout-column\"><div class=\"fusion-builder-row fusion-builder-row-inner fusion-row fusion-flex-align-items-flex-start fusion-flex-content-wrap\" style=\"--awb-flex-grow:0;--awb-flex-grow-medium:0;--awb-flex-grow-small:0;--awb-flex-shrink:0;--awb-flex-shrink-medium:0;--awb-flex-shrink-small:0;width:calc( 100% + 0px ) !important;max-width:calc( 100% + 0px ) !important;margin-left: calc(-0px \/ 2 );margin-right: calc(-0px \/ 2 );\"><div class=\"fusion-layout-column fusion_builder_column_inner fusion-builder-nested-column-0 fusion_builder_column_inner_1_6 1_6 fusion-flex-column\" style=\"--awb-bg-size:cover;--awb-width-large:16.666666666667%;--awb-margin-top-large:0px;--awb-spacing-right-large:0px;--awb-margin-bottom-large:20px;--awb-spacing-left-large:0px;--awb-width-medium:100%;--awb-spacing-right-medium:0px;--awb-spacing-left-medium:0px;--awb-width-small:100%;--awb-spacing-right-small:0px;--awb-spacing-left-small:0px;\"><div class=\"fusion-column-wrapper fusion-flex-justify-content-flex-start fusion-content-layout-column\"><\/div><\/div><div class=\"fusion-layout-column fusion_builder_column_inner fusion-builder-nested-column-1 fusion_builder_column_inner_2_3 2_3 fusion-flex-column\" style=\"--awb-bg-size:cover;--awb-width-large:66.666666666667%;--awb-margin-top-large:0px;--awb-spacing-right-large:0px;--awb-margin-bottom-large:20px;--awb-spacing-left-large:0px;--awb-width-medium:100%;--awb-spacing-right-medium:0px;--awb-spacing-left-medium:0px;--awb-width-small:100%;--awb-spacing-right-small:0px;--awb-spacing-left-small:0px;\"><div class=\"fusion-column-wrapper fusion-flex-justify-content-flex-start fusion-content-layout-column\"><div class=\"fusion-title title fusion-title-1 fusion-sep-none fusion-title-text fusion-title-size-one\" style=\"--awb-margin-bottom:20px;--awb-margin-top-small:10px;--awb-margin-right-small:0px;--awb-margin-bottom-small:10px;--awb-margin-left-small:0px;\"><h1 class=\"fusion-title-heading title-heading-left fusion-responsive-typography-calculated\" style=\"margin:0;--fontSize:30;line-height:1.4;\">\u00d6\u011frenci Disiplin Y\u00f6netmeli\u011fi<\/h1><\/div><div class=\"fusion-text fusion-text-1\"><p><strong>Uyarma- Mahrumiyet- K\u0131nama Cezas\u0131 Gerektiren Davran\u0131\u015flar:<\/strong><\/p>\n<ul>\n<li>G\u00f6rg\u00fc kurallar\u0131na uymamak,<\/li>\n<li>Okulda ba\u015fkalar\u0131n\u0131 rahats\u0131z edecek \u015fekilde y\u00fcksek sesle konu\u015fmak,<\/li>\n<li>Okulu ve \u00e7evresini kirletmek,<\/li>\n<li>\u00d6\u011fretmen veya okul y\u00f6netimi taraf\u0131ndan verilen \u00f6devleri veya g\u00f6revleri yapmamak,<\/li>\n<li>K\u0131l\u0131k-k\u0131yafet y\u00f6netmeli\u011fine uymamak,<\/li>\n<li>Okulda sigara i\u00e7mek,<\/li>\n<li>Ba\u015fkas\u0131na ait e\u015fyay\u0131 sahibinin izni olmadan almak veya kullanmak,<\/li>\n<li>Dersle ilgili ara\u00e7 ve gere\u00e7leri yan\u0131nda bulundurmamak, bu konuda uyar\u0131lara ald\u0131r\u0131\u015f etmemek,<br \/>\nYalan s\u00f6ylemek,<\/li>\n<li>Duvarlar\u0131, s\u0131ralar\u0131 kirletmek,<\/li>\n<li>Okul i\u00e7inde kavga etmek,<\/li>\n<li>Okula geldi\u011fi halde \u00f6z\u00fcrs\u00fcz olarak derslere, t\u00f6renlere, et\u00fctlere, di\u011fer e\u011fitici \u00e7al\u0131\u015fmalara, s\u0131navlara, at\u00f6lye, laboratuvar ve uygulama \u00e7al\u0131\u015fmalar\u0131na kat\u0131lmamak veya kat\u0131ld\u0131ktan sonra ayr\u0131lmak ve okulu terk etmek,<\/li>\n<li>Okul kitapl\u0131\u011f\u0131ndan, laboratuvarlar\u0131ndan, at\u00f6lyelerden, pansiyon veya spor yurdundan ald\u0131\u011f\u0131 kitap ara\u00e7 ve gere\u00e7leri geri vermemek, eksik vermek, k\u00f6t\u00fc kullanmak,<\/li>\n<li>Okul i\u00e7inde veya d\u0131\u015f\u0131nda y\u00f6neticilere, \u00f6\u011fretmenlere, arkada\u015flar\u0131na ve okulun di\u011fer personeline kaba ve sayg\u0131s\u0131z davranmak,<\/li>\n<li>Dersin ve ders d\u0131\u015f\u0131 faaliyetlerin ak\u0131\u015f\u0131n\u0131 ve d\u00fczenini bozacak davran\u0131\u015flarda bulunmak,<\/li>\n<li>Okul y\u00f6netimi taraf\u0131ndan verilen izin s\u00fcresini \u00f6z\u00fcrs\u00fcz olarak uzatmak.<\/li>\n<\/ul>\n<p><strong>Okuldan K\u0131sa S\u00fcreli Uzakla\u015ft\u0131rma Cezas\u0131n\u0131 Gerektiren Davran\u0131\u015flar:<\/strong><\/p>\n<ul>\n<li>Arkada\u015flar\u0131na sark\u0131nt\u0131l\u0131k, hakaret ve iftira etmek veya ba\u015fkalar\u0131n\u0131 bu gibi davran\u0131\u015flara k\u0131\u015fk\u0131rtmak,<\/li>\n<li>Ki\u015fileri veya gruplar\u0131; dil, \u0131rk, cinsiyet, siyasi d\u00fc\u015f\u00fcnce, felsefi inan\u00e7, din ve mezheplerine g\u00f6re ay\u0131rmay\u0131, k\u0131namay\u0131, k\u00f6t\u00fclemeyi ama\u00e7layan davran\u0131\u015flarda bulunmak,<\/li>\n<li>Okul i\u00e7inde \u00f6\u011frenciler aras\u0131nda grupla\u015fmalara, s\u00fcrt\u00fc\u015fmelere, \u00e7at\u0131\u015fmalara neden olabilecek izinsiz g\u00f6steri veya toplant\u0131 d\u00fczenlemek, siyasi partilere, bu partilere ba\u011fl\u0131 yan kurulu\u015flara veya sendikalara ait amblem, rozet, yaz\u0131, slogan, bildiri, ilan bro\u015f\u00fcr ve benzeri propaganda ara\u00e7lar\u0131n\u0131 da\u011f\u0131tmak,<\/li>\n<li>Okul demirba\u015f e\u015fyas\u0131na, kendisinin ve arkada\u015flar\u0131n\u0131n ara\u00e7 ve gere\u00e7lerine ahlak d\u0131\u015f\u0131, ideolojik veya siyasi ama\u00e7 ta\u015f\u0131yan resim, amblem ve benzerlerini yapmak, yaz\u0131lar yazmak,<\/li>\n<li>Yasaklanm\u0131\u015f her t\u00fcrl\u00fc yay\u0131n\u0131 okula, okula ba\u011fl\u0131 yerlere sokmak veya yan\u0131nda bulundurmak,<\/li>\n<li>Ki\u015fisel durumu ve adresi ile ilgili bilgileri okula yanl\u0131\u015f bildirmek,<\/li>\n<li>Okul yetkililerinin ve Disiplin Kurulunun \u00e7a\u011fr\u0131lar\u0131na uymamak, \u00e7a\u011fr\u0131 yaz\u0131lar\u0131n\u0131 almaktan ka\u00e7\u0131nmak,<\/li>\n<li>Kumar oynamak veya oynatmak,<\/li>\n<li>\u00d6\u011fretmen veya okul y\u00f6netimi taraf\u0131ndan verilen g\u00f6revlerin yap\u0131lmas\u0131na engel olmak,<\/li>\n<li>Okulda bulundu\u011fu halde kas\u0131tl\u0131 olarak bayrak t\u00f6renlerine kat\u0131lmamak,\u00a0\u00f6z\u00fcrs\u00fcz olarak bayram t\u00f6renlerine gelmemek,<\/li>\n<\/ul>\n<p><strong>Okuldan Tasdikname ile Uzakla\u015ft\u0131rma Cezas\u0131n\u0131 Gerektiren Davran\u0131\u015flar:<\/strong><\/p>\n<ul>\n<li>H\u0131rs\u0131zl\u0131k yapmak<\/li>\n<li>Okulla ili\u015fi\u011fi olmayan kimseleri okulda veya okula ait yerlerde bar\u0131nd\u0131rmak,<\/li>\n<li>Okulca verilen kimlik kart\u0131nda veya ba\u015fka belgelerde de\u011fi\u015fiklik yapmak, sahte belge d\u00fczenlemek, \u00fczerinde de\u011fi\u015fiklik yap\u0131lm\u0131\u015f belgeleri kullanmak,<br \/>\nbu belgelerin sa\u011flad\u0131\u011f\u0131 haklardan ba\u015fkalar\u0131n\u0131 yararland\u0131rmak,<\/li>\n<li>Yasaklanm\u0131\u015f kitap, dergi, bro\u015f\u00fcr, gazete, bildiri, beyanname, ilan ve benzerlerini da\u011f\u0131tmak, duvarlara ve di\u011fer yerlere asmak, yap\u0131\u015ft\u0131rmak, yazmak, okul ara\u00e7 ve gere\u00e7lerini\u00a0bu ama\u00e7lar i\u00e7in kullanmak,<\/li>\n<li>Okul s\u0131n\u0131rlar\u0131 i\u00e7indeki herhangi bir yeri okul y\u00f6netiminden izinsiz olarak e\u011fitim ve \u00f6\u011fretim ama\u00e7lar\u0131 d\u0131\u015f\u0131nda kullanmak ve kullan\u0131lmas\u0131na yard\u0131mc\u0131 olmak,<\/li>\n<li>Okulun bina, eklenti ve donan\u0131mlar\u0131n\u0131, okula ait ta\u015f\u0131n\u0131r veya ta\u015f\u0131nmaz mallar\u0131 tahrip etmek,<\/li>\n<li>Ders, s\u0131nav ve di\u011fer faaliyetlerin yap\u0131lmas\u0131n\u0131 engellemek veya arkada\u015flar\u0131n\u0131 bu eylemlere kat\u0131lmaya k\u0131\u015fk\u0131rtmak,<\/li>\n<li>\u00d6\u011fretmenlere, y\u00f6neticilere, memurlara ve di\u011fer g\u00f6revlilere hakaret etmek, kar\u015f\u0131 gelmek, onlar\u0131n okulda veya eklentilerinde g\u00f6revlerini yapmalar\u0131na engel olmak,<\/li>\n<li>Okula yaralay\u0131c\u0131, \u00f6ld\u00fcr\u00fcc\u00fc aletler, silah ve patlay\u0131c\u0131 maddeler getirmek veya bunlar\u0131 bulundurmak,<\/li>\n<li>Zor kullanarak veya tehditle kopya yapmak veya yap\u0131lmas\u0131n\u0131 sa\u011flamak,<\/li>\n<li>Okulda i\u00e7ki i\u00e7mek, i\u00e7kili olarak okula gelmek veya uyu\u015fturucu madde kullanmak,<\/li>\n<li>T\u00fcrk Bayra\u011f\u0131&#8217;na, Okul Sanca\u011f\u0131na kas\u0131tl\u0131 olarak sayg\u0131s\u0131zl\u0131k yapmak,<\/li>\n<li>Milli ve manevi de\u011ferleri s\u00f6zle, yaz\u0131yla veya ba\u015fka bir \u015fekilde a\u015fa\u011f\u0131lamak bu de\u011ferlere k\u00fcfretmek,<\/li>\n<li>Kendi yerine ba\u015fkas\u0131n\u0131 s\u0131nava sokmak, ba\u015fkas\u0131n\u0131n yerine s\u0131nava girmek,<\/li>\n<li>Okul i\u00e7inde siyasi partilerin, bu partilere ba\u011fl\u0131 yan kurulu\u015flar\u0131n, ideolojik ama\u00e7l\u0131 dernek ve kurulu\u015flar\u0131n veya sendikalar\u0131n siyasi ve ideolojik g\u00f6r\u00fc\u015fleri do\u011frultusunda eylem d\u00fczenlemek, ba\u015fkalar\u0131n\u0131 bu gibi eylemleri d\u00fczenlemeye k\u0131\u015fk\u0131rtmak, d\u00fczenlenmi\u015f eylemlere etkin bir bi\u00e7imde kat\u0131lmak,<\/li>\n<li>Herhangi bir kurum, dernek, \u00f6rg\u00fct ve parti ad\u0131na \u00fcye kaydetmek; para toplamak veya ba\u011f\u0131\u015fta bulunmaya zorlamak.<\/li>\n<\/ul>\n<\/div><\/div><\/div><div class=\"fusion-layout-column fusion_builder_column_inner fusion-builder-nested-column-2 fusion_builder_column_inner_1_6 1_6 fusion-flex-column\" style=\"--awb-bg-size:cover;--awb-width-large:16.666666666667%;--awb-margin-top-large:0px;--awb-spacing-right-large:0px;--awb-margin-bottom-large:20px;--awb-spacing-left-large:0px;--awb-width-medium:100%;--awb-spacing-right-medium:0px;--awb-spacing-left-medium:0px;--awb-width-small:100%;--awb-spacing-right-small:0px;--awb-spacing-left-small:0px;\"><div class=\"fusion-column-wrapper fusion-flex-justify-content-flex-start fusion-content-layout-column\"><\/div><\/div><\/div><\/div><\/div><\/div><\/div>\n","protected":false},"excerpt":{"rendered":"","protected":false},"author":6,"featured_media":0,"parent":37,"menu_order":34,"comment_status":"closed","ping_status":"closed","template":"","meta":{"_view_id":"","footnotes":""},"class_list":["post-38","page","type-page","status-publish","hentry"],"jetpack_sharing_enabled":true,"_links":{"self":[{"href":"https:\/\/kp.k12.tr\/lise\/wp-json\/wp\/v2\/pages\/38","targetHints":{"allow":["GET"]}}],"collection":[{"href":"https:\/\/kp.k12.tr\/lise\/wp-json\/wp\/v2\/pages"}],"about":[{"href":"https:\/\/kp.k12.tr\/lise\/wp-json\/wp\/v2\/types\/page"}],"author":[{"embeddable":true,"href":"https:\/\/kp.k12.tr\/lise\/wp-json\/wp\/v2\/users\/6"}],"replies":[{"embeddable":true,"href":"https:\/\/kp.k12.tr\/lise\/wp-json\/wp\/v2\/comments?post=38"}],"version-history":[{"count":0,"href":"https:\/\/kp.k12.tr\/lise\/wp-json\/wp\/v2\/pages\/38\/revisions"}],"up":[{"embeddable":true,"href":"https:\/\/kp.k12.tr\/lise\/wp-json\/wp\/v2\/pages\/37"}],"wp:attachment":[{"href":"https:\/\/kp.k12.tr\/lise\/wp-json\/wp\/v2\/media?parent=38"}],"curies":[{"name":"wp","href":"https:\/\/api.w.org\/{rel}","templated":true}]}}