{"id":35,"date":"2018-01-18T08:07:21","date_gmt":"2018-01-18T08:07:21","guid":{"rendered":"http:\/\/kp.k12.tr\/lise\/egitim\/universite\/yurt-disi-universiteler\/"},"modified":"2024-03-28T20:43:29","modified_gmt":"2024-03-28T17:43:29","slug":"yurt-disi-universiteler","status":"publish","type":"page","link":"https:\/\/kp.k12.tr\/lise\/akademik\/universite\/yurt-disi-universiteler\/","title":{"rendered":"Yurt d\u0131\u015f\u0131 \u00fcniversiteler"},"content":{"rendered":"<div class=\"fusion-fullwidth fullwidth-box fusion-builder-row-1 fusion-flex-container has-pattern-background has-mask-background nonhundred-percent-fullwidth non-hundred-percent-height-scrolling card-1\" style=\"--awb-border-radius-top-left:0px;--awb-border-radius-top-right:0px;--awb-border-radius-bottom-right:0px;--awb-border-radius-bottom-left:0px;--awb-padding-top:0px;--awb-margin-top:60px;--awb-margin-bottom:60px;--awb-flex-wrap:wrap;\" ><div class=\"fusion-builder-row fusion-row fusion-flex-align-items-flex-start fusion-flex-content-wrap\" style=\"max-width:calc( 1100px + 0px );margin-left: calc(-0px \/ 2 );margin-right: calc(-0px \/ 2 );\"><div class=\"fusion-layout-column fusion_builder_column fusion-builder-column-0 fusion_builder_column_1_1 1_1 fusion-flex-column\" style=\"--awb-padding-top:60px;--awb-padding-right:5%;--awb-padding-left:5%;--awb-bg-blend:overlay;--awb-bg-size:cover;--awb-width-large:100%;--awb-margin-top-large:0px;--awb-spacing-right-large:0px;--awb-margin-bottom-large:20px;--awb-spacing-left-large:0px;--awb-width-medium:100%;--awb-spacing-right-medium:0px;--awb-spacing-left-medium:0px;--awb-width-small:100%;--awb-spacing-right-small:0px;--awb-spacing-left-small:0px;\"><div class=\"fusion-column-wrapper fusion-flex-justify-content-flex-start fusion-content-layout-column\"><div class=\"fusion-builder-row fusion-builder-row-inner fusion-row fusion-flex-align-items-flex-start fusion-flex-content-wrap\" style=\"--awb-flex-grow:0;--awb-flex-grow-medium:0;--awb-flex-grow-small:0;--awb-flex-shrink:0;--awb-flex-shrink-medium:0;--awb-flex-shrink-small:0;width:calc( 100% + 0px ) !important;max-width:calc( 100% + 0px ) !important;margin-left: calc(-0px \/ 2 );margin-right: calc(-0px \/ 2 );\"><div class=\"fusion-layout-column fusion_builder_column_inner fusion-builder-nested-column-0 fusion_builder_column_inner_1_6 1_6 fusion-flex-column\" style=\"--awb-bg-blend:overlay;--awb-bg-size:cover;--awb-width-large:16.666666666667%;--awb-margin-top-large:0px;--awb-spacing-right-large:0px;--awb-margin-bottom-large:20px;--awb-spacing-left-large:0px;--awb-width-medium:100%;--awb-spacing-right-medium:0px;--awb-spacing-left-medium:0px;--awb-width-small:100%;--awb-spacing-right-small:0px;--awb-spacing-left-small:0px;\"><div class=\"fusion-column-wrapper fusion-flex-justify-content-flex-start fusion-content-layout-column\"><\/div><\/div><div class=\"fusion-layout-column fusion_builder_column_inner fusion-builder-nested-column-1 fusion_builder_column_inner_2_3 2_3 fusion-flex-column\" style=\"--awb-bg-blend:overlay;--awb-bg-size:cover;--awb-width-large:66.666666666667%;--awb-margin-top-large:0px;--awb-spacing-right-large:0px;--awb-margin-bottom-large:20px;--awb-spacing-left-large:0px;--awb-width-medium:100%;--awb-spacing-right-medium:0px;--awb-spacing-left-medium:0px;--awb-width-small:100%;--awb-spacing-right-small:0px;--awb-spacing-left-small:0px;\"><div class=\"fusion-column-wrapper fusion-flex-justify-content-flex-start fusion-content-layout-column\"><div class=\"fusion-title title fusion-title-1 fusion-sep-none fusion-title-text fusion-title-size-one\" style=\"--awb-margin-bottom:20px;--awb-margin-top-small:10px;--awb-margin-right-small:0px;--awb-margin-bottom-small:10px;--awb-margin-left-small:0px;\"><h1 class=\"fusion-title-heading title-heading-left fusion-responsive-typography-calculated\" style=\"margin:0;--fontSize:30;line-height:1.4;\">Yurt D\u0131\u015f\u0131 \u00dcniversiteler<\/h1><\/div><div class=\"fusion-text fusion-text-1\"><p><em>Bir lise \u00f6\u011frencisinin en b\u00fcy\u00fck hayali yurt d\u0131\u015f\u0131nda bir \u00fcniversite kurumuna yerle\u015fmektir. Bu ama\u00e7 do\u011frultusunda, SAJEV K\u00fc\u00e7\u00fck Prens Lisesi belirli programlar belirlemi\u015ftir. Bu programlar belirli kriterler do\u011frultusunda tasarlanm\u0131\u015ft\u0131r.<\/em><\/p>\n<h4>FRANSIZ \u00dcN\u0130VERS\u0130TELER\u0130<\/h4>\n<p>SAJEV K\u00fc\u00e7\u00fck Prens Lisesi \u00f6\u011frencileri okulumuzun Frans\u0131zca ve Frans\u0131zca fen \/ matematik m\u00fcfredat\u0131 gere\u011fi Fransa\u2019 da okuma imkan\u0131na da sahip olabilirler. Fransa\u2019 da y\u00fcksek \u00f6\u011frenim, kalitesi ve eri\u015filebilirli\u011fiyle d\u00fcnyaca \u00fcnl\u00fcd\u00fcr. Devlet okullar\u0131na devam edenlerin okul \u00fccretleri ve sa\u011fl\u0131k sigortalar\u0131 Frans\u0131z h\u00fck\u00fcmeti taraf\u0131ndan \u00f6denir. Fransa, e\u011fitim kurumlar\u0131na ba\u015fvuran 120,000 den fazla yabanc\u0131 \u00f6\u011frenciyi okullar\u0131na ve \u00fcniversitelerine kabul ederek Avrupa Toplulu\u011funa \u00f6nc\u00fcl\u00fck eder. Frans\u0131z y\u00fcksek devlet ve \u00f6zel e\u011fitim kurumlar\u0131 a\u015fa\u011f\u0131daki gibi iki kategoriye ayr\u0131l\u0131r:<\/p>\n<p><strong><em>Grande Ecole<\/em><\/strong><\/p>\n<p>Fransa 20\u2019si Paris\u2019te, 64\u2019\u00fc Paris d\u0131\u015f\u0131nda ve 3 tanesi deniza\u015f\u0131r\u0131 b\u00f6lgelerinde olmak \u00fczere 87 eyalet \u00fcniversitesine sahiptir. Her bir \u00fcniversite b\u00f6l\u00fcmlere ya da fen bilimlerinden be\u015feri bilimlere kadar t\u00fcm disiplinleri kapsayan UFR\u2019 ye (Unit\u00e9s de formation et de recherche) ayr\u0131lm\u0131\u015ft\u0131r. Her bir disiplinden mezun olabilmek i\u00e7in ge\u00e7ilmesi gereken ders \u00fcnitelerine UV (Unit\u00e9s de valeur) denir. \u00dcniversite diplomalar\u0131 ulusal bir standarda sahiptir ve kurumlar aras\u0131nda de\u011fi\u015fime elveri\u015flidir. \u00dcniversite \u00e7al\u0131\u015fmalar\u0131; (Premier) 1.D\u00f6nem, (Deuxi\u00e8me) 2. D\u00f6nem, ve (Troisi\u00e8me) 3. D\u00f6nemi olarak 3 a\u015famaya ayr\u0131l\u0131rd\u0131. Fakat y\u00fcksek \u00f6\u011frenimle ve bir \u00fclkeden di\u011ferine ge\u00e7i\u015f yapabilme ile ilgili uluslararas\u0131 ko\u015fullar\u0131 yerine getirebilmek ad\u0131na, bir \u00e7ok \u00fcniversite LMD (Lisans\/Mast\u0131r\/ Doktora) bi\u00e7imini temel alan bir sistem geli\u015ftirdiler. Bu nedenle Fransa\u2019da e\u011fitim almak, d\u00fcnyan\u0131n her yerinden gelen \u00f6\u011frencilerin kendi \u00fclkelerinde ge\u00e7erli olacak bir diploma almalar\u0131n\u0131 sa\u011flar.<\/p>\n<p>\u00d6\u011frencilerimiz Fransa&#8217;daki \u00fcniversitelere girebilmek i\u00e7in belirli ko\u015fullar\u0131 da yerine getirmekle y\u00fck\u00fcml\u00fcd\u00fcrler. Di\u011fer \u00fclkelere gitmek i\u00e7in belirledi\u011fimiz \u015fartlar burada da ge\u00e7erlidir. Buna ilave olarak DELF B2 s\u0131nav\u0131 eklenerek \u201cCAMPUS FRANCE\u201d arac\u0131l\u0131\u011f\u0131yla \u00fcniversite ba\u015fvurusu yap\u0131l\u0131r. Ayr\u0131ca aktivitelerde liderlik pozisyonunda olanlar ve bulunduklar\u0131 \u00e7evrelerde g\u00f6n\u00fcll\u00fc projelere kat\u0131lanlar ba\u015fvurularda daha avantajl\u0131 olurlar. Bu nedenle de yurt d\u0131\u015f\u0131nda okuyacak \u00f6\u011frencilerimizin portfolyo dosyalar\u0131 Rehberlik Birimiyle birlikte haz\u0131rlanacakt\u0131r.<\/p>\n<p><strong>ABD, Kanada ve \u0130ngiltere<\/strong>&#8216;de bulunan \u00fcniversitelere kabul edilmenin en \u00f6nemli etkeni not ortalamas\u0131d\u0131r. Se\u00e7kin \u00fcniversitelere girebilmek i\u00e7in her \u015feyden \u00f6nce K\u00fc\u00e7\u00fck Prens Lisesi \u00f6\u011frencilerimizin okulumuzdan mezun olurken lise ortalamalar\u0131n\u0131n 4,5 ya da 5 olmas\u0131 gerekmektedir. Bununla birlikte SAJEV K\u00fc\u00e7\u00fck Prens Lisesinde \u00f6\u011frencilerimize sunulan Uluslararas\u0131 \u00fcniversite programlar\u0131n uygulanmas\u0131 esast\u0131r. Ayr\u0131ca \u0130ngilizce seviyesinin de TOEFL d\u00fczeyinde olmas\u0131 \u00f6n \u015fartt\u0131r. Amerikan \u00fcniversiteleri veya Amerika\u2019daki se\u00e7kin \u00fcniversiteler TOEFL veya IELTS s\u0131navlar\u0131nda al\u0131nacak sonu\u00e7lar\u0131n y\u00fcksek olmas\u0131 \u00f6nemli bir yer te\u015fkil eder. \u00d6\u011fretmen ve dan\u0131\u015fman mektuplar\u0131, kompozisyonlar ve ders d\u0131\u015f\u0131 aktivite listesi bu noktada b\u00fcy\u00fck \u00f6nem kazan\u0131r.<\/p>\n<p>ABD \u00fcniversiteleri, sadece y\u00fcksek not almak i\u00e7in \u00e7al\u0131\u015fan ve bunu \u00f6\u011fretmene hissettiren \u00f6\u011frencilerden \u00e7ok, ger\u00e7ekten \u00f6\u011frenmeye g\u00f6n\u00fcl vermi\u015f, bunu her hareketiyle belli eden \u00f6\u011frencileri tercih eder. Okuma, ara\u015ft\u0131rma ve \u00e7e\u015fitli yaz projeleri yaparak kendini geli\u015ftiren, s\u0131n\u0131f d\u0131\u015f\u0131nda da \u00f6\u011frenmeye a\u00e7\u0131k \u00f6\u011frenciler tercih edilir. Ayr\u0131ca aktivitelerde liderlik pozisyonunda olanlar ve bulunduklar\u0131 \u00e7evrelerde g\u00f6n\u00fcll\u00fc projelere kat\u0131lanlar ba\u015fvurularda daha avantajl\u0131 olurlar. Yukar\u0131da s\u00f6z edilen konular bir tablo halinde a\u015fa\u011f\u0131daki gibi yans\u0131t\u0131lm\u0131\u015ft\u0131r:<\/p>\n<h4>AMER\u0130KAN &amp; KANADA &amp; \u0130NG\u0130L\u0130Z \u00dcN\u0130VERS\u0130TELER\u0130<\/h4>\n<p><strong>ABD, Kanada ve \u0130ngiltere<\/strong>&#8216;de bulunan \u00fcniversitelere kabul edilmenin en \u00f6nemli etkeni not ortalamas\u0131d\u0131r. Se\u00e7kin \u00fcniversitelere girebilmek i\u00e7in her \u015feyden \u00f6nce K\u00fc\u00e7\u00fck Prens Lisesi \u00f6\u011frencilerimizin okulumuzdan mezun olurken lise ortalamalar\u0131n\u0131n 4,5 ya da 5 olmas\u0131 gerekmektedir. Bununla birlikte SAJEV K\u00fc\u00e7\u00fck Prens Lisesinde \u00f6\u011frencilerimize sunulan Uluslararas\u0131 \u00fcniversite programlar\u0131n uygulanmas\u0131 esast\u0131r. Ayr\u0131ca \u0130ngilizce seviyesinin de TOEFL d\u00fczeyinde olmas\u0131 \u00f6n \u015fartt\u0131r. Amerikan \u00fcniversiteleri veya Amerika\u2019daki se\u00e7kin \u00fcniversiteler TOEFL veya IELTS s\u0131navlar\u0131nda al\u0131nacak sonu\u00e7lar\u0131n y\u00fcksek olmas\u0131 \u00f6nemli bir yer te\u015fkil eder. \u00d6\u011fretmen ve dan\u0131\u015fman mektuplar\u0131, kompozisyonlar ve ders d\u0131\u015f\u0131 aktivite listesi bu noktada b\u00fcy\u00fck \u00f6nem kazan\u0131r.<\/p>\n<p>ABD \u00fcniversiteleri, sadece y\u00fcksek not almak i\u00e7in \u00e7al\u0131\u015fan ve bunu \u00f6\u011fretmene hissettiren \u00f6\u011frencilerden \u00e7ok, ger\u00e7ekten \u00f6\u011frenmeye g\u00f6n\u00fcl vermi\u015f, bunu her hareketiyle belli eden \u00f6\u011frencileri tercih eder. Okuma, ara\u015ft\u0131rma ve \u00e7e\u015fitli yaz projeleri yaparak kendini geli\u015ftiren, s\u0131n\u0131f d\u0131\u015f\u0131nda da \u00f6\u011frenmeye a\u00e7\u0131k \u00f6\u011frenciler tercih edilir. Ayr\u0131ca aktivitelerde liderlik pozisyonunda olanlar ve bulunduklar\u0131 \u00e7evrelerde g\u00f6n\u00fcll\u00fc projelere kat\u0131lanlar ba\u015fvurularda daha avantajl\u0131 olurlar. Yukar\u0131da s\u00f6z edilen konular bir tablo halinde a\u015fa\u011f\u0131daki gibi yans\u0131t\u0131lm\u0131\u015ft\u0131r:<\/p>\n<p><strong>Amerika\u2019da Lisans E\u011fitimi<\/strong><\/p>\n<p>Amerika\u2019da iyi bir \u00fcniversite e\u011fitimi almak do\u011fal olarak t\u00fcm d\u00fcnyadan bir\u00e7ok \u00f6\u011frencinin hedefleri aras\u0131ndad\u0131r. Prestijli bir e\u011fitim al\u0131p, gelece\u011fe daha avantajl\u0131 bir donan\u0131mla girmek i\u00e7in Amerika\u2019da \u00fcniversite e\u011fitimi almak okulumuzun Fransa se\u00e7ene\u011fi d\u0131\u015f\u0131nda ikinci se\u00e7enektir. Amerika\u2019da \u00fcniversite e\u011fitimi almak, profesyonel dan\u0131\u015fmanlar deste\u011finde iyi planlanmas\u0131 gereken bir s\u00fcre\u00e7tir.<\/p>\n<p>Amerika\u2019da lisans e\u011fitimi almak i\u00e7in do\u011frudan d\u00f6rt y\u0131ll\u0131k bir \u00fcniversiteye ba\u015fvuru yap\u0131l\u0131r. \u0130kinci bir se\u00e7enek olan iki y\u0131ll\u0131k Y\u00fcksek Okul (Community College) kayd\u0131 yapt\u0131rd\u0131ktan sonra, 3.ve 4. y\u0131llar i\u00e7in tercih edilen bir \u00fcniversiteye devam ederek lisans tamamlan\u0131r. Y\u00fcksek okullar( Community College) Amerika\u2019da y\u00fcksek \u00f6\u011frenim i\u00e7in en \u00e7ok tercih edilen e\u011fitim se\u00e7enekleri aras\u0131nda yer al\u0131r.<\/p>\n<p>Y\u00fcksek okullar\u0131n maliyeti ( Community College), d\u00f6rt y\u0131ll\u0131k \u00fcniversitelere programlar\u0131na g\u00f6re \u00e7ok daha d\u00fc\u015f\u00fckt\u00fcr. 2 y\u0131ll\u0131k y\u00fcksek okullardan mezun olan \u00f6\u011frenciler, Amerika\u2019daki 4 y\u0131ll\u0131k \u00fcniversitelerin \u00e7o\u011funa do\u011frudan kabul edilirler ve e\u011fitimlerine hi\u00e7bir engel olmadan devam edebilirler, ve mezun olduklar\u0131 \u00fcniversitenin de diplomas\u0131n\u0131 ald\u0131klar\u0131 i\u00e7in 2 diplomaya birden sahip olurlar. D\u00f6rt y\u0131ll\u0131k bir \u00fcniversiteye do\u011frudan kabul edilmek i\u00e7in iki s\u0131nava gereksinim vard\u0131r. TOEFL ve SAT. Bu s\u0131navlardan al\u0131nan puan, lise not ortalamas\u0131 ba\u015fvurulan \u00fcniversiteye kabul i\u00e7in gereklidir.<\/p>\n<p><strong>\u0130ngiltere E\u011fitim Sistemine Genel Bak\u0131\u015f<\/strong><\/p>\n<p>Genel olarak \u0130ngiliz E\u011fitim sistemi Lisans ve y\u00fcksek lisans olarak ikiye ayr\u0131l\u0131r. Lisans program\u0131 genellikle 3 y\u0131l s\u00fcrer. Baz\u0131 teknik b\u00f6l\u00fcmlerde ise bu s\u00fcre 4 y\u0131la kadar uzayabilir. \u00dclkede akademik y\u0131l \u00e7o\u011fu \u00fcniversitede eyl\u00fcl ve ekim aylar\u0131nda ba\u015flar. \u0130ngiltere\u2019de e\u011fitim sistemi \u00fc\u00e7 d\u00f6nemlidir. Her bir d\u00f6nem on-on d\u00f6rt hafta uzunlu\u011fundad\u0131r. D\u00f6nemler genellikle okullar ve y\u00fcksek okullar i\u00e7in daha uzun, \u00fcniversiteler i\u00e7inse daha k\u0131sad\u0131r.<\/p>\n<p>\u0130ngiliz e\u011fitim sistemi adaylara zengin bir kariyer sunmakla birlikte mesleki niteliklerinin geli\u015ftirilmesine ve i\u015f d\u00fcnyas\u0131na haz\u0131rlamak a\u00e7\u0131s\u0131ndan \u00e7e\u015fitli e\u011fitim programlar\u0131n\u0131 da b\u00fcnyesinde bar\u0131nd\u0131r\u0131r. \u0130ngiliz y\u00fcksek e\u011fitim sistemi, k\u00f6kl\u00fc ge\u00e7mi\u015fi, ileri d\u00fczey teknolojik alt yap\u0131s\u0131 ve \u00f6\u011frencilerine sa\u011flad\u0131\u011f\u0131 ara\u015ft\u0131rma olanaklar\u0131, k\u00fct\u00fcphane ve laboratuvar imkanlar\u0131 e\u011fitim a\u00e7\u0131s\u0131ndan \u00f6nemli kriterlerdir.<\/p>\n<p><strong>Lisans \/ Kabul \u015fartlar\u0131 ve Foundation Programlar\u0131<\/strong><\/p>\n<p>\u0130ngiltere ve T\u00fcrkiye\u2019de uygulanmakta olan lise e\u011fitim sistemi farkl\u0131 oldu\u011fundan T\u00fcrkiye\u2019de lise bitirmi\u015f olan \u00f6\u011frencilerin \u0130ngiltere\u2019de \u00fcniversite kabul ko\u015fullar\u0131 farkl\u0131d\u0131r. T\u00fcrkiye\u2019de liseden mezun olan \u00f6\u011frenciler \u0130ngiliz Lise sistemine g\u00f6re yeterli g\u00f6r\u00fclmedi\u011fi i\u00e7in, bir ba\u015fka deyi\u015fle A Level d\u00fczeyinde kabul edilmediklerinden, do\u011frudan \u0130ngiltere\u2019de \u00fcniversiteye ba\u015flayamazlar. T\u00fcrkiye\u2019de lise mezunu olup, \u0130ngiltere\u2019de \u00fcniversite okumak isteyen bir \u00f6\u011frenci, hem iyi derecede \u0130ngilizce bilmek zorundad\u0131r hem de buna ek olarak A Level d\u00fczeyine gelebilmesi i\u00e7in 1 y\u0131l s\u00fcre ile FOUNDATION (haz\u0131rl\u0131k) e\u011fitimi almal\u0131d\u0131r. \u00c7o\u011fu \u00fcniversite ve \u00f6zel e\u011fitim kurumlar\u0131 taraf\u0131ndan verilmekte olan FOUNDATION e\u011fitiminde \u00f6\u011frenciye 1 y\u0131l boyunca Fen Bilgisi, Matematik, Sosyal Bilimler gibi alanlarda eksiklik duyduklar\u0131 konularda destekleyici dersler verilir. \u00d6\u011frenciler Foundation e\u011fitiminde okumak istedikleri b\u00f6l\u00fcme g\u00f6re haz\u0131rlan\u0131rlar ve Foundation e\u011fitimini ba\u015far\u0131yla tamamlayan \u00f6\u011frenciler \u00fcniversitelere kabul edilirler.<\/p>\n<\/div><\/div><\/div><div class=\"fusion-layout-column fusion_builder_column_inner fusion-builder-nested-column-2 fusion_builder_column_inner_1_6 1_6 fusion-flex-column\" style=\"--awb-bg-blend:overlay;--awb-bg-size:cover;--awb-width-large:16.666666666667%;--awb-margin-top-large:0px;--awb-spacing-right-large:0px;--awb-margin-bottom-large:20px;--awb-spacing-left-large:0px;--awb-width-medium:100%;--awb-spacing-right-medium:0px;--awb-spacing-left-medium:0px;--awb-width-small:100%;--awb-spacing-right-small:0px;--awb-spacing-left-small:0px;\"><div class=\"fusion-column-wrapper fusion-flex-justify-content-flex-start fusion-content-layout-column\"><\/div><\/div><\/div><\/div><\/div><div class=\"fusion-layout-column fusion_builder_column fusion-builder-column-1 fusion_builder_column_1_2 1_2 fusion-flex-column\" style=\"--awb-padding-top:30px;--awb-padding-bottom:30px;--awb-padding-left:30px;--awb-bg-color:#fabf3a;--awb-bg-color-hover:#fabf3a;--awb-bg-size:cover;--awb-width-large:50%;--awb-margin-top-large:0px;--awb-spacing-right-large:0px;--awb-margin-bottom-large:0px;--awb-spacing-left-large:0px;--awb-width-medium:100%;--awb-spacing-right-medium:0px;--awb-spacing-left-medium:0px;--awb-width-small:100%;--awb-spacing-right-small:0px;--awb-spacing-left-small:0px;\"><div class=\"fusion-column-wrapper fusion-flex-justify-content-center fusion-content-layout-column\"><div class=\"fusion-title title fusion-title-2 fusion-sep-none fusion-title-text fusion-title-size-four\" style=\"--awb-margin-top-small:10px;--awb-margin-right-small:0px;--awb-margin-bottom-small:10px;--awb-margin-left-small:0px;\"><h4 class=\"fusion-title-heading title-heading-left fusion-responsive-typography-calculated\" style=\"margin:0;--fontSize:20;--minFontSize:20;line-height:1.5;\"><a style=\"color: #ffffff;\" href=\"https:\/\/kp.k12.tr\/lise\/egitim\/universite\/turkiye-universiteler\/\"><i class=\"fb-icon-element-1 fb-icon-element fontawesome-icon fa fa-arrow-left circle-no fusion-text-flow\" style=\"--awb-font-size:32px;--awb-margin-right:16px;\"><\/i>T\u00fcrkiye &#8211; \u00dcniversiteler<\/a><\/h4><\/div><\/div><\/div><div class=\"fusion-layout-column fusion_builder_column fusion-builder-column-2 fusion_builder_column_1_2 1_2 fusion-flex-column\" style=\"--awb-padding-top:30px;--awb-padding-right:30px;--awb-padding-bottom:30px;--awb-bg-color:#fabf3a;--awb-bg-color-hover:#fabf3a;--awb-bg-size:cover;--awb-width-large:50%;--awb-margin-top-large:0px;--awb-spacing-right-large:0px;--awb-margin-bottom-large:0px;--awb-spacing-left-large:0px;--awb-width-medium:100%;--awb-spacing-right-medium:0px;--awb-spacing-left-medium:0px;--awb-width-small:100%;--awb-spacing-right-small:0px;--awb-spacing-left-small:0px;\"><div class=\"fusion-column-wrapper fusion-flex-justify-content-center fusion-content-layout-column\"><div class=\"fusion-title title fusion-title-3 fusion-sep-none fusion-title-text fusion-title-size-four\" style=\"--awb-margin-top-small:10px;--awb-margin-right-small:0px;--awb-margin-bottom-small:10px;--awb-margin-left-small:0px;\"><h4 class=\"fusion-title-heading title-heading-right fusion-responsive-typography-calculated\" style=\"margin:0;--fontSize:20;--minFontSize:20;line-height:1.5;\"><a style=\"color: #ffffff;\" href=\"https:\/\/kp.k12.tr\/lise\/egitim\/universite\/galatasaray-universitesi\/\">Galatasaray \u00dcniversitesi<i class=\"fb-icon-element-2 fb-icon-element fontawesome-icon fa fa-arrow-right circle-no fusion-text-flow\" style=\"--awb-font-size:32px;--awb-margin-right:16px;\"><\/i><\/a><\/h4><\/div><\/div><\/div><\/div><\/div>\n","protected":false},"excerpt":{"rendered":"","protected":false},"author":6,"featured_media":0,"parent":33,"menu_order":31,"comment_status":"closed","ping_status":"closed","template":"","meta":{"_view_id":"","footnotes":""},"class_list":["post-35","page","type-page","status-publish","hentry"],"jetpack_sharing_enabled":true,"_links":{"self":[{"href":"https:\/\/kp.k12.tr\/lise\/wp-json\/wp\/v2\/pages\/35","targetHints":{"allow":["GET"]}}],"collection":[{"href":"https:\/\/kp.k12.tr\/lise\/wp-json\/wp\/v2\/pages"}],"about":[{"href":"https:\/\/kp.k12.tr\/lise\/wp-json\/wp\/v2\/types\/page"}],"author":[{"embeddable":true,"href":"https:\/\/kp.k12.tr\/lise\/wp-json\/wp\/v2\/users\/6"}],"replies":[{"embeddable":true,"href":"https:\/\/kp.k12.tr\/lise\/wp-json\/wp\/v2\/comments?post=35"}],"version-history":[{"count":0,"href":"https:\/\/kp.k12.tr\/lise\/wp-json\/wp\/v2\/pages\/35\/revisions"}],"up":[{"embeddable":true,"href":"https:\/\/kp.k12.tr\/lise\/wp-json\/wp\/v2\/pages\/33"}],"wp:attachment":[{"href":"https:\/\/kp.k12.tr\/lise\/wp-json\/wp\/v2\/media?parent=35"}],"curies":[{"name":"wp","href":"https:\/\/api.w.org\/{rel}","templated":true}]}}