{"id":34,"date":"2018-01-18T08:07:21","date_gmt":"2018-01-18T05:07:21","guid":{"rendered":"http:\/\/kp.k12.tr\/lise\/egitim\/universite\/uluslararasi-hedeflerimizoturkiye-universiteler\/"},"modified":"2018-03-23T11:25:27","modified_gmt":"2018-03-23T08:25:27","slug":"turkiye-universiteler","status":"publish","type":"page","link":"https:\/\/kp.k12.tr\/lise\/akademik\/universite\/turkiye-universiteler\/","title":{"rendered":"T\u00fcrkiye &#8211; \u00dcniversiteler"},"content":{"rendered":"<div class=\"fusion-fullwidth fullwidth-box fusion-builder-row-1 fusion-flex-container nonhundred-percent-fullwidth non-hundred-percent-height-scrolling card-1\" style=\"--awb-border-radius-top-left:0px;--awb-border-radius-top-right:0px;--awb-border-radius-bottom-right:0px;--awb-border-radius-bottom-left:0px;--awb-margin-top:60px;--awb-margin-bottom:60px;--awb-flex-wrap:wrap;\" ><div class=\"fusion-builder-row fusion-row fusion-flex-align-items-flex-start fusion-flex-content-wrap\" style=\"max-width:calc( 1100px + 0px );margin-left: calc(-0px \/ 2 );margin-right: calc(-0px \/ 2 );\"><div class=\"fusion-layout-column fusion_builder_column fusion-builder-column-0 fusion_builder_column_1_1 1_1 fusion-flex-column\" style=\"--awb-padding-top:60px;--awb-padding-right:5%;--awb-padding-left:5%;--awb-bg-size:cover;--awb-width-large:100%;--awb-margin-top-large:0px;--awb-spacing-right-large:0px;--awb-margin-bottom-large:20px;--awb-spacing-left-large:0px;--awb-width-medium:100%;--awb-spacing-right-medium:0px;--awb-spacing-left-medium:0px;--awb-width-small:100%;--awb-spacing-right-small:0px;--awb-spacing-left-small:0px;\"><div class=\"fusion-column-wrapper fusion-flex-justify-content-flex-start fusion-content-layout-column\"><div class=\"fusion-builder-row fusion-builder-row-inner fusion-row fusion-flex-align-items-flex-start fusion-flex-content-wrap\" style=\"--awb-flex-grow:0;--awb-flex-grow-medium:0;--awb-flex-grow-small:0;--awb-flex-shrink:0;--awb-flex-shrink-medium:0;--awb-flex-shrink-small:0;width:calc( 100% + 0px ) !important;max-width:calc( 100% + 0px ) !important;margin-left: calc(-0px \/ 2 );margin-right: calc(-0px \/ 2 );\"><div class=\"fusion-layout-column fusion_builder_column_inner fusion-builder-nested-column-0 fusion_builder_column_inner_1_6 1_6 fusion-flex-column\" style=\"--awb-bg-size:cover;--awb-width-large:16.666666666667%;--awb-margin-top-large:0px;--awb-spacing-right-large:0px;--awb-margin-bottom-large:20px;--awb-spacing-left-large:0px;--awb-width-medium:100%;--awb-spacing-right-medium:0px;--awb-spacing-left-medium:0px;--awb-width-small:100%;--awb-spacing-right-small:0px;--awb-spacing-left-small:0px;\"><div class=\"fusion-column-wrapper fusion-flex-justify-content-flex-start fusion-content-layout-column\"><\/div><\/div><div class=\"fusion-layout-column fusion_builder_column_inner fusion-builder-nested-column-1 fusion_builder_column_inner_2_3 2_3 fusion-flex-column\" style=\"--awb-bg-size:cover;--awb-width-large:66.666666666667%;--awb-margin-top-large:0px;--awb-spacing-right-large:0px;--awb-margin-bottom-large:20px;--awb-spacing-left-large:0px;--awb-width-medium:100%;--awb-spacing-right-medium:0px;--awb-spacing-left-medium:0px;--awb-width-small:100%;--awb-spacing-right-small:0px;--awb-spacing-left-small:0px;\"><div class=\"fusion-column-wrapper fusion-flex-justify-content-flex-start fusion-content-layout-column\"><div class=\"fusion-title title fusion-title-1 fusion-sep-none fusion-title-text fusion-title-size-one\" style=\"--awb-margin-bottom:20px;--awb-margin-top-small:10px;--awb-margin-right-small:0px;--awb-margin-bottom-small:10px;--awb-margin-left-small:0px;\"><h1 class=\"fusion-title-heading title-heading-left fusion-responsive-typography-calculated\" style=\"margin:0;--fontSize:30;line-height:1.4;\">T\u00fcrkiye&#8217;de \u00dcniversiteler<\/h1><\/div><div class=\"fusion-text fusion-text-1\"><p>T\u00fcrkiye\u2019de devlet ve vak\u0131f \u00fcniversiteleri olmak \u00fczere iki \u00e7e\u015fit \u00fcniversite vard\u0131r. B\u00fct\u00fcn \u00fcniversiteler <a href=\"http:\/\/www.yok.gov.tr\/\" target=\"_blank\" rel=\"noopener\">Y\u00fcksek\u00f6\u011fretim Kurumu (Y\u00d6K)<\/a> taraf\u0131ndan akredite edilir. 2013 y\u0131l\u0131 A\u011fustos ay\u0131 itibar\u0131 ile devlet \u00fcniversitelerinin say\u0131s\u0131 104, vak\u0131f \u00fcniversitelerinin say\u0131s\u0131 ise 71\u2019tir. A\u011fustos 2012\u2019de \u00e7\u0131kart\u0131lan bir yasa ile,\u00a0ikinci \u00f6\u011fretim programlar\u0131na kay\u0131tl\u0131 \u00f6\u011frenciler haricinde devlet \u00fcniversitelerinde okuyan \u00f6\u011frencilerinden katk\u0131 pay\u0131 al\u0131nmamas\u0131na karar verilmi\u015ftir.<\/p>\n<p>Vak\u0131f \u00fcniversiteleri, do\u011frudan devlete ba\u011fl\u0131 olmayan, bir vak\u0131f taraf\u0131ndan \u00f6zerk olarak i\u015fletilen, paral\u0131 \u00fcniversitelerdir. Vak\u0131f \u00fcniversitelerinin \u00e7o\u011funda \u0130\u015fletme, Bilgisayar Bilimleri gibi lisans\u00fcst\u00fc programlar da vard\u0131r. Baz\u0131 vak\u0131f \u00fcniversiteleri M\u00fchendislik ve T\u0131p programlar\u0131ndaki ba\u015far\u0131lar\u0131yla bilinir. Vak\u0131f \u00fcniversitelerinin \u00e7o\u011funda e\u011fitim dili \u0130ngilizce\u2019dir. \u00c7o\u011fu vak\u0131f \u00fcniversitesinde yabanc\u0131 dil yeterlili\u011fi olmayan \u00f6\u011frencilere y\u00f6nelik \u0130ngilizce haz\u0131rl\u0131k s\u0131n\u0131flar\u0131 vard\u0131r.<\/p>\n<p>Vak\u0131f \u00fcniversiteleri, do\u011frudan devlete ba\u011fl\u0131 olmayan, bir vak\u0131f taraf\u0131ndan \u00f6zerk olarak i\u015fletilen \u00fcniversitedir. T\u00fcrkiye&#8217;de, kanunlara g\u00f6re vak\u0131f \u00fcniversiteleri, Y\u00fcksek\u00f6\u011fretim Kurulunun \u00f6nerisi \u00fczerine kanunla kurulur. Bu t\u00fcr \u00fcniversitelerin kurulmas\u0131, yeni bir \u00fcniversite kurma veya kurulmu\u015f bulunan bir y\u00fcksek\u00f6\u011fretim kurumuna \u00fcniversite ad\u0131n\u0131n verilmesi \u015feklinde olur. Vak\u0131f Y\u00fcksek\u00f6\u011fretim Kurumu, 2547 say\u0131l\u0131 kanun h\u00fck\u00fcmleri uyar\u0131nca, devlet taraf\u0131ndan kurulmu\u015f bulunan y\u00fcksek\u00f6\u011fretim kurumudur.<\/p>\n<p>Vak\u0131flarca \u00fcniversite kurulabilmesi i\u00e7in, \u00fcniversitenin en az iki fak\u00fclteden olu\u015fmas\u0131, bu fak\u00fcltelerin b\u00fcnyelerinde fen ve edebiyat alanlar\u0131 ile ilgili e\u011fitim programlar\u0131n\u0131n mevcut olmas\u0131, fen ve edebiyat programlar\u0131n\u0131n \u00fcniversitenin ilk a\u00e7\u0131lacak e\u011fitim programlar\u0131 aras\u0131nda yer almas\u0131 ve \u00fcniversitenin e\u011fitim-\u00f6\u011fretime ba\u015flayaca\u011f\u0131 y\u0131l bu programlara \u00f6\u011frenci al\u0131naca\u011f\u0131n\u0131n taahh\u00fct edilmesi gereklidir. Yerle\u015ftirmeler yine Y\u00d6K taraf\u0131ndan yap\u0131l\u0131r.<\/p>\n<p><a href=\"http:\/\/kp.k12.tr\/lise\/wp-content\/uploads\/sites\/2\/2018\/03\/yuksekogretim_kurumlari_sinavi_sss_ve_cevaplari_puan_turleri_ile.pdf\" target=\"_blank\" rel=\"noopener\">Y\u00dcKSEK\u00d6\u011eRET\u0130M KURUMLARI SINAVI \u0130LE \u0130LG\u0130L\u0130 SIK\u00c7A SORULAN SORULAR VE CEVAPLARI \u0130\u00c7\u0130N TIKLAYINIZ.<\/a><\/p>\n<\/div><\/div><\/div><div class=\"fusion-layout-column fusion_builder_column_inner fusion-builder-nested-column-2 fusion_builder_column_inner_1_6 1_6 fusion-flex-column\" style=\"--awb-bg-size:cover;--awb-width-large:16.666666666667%;--awb-margin-top-large:0px;--awb-spacing-right-large:0px;--awb-margin-bottom-large:20px;--awb-spacing-left-large:0px;--awb-width-medium:100%;--awb-spacing-right-medium:0px;--awb-spacing-left-medium:0px;--awb-width-small:100%;--awb-spacing-right-small:0px;--awb-spacing-left-small:0px;\"><div class=\"fusion-column-wrapper fusion-flex-justify-content-flex-start fusion-content-layout-column\"><\/div><\/div><\/div><\/div><\/div><div class=\"fusion-layout-column fusion_builder_column fusion-builder-column-1 fusion_builder_column_1_1 1_1 fusion-flex-column\" style=\"--awb-padding-top:30px;--awb-padding-right:30px;--awb-padding-bottom:30px;--awb-bg-color:#fabf3a;--awb-bg-color-hover:#fabf3a;--awb-bg-size:cover;--awb-width-large:100%;--awb-margin-top-large:0px;--awb-spacing-right-large:0px;--awb-margin-bottom-large:0px;--awb-spacing-left-large:0px;--awb-width-medium:100%;--awb-spacing-right-medium:0px;--awb-spacing-left-medium:0px;--awb-width-small:100%;--awb-spacing-right-small:0px;--awb-spacing-left-small:0px;\"><div class=\"fusion-column-wrapper fusion-flex-justify-content-center fusion-content-layout-column\"><div class=\"fusion-title title fusion-title-2 fusion-sep-none fusion-title-text fusion-title-size-four\" style=\"--awb-margin-top-small:10px;--awb-margin-right-small:0px;--awb-margin-bottom-small:10px;--awb-margin-left-small:0px;\"><h4 class=\"fusion-title-heading title-heading-right fusion-responsive-typography-calculated\" style=\"margin:0;--fontSize:20;--minFontSize:20;line-height:1.5;\"><a style=\"color: #ffffff;\" href=\"http:\/\/kp.k12.tr\/lise\/egitim\/universite\/yurt-disi-universiteler\/\">Yurt D\u0131\u015f\u0131 \u00dcniversiteler <i class=\"fb-icon-element-1 fb-icon-element fontawesome-icon fa fa-arrow-right circle-no fusion-text-flow\" style=\"--awb-font-size:32px;--awb-margin-right:16px;\"><\/i><\/a><\/h4><\/div><\/div><\/div><\/div><\/div>\n","protected":false},"excerpt":{"rendered":"","protected":false},"author":6,"featured_media":0,"parent":33,"menu_order":30,"comment_status":"closed","ping_status":"closed","template":"","meta":{"_view_id":"","footnotes":""},"class_list":["post-34","page","type-page","status-publish","hentry"],"jetpack_sharing_enabled":true,"_links":{"self":[{"href":"https:\/\/kp.k12.tr\/lise\/wp-json\/wp\/v2\/pages\/34","targetHints":{"allow":["GET"]}}],"collection":[{"href":"https:\/\/kp.k12.tr\/lise\/wp-json\/wp\/v2\/pages"}],"about":[{"href":"https:\/\/kp.k12.tr\/lise\/wp-json\/wp\/v2\/types\/page"}],"author":[{"embeddable":true,"href":"https:\/\/kp.k12.tr\/lise\/wp-json\/wp\/v2\/users\/6"}],"replies":[{"embeddable":true,"href":"https:\/\/kp.k12.tr\/lise\/wp-json\/wp\/v2\/comments?post=34"}],"version-history":[{"count":0,"href":"https:\/\/kp.k12.tr\/lise\/wp-json\/wp\/v2\/pages\/34\/revisions"}],"up":[{"embeddable":true,"href":"https:\/\/kp.k12.tr\/lise\/wp-json\/wp\/v2\/pages\/33"}],"wp:attachment":[{"href":"https:\/\/kp.k12.tr\/lise\/wp-json\/wp\/v2\/media?parent=34"}],"curies":[{"name":"wp","href":"https:\/\/api.w.org\/{rel}","templated":true}]}}