{"id":2927,"date":"2018-06-29T13:40:09","date_gmt":"2018-06-29T10:40:09","guid":{"rendered":"http:\/\/kp.k12.tr\/lise\/?page_id=2927"},"modified":"2025-07-11T14:59:14","modified_gmt":"2025-07-11T11:59:14","slug":"kesin-kayit-proseduru","status":"publish","type":"page","link":"https:\/\/kp.k12.tr\/lise\/aday-ogrenci\/kesin-kayit-proseduru\/","title":{"rendered":"Kesin Kay\u0131t Prosed\u00fcr\u00fc"},"content":{"rendered":"<div class=\"fusion-fullwidth fullwidth-box fusion-builder-row-1 fusion-flex-container hundred-percent-fullwidth non-hundred-percent-height-scrolling\" style=\"--awb-border-radius-top-left:0px;--awb-border-radius-top-right:0px;--awb-border-radius-bottom-right:0px;--awb-border-radius-bottom-left:0px;--awb-margin-top:60px;--awb-margin-bottom:60px;--awb-background-color:#fafafa;--awb-flex-wrap:wrap;\" ><div class=\"fusion-builder-row fusion-row fusion-flex-align-items-flex-start fusion-flex-content-wrap\" style=\"width:104% !important;max-width:104% !important;margin-left: calc(-4% \/ 2 );margin-right: calc(-4% \/ 2 );\"><div class=\"fusion-layout-column fusion_builder_column fusion-builder-column-0 fusion_builder_column_1_1 1_1 fusion-flex-column card-1\" style=\"--awb-padding-top:5%;--awb-padding-right:5%;--awb-padding-bottom:5%;--awb-padding-left:5%;--awb-bg-color:#ffffff;--awb-bg-color-hover:#ffffff;--awb-bg-size:cover;--awb-width-large:100%;--awb-margin-top-large:0px;--awb-spacing-right-large:1.92%;--awb-margin-bottom-large:20px;--awb-spacing-left-large:1.92%;--awb-width-medium:100%;--awb-spacing-right-medium:1.92%;--awb-spacing-left-medium:1.92%;--awb-width-small:100%;--awb-spacing-right-small:1.92%;--awb-spacing-left-small:1.92%;\"><div class=\"fusion-column-wrapper fusion-flex-justify-content-flex-start fusion-content-layout-column\"><div class=\"fusion-builder-row fusion-builder-row-inner fusion-row fusion-flex-align-items-flex-start fusion-flex-content-wrap\" style=\"--awb-flex-grow:0;--awb-flex-grow-medium:0;--awb-flex-grow-small:0;--awb-flex-shrink:0;--awb-flex-shrink-medium:0;--awb-flex-shrink-small:0;width:104% !important;max-width:104% !important;margin-left: calc(-4% \/ 2 );margin-right: calc(-4% \/ 2 );\"><div class=\"fusion-layout-column fusion_builder_column_inner fusion-builder-nested-column-0 fusion_builder_column_inner_1_1 1_1 fusion-flex-column\" style=\"--awb-bg-size:cover;--awb-width-large:100%;--awb-margin-top-large:0px;--awb-spacing-right-large:1.92%;--awb-margin-bottom-large:20px;--awb-spacing-left-large:1.92%;--awb-width-medium:100%;--awb-spacing-right-medium:1.92%;--awb-spacing-left-medium:1.92%;--awb-width-small:100%;--awb-spacing-right-small:1.92%;--awb-spacing-left-small:1.92%;\"><div class=\"fusion-column-wrapper fusion-flex-justify-content-flex-start fusion-content-layout-column\"><div class=\"fusion-title title fusion-title-1 fusion-sep-none fusion-title-text fusion-title-size-one\" style=\"--awb-margin-bottom:20px;--awb-margin-top-small:10px;--awb-margin-right-small:0px;--awb-margin-bottom-small:10px;--awb-margin-left-small:0px;\"><h1 class=\"fusion-title-heading title-heading-left fusion-responsive-typography-calculated\" style=\"margin:0;--fontSize:30;line-height:1.4;\">Kesin Kay\u0131t Prosed\u00fcr\u00fc<\/h1><\/div><div class=\"fusion-text fusion-text-1\"><p><strong>Kesin Kay\u0131t Prosed\u00fcr\u00fc<\/strong><\/p>\n<p>Kay\u0131t i\u015flemleri i\u00e7in sadece bir ki\u015fi okul binalar\u0131na kabul edilecektir. Bu s\u00fcre\u00e7te anlay\u0131\u015f ve i\u015f birli\u011finiz i\u00e7in te\u015fekk\u00fcr ederiz.<\/p>\n<p>Okulun Haz\u0131rl\u0131k s\u0131n\u0131f\u0131 kontenjan\u0131 100 d\u00fcr.<\/p>\n<p>(Okul Haz\u0131rl\u0131k s\u0131n\u0131f\u0131 kontenjan\u0131n\u0131 doldurmak zorunda de\u011fildir, puan d\u00fc\u015f\u00fcrmeyip kay\u0131tlar\u0131n\u0131 herhangi bir zamanda durdurabilir veya kontenjan artt\u0131rabilir.)<\/p>\n<p>\u00d6NEML\u0130: Herhangi bir nedenle s\u0131nav sonu\u00e7lar\u0131n\u0131n belirtilen tarihten daha erken ilan\u0131 ve\/veya kay\u0131t takviminde de\u011fi\u015fiklik olmas\u0131 durumunda kay\u0131t takvimimiz buna g\u00f6re g\u00fcncellenecektir.<\/p>\n<ol>\n<li>SINAVLA \u00d6\u011eRENC\u0130 ALACAK ORTA\u00d6\u011eRET\u0130M KURUMLARINA \u0130L\u0130\u015eK\u0130N MERKEZ\u0130 SINAV<\/li>\n<\/ol>\n<p>Milli E\u011fitim Bakanl\u0131\u011f\u0131 taraf\u0131ndan 8. s\u0131n\u0131f \u00f6\u011frencilerine y\u00f6nelik Merkezi S\u0131nav 15 Haziran 2025 tarihinde ger\u00e7ekle\u015ftirecektir. S\u0131navla \u00d6\u011frenci alacak \u00f6zel orta \u00f6\u011fretim kurumlar\u0131, Liselerine \u00f6\u011frenci kay\u0131t kabul i\u015flemlerini, okulun MEB onayl\u0131 kurum y\u00f6netmeli\u011finde belirtilen y\u00f6netmelik h\u00fck\u00fcmleri do\u011frultusunda, taban puan ilan\u0131 ve ilan edilen kay\u0131t takvimi \u00e7er\u00e7evesinde \u00f6n kay\u0131t- kesin kay\u0131t sistemiyle yapar.<\/p>\n<ol>\n<li>MERKEZ\u00ce SINAV PUANI (MSP)<\/li>\n<\/ol>\n<p>Okul yerle\u015ftirme puan\u0131 Mill\u00ee E\u011fitim Bakanl\u0131\u011f\u0131\u2019nca hesaplanacak Merkez\u00ee S\u0131nav Puan\u0131d\u0131r.<\/p>\n<p>Herhangi bir d\u00f6nemde; Mill\u00ee E\u011fitim Bakanl\u0131\u011f\u0131 taraf\u0131ndan puanlar\u0131n de\u011fi\u015ftirilmesi durumunda, yerle\u015ftirmelerde Bakanl\u0131\u011f\u0131n yay\u0131mlayaca\u011f\u0131 son puanlar ge\u00e7erli olacakt\u0131r.<\/p>\n<ol>\n<li>OKULA BA\u015eVURU \u015eARTLARI<\/li>\n<\/ol>\n<p>Yerle\u015ftirilme i\u015flemlerine dahil edilebilmesi i\u00e7in, aday\u0131n Mill\u00ee E\u011fitim Bakanl\u0131\u011f\u0131\u2019nca yap\u0131lan 8. s\u0131n\u0131f Merkezi S\u0131nav\u0131na (LGS) kat\u0131lm\u0131\u015f, s\u0131nav\u0131n\u0131n ge\u00e7erli say\u0131lm\u0131\u015f ve okula ba\u015fvuruda bulunmu\u015f olmas\u0131 gerekir.<\/p>\n<p>Okulun a\u00e7\u0131klad\u0131\u011f\u0131 taban puana e\u015fit veya \u00fczerinde puan alm\u0131\u015f her aday ba\u015fvuruda bulunabilir<\/p>\n<ol>\n<li>KAYITLARLA \u0130LG\u0130L\u0130 ESASLAR<\/li>\n<\/ol>\n<p>4.1. Okul, kay\u0131t i\u015f ve i\u015flemleri ile ilgili olarak KVKK h\u00fck\u00fcm ve esaslar\u0131 \u00e7er\u00e7evesinde velilerden talepte bulunabilir.<\/p>\n<p>4.2. Kay\u0131tlar Okul Kay\u0131t Kabul Komisyonu taraf\u0131ndan y\u00fcr\u00fct\u00fcl\u00fcr. Komisyon okul taraf\u0131ndan olu\u015fturulur. Komisyonda, Okul M\u00fcd\u00fcr\u00fc, M\u00fcd\u00fcr Yard\u0131mc\u0131s\u0131 ve \u00d6\u011frenci kay\u0131t ve takip i\u015fleri m\u00fcd\u00fcr\u00fc bulunur. Kay\u0131tlar s\u0131ras\u0131nda yap\u0131lan t\u00fcm i\u015f ve i\u015flemler Komisyon taraf\u0131ndan tutanak alt\u0131na al\u0131n\u0131r.<\/p>\n<p>4.3. \u00d6\u011frenci velileri, kay\u0131t kabul i\u015flemlerinde resmi kimlik ve MEB sistemlerine giri\u015f i\u00e7in gerekli belgeleri ibraz edeceklerdir.<\/p>\n<p>4.4. \u00d6n kay\u0131tlar, elektronik ortamda yap\u0131lacakt\u0131r.<\/p>\n<p>4.5. Kesin kay\u0131tlarda adaylar\u0131n puanlar\u0131n\u0131n e\u015fit olmas\u0131 durumunda okulun MEB taraf\u0131ndan onaylanan Kurum Y\u00f6netmeli\u011findeki h\u00fck\u00fcmler esas al\u0131n\u0131r.<\/p>\n<p>4.6. Kesin kay\u0131t i\u015fleminin ger\u00e7ekle\u015fmesi i\u00e7in t\u00fcm s\u00f6zle\u015fmelerin imza alt\u0131na al\u0131nm\u0131\u015f olmas\u0131 gerekmektedir. Belgeler kay\u0131t g\u00f6revlisi taraf\u0131ndan kontrol edilir. Bu i\u015flemi takiben veli banka nezdinde i\u015flemleri tamamlay\u0131p ilk taksiti yat\u0131r\u0131r ve banka onayl\u0131 \u00f6deme plan\u0131n\u0131 kay\u0131t birimine teslim ederek kesin kay\u0131t i\u015flemini ger\u00e7ekle\u015ftirmi\u015f olur.<\/p>\n<p>4.7. Kay\u0131t \u00e7ekme i\u015flemi okulun web sitesinde ilan edilen \u00e7al\u0131\u015fma saatleri i\u00e7inde yap\u0131labilir. Kesin kayd\u0131n\u0131 yapt\u0131rd\u0131\u011f\u0131 halde okul e\u011fitim-\u00f6\u011fretim y\u0131l\u0131na ba\u015flamadan \u00f6nce veya sonra kayd\u0131n\u0131 alan adaylar\u0131n \u00fccret iadesi, \u00d6zel \u00d6\u011fretim Kurumlar\u0131 Y\u00f6netmeli\u011fi\u2019nin \u201c\u00dccretlerin iadesi\u201d maddesi h\u00fck\u00fcmlerine g\u00f6re yap\u0131l\u0131r.<\/p>\n<p>4.8. Kesin kay\u0131t yapt\u0131r\u0131p ayr\u0131lan \u00f6\u011frencilerin yerine, ayr\u0131l\u0131\u015f\u0131n ger\u00e7ekle\u015fti\u011fi kay\u0131t d\u00f6nemine ait s\u0131ralama listesine g\u00f6re aday \u00f6\u011frenci kayd\u0131 yap\u0131labilir. E\u011fer kay\u0131t \u00e7ekme i\u015flemi kay\u0131t d\u00f6nemi i\u00e7inde yap\u0131lmad\u0131ysa aday \u00f6\u011frenci kayd\u0131 ancak bir sonraki kay\u0131t d\u00f6neminde yap\u0131labilir.<\/p>\n<p>4.9. Serbest kay\u0131t d\u00f6neminde; \u00f6n kay\u0131t biti\u015f saatinde a\u00e7\u0131k kontenjan varsa s\u0131ralama listesine g\u00f6re yeni \u00f6\u011frenci kayd\u0131 yap\u0131labilir. Aksi halde Okul Kay\u0131t Kabul Komisyonu o serbest kay\u0131t d\u00f6nemini sonland\u0131rma karar\u0131 alabilir.<\/p>\n<p>4.10. Okul, kay\u0131t d\u00f6nemlerinde; \u00d6n Kay\u0131t, Asil Listeden Kesin Kay\u0131t ve Yedek Listeden Kesin Kay\u0131t i\u015flemlerinin ba\u015flang\u0131\u00e7 ve biti\u015f tarihlerini ve saatlerini web sitesinde de ilan edecektir.<\/p>\n<p>4.11. \u00d6n kay\u0131t i\u015flemi sadece yap\u0131ld\u0131\u011f\u0131 kay\u0131t d\u00f6nemi i\u00e7in ge\u00e7erlidir.<\/p>\n<ol>\n<li>\u00d6n Kay\u0131t \u2013 Kesin Kay\u0131t D\u00f6nemi<\/li>\n<\/ol>\n<ol>\n<li>Okul, I. \u00f6n kay\u0131t d\u00f6nemi i\u00e7in taban puan\u0131n\u0131 11 Temmuz 2025 tarihinde web sitesinde ilan edecektir.<\/li>\n<li>Adaylar, okul taraf\u0131ndan belirlenen taban puana g\u00f6re 12 -13 TEMMUZ 2025 tarihleri aras\u0131nda ger\u00e7ekle\u015fecek olup 13 Temmuz 2025 g\u00fcn\u00fc saat 17:00\u2019de kapanacakt\u0131r. \u00d6n kay\u0131tlar\u0131n\u0131 yapt\u0131racaklard\u0131r. \u00d6n kay\u0131t listesi ve asil liste kay\u0131t listesi ve di\u011fer detaylar okullar\u0131n web sitesinde ilan edilecektir.<\/li>\n<\/ol>\n<ol>\n<li>Okul Kay\u0131t Kabul Komisyonu haz\u0131rlad\u0131\u011f\u0131 Asil ve Yedek listeler 13 Temmuz 2025 g\u00fcn\u00fc saat 18.30\u2019dan itibaren web sitesinde ilan edecektir. Okul, elektronik ortamda \u00f6n kay\u0131t yapan \u00f6\u011frenci velilerinden, \u00f6\u011frencinin isim ve soyad\u0131n\u0131n web sitesinde yay\u0131nlanacak listede yer almas\u0131 konusunda elektronik ortamda izin talep edecektir.<\/li>\n<\/ol>\n<ol start=\"4\">\n<li>\u00d6n kay\u0131t yapt\u0131ran ve kesin kay\u0131t hakk\u0131 kazanan \u00f6\u011frencilerin kesin kay\u0131tlar\u0131 14 Temmuz 2025 tarihinde asil liste 09.00 \u2013 12.00 ile yedek liste 13.00- 16.00 saatleri aras\u0131nda yap\u0131lacakt\u0131r. Kesin kay\u0131t hakk\u0131 kazanan fakat belirtilen saate kadar kesin kay\u0131t yapt\u0131rmayan \u00f6\u011frenciler bu haklar\u0131n\u0131, I. Kesin Kay\u0131t D\u00f6nemi i\u00e7in kaybedeceklerdir.<\/li>\n<li>Okul Kay\u0131t Kabul Komisyonu, 14 Temmuz 2025 tarihinde saat 17.30\u2019da kay\u0131t durumunu inceleyerek 2. \u00d6n kay\u0131t d\u00f6nemi i\u00e7in yeni taban puan\u0131n\u0131 ve varsa a\u00e7\u0131k kontenjan\u0131n\u0131 web sitesinde ilan edecektir ve \u00f6n kay\u0131t sistemini saat 17.00\u2019de a\u00e7acakt\u0131r. II. \u00d6n kay\u0131t i\u015flemleri 15 Temmuz 2025 g\u00fcn\u00fc saat 17:00 \u2019a kadar yap\u0131lacakt\u0131r.<\/li>\n<li>\u00d6n kay\u0131t yapt\u0131ran ve kesin kay\u0131t hakk\u0131 kazanan \u00f6\u011frencilerin kesin kay\u0131tlar\u0131 16 Temmuz 2025 tarihinde asil liste 09.00 \u2013 12.00 ile yedek liste 13.00- 16.00 saatleri aras\u0131nda yap\u0131lacakt\u0131r. Kesin kay\u0131t hakk\u0131 kazanan fakat belirtilen saate kadar kesin kay\u0131t yapt\u0131rmayan \u00f6\u011frenciler bu haklar\u0131n\u0131, II. Kesin Kay\u0131t D\u00f6nemi i\u00e7in kaybedeceklerdir.<\/li>\n<\/ol>\n<p>Serbest Kay\u0131t D\u00f6nemi<\/p>\n<p>Kay\u0131t Takviminde 17 \u2013 18 \u00a0Temmuz 2025 tarihleri olarak belirtilmi\u015f olan Serbest kay\u0131t d\u00f6neminde Okul Kay\u0131t Kabul Komisyonu, serbest kay\u0131tlarla ilgili saatleri ve esaslar\u0131 web sitesinde ilan edecektir.\u00a0 (Serbest kay\u0131t d\u00f6nemi g\u00fcnleri i\u00e7in web sayfam\u0131zda belirtilecek ayr\u0131nt\u0131lar\u0131 dikkatle incelenmesi \u00f6nemle rica olunur.)<\/p>\n<p>Yerle\u015ftirmeye Esas Nakil D\u00f6nemi<\/p>\n<p>Yerle\u015ftirmeye Esas Nakil d\u00f6nemindeki kay\u0131t i\u015flemleri, MEB Yerle\u015ftirmeye Esas Nakil Y\u00f6netmeli\u011fi \u0131\u015f\u0131\u011f\u0131nda Okul Kay\u0131t Kabul Komisyonu\u2019nun belirleyece\u011fi esaslarla yap\u0131lacakt\u0131r. Okul Kabul Kay\u0131t Komisyonu tarihleri ve kay\u0131t esaslar\u0131n\u0131 web sitesinde ilan edecektir.<\/p>\n<p>Nakil D\u00f6nemi<\/p>\n<p>Nakil d\u00f6nemindeki kay\u0131t i\u015flemleri, okulun MEB onayl\u0131 kurum y\u00f6netmeli\u011finde belirtilen ko\u015fullarla ve web sitesinde ilan edilecek esaslar \u00e7er\u00e7evesinde yap\u0131l\u0131r.<\/p>\n<p>A\u00e7\u0131klamalar<\/p>\n<ol>\n<li>Okulun taban puan\u0131, her d\u00f6nem i\u00e7in Okul Kay\u0131t Kabul Komisyonunca yeniden tespit ve ilan edilecektir.<\/li>\n<li>Okul, bu k\u0131lavuzda belirtilen Haz\u0131rl\u0131k s\u0131n\u0131f\u0131 kontenjan\u0131n\u0131 doldurmak zorunda de\u011fildir, puan d\u00fc\u015f\u00fcrmeyip kay\u0131tlar\u0131n\u0131 herhangi bir zamanda durdurabilir.<\/li>\n<\/ol>\n<p>KAYIT \u00d6NCES\u0130 VEL\u0130N\u0130N YAPACA\u011eI \u0130\u015eLEMLER<\/p>\n<p>Veli kesin kay\u0131t yapt\u0131rmadan \u00f6nce lise WEB sayfas\u0131 aday \u00f6\u011frenci b\u00f6l\u00fcm\u00fcnde bulunan Kesin Kay\u0131t Formunu https:\/\/kp.k12.tr\/lise\/aday-ogrenci\/kesin-kayit-formu\/ doldurur,<\/p>\n<p>Okul taraf\u0131ndan istenilen a\u015fa\u011f\u0131daki resmi evraklar\u0131 haz\u0131rlar:<\/p>\n<ul>\n<li>\u00d6\u011frencinin kimlik kart\u0131 veya kimli\u011fin noter onayl\u0131 fotokopisi,<\/li>\n<li>Anne ve baban\u0131n kimlik kart\u0131 fotokopileri,<\/li>\n<li>LGS puan sonucunu g\u00f6steren belge,<\/li>\n<li>Anne ve baba bo\u015fanm\u0131\u015flarsa vel\u00e2yet karar\u0131 ve fotokopisi,<\/li>\n<li>Kay\u0131t i\u00e7in gelen ki\u015fi, vel\u00e2yet hakk\u0131na sahip de\u011filse noter onayl\u0131 vek\u00e2let belgesi ve fotokopisi,<\/li>\n<li><span data-ogsc=\"rgb(192, 0, 0)\">\u00d6\u011frencinin g\u00fcncel olan 6 adet vesikal\u0131k foto\u011fraf\u0131 4.5 <\/span><span data-ogsc=\"rgb(192, 0, 0)\">x 6 cm)<\/span>,<\/li>\n<li>Kan grubu kart\u0131<\/li>\n<\/ul>\n<p>KAYIT G\u00dcN\u00dc VEL\u0130N\u0130N YAPACA\u011eI \u0130\u015eLEMLER<\/p>\n<p>Kay\u0131t g\u00fcn\u00fc kay\u0131t b\u00fcrosu \u00f6n\u00fcnde a\u00e7\u0131klanacak isimleri takip ederek s\u0131ras\u0131n\u0131 bekler. S\u0131ras\u0131 geldi\u011fi taktirde t\u00fcm belgeleri kontrol edildikten sonra kay\u0131t i\u015flemi i\u00e7in kay\u0131t b\u00fcrosuna al\u0131n\u0131r,<\/p>\n<p>Kay\u0131t b\u00fcrosundan \u00d6\u011frenci \u0130\u015fleri b\u00f6l\u00fcm\u00fcnde belirlenecek taahh\u00fctnameye imza atar ve evraklar\u0131 teslim eder,<\/p>\n<p>Veli okulumuzda bulunan banka b\u00fcrosuna giderek Yap\u0131 ve Kredi Bankas\u0131nda hesap a\u00e7ar.<\/p>\n<p>Banka g\u00f6revlisi arac\u0131l\u0131\u011f\u0131yla veya okuldaki bilgisayarlar\u0131 kullanarak internet \u00fczerinden okul \u00fccretini banka taraf\u0131ndan veliye a\u00e7\u0131lan hesaba yat\u0131r\u0131r,<\/p>\n<p>6698 say\u0131l\u0131 KVK Kanunu kapsam\u0131nda \u201cAyd\u0131nlatma Y\u00fck\u00fcml\u00fcl\u00fc\u011f\u00fc\u201d belgesini ve Mill\u00ee E\u011fitim Bakanl\u0131\u011f\u0131 \u00d6zel \u00d6\u011fretim Kurumlar\u0131 Genel M\u00fcd\u00fcrl\u00fc\u011f\u00fc \u00d6\u011frenci Kay\u0131t S\u00f6zle\u015fmesini imzalar.<\/p>\n<p>KAYIT SONRASI VEL\u0130N\u0130N YAPACA\u011eI \u0130\u015eLEMLER<\/p>\n<p>Kesin Kay\u0131t Formuna imza at\u0131l\u0131r ve gerekli resmi evraklar teslim edilir,<\/p>\n<p>G\u00fcrsel firmas\u0131n\u0131n b\u00fcrosuna giderek servis ile ilgili bilgi al\u0131r ve \u00f6deme yapar,<\/p>\n<p>Okul \u00fcniformas\u0131 okulun belirledi\u011fi kriterler do\u011frultusunda temin edilir.<\/p>\n<p>Lise WEB sayfas\u0131 kay\u0131t i\u015flemleri b\u00f6l\u00fcm\u00fcnde bulunan Kesin Kay\u0131t Tablosunda\u00a0<a href=\"https:\/\/kp.k12.tr\/lise\/aday-ogrenci\/kayit-islemleri\/kesin-kayit-tablosu\/\">\u00a0https:\/\/kp.k12.tr\/lise\/aday-ogrenci\/kayit-islemleri\/kesin-kayit-tablosu\/<\/a>\u00a0\u00f6\u011frencinin kayd\u0131n\u0131 kontrol eder.<\/p>\n<\/div><\/div><\/div><\/div><\/div><\/div><\/div><\/div>\n","protected":false},"excerpt":{"rendered":"","protected":false},"author":10,"featured_media":0,"parent":67,"menu_order":0,"comment_status":"closed","ping_status":"closed","template":"","meta":{"_view_id":"","footnotes":""},"class_list":["post-2927","page","type-page","status-publish","hentry"],"jetpack_sharing_enabled":true,"_links":{"self":[{"href":"https:\/\/kp.k12.tr\/lise\/wp-json\/wp\/v2\/pages\/2927","targetHints":{"allow":["GET"]}}],"collection":[{"href":"https:\/\/kp.k12.tr\/lise\/wp-json\/wp\/v2\/pages"}],"about":[{"href":"https:\/\/kp.k12.tr\/lise\/wp-json\/wp\/v2\/types\/page"}],"author":[{"embeddable":true,"href":"https:\/\/kp.k12.tr\/lise\/wp-json\/wp\/v2\/users\/10"}],"replies":[{"embeddable":true,"href":"https:\/\/kp.k12.tr\/lise\/wp-json\/wp\/v2\/comments?post=2927"}],"version-history":[{"count":0,"href":"https:\/\/kp.k12.tr\/lise\/wp-json\/wp\/v2\/pages\/2927\/revisions"}],"up":[{"embeddable":true,"href":"https:\/\/kp.k12.tr\/lise\/wp-json\/wp\/v2\/pages\/67"}],"wp:attachment":[{"href":"https:\/\/kp.k12.tr\/lise\/wp-json\/wp\/v2\/media?parent=2927"}],"curies":[{"name":"wp","href":"https:\/\/api.w.org\/{rel}","templated":true}]}}