{"id":29,"date":"2018-01-18T08:07:20","date_gmt":"2018-01-18T08:07:20","guid":{"rendered":"http:\/\/kp.k12.tr\/lise\/egitim\/ogretim-yili\/sinavlar\/sinav-takvimi\/"},"modified":"2025-12-12T14:21:12","modified_gmt":"2025-12-12T11:21:12","slug":"ders-saatleri","status":"publish","type":"page","link":"https:\/\/kp.k12.tr\/lise\/akademik\/ogretim-yili\/ders-saatleri\/","title":{"rendered":"Ders Saatleri"},"content":{"rendered":"<div class=\"fusion-fullwidth fullwidth-box fusion-builder-row-1 fusion-flex-container fusion-parallax-fixed nonhundred-percent-fullwidth non-hundred-percent-height-scrolling lazyload\" style=\"--awb-border-radius-top-left:0px;--awb-border-radius-top-right:0px;--awb-border-radius-bottom-right:0px;--awb-border-radius-bottom-left:0px;--awb-padding-bottom:120px;--awb-background-color:#fafafa;--awb-background-size:cover;--awb-flex-wrap:wrap;background-attachment:fixed;\" data-bg=\"https:\/\/kp.k12.tr\/lise\/wp-content\/uploads\/sites\/2\/2018\/02\/sajev_anaokulu_arkaplan_anasayfa.jpg\" ><div class=\"fusion-builder-row fusion-row fusion-flex-align-items-flex-start fusion-flex-content-wrap\" style=\"max-width:calc( 1100px + 0px );margin-left: calc(-0px \/ 2 );margin-right: calc(-0px \/ 2 );\"><div class=\"fusion-layout-column fusion_builder_column fusion-builder-column-0 fusion_builder_column_1_1 1_1 fusion-flex-column card-1\" style=\"--awb-padding-top:0%;--awb-padding-right:5%;--awb-padding-left:5%;--awb-bg-color:rgba(255,255,255,0.87);--awb-bg-color-hover:rgba(255,255,255,0.87);--awb-bg-blend:overlay;--awb-bg-size:cover;--awb-width-large:100%;--awb-margin-top-large:67px;--awb-spacing-right-large:0px;--awb-margin-bottom-large:20px;--awb-spacing-left-large:0px;--awb-width-medium:100%;--awb-spacing-right-medium:0px;--awb-spacing-left-medium:0px;--awb-width-small:100%;--awb-spacing-right-small:0px;--awb-spacing-left-small:0px;\"><div class=\"fusion-column-wrapper fusion-flex-justify-content-flex-start fusion-content-layout-column\"><div class=\"fusion-title title fusion-title-1 fusion-sep-none fusion-title-text fusion-title-size-one\" style=\"--awb-margin-bottom:20px;--awb-margin-top-small:10px;--awb-margin-right-small:0px;--awb-margin-bottom-small:10px;--awb-margin-left-small:0px;\"><h1 class=\"fusion-title-heading title-heading-left fusion-responsive-typography-calculated\" style=\"margin:0;--fontSize:30;line-height:1.4;\">Ders Saatleri<\/h1><\/div>\n<div class=\"table-1\">\n<table style=\"font-size: 14px;\" width=\"100%\">\n<tbody>\n<tr>\n<td align=\"left\"><strong>1. DERS<\/strong><\/td>\n<td align=\"left\">08:25 \u2013 09:05<\/td>\n<\/tr>\n<\/tbody>\n<tbody>\n<tr>\n<td align=\"left\"><strong>2. DERS<\/strong><\/td>\n<td align=\"left\">09:05 \u2013 09:45<\/td>\n<\/tr>\n<\/tbody>\n<tbody>\n<tr>\n<td align=\"left\">TENEFF\u00dcS<\/td>\n<td align=\"left\">09:45 \u2013 10:00<\/td>\n<\/tr>\n<\/tbody>\n<tbody>\n<tr>\n<td align=\"left\"><strong>3. DERS<\/strong><\/td>\n<td align=\"left\">10:00 \u2013 10:40<\/td>\n<\/tr>\n<\/tbody>\n<tbody>\n<tr>\n<td align=\"left\"><strong>4. DERS<\/strong><\/td>\n<td align=\"left\">10:40 \u2013 11:20<\/td>\n<\/tr>\n<\/tbody>\n<tbody>\n<tr>\n<td align=\"left\">\u00d6\u011eLE TAT\u0130L\u0130<\/td>\n<td align=\"left\">11:20 \u2013 12:10<\/td>\n<\/tr>\n<\/tbody>\n<tbody>\n<tr>\n<td align=\"left\"><strong>5. DERS<\/strong><\/td>\n<td align=\"left\">12:10 \u2013 12:50<\/td>\n<\/tr>\n<\/tbody>\n<tbody>\n<tr>\n<td align=\"left\"><strong>6. DERS\u00a0<\/strong><\/td>\n<td align=\"left\">12:50 \u2013 13:30<\/td>\n<\/tr>\n<\/tbody>\n<tbody>\n<tr>\n<td align=\"left\">TENEFF\u00dcS<\/td>\n<td align=\"left\">13:30 \u2013 13:40<\/td>\n<\/tr>\n<\/tbody>\n<tbody>\n<tr>\n<td align=\"left\"><strong>7. DERS<\/strong><\/td>\n<td align=\"left\">13:40 \u2013 14:20<\/td>\n<\/tr>\n<\/tbody>\n<tbody>\n<tr>\n<td align=\"left\"><strong>8. DERS<\/strong><\/td>\n<td align=\"left\">14:20 \u2013 15:00<\/td>\n<\/tr>\n<\/tbody>\n<\/table>\n<\/div>\n<\/div><\/div><\/div><\/div>\n","protected":false},"excerpt":{"rendered":"","protected":false},"author":6,"featured_media":0,"parent":26,"menu_order":25,"comment_status":"closed","ping_status":"closed","template":"100-width.php","meta":{"_view_id":"","footnotes":""},"class_list":["post-29","page","type-page","status-publish","hentry"],"jetpack_sharing_enabled":true,"_links":{"self":[{"href":"https:\/\/kp.k12.tr\/lise\/wp-json\/wp\/v2\/pages\/29","targetHints":{"allow":["GET"]}}],"collection":[{"href":"https:\/\/kp.k12.tr\/lise\/wp-json\/wp\/v2\/pages"}],"about":[{"href":"https:\/\/kp.k12.tr\/lise\/wp-json\/wp\/v2\/types\/page"}],"author":[{"embeddable":true,"href":"https:\/\/kp.k12.tr\/lise\/wp-json\/wp\/v2\/users\/6"}],"replies":[{"embeddable":true,"href":"https:\/\/kp.k12.tr\/lise\/wp-json\/wp\/v2\/comments?post=29"}],"version-history":[{"count":0,"href":"https:\/\/kp.k12.tr\/lise\/wp-json\/wp\/v2\/pages\/29\/revisions"}],"up":[{"embeddable":true,"href":"https:\/\/kp.k12.tr\/lise\/wp-json\/wp\/v2\/pages\/26"}],"wp:attachment":[{"href":"https:\/\/kp.k12.tr\/lise\/wp-json\/wp\/v2\/media?parent=29"}],"curies":[{"name":"wp","href":"https:\/\/api.w.org\/{rel}","templated":true}]}}