{"id":2553,"date":"2018-05-28T10:57:20","date_gmt":"2018-05-28T07:57:20","guid":{"rendered":"http:\/\/kp.k12.tr\/lise\/?page_id=2553"},"modified":"2025-07-11T16:53:30","modified_gmt":"2025-07-11T13:53:30","slug":"taban-puan-ve-indirimler","status":"publish","type":"page","link":"https:\/\/kp.k12.tr\/lise\/aday-ogrenci\/kayit-islemleri\/taban-puan-ve-indirimler\/","title":{"rendered":"Taban Puan ve \u0130ndirimler"},"content":{"rendered":"<div class=\"fusion-fullwidth fullwidth-box fusion-builder-row-1 fusion-flex-container nonhundred-percent-fullwidth non-hundred-percent-height-scrolling\" style=\"--awb-border-radius-top-left:0px;--awb-border-radius-top-right:0px;--awb-border-radius-bottom-right:0px;--awb-border-radius-bottom-left:0px;--awb-margin-top:60px;--awb-margin-bottom:60px;--awb-background-color:#fafafafa;--awb-flex-wrap:wrap;\" ><div class=\"fusion-builder-row fusion-row fusion-flex-align-items-flex-start fusion-flex-content-wrap\" style=\"max-width:1144px;margin-left: calc(-4% \/ 2 );margin-right: calc(-4% \/ 2 );\"><div class=\"fusion-layout-column fusion_builder_column fusion-builder-column-0 fusion_builder_column_1_1 1_1 fusion-flex-column card-1\" style=\"--awb-padding-top:5%;--awb-padding-right:5%;--awb-padding-bottom:5%;--awb-padding-left:5%;--awb-bg-color:#ffffff;--awb-bg-color-hover:#ffffff;--awb-bg-size:cover;--awb-width-large:100%;--awb-margin-top-large:0px;--awb-spacing-right-large:1.92%;--awb-margin-bottom-large:20px;--awb-spacing-left-large:1.92%;--awb-width-medium:100%;--awb-spacing-right-medium:1.92%;--awb-spacing-left-medium:1.92%;--awb-width-small:100%;--awb-spacing-right-small:1.92%;--awb-spacing-left-small:1.92%;\"><div class=\"fusion-column-wrapper fusion-flex-justify-content-flex-start fusion-content-layout-column\"><div class=\"fusion-text fusion-text-1\"><p style=\"text-align: left;\"><strong>SAJEV \u00d6ZEL K\u00dc\u00c7\u00dcK PRENS L\u0130SES\u0130<\/strong><\/p>\n<p><strong>2025-2026 E\u011e\u0130T\u0130M \u00d6\u011eRET\u0130M YILI <\/strong><strong>TABAN PUAN VE \u0130ND\u0130R\u0130MLER<\/strong><\/p>\n<\/div>\n<div class=\"table-1\">\n<table width=\"100%\">\n<thead>\n<tr>\n<td style=\"text-align: center;\" align=\"left\">475 &#8211; 500<\/td>\n<td style=\"text-align: center;\" align=\"left\">%50<\/td>\n<\/tr>\n<tr>\n<td style=\"text-align: center;\" align=\"left\">465-474,99<\/td>\n<td style=\"text-align: center;\" align=\"left\">%40<\/td>\n<\/tr>\n<tr>\n<td style=\"text-align: center;\" align=\"left\">455-464,99<\/td>\n<td style=\"text-align: center;\" align=\"left\">%30<\/td>\n<\/tr>\n<tr>\n<td style=\"text-align: center;\" align=\"left\">445-454,99<\/td>\n<td style=\"text-align: center;\" align=\"left\">%25<\/td>\n<\/tr>\n<tr>\n<td style=\"text-align: center;\" align=\"left\">435-444,99<\/td>\n<td style=\"text-align: center;\" align=\"left\">%20<\/td>\n<\/tr>\n<tr>\n<td style=\"text-align: center;\" align=\"left\">425-434,99<\/td>\n<td style=\"text-align: center;\" align=\"left\">%15<\/td>\n<\/tr>\n<tr>\n<td style=\"text-align: center;\" align=\"left\">415-424,99<\/td>\n<td style=\"text-align: center;\" align=\"left\">%10<\/td>\n<\/tr>\n<tr>\n<td style=\"text-align: center;\" align=\"left\">400-414,99<\/td>\n<td style=\"text-align: center;\" align=\"left\">%5<\/td>\n<\/tr>\n<\/thead>\n<\/table>\n<\/div>\n<\/div><\/div><div class=\"fusion-layout-column fusion_builder_column fusion-builder-column-1 fusion_builder_column_1_1 1_1 fusion-flex-column\" style=\"--awb-bg-size:cover;--awb-width-large:100%;--awb-margin-top-large:0px;--awb-spacing-right-large:1.92%;--awb-margin-bottom-large:0px;--awb-spacing-left-large:1.92%;--awb-width-medium:100%;--awb-spacing-right-medium:1.92%;--awb-spacing-left-medium:1.92%;--awb-width-small:100%;--awb-spacing-right-small:1.92%;--awb-spacing-left-small:1.92%;\"><div class=\"fusion-column-wrapper fusion-flex-justify-content-flex-start fusion-content-layout-column\"><\/div><\/div><\/div><\/div>\n","protected":false},"excerpt":{"rendered":"","protected":false},"author":5,"featured_media":0,"parent":2550,"menu_order":0,"comment_status":"closed","ping_status":"closed","template":"","meta":{"_view_id":"","footnotes":""},"class_list":["post-2553","page","type-page","status-publish","hentry"],"jetpack_sharing_enabled":true,"_links":{"self":[{"href":"https:\/\/kp.k12.tr\/lise\/wp-json\/wp\/v2\/pages\/2553","targetHints":{"allow":["GET"]}}],"collection":[{"href":"https:\/\/kp.k12.tr\/lise\/wp-json\/wp\/v2\/pages"}],"about":[{"href":"https:\/\/kp.k12.tr\/lise\/wp-json\/wp\/v2\/types\/page"}],"author":[{"embeddable":true,"href":"https:\/\/kp.k12.tr\/lise\/wp-json\/wp\/v2\/users\/5"}],"replies":[{"embeddable":true,"href":"https:\/\/kp.k12.tr\/lise\/wp-json\/wp\/v2\/comments?post=2553"}],"version-history":[{"count":0,"href":"https:\/\/kp.k12.tr\/lise\/wp-json\/wp\/v2\/pages\/2553\/revisions"}],"up":[{"embeddable":true,"href":"https:\/\/kp.k12.tr\/lise\/wp-json\/wp\/v2\/pages\/2550"}],"wp:attachment":[{"href":"https:\/\/kp.k12.tr\/lise\/wp-json\/wp\/v2\/media?parent=2553"}],"curies":[{"name":"wp","href":"https:\/\/api.w.org\/{rel}","templated":true}]}}