{"id":25,"date":"2018-01-18T08:07:20","date_gmt":"2018-01-18T08:07:20","guid":{"rendered":"http:\/\/kp.k12.tr\/lise\/egitim\/akademik-bolumler\/beden-egitimi\/"},"modified":"2024-03-28T20:54:49","modified_gmt":"2024-03-28T17:54:49","slug":"beden-egitimi","status":"publish","type":"page","link":"https:\/\/kp.k12.tr\/lise\/akademik\/akademik-bolumler\/beden-egitimi\/","title":{"rendered":"Beden E\u011fitimi"},"content":{"rendered":"<div class=\"fusion-fullwidth fullwidth-box fusion-builder-row-1 fusion-flex-container fusion-parallax-fixed nonhundred-percent-fullwidth non-hundred-percent-height-scrolling lazyload card-1\" style=\"--awb-background-blend-mode:overlay;--awb-border-radius-top-left:0px;--awb-border-radius-top-right:0px;--awb-border-radius-bottom-right:0px;--awb-border-radius-bottom-left:0px;--awb-padding-top:60px;--awb-padding-bottom:60px;--awb-background-color:rgba(255,255,255,0.88);--awb-background-size:cover;--awb-flex-wrap:wrap;background-attachment:fixed;\" data-bg=\"http:\/\/kp.k12.tr\/lise\/wp-content\/uploads\/sites\/2\/2018\/02\/sajev_lise_tarihBG.jpg\" ><div class=\"fusion-builder-row fusion-row fusion-flex-align-items-flex-start fusion-flex-content-wrap\" style=\"max-width:1144px;margin-left: calc(-4% \/ 2 );margin-right: calc(-4% \/ 2 );\"><div class=\"fusion-layout-column fusion_builder_column fusion-builder-column-0 fusion_builder_column_1_1 1_1 fusion-flex-column card-1\" style=\"--awb-padding-top:5%;--awb-padding-right:5%;--awb-padding-left:5%;--awb-bg-color:rgba(255,255,255,0.87);--awb-bg-color-hover:rgba(255,255,255,0.87);--awb-bg-size:cover;--awb-width-large:100%;--awb-margin-top-large:0px;--awb-spacing-right-large:1.92%;--awb-margin-bottom-large:0px;--awb-spacing-left-large:1.92%;--awb-width-medium:100%;--awb-spacing-right-medium:1.92%;--awb-spacing-left-medium:1.92%;--awb-width-small:100%;--awb-spacing-right-small:1.92%;--awb-spacing-left-small:1.92%;\"><div class=\"fusion-column-wrapper fusion-flex-justify-content-flex-start fusion-content-layout-column\"><div class=\"fusion-builder-row fusion-builder-row-inner fusion-row fusion-flex-align-items-flex-start fusion-flex-content-wrap\" style=\"--awb-flex-grow:0;--awb-flex-grow-medium:0;--awb-flex-grow-small:0;--awb-flex-shrink:0;--awb-flex-shrink-medium:0;--awb-flex-shrink-small:0;width:104% !important;max-width:104% !important;margin-left: calc(-4% \/ 2 );margin-right: calc(-4% \/ 2 );\"><div class=\"fusion-layout-column fusion_builder_column_inner fusion-builder-nested-column-0 fusion_builder_column_inner_2_3 2_3 fusion-flex-column\" style=\"--awb-bg-size:cover;--awb-width-large:66.666666666667%;--awb-margin-top-large:0px;--awb-spacing-right-large:2.88%;--awb-margin-bottom-large:20px;--awb-spacing-left-large:2.88%;--awb-width-medium:100%;--awb-spacing-right-medium:1.92%;--awb-spacing-left-medium:1.92%;--awb-width-small:100%;--awb-spacing-right-small:1.92%;--awb-spacing-left-small:1.92%;\"><div class=\"fusion-column-wrapper fusion-flex-justify-content-flex-start fusion-content-layout-column\"><div class=\"fusion-title title fusion-title-1 fusion-sep-none fusion-title-text fusion-title-size-one\" style=\"--awb-margin-bottom:20px;--awb-margin-top-small:10px;--awb-margin-right-small:0px;--awb-margin-bottom-small:10px;--awb-margin-left-small:0px;\"><h1 class=\"fusion-title-heading title-heading-left fusion-responsive-typography-calculated\" style=\"margin:0;--fontSize:30;line-height:1.4;\">Beden E\u011fitimi<\/h1><\/div><div class=\"fusion-text fusion-text-1\"><p><strong>SAJEV \u00d6zel K\u00fc\u00e7\u00fck Prens Okullar\u0131nda Beden E\u011fitimi Dersinin Ama\u00e7lar\u0131:<\/strong><\/p>\n<ul>\n<li>\u00d6\u011frencilerimizin geli\u015fim \u00f6zelliklerini g\u00f6z \u00f6n\u00fcnde bulundurarak fiziksel etkinlikler yoluyla kazand\u0131\u011f\u0131 beceri ve davran\u0131\u015flara paralel; ho\u015fg\u00f6r\u00fcl\u00fc, iyi ahlakl\u0131 ve dengeli bir ki\u015filik yap\u0131s\u0131na sahip olmalar\u0131n\u0131 sa\u011flamak;<\/li>\n<li>Sosyal ve duygusal zek\u00e2s\u0131 y\u00fcksek; yarat\u0131c\u0131 ve payla\u015f\u0131mc\u0131, \u00f6z g\u00fcven ve \u00f6z disiplin becerisine sahip, evrensel de\u011ferleri i\u00e7selle\u015ftirmi\u015f bireyler olarak yeti\u015ftirmek;<\/li>\n<li>Anlay\u0131\u015f g\u00f6steren, kabul g\u00f6rme becerisi geli\u015fmi\u015f, serbest zamanlar\u0131n\u0131 verimli bir \u015fekilde de\u011ferlendiren ve bunu al\u0131\u015fkanl\u0131k haline getiren bireyler olmalar\u0131n\u0131 sa\u011flamak;<\/li>\n<li>Okul i\u00e7inde ve d\u0131\u015f\u0131nda sportif etkinlikler yoluyla kazand\u0131\u011f\u0131 beceri ve davran\u0131\u015flar\u0131 g\u00fcnl\u00fck hayat\u0131nda, ya\u015fam\u0131n\u0131n her alan\u0131nda kullanabilmeyi \u00f6z\u00fcmsemi\u015f; g\u00fc\u00e7lerinin ve yeteneklerinin fark\u0131na varm\u0131\u015f bireyler olarak yeti\u015ftirmek temel felsefemizdir.<\/li>\n<\/ul>\n<p>Okulumuzda Beden E\u011fitimi dersleri s\u0131n\u0131flar\u0131n ya\u015f, \u00f6\u011frenme d\u00fczeyi ve fiziki yeterlilikleri g\u00f6z \u00f6n\u00fcne al\u0131narak haz\u0131rlan\u0131r. Beden E\u011fitimi dersleri; kamp\u00fcs i\u00e7inde bulunan spor salonunda, m\u00fcfredat program\u0131nda yer alan konulara g\u00f6re planlanmaktad\u0131r. Beden E\u011fitimi ders konular\u0131m\u0131z \u201cAtat\u00fcrk ve Spor, D\u00fczen Al\u0131\u015ft\u0131rmalar\u0131, Voleybol, Basketbol, Hentbol, Atletizm, Jimnastik, Masa Tenisi, Badminton\u201d ba\u015fl\u0131klar\u0131ndan olu\u015fmaktad\u0131r. \u0130\u015fledi\u011fimiz t\u00fcm konular\u0131n peki\u015ftirilmesi i\u00e7in konular\u0131n bitiminde s\u0131n\u0131flar aras\u0131 turnuvalar ve bireysel yar\u0131\u015fmalar d\u00fczenlenmektedir.<\/p>\n<p><strong>Beden E\u011fitimi Dersinin Kazan\u0131mlar\u0131:<\/strong><\/p>\n<p><strong>Haz\u0131rl\u0131k S\u0131n\u0131flar\u0131:<\/strong><\/p>\n<ul>\n<li>Beden E\u011fitimi ders kurallar\u0131n\u0131 ve spor salonu kullan\u0131m kurallar\u0131n\u0131 \u00f6\u011frenmesi.<\/li>\n<li>Spora \u00f6zg\u00fc \u0131s\u0131nma ve so\u011fuman\u0131n nas\u0131l yap\u0131laca\u011f\u0131n\u0131n \u00f6\u011frenilmesi, se\u00e7ili spor etkinliklerinde ara\u00e7lar\u0131n ama\u00e7lar\u0131na uygun olarak kullan\u0131lmas\u0131,<\/li>\n<li>\u0130\u015flenen konular ile ilgili oyun kurallar\u0131n\u0131 ve temel teknikleri do\u011fru uygulamas\u0131, davran\u0131\u015f boyutunda \u00f6\u011frencinin disiplin becerisine sahip olmas\u0131,<\/li>\n<li>Sa\u011fl\u0131\u011f\u0131 g\u00fc\u00e7lendirici bilgi ve becerileri hayat\u0131nda ve ki\u015fisel geli\u015fiminde kullanabilmesi ve bu becerileri al\u0131\u015fkanl\u0131k haline getirmesi,<\/li>\n<li>T\u00f6ren ve kutlamalara kat\u0131larak okula aidiyet duygusunu kazanmas\u0131.<\/li>\n<\/ul>\n<p><strong>9. S\u0131n\u0131flar<\/strong><\/p>\n<ul>\n<li>\u0130\u015flenen konular ile ilgili oyun kurallar\u0131n\u0131n ve temel tekniklerin verilmesi,<\/li>\n<li>\u00d6\u011frencilerin fiziksel geli\u015fimlerine uygun sportif yeteneklerini ortaya \u00e7\u0131karmak i\u00e7in okul i\u00e7inde ve d\u0131\u015f\u0131nda yap\u0131lan sportif turnuvalar, \u015fenlikler ile tak\u0131m \u00e7al\u0131\u015fmas\u0131n\u0131n da vazge\u00e7ilmez unsurlar\u0131ndan olan liderlik, rekabet etme, heyecan duyma, h\u0131rs\u0131n\u0131 do\u011fru kullanma, hedefe odaklanma, fair play ruhuna uygun hareket edebilme becerilerini kazanmas\u0131,<\/li>\n<li>T\u00f6ren ve kutlamalarda aktif rol almay\u0131 i\u00e7selle\u015ftirmesi.<\/li>\n<\/ul>\n<p><strong>10. S\u0131n\u0131flar<\/strong><\/p>\n<ul>\n<li>\u0130\u015flenen konular ile ilgili spora \u00f6zg\u00fc taktik ve stratejiyi uygulama, fiziksel uygunlu\u011fu geli\u015ftirmek i\u00e7in d\u00fczenli fiziksel etkinlik yapman\u0131n \u00f6nemini kavrama, \u00f6\u011frendiklerini sosyal \u00e7evresi ile payla\u015fabilme, sa\u011fl\u0131kl\u0131 beslenme ve sportif etkinliklerde zaman\u0131n\u0131 do\u011fru ve amac\u0131na uygun kullanabilme, tak\u0131m \u00e7al\u0131\u015fmalar\u0131 ve etkinlikler ile \u00f6z g\u00fcven ve \u00f6z disiplin becerilerinin kazanmas\u0131.<\/li>\n<\/ul>\n<p><strong>11. S\u0131n\u0131flar<\/strong><\/p>\n<ul>\n<li>Fiziksel geli\u015fimine ve ya\u015fam\u0131na kataca\u011f\u0131 spor ve etkinliklerin neler oldu\u011fu ile ilgili do\u011fru karar verebilme; heyecan, liderlik, rekabet etme duygular\u0131n\u0131 fair play \u00e7er\u00e7evesinde zenginle\u015ftirme; verdi\u011fi kararlar ile sorumluk alabilme; kazan\u0131lan becerileri sevgi, sayg\u0131, ho\u015fg\u00f6r\u00fc ve kabullenme ile zenginle\u015ftirme.<\/li>\n<\/ul>\n<p><strong>12. S\u0131n\u0131flar<\/strong><\/p>\n<ul>\n<li>Okul i\u00e7i ve d\u0131\u015f\u0131 sportif faaliyet ve sosyal ya\u015fama dair yap\u0131lacak etkinlikler ile mutlu, sa\u011fl\u0131kl\u0131 bir ya\u015fam\u0131n geli\u015ftirilmesi i\u00e7in yeterli bilgi ve k\u00fclt\u00fcre sahip, g\u00fc\u00e7lerinin ve yeteneklerinin fark\u0131na varm\u0131\u015f, bunu do\u011fru bir \u00e7izgiye yerle\u015ftirebilmi\u015f bireyler yeti\u015ftirme,<\/li>\n<li>\u00d6\u011frendiklerini g\u00fcnl\u00fck hayat\u0131n\u0131n her alan\u0131nda, bir \u00fcst seviye ve kurumda, meslek hayat\u0131nda kullanabilme fark\u0131ndal\u0131\u011f\u0131n\u0131 kazanmas\u0131.<\/li>\n<\/ul>\n<p><strong>Okul Tak\u0131mlar\u0131m\u0131z:<\/strong><\/p>\n<p>Okulumuzun Gen\u00e7 K\u0131z Voleybol, Gen\u00e7 Erkek Basketbol ve Gen\u00e7 Erkek Hentbol tak\u0131mlar\u0131, sene ba\u015f\u0131nda yap\u0131lan se\u00e7meler sonucunda olu\u015fturulur. Tak\u0131mlar\u0131m\u0131z \u0130l Milli E\u011fitim ma\u00e7lar\u0131 \u00f6ncesinde haz\u0131rl\u0131klar i\u00e7in spor kamp\u0131na g\u00f6t\u00fcr\u00fcl\u00fcr. Tak\u0131mlar\u0131m\u0131z, \u0130l Milli E\u011fitim ma\u00e7lar\u0131n\u0131n d\u0131\u015f\u0131nda di\u011fer okullardan gelen davetleri de de\u011ferlendirerek spor \u015fenliklerine kat\u0131l\u0131r. Ayr\u0131ca okul d\u0131\u015f\u0131nda bireysel spor yapan ve Milli E\u011fitim yar\u0131\u015fmalar\u0131na kat\u0131lmak isteyen \u00f6\u011frencilerimize destek verilir.<\/p>\n<\/div><\/div><\/div><div class=\"fusion-layout-column fusion_builder_column_inner fusion-builder-nested-column-1 fusion_builder_column_inner_1_3 1_3 fusion-flex-column card-1\" style=\"--awb-padding-top:24px;--awb-padding-right:24px;--awb-padding-bottom:20px;--awb-padding-left:24px;--awb-bg-color:#fafafa;--awb-bg-color-hover:#fafafa;--awb-bg-size:cover;--awb-width-large:33.333333333333%;--awb-margin-top-large:0px;--awb-spacing-right-large:5.76%;--awb-margin-bottom-large:20px;--awb-spacing-left-large:5.76%;--awb-width-medium:100%;--awb-spacing-right-medium:1.92%;--awb-spacing-left-medium:1.92%;--awb-width-small:100%;--awb-spacing-right-small:1.92%;--awb-spacing-left-small:1.92%;\"><div class=\"fusion-column-wrapper fusion-flex-justify-content-flex-start fusion-content-layout-column\"><div class=\"fusion-title title fusion-title-2 fusion-sep-none fusion-title-text fusion-title-size-four\" style=\"--awb-margin-bottom:20px;--awb-margin-top-small:10px;--awb-margin-right-small:0px;--awb-margin-bottom-small:10px;--awb-margin-left-small:0px;\"><h4 class=\"fusion-title-heading title-heading-left fusion-responsive-typography-calculated\" style=\"margin:0;--fontSize:20;--minFontSize:20;line-height:1.5;\"><h4>Akademik B\u00f6l\u00fcmler<\/h4><\/h4><\/div><div class=\"fusion-title title fusion-title-3 fusion-sep-none fusion-title-text fusion-title-size-six\" style=\"--awb-margin-top-small:10px;--awb-margin-right-small:0px;--awb-margin-bottom-small:10px;--awb-margin-left-small:0px;\"><h6 class=\"fusion-title-heading title-heading-left fusion-responsive-typography-calculated\" style=\"margin:0;--fontSize:16;--minFontSize:16;line-height:2;\"><a href=\"http:\/\/kp.k12.tr\/lise\/akademik\/akademik-bolumler\/fransizca\/\">Frans\u0131zca<\/a><br \/>\n<a href=\"http:\/\/kp.k12.tr\/lise\/akademik\/akademik-bolumler\/edebiyat\/\">T\u00fcrk Dili &amp; Edebiyat\u0131<\/a><br \/>\n<a href=\"http:\/\/kp.k12.tr\/lise\/akademik\/akademik-bolumler\/ingilizce\/\">\u0130ngilizce<\/a><br \/>\n<a href=\"http:\/\/kp.k12.tr\/lise\/akademik\/akademik-bolumler\/matematik\/\">Matematik<\/a><br \/>\n<a href=\"http:\/\/kp.k12.tr\/lise\/akademik\/akademik-bolumler\/fizik\/\">Fizik<\/a><br \/>\n<a href=\"http:\/\/kp.k12.tr\/lise\/akademik\/akademik-bolumler\/biyoloji\/\">Biyoloji<\/a><br \/>\n<a href=\"http:\/\/kp.k12.tr\/lise\/akademik\/akademik-bolumler\/tarih\/\">Tarih<\/a><br \/>\n<a href=\"http:\/\/kp.k12.tr\/lise\/akademik\/akademik-bolumler\/cografya\/\">Co\u011frafya<\/a><br \/>\n<a href=\"http:\/\/kp.k12.tr\/lise\/akademik\/akademik-bolumler\/felsefe\/\">Felsefe<\/a><br \/>\n<a href=\"http:\/\/kp.k12.tr\/lise\/akademik\/akademik-bolumler\/muzik\/\">M\u00fczik<\/a><br \/>\n<a href=\"http:\/\/kp.k12.tr\/lise\/akademik\/akademik-bolumler\/gorsel-sanatlar\/\">G\u00f6rsel Sanatlar<\/a><br \/>\n<a href=\"http:\/\/kp.k12.tr\/lise\/akademik\/akademik-bolumler\/beden-egitimi\/\">Beden E\u011fitimi<\/a><\/h6><\/div><\/div><\/div><\/div><\/div><\/div><\/div><\/div>\n","protected":false},"excerpt":{"rendered":"","protected":false},"author":6,"featured_media":0,"parent":12,"menu_order":21,"comment_status":"closed","ping_status":"closed","template":"100-width.php","meta":{"_view_id":"","footnotes":""},"class_list":["post-25","page","type-page","status-publish","hentry"],"jetpack_sharing_enabled":true,"_links":{"self":[{"href":"https:\/\/kp.k12.tr\/lise\/wp-json\/wp\/v2\/pages\/25","targetHints":{"allow":["GET"]}}],"collection":[{"href":"https:\/\/kp.k12.tr\/lise\/wp-json\/wp\/v2\/pages"}],"about":[{"href":"https:\/\/kp.k12.tr\/lise\/wp-json\/wp\/v2\/types\/page"}],"author":[{"embeddable":true,"href":"https:\/\/kp.k12.tr\/lise\/wp-json\/wp\/v2\/users\/6"}],"replies":[{"embeddable":true,"href":"https:\/\/kp.k12.tr\/lise\/wp-json\/wp\/v2\/comments?post=25"}],"version-history":[{"count":0,"href":"https:\/\/kp.k12.tr\/lise\/wp-json\/wp\/v2\/pages\/25\/revisions"}],"up":[{"embeddable":true,"href":"https:\/\/kp.k12.tr\/lise\/wp-json\/wp\/v2\/pages\/12"}],"wp:attachment":[{"href":"https:\/\/kp.k12.tr\/lise\/wp-json\/wp\/v2\/media?parent=25"}],"curies":[{"name":"wp","href":"https:\/\/api.w.org\/{rel}","templated":true}]}}