{"id":24,"date":"2018-01-18T08:07:20","date_gmt":"2018-01-18T08:07:20","guid":{"rendered":"http:\/\/kp.k12.tr\/lise\/egitim\/akademik-bolumler\/resim\/"},"modified":"2024-03-28T20:54:31","modified_gmt":"2024-03-28T17:54:31","slug":"gorsel-sanatlar","status":"publish","type":"page","link":"https:\/\/kp.k12.tr\/lise\/akademik\/akademik-bolumler\/gorsel-sanatlar\/","title":{"rendered":"G\u00f6rsel Sanatlar"},"content":{"rendered":"<div class=\"fusion-fullwidth fullwidth-box fusion-builder-row-1 fusion-flex-container fusion-parallax-fixed nonhundred-percent-fullwidth non-hundred-percent-height-scrolling lazyload card-1\" style=\"--awb-background-blend-mode:overlay;--awb-border-radius-top-left:0px;--awb-border-radius-top-right:0px;--awb-border-radius-bottom-right:0px;--awb-border-radius-bottom-left:0px;--awb-padding-top:60px;--awb-padding-bottom:60px;--awb-background-color:rgba(255,255,255,0.88);--awb-background-size:cover;--awb-flex-wrap:wrap;background-attachment:fixed;\" data-bg=\"http:\/\/kp.k12.tr\/lise\/wp-content\/uploads\/sites\/2\/2018\/02\/sajev_lise_tarihBG.jpg\" ><div class=\"fusion-builder-row fusion-row fusion-flex-align-items-flex-start fusion-flex-content-wrap\" style=\"max-width:1144px;margin-left: calc(-4% \/ 2 );margin-right: calc(-4% \/ 2 );\"><div class=\"fusion-layout-column fusion_builder_column fusion-builder-column-0 fusion_builder_column_1_1 1_1 fusion-flex-column card-1\" style=\"--awb-padding-top:5%;--awb-padding-right:5%;--awb-padding-left:5%;--awb-bg-color:rgba(255,255,255,0.87);--awb-bg-color-hover:rgba(255,255,255,0.87);--awb-bg-size:cover;--awb-width-large:100%;--awb-margin-top-large:0px;--awb-spacing-right-large:1.92%;--awb-margin-bottom-large:0px;--awb-spacing-left-large:1.92%;--awb-width-medium:100%;--awb-spacing-right-medium:1.92%;--awb-spacing-left-medium:1.92%;--awb-width-small:100%;--awb-spacing-right-small:1.92%;--awb-spacing-left-small:1.92%;\"><div class=\"fusion-column-wrapper fusion-flex-justify-content-flex-start fusion-content-layout-column\"><div class=\"fusion-builder-row fusion-builder-row-inner fusion-row fusion-flex-align-items-flex-start fusion-flex-content-wrap\" style=\"--awb-flex-grow:0;--awb-flex-grow-medium:0;--awb-flex-grow-small:0;--awb-flex-shrink:0;--awb-flex-shrink-medium:0;--awb-flex-shrink-small:0;width:104% !important;max-width:104% !important;margin-left: calc(-4% \/ 2 );margin-right: calc(-4% \/ 2 );\"><div class=\"fusion-layout-column fusion_builder_column_inner fusion-builder-nested-column-0 fusion_builder_column_inner_2_3 2_3 fusion-flex-column\" style=\"--awb-bg-size:cover;--awb-width-large:66.666666666667%;--awb-margin-top-large:0px;--awb-spacing-right-large:2.88%;--awb-margin-bottom-large:20px;--awb-spacing-left-large:2.88%;--awb-width-medium:100%;--awb-spacing-right-medium:1.92%;--awb-spacing-left-medium:1.92%;--awb-width-small:100%;--awb-spacing-right-small:1.92%;--awb-spacing-left-small:1.92%;\"><div class=\"fusion-column-wrapper fusion-flex-justify-content-flex-start fusion-content-layout-column\"><div class=\"fusion-title title fusion-title-1 fusion-sep-none fusion-title-text fusion-title-size-one\" style=\"--awb-margin-bottom:20px;--awb-margin-top-small:10px;--awb-margin-right-small:0px;--awb-margin-bottom-small:10px;--awb-margin-left-small:0px;\"><h1 class=\"fusion-title-heading title-heading-left fusion-responsive-typography-calculated\" style=\"margin:0;--fontSize:30;line-height:1.4;\">G\u00f6rsel Sanatlar<\/h1><\/div><div class=\"fusion-text fusion-text-1\"><p>\u00d6zel K\u00fc\u00e7\u00fck Prens Lisesi, \u00f6\u011frencilerine; \u00d6nderimiz Mustafa Kemal ATAT\u00dcRK\u2018\u00fcn bizlere g\u00f6sterdi\u011fi \u00e7a\u011fda\u015fla\u015fma yolunda, sanat\u0131n ve sanat\u00e7\u0131n\u0131n \u00f6nemini kavrayabilecekleri bir e\u011fitim anlay\u0131\u015f\u0131 sunmay\u0131 ama\u00e7 edinmi\u015ftir.<\/p>\n<p>\u00d6\u011frencilerimiz okulumuzda, bir\u00e7ok sanat t\u00fcr\u00fc ve k\u00fclt\u00fcr\u00fcne ait bilgiler alarak, deneyimleyebilecekleri ortamlarda e\u011fitim g\u00f6rmektedirler.<\/p>\n<p>G\u00f6rsel sanatlar e\u011fitimindeki anlay\u0131\u015f\u0131m\u0131z; estetik kayg\u0131larla birlikte, \u00f6\u011frencinin sa\u011fl\u0131kl\u0131 bir birey olmas\u0131, var olma yolunda kendini ifade edebilmesi ve ger\u00e7ekle\u015ftirmesi, yarat\u0131c\u0131 d\u00fc\u015f\u00fcnmesi, sorun \u00e7\u00f6zmesi, e\u011flenmesi, sosyalle\u015fmesi, \u00f6zg\u00fcven kazanmas\u0131, fark\u0131na varmas\u0131, \u00fclkesinin ve d\u00fcnyan\u0131n ortak de\u011ferlerine sayg\u0131 duymas\u0131 gibi temel kazan\u0131mlara dayan\u0131r.<\/p>\n<p><strong>Haz\u0131rl\u0131k S\u0131n\u0131flar\u0131nda:<\/strong><\/p>\n<ul>\n<li>At\u00f6lye kurallar\u0131, etkin malzeme kullan\u0131m\u0131,<\/li>\n<li>Farkl\u0131 resim teknikleri hakk\u0131nda genel bilgi,<\/li>\n<li>Sanat\u0131n hayat\u0131m\u0131zdaki yeri ve \u00f6nemi,<\/li>\n<li>M\u0131s\u0131r ve Mezopotamya sanat\u0131,<\/li>\n<li>\u00c7izgi, nokta, \u0131\u015f\u0131k \u00e7al\u0131\u015fmalar\u0131,<\/li>\n<li>Perspektif \u00e7al\u0131\u015fmalar\u0131,<\/li>\n<li>Desen \u00e7al\u0131\u015fmalar\u0131,<\/li>\n<li>M\u00fczelerin \u00f6nemi.<\/li>\n<\/ul>\n<p><strong>9. S\u0131n\u0131flarda:<\/strong><\/p>\n<ul>\n<li>Sanat\u0131n do\u011fu\u015fu, sanat ve sanat\u00e7\u0131n\u0131n \u00f6nemi, g\u00fcn\u00fcm\u00fczdeki g\u00f6rsel sanat meslekleri,<\/li>\n<li>Sanat eserinin nitelikleri, d\u00fczenleme \u00f6geleri, yorumlama ve yarg\u0131,<\/li>\n<li>K\u00fclt\u00fcr\u00fcn gelece\u011fe aktar\u0131m\u0131nda m\u00fczenin rol\u00fc, k\u00fclt\u00fcrel de\u011ferlerin korunmas\u0131,<\/li>\n<li>G\u00f6rsel bi\u00e7imlendirme \u00f6geleri, perspektif, desen ve renk \u00e7al\u0131\u015fmalar\u0131.<\/li>\n<\/ul>\n<p><strong>10. S\u0131n\u0131flarda:<\/strong><\/p>\n<ul>\n<li>Geleneksel T\u00fcrk sanatlar\u0131n\u0131n \u00e7e\u015fitleri, k\u00fclt\u00fcrel \u00f6nemi ve temsilcileri,<\/li>\n<li>Geleneksel sanatlara ait motif, renk ve kavramlar,<\/li>\n<li>\u0130slamiyet \u00f6ncesi ve sonras\u0131 T\u00fcrk resim sanat\u0131,<\/li>\n<li>\u00c7a\u011fda\u015f T\u00fcrk resminin geli\u015fimi, \u00f6zellikleri ve temsilcileri,<\/li>\n<li>\u00dclkemizdeki m\u00fczeler,<\/li>\n<li>\u00d6l\u00e7\u00fc, oran ve insan fig\u00fcr\u00fcn\u00fc konu alan kompozisyon \u00e7al\u0131\u015fmalar\u0131,<\/li>\n<li>Heykel, r\u00f6lyef hakk\u0131nda temel bilgi ve \u00e7al\u0131\u015fmalar.<\/li>\n<\/ul>\n<p><strong>11. S\u0131n\u0131flarda:<\/strong><\/p>\n<ul>\n<li>Modernizm \u00f6ncesi Bat\u0131 resim sanat\u0131, temsilcileri ve eserleri,<\/li>\n<li>Modern sanat ak\u0131mlar\u0131 temsilcileri ve ortaya \u00e7\u0131k\u0131\u015f nedenleri,<\/li>\n<li>Geleneksel T\u00fcrk sanatlar\u0131ndan yararlanan Bat\u0131l\u0131 ressamlar,<\/li>\n<li>Portre, \u00f6zg\u00fcn bask\u0131 ve akrilik \u00e7al\u0131\u015fmalar\u0131.<\/li>\n<\/ul>\n<p><strong>12. S\u0131n\u0131flarda:<\/strong><\/p>\n<ul>\n<li>Postmodern sanat ve genel \u00f6zellikleri,<\/li>\n<li>D\u00fcnyaca \u00fcnl\u00fc m\u00fczeler ve bar\u0131nd\u0131rd\u0131klar\u0131 eserlerimiz,<\/li>\n<li>Fig\u00fcr, karikat\u00fcr, foto\u011fraf ve renkli resim \u00e7al\u0131\u015fmalar\u0131; \u00f6\u011frencilerimizin ula\u015fmas\u0131n\u0131 hedefledi\u011fimiz kazan\u0131mlar\u0131 olu\u015fturmaktad\u0131r.<\/li>\n<\/ul>\n<\/div><\/div><\/div><div class=\"fusion-layout-column fusion_builder_column_inner fusion-builder-nested-column-1 fusion_builder_column_inner_1_3 1_3 fusion-flex-column card-1\" style=\"--awb-padding-top:24px;--awb-padding-right:24px;--awb-padding-bottom:20px;--awb-padding-left:24px;--awb-bg-color:#fafafa;--awb-bg-color-hover:#fafafa;--awb-bg-size:cover;--awb-width-large:33.333333333333%;--awb-margin-top-large:0px;--awb-spacing-right-large:5.76%;--awb-margin-bottom-large:20px;--awb-spacing-left-large:5.76%;--awb-width-medium:100%;--awb-spacing-right-medium:1.92%;--awb-spacing-left-medium:1.92%;--awb-width-small:100%;--awb-spacing-right-small:1.92%;--awb-spacing-left-small:1.92%;\"><div class=\"fusion-column-wrapper fusion-flex-justify-content-flex-start fusion-content-layout-column\"><div class=\"fusion-title title fusion-title-2 fusion-sep-none fusion-title-text fusion-title-size-four\" style=\"--awb-margin-bottom:20px;--awb-margin-top-small:10px;--awb-margin-right-small:0px;--awb-margin-bottom-small:10px;--awb-margin-left-small:0px;\"><h4 class=\"fusion-title-heading title-heading-left fusion-responsive-typography-calculated\" style=\"margin:0;--fontSize:20;--minFontSize:20;line-height:1.5;\"><h4>Akademik B\u00f6l\u00fcmler<\/h4><\/h4><\/div><div class=\"fusion-title title fusion-title-3 fusion-sep-none fusion-title-text fusion-title-size-six\" style=\"--awb-margin-top-small:10px;--awb-margin-right-small:0px;--awb-margin-bottom-small:10px;--awb-margin-left-small:0px;\"><h6 class=\"fusion-title-heading title-heading-left fusion-responsive-typography-calculated\" style=\"margin:0;--fontSize:16;--minFontSize:16;line-height:2;\"><a href=\"http:\/\/kp.k12.tr\/lise\/akademik\/akademik-bolumler\/fransizca\/\">Frans\u0131zca<\/a><br \/>\n<a href=\"http:\/\/kp.k12.tr\/lise\/akademik\/akademik-bolumler\/edebiyat\/\">T\u00fcrk Dili &amp; Edebiyat\u0131<\/a><br \/>\n<a href=\"http:\/\/kp.k12.tr\/lise\/akademik\/akademik-bolumler\/ingilizce\/\">\u0130ngilizce<\/a><br \/>\n<a href=\"http:\/\/kp.k12.tr\/lise\/akademik\/akademik-bolumler\/matematik\/\">Matematik<\/a><br \/>\n<a href=\"http:\/\/kp.k12.tr\/lise\/akademik\/akademik-bolumler\/fizik\/\">Fizik<\/a><br \/>\n<a href=\"http:\/\/kp.k12.tr\/lise\/akademik\/akademik-bolumler\/biyoloji\/\">Biyoloji<\/a><br \/>\n<a href=\"http:\/\/kp.k12.tr\/lise\/akademik\/akademik-bolumler\/tarih\/\">Tarih<\/a><br \/>\n<a href=\"http:\/\/kp.k12.tr\/lise\/akademik\/akademik-bolumler\/cografya\/\">Co\u011frafya<\/a><br \/>\n<a href=\"http:\/\/kp.k12.tr\/lise\/akademik\/akademik-bolumler\/felsefe\/\">Felsefe<\/a><br \/>\n<a href=\"http:\/\/kp.k12.tr\/lise\/akademik\/akademik-bolumler\/muzik\/\">M\u00fczik<\/a><br \/>\n<a href=\"http:\/\/kp.k12.tr\/lise\/akademik\/akademik-bolumler\/gorsel-sanatlar\/\">G\u00f6rsel Sanatlar<\/a><br \/>\n<a href=\"http:\/\/kp.k12.tr\/lise\/akademik\/akademik-bolumler\/beden-egitimi\/\">Beden E\u011fitimi<\/a><\/h6><\/div><\/div><\/div><\/div><\/div><\/div><\/div><\/div>\n","protected":false},"excerpt":{"rendered":"","protected":false},"author":6,"featured_media":0,"parent":12,"menu_order":20,"comment_status":"closed","ping_status":"closed","template":"100-width.php","meta":{"_view_id":"","footnotes":""},"class_list":["post-24","page","type-page","status-publish","hentry"],"jetpack_sharing_enabled":true,"_links":{"self":[{"href":"https:\/\/kp.k12.tr\/lise\/wp-json\/wp\/v2\/pages\/24","targetHints":{"allow":["GET"]}}],"collection":[{"href":"https:\/\/kp.k12.tr\/lise\/wp-json\/wp\/v2\/pages"}],"about":[{"href":"https:\/\/kp.k12.tr\/lise\/wp-json\/wp\/v2\/types\/page"}],"author":[{"embeddable":true,"href":"https:\/\/kp.k12.tr\/lise\/wp-json\/wp\/v2\/users\/6"}],"replies":[{"embeddable":true,"href":"https:\/\/kp.k12.tr\/lise\/wp-json\/wp\/v2\/comments?post=24"}],"version-history":[{"count":0,"href":"https:\/\/kp.k12.tr\/lise\/wp-json\/wp\/v2\/pages\/24\/revisions"}],"up":[{"embeddable":true,"href":"https:\/\/kp.k12.tr\/lise\/wp-json\/wp\/v2\/pages\/12"}],"wp:attachment":[{"href":"https:\/\/kp.k12.tr\/lise\/wp-json\/wp\/v2\/media?parent=24"}],"curies":[{"name":"wp","href":"https:\/\/api.w.org\/{rel}","templated":true}]}}