{"id":2288,"date":"2018-05-11T15:00:07","date_gmt":"2018-05-11T12:00:07","guid":{"rendered":"http:\/\/kp.k12.tr\/lise\/?page_id=2288"},"modified":"2026-02-09T08:42:40","modified_gmt":"2026-02-09T05:42:40","slug":"ucretlerimiz","status":"publish","type":"page","link":"https:\/\/kp.k12.tr\/lise\/aday-ogrenci\/ucretlerimiz\/","title":{"rendered":"\u00dccretlerimiz"},"content":{"rendered":"<div class=\"fusion-fullwidth fullwidth-box fusion-builder-row-1 fusion-flex-container nonhundred-percent-fullwidth non-hundred-percent-height-scrolling\" style=\"--awb-background-blend-mode:overlay;--awb-border-radius-top-left:0px;--awb-border-radius-top-right:0px;--awb-border-radius-bottom-right:0px;--awb-border-radius-bottom-left:0px;--awb-margin-top:60px;--awb-margin-bottom:60px;--awb-background-color:#fafafafa;--awb-flex-wrap:wrap;\" ><div class=\"fusion-builder-row fusion-row fusion-flex-align-items-flex-start fusion-flex-content-wrap\" style=\"max-width:1144px;margin-left: calc(-4% \/ 2 );margin-right: calc(-4% \/ 2 );\"><div class=\"fusion-layout-column fusion_builder_column fusion-builder-column-0 fusion_builder_column_1_1 1_1 fusion-flex-column card-1\" style=\"--awb-padding-top:5%;--awb-padding-right:5%;--awb-padding-bottom:5%;--awb-padding-left:5%;--awb-overflow:hidden;--awb-bg-color:#ffffff;--awb-bg-color-hover:#ffffff;--awb-bg-size:cover;--awb-border-color:var(--awb-custom_color_13);--awb-border-top:1px;--awb-border-right:1px;--awb-border-bottom:1px;--awb-border-left:1px;--awb-border-style:solid;--awb-border-radius:10px 10px 10px 10px;--awb-width-large:100%;--awb-margin-top-large:0px;--awb-spacing-right-large:0px;--awb-margin-bottom-large:20px;--awb-spacing-left-large:0%;--awb-width-medium:100%;--awb-spacing-right-medium:1.92%;--awb-spacing-left-medium:1.92%;--awb-width-small:100%;--awb-spacing-right-small:1.92%;--awb-spacing-left-small:1.92%;\"><div class=\"fusion-column-wrapper fusion-flex-justify-content-flex-start fusion-content-layout-column\"><div class=\"fusion-text fusion-text-1\"><p><strong>\u00dccretlerimiz<\/strong><\/p>\n<p style=\"text-align: left;\"><strong>SAINT-JOSEPH L\u0130SES\u0130 E\u011e\u0130T\u0130M VAKFI \u0130KT\u0130SAD\u0130 \u0130\u015eLETMES\u0130<\/strong><\/p>\n<p style=\"text-align: left;\"><strong>\u00d6ZEL K\u00dc\u00c7\u00dcK PRENS L\u0130SES\u0130 2026-2027 \u00d6\u011eRENC\u0130 \u00dcCRETLER\u0130<\/strong><\/p>\n<\/div><div class=\"fusion-text fusion-text-2\"><\/div><\/div><\/div><\/div><\/div>\n","protected":false},"excerpt":{"rendered":"","protected":false},"author":6,"featured_media":0,"parent":67,"menu_order":0,"comment_status":"closed","ping_status":"closed","template":"","meta":{"_view_id":"","footnotes":""},"class_list":["post-2288","page","type-page","status-publish","hentry"],"jetpack_sharing_enabled":true,"_links":{"self":[{"href":"https:\/\/kp.k12.tr\/lise\/wp-json\/wp\/v2\/pages\/2288","targetHints":{"allow":["GET"]}}],"collection":[{"href":"https:\/\/kp.k12.tr\/lise\/wp-json\/wp\/v2\/pages"}],"about":[{"href":"https:\/\/kp.k12.tr\/lise\/wp-json\/wp\/v2\/types\/page"}],"author":[{"embeddable":true,"href":"https:\/\/kp.k12.tr\/lise\/wp-json\/wp\/v2\/users\/6"}],"replies":[{"embeddable":true,"href":"https:\/\/kp.k12.tr\/lise\/wp-json\/wp\/v2\/comments?post=2288"}],"version-history":[{"count":2,"href":"https:\/\/kp.k12.tr\/lise\/wp-json\/wp\/v2\/pages\/2288\/revisions"}],"predecessor-version":[{"id":12810,"href":"https:\/\/kp.k12.tr\/lise\/wp-json\/wp\/v2\/pages\/2288\/revisions\/12810"}],"up":[{"embeddable":true,"href":"https:\/\/kp.k12.tr\/lise\/wp-json\/wp\/v2\/pages\/67"}],"wp:attachment":[{"href":"https:\/\/kp.k12.tr\/lise\/wp-json\/wp\/v2\/media?parent=2288"}],"curies":[{"name":"wp","href":"https:\/\/api.w.org\/{rel}","templated":true}]}}