{"id":21,"date":"2018-01-18T08:07:20","date_gmt":"2018-01-18T08:07:20","guid":{"rendered":"http:\/\/kp.k12.tr\/lise\/egitim\/akademik-bolumler\/cografya\/"},"modified":"2024-03-28T20:53:32","modified_gmt":"2024-03-28T17:53:32","slug":"cografya","status":"publish","type":"page","link":"https:\/\/kp.k12.tr\/lise\/akademik\/akademik-bolumler\/cografya\/","title":{"rendered":"Co\u011frafya"},"content":{"rendered":"<div class=\"fusion-fullwidth fullwidth-box fusion-builder-row-1 fusion-flex-container fusion-parallax-fixed nonhundred-percent-fullwidth non-hundred-percent-height-scrolling lazyload card-1\" style=\"--awb-background-blend-mode:overlay;--awb-border-radius-top-left:0px;--awb-border-radius-top-right:0px;--awb-border-radius-bottom-right:0px;--awb-border-radius-bottom-left:0px;--awb-padding-top:60px;--awb-padding-bottom:60px;--awb-background-color:rgba(255,255,255,0.88);--awb-background-size:cover;--awb-flex-wrap:wrap;background-attachment:fixed;\" data-bg=\"http:\/\/kp.k12.tr\/lise\/wp-content\/uploads\/sites\/2\/2018\/02\/sajev_lise_tarihBG.jpg\" ><div class=\"fusion-builder-row fusion-row fusion-flex-align-items-flex-start fusion-flex-content-wrap\" style=\"max-width:1144px;margin-left: calc(-4% \/ 2 );margin-right: calc(-4% \/ 2 );\"><div class=\"fusion-layout-column fusion_builder_column fusion-builder-column-0 fusion_builder_column_1_1 1_1 fusion-flex-column card-1\" style=\"--awb-padding-top:5%;--awb-padding-right:5%;--awb-padding-left:5%;--awb-bg-color:rgba(255,255,255,0.87);--awb-bg-color-hover:rgba(255,255,255,0.87);--awb-bg-size:cover;--awb-width-large:100%;--awb-margin-top-large:0px;--awb-spacing-right-large:1.92%;--awb-margin-bottom-large:0px;--awb-spacing-left-large:1.92%;--awb-width-medium:100%;--awb-spacing-right-medium:1.92%;--awb-spacing-left-medium:1.92%;--awb-width-small:100%;--awb-spacing-right-small:1.92%;--awb-spacing-left-small:1.92%;\"><div class=\"fusion-column-wrapper fusion-flex-justify-content-flex-start fusion-content-layout-column\"><div class=\"fusion-builder-row fusion-builder-row-inner fusion-row fusion-flex-align-items-flex-start fusion-flex-content-wrap\" style=\"--awb-flex-grow:0;--awb-flex-grow-medium:0;--awb-flex-grow-small:0;--awb-flex-shrink:0;--awb-flex-shrink-medium:0;--awb-flex-shrink-small:0;width:104% !important;max-width:104% !important;margin-left: calc(-4% \/ 2 );margin-right: calc(-4% \/ 2 );\"><div class=\"fusion-layout-column fusion_builder_column_inner fusion-builder-nested-column-0 fusion_builder_column_inner_2_3 2_3 fusion-flex-column\" style=\"--awb-bg-size:cover;--awb-width-large:66.666666666667%;--awb-margin-top-large:0px;--awb-spacing-right-large:2.88%;--awb-margin-bottom-large:20px;--awb-spacing-left-large:2.88%;--awb-width-medium:100%;--awb-spacing-right-medium:1.92%;--awb-spacing-left-medium:1.92%;--awb-width-small:100%;--awb-spacing-right-small:1.92%;--awb-spacing-left-small:1.92%;\"><div class=\"fusion-column-wrapper fusion-flex-justify-content-flex-start fusion-content-layout-column\"><div class=\"fusion-title title fusion-title-1 fusion-sep-none fusion-title-text fusion-title-size-one\" style=\"--awb-margin-bottom:20px;--awb-margin-top-small:10px;--awb-margin-right-small:0px;--awb-margin-bottom-small:10px;--awb-margin-left-small:0px;\"><h1 class=\"fusion-title-heading title-heading-left fusion-responsive-typography-calculated\" style=\"margin:0;--fontSize:30;line-height:1.4;\">Co\u011frafya<\/h1><\/div><div class=\"fusion-text fusion-text-1\"><p>Ortaokul 8. S\u0131n\u0131f ve lise haz\u0131rl\u0131k s\u0131n\u0131flar\u0131n\u0131n m\u00fcfredat program\u0131nda co\u011frafya dersinin olmamas\u0131ndan dolay\u0131 Haz\u0131rl\u0131k ve 9. s\u0131n\u0131f \u00f6\u011frencilerimize Haz\u0131r Bulunu\u015fluk s\u0131nav\u0131nda co\u011frafya sorusu y\u00f6neltilmemi\u015ftir. Bu nedenle \u00f6\u011frencilerimizin co\u011frafya dersi kazan\u0131mlar\u0131na dair bir \u00f6n bilgilerinin olup olmad\u0131\u011f\u0131 test edilememi\u015ftir. Ancak ilk derslerimizden itibaren 9. s\u0131n\u0131f \u00f6\u011frencilerimizin co\u011frafi bilgileri s\u0131n\u0131f ortam\u0131nda ders esnas\u0131nda kontrol edilmeye \u00e7al\u0131\u015f\u0131lm\u0131\u015ft\u0131r. Bu anlamda akademik y\u00f6nden iyi olan \u00f6\u011frencilerin yan\u0131nda s\u0131n\u0131f genelinin co\u011frafi bilgi y\u00f6n\u00fcnden zay\u0131f oldu\u011funu s\u00f6ylemek do\u011fru olur. Bunun en \u00f6nemli nedenleri \u00f6\u011frencilerimizin bir ders olarak co\u011frafyayla yeni tan\u0131\u015f\u0131yor olmalar\u0131 ve ortaokul sosyal bilgiler ders i\u00e7eri\u011finde co\u011frafyaya fazla yer verilmemi\u015f olmas\u0131d\u0131r.<\/p>\n<p>\u00c7al\u0131\u015fmalar\u0131m\u0131z bu kapsamda ilerlemektedir. \u00d6\u011frencilerimizin co\u011frafi becerilerinin y\u00fckseltilmesi anlam\u0131nda \u00e7aba sarf edilmektedir. YGS ve LYS s\u0131navlar\u0131nda co\u011frafya dersinin a\u011f\u0131rl\u0131\u011f\u0131n\u0131n y\u00fcksek oldu\u011fu d\u00fc\u015f\u00fcn\u00fcld\u00fc\u011f\u00fcnde birka\u00e7 y\u0131l sonra s\u0131nava girecek olan \u00f6\u011frencilerimize co\u011frafya dersinden iyi bir temel olu\u015fturmam\u0131z \u015fartt\u0131r.<\/p>\n<p>Co\u011frafya dersi, lise e\u011fitiminin her s\u0131n\u0131f\u0131nda temel dersler aras\u0131nda bulunmaktad\u0131r. Bu derste ba\u015far\u0131y\u0131 yakalamak i\u00e7in \u00f6ncelikle 9. ve 10. s\u0131n\u0131f m\u00fcfredat\u0131 \u00f6\u011frenciye \u00e7ok iyi d\u00fczeyde kavrat\u0131lmal\u0131d\u0131r. Co\u011frafya dersinde g\u00f6rsellik \u00e7ok \u00f6nemlidir. Bu ba\u011flamda SAJEV Vakf\u0131, K\u00fc\u00e7\u00fck Prens Lisesinin 9. ve 10. s\u0131n\u0131f\u0131nda yap\u0131lan derslerde, her konu ile ilgili sunumlar haz\u0131rlanm\u0131\u015ft\u0131r. Zengin g\u00f6rsel sunum ar\u015fivimizden i\u015fleyi\u015fe en uygun \u015fekilde \u201cak\u0131ll\u0131 tahta\u201d etkinlikleriyle yararlan\u0131lmaktad\u0131r. \u00d6\u011frencilerimize her hafta sonu \u00f6dev verilmektedir. \u00d6dev i\u00e7erikleri o hafta i\u015flenen konulardan olu\u015fmaktad\u0131r. Ders s\u0131ras\u0131nda uygulad\u0131\u011f\u0131m\u0131z mini testler ve ak\u0131ll\u0131 tahtadaki soru bankas\u0131 uygulamas\u0131 ile soru \u00e7\u00f6z\u00fcm\u00fc, konular\u0131n peki\u015ftirilmesi i\u00e7in yapt\u0131\u011f\u0131m\u0131z \u00e7al\u0131\u015fmalardand\u0131r.<\/p>\n<p>Derslerde ve gezilerde yap\u0131lmas\u0131 planlanan t\u00fcm \u00e7al\u0131\u015fmalar ve etkinlikler, \u00f6\u011frencilerimizin kendilerini geli\u015ftirmelerine katk\u0131 sa\u011flamakla birlikte, esas olarak d\u00f6rt y\u0131l sonra girecekleri YGS-LYS s\u0131nav\u0131ndaki ba\u015far\u0131lar\u0131n\u0131n istenen d\u00fczeyde ger\u00e7ekle\u015fmesi i\u00e7in daha b\u00fcy\u00fck bir \u00f6neme sahip olacakt\u0131r. Bu nedenle, sosyal derslerin i\u015fleni\u015finde YGS s\u0131nav mant\u0131\u011f\u0131na dikkat edilmekte, \u00f6\u011frencilerimiz bir taraftan m\u00fcfredatla ilgili kazan\u0131mlar\u0131 \u00f6\u011frenirken di\u011fer taraftan ileride girecekleri s\u0131navlardaki ba\u015far\u0131lar\u0131na da haz\u0131rlanmaktad\u0131r.<\/p>\n<p>Akademik ba\u015far\u0131 \u015f\u00fcphesiz ki \u00f6nemlidir. Ancak tek ama\u00e7 de\u011fildir. SAJEV Lisesi \u00f6\u011frencileri, bu okuldan mezun olduklar\u0131nda her y\u00f6nden donan\u0131ml\u0131 birer birey olarak yeti\u015fmelidir. Gen\u00e7lerimiz, \u00e7evresine \u00f6rnek olabilen, kar\u015f\u0131la\u015ft\u0131\u011f\u0131 durumlar kar\u015f\u0131s\u0131nda do\u011fru kararlar verebilen, sorumluluk almaktan ka\u00e7mayan, liderlik vas\u0131flar\u0131 kuvvetli insanlar olarak toplumda kendine yer bulmal\u0131d\u0131r.<\/p>\n<\/div><\/div><\/div><div class=\"fusion-layout-column fusion_builder_column_inner fusion-builder-nested-column-1 fusion_builder_column_inner_1_3 1_3 fusion-flex-column card-1\" style=\"--awb-padding-top:24px;--awb-padding-right:24px;--awb-padding-bottom:20px;--awb-padding-left:24px;--awb-bg-color:#fafafa;--awb-bg-color-hover:#fafafa;--awb-bg-size:cover;--awb-width-large:33.333333333333%;--awb-margin-top-large:0px;--awb-spacing-right-large:5.76%;--awb-margin-bottom-large:20px;--awb-spacing-left-large:5.76%;--awb-width-medium:100%;--awb-spacing-right-medium:1.92%;--awb-spacing-left-medium:1.92%;--awb-width-small:100%;--awb-spacing-right-small:1.92%;--awb-spacing-left-small:1.92%;\"><div class=\"fusion-column-wrapper fusion-flex-justify-content-flex-start fusion-content-layout-column\"><div class=\"fusion-title title fusion-title-2 fusion-sep-none fusion-title-text fusion-title-size-four\" style=\"--awb-margin-bottom:20px;--awb-margin-top-small:10px;--awb-margin-right-small:0px;--awb-margin-bottom-small:10px;--awb-margin-left-small:0px;\"><h4 class=\"fusion-title-heading title-heading-left fusion-responsive-typography-calculated\" style=\"margin:0;--fontSize:20;--minFontSize:20;line-height:1.5;\"><h4>Akademik B\u00f6l\u00fcmler<\/h4><\/h4><\/div><div class=\"fusion-title title fusion-title-3 fusion-sep-none fusion-title-text fusion-title-size-six\" style=\"--awb-margin-top-small:10px;--awb-margin-right-small:0px;--awb-margin-bottom-small:10px;--awb-margin-left-small:0px;\"><h6 class=\"fusion-title-heading title-heading-left fusion-responsive-typography-calculated\" style=\"margin:0;--fontSize:16;--minFontSize:16;line-height:2;\"><a href=\"http:\/\/kp.k12.tr\/lise\/akademik\/akademik-bolumler\/fransizca\/\">Frans\u0131zca<\/a><br \/>\n<a href=\"http:\/\/kp.k12.tr\/lise\/akademik\/akademik-bolumler\/edebiyat\/\">T\u00fcrk Dili &amp; Edebiyat\u0131<\/a><br \/>\n<a href=\"http:\/\/kp.k12.tr\/lise\/akademik\/akademik-bolumler\/ingilizce\/\">\u0130ngilizce<\/a><br \/>\n<a href=\"http:\/\/kp.k12.tr\/lise\/akademik\/akademik-bolumler\/matematik\/\">Matematik<\/a><br \/>\n<a href=\"http:\/\/kp.k12.tr\/lise\/akademik\/akademik-bolumler\/fizik\/\">Fizik<\/a><br \/>\n<a href=\"http:\/\/kp.k12.tr\/lise\/akademik\/akademik-bolumler\/biyoloji\/\">Biyoloji<\/a><br \/>\n<a href=\"http:\/\/kp.k12.tr\/lise\/akademik\/akademik-bolumler\/tarih\/\">Tarih<\/a><br \/>\n<a href=\"http:\/\/kp.k12.tr\/lise\/akademik\/akademik-bolumler\/cografya\/\">Co\u011frafya<\/a><br \/>\n<a href=\"http:\/\/kp.k12.tr\/lise\/akademik\/akademik-bolumler\/felsefe\/\">Felsefe<\/a><br \/>\n<a href=\"http:\/\/kp.k12.tr\/lise\/akademik\/akademik-bolumler\/muzik\/\">M\u00fczik<\/a><br \/>\n<a href=\"http:\/\/kp.k12.tr\/lise\/akademik\/akademik-bolumler\/gorsel-sanatlar\/\">G\u00f6rsel Sanatlar<\/a><br \/>\n<a href=\"http:\/\/kp.k12.tr\/lise\/akademik\/akademik-bolumler\/beden-egitimi\/\">Beden E\u011fitimi<\/a><\/h6><\/div><\/div><\/div><\/div><\/div><\/div><\/div><\/div>\n","protected":false},"excerpt":{"rendered":"","protected":false},"author":6,"featured_media":0,"parent":12,"menu_order":17,"comment_status":"closed","ping_status":"closed","template":"100-width.php","meta":{"_view_id":"","footnotes":""},"class_list":["post-21","page","type-page","status-publish","hentry"],"jetpack_sharing_enabled":true,"_links":{"self":[{"href":"https:\/\/kp.k12.tr\/lise\/wp-json\/wp\/v2\/pages\/21","targetHints":{"allow":["GET"]}}],"collection":[{"href":"https:\/\/kp.k12.tr\/lise\/wp-json\/wp\/v2\/pages"}],"about":[{"href":"https:\/\/kp.k12.tr\/lise\/wp-json\/wp\/v2\/types\/page"}],"author":[{"embeddable":true,"href":"https:\/\/kp.k12.tr\/lise\/wp-json\/wp\/v2\/users\/6"}],"replies":[{"embeddable":true,"href":"https:\/\/kp.k12.tr\/lise\/wp-json\/wp\/v2\/comments?post=21"}],"version-history":[{"count":0,"href":"https:\/\/kp.k12.tr\/lise\/wp-json\/wp\/v2\/pages\/21\/revisions"}],"up":[{"embeddable":true,"href":"https:\/\/kp.k12.tr\/lise\/wp-json\/wp\/v2\/pages\/12"}],"wp:attachment":[{"href":"https:\/\/kp.k12.tr\/lise\/wp-json\/wp\/v2\/media?parent=21"}],"curies":[{"name":"wp","href":"https:\/\/api.w.org\/{rel}","templated":true}]}}