{"id":20,"date":"2018-01-18T08:07:20","date_gmt":"2018-01-18T08:07:20","guid":{"rendered":"http:\/\/kp.k12.tr\/lise\/egitim\/akademik-bolumler\/tarih\/"},"modified":"2024-03-28T20:52:49","modified_gmt":"2024-03-28T17:52:49","slug":"tarih","status":"publish","type":"page","link":"https:\/\/kp.k12.tr\/lise\/akademik\/akademik-bolumler\/tarih\/","title":{"rendered":"Tarih"},"content":{"rendered":"<div class=\"fusion-fullwidth fullwidth-box fusion-builder-row-1 fusion-flex-container fusion-parallax-fixed nonhundred-percent-fullwidth non-hundred-percent-height-scrolling lazyload card-1\" style=\"--awb-background-blend-mode:overlay;--awb-border-radius-top-left:0px;--awb-border-radius-top-right:0px;--awb-border-radius-bottom-right:0px;--awb-border-radius-bottom-left:0px;--awb-padding-top:60px;--awb-padding-bottom:60px;--awb-background-color:rgba(255,255,255,0.88);--awb-background-size:cover;--awb-flex-wrap:wrap;background-attachment:fixed;\" data-bg=\"http:\/\/kp.k12.tr\/lise\/wp-content\/uploads\/sites\/2\/2018\/02\/sajev_lise_tarihBG.jpg\" ><div class=\"fusion-builder-row fusion-row fusion-flex-align-items-flex-start fusion-flex-content-wrap\" style=\"max-width:1144px;margin-left: calc(-4% \/ 2 );margin-right: calc(-4% \/ 2 );\"><div class=\"fusion-layout-column fusion_builder_column fusion-builder-column-0 fusion_builder_column_1_1 1_1 fusion-flex-column card-1\" style=\"--awb-padding-top:5%;--awb-padding-right:5%;--awb-padding-left:5%;--awb-bg-color:rgba(255,255,255,0.87);--awb-bg-color-hover:rgba(255,255,255,0.87);--awb-bg-size:cover;--awb-width-large:100%;--awb-margin-top-large:0px;--awb-spacing-right-large:1.92%;--awb-margin-bottom-large:0px;--awb-spacing-left-large:1.92%;--awb-width-medium:100%;--awb-spacing-right-medium:1.92%;--awb-spacing-left-medium:1.92%;--awb-width-small:100%;--awb-spacing-right-small:1.92%;--awb-spacing-left-small:1.92%;\"><div class=\"fusion-column-wrapper fusion-flex-justify-content-flex-start fusion-content-layout-column\"><div class=\"fusion-builder-row fusion-builder-row-inner fusion-row fusion-flex-align-items-flex-start fusion-flex-content-wrap\" style=\"--awb-flex-grow:0;--awb-flex-grow-medium:0;--awb-flex-grow-small:0;--awb-flex-shrink:0;--awb-flex-shrink-medium:0;--awb-flex-shrink-small:0;width:104% !important;max-width:104% !important;margin-left: calc(-4% \/ 2 );margin-right: calc(-4% \/ 2 );\"><div class=\"fusion-layout-column fusion_builder_column_inner fusion-builder-nested-column-0 fusion_builder_column_inner_2_3 2_3 fusion-flex-column\" style=\"--awb-bg-size:cover;--awb-width-large:66.666666666667%;--awb-margin-top-large:0px;--awb-spacing-right-large:2.88%;--awb-margin-bottom-large:20px;--awb-spacing-left-large:2.88%;--awb-width-medium:100%;--awb-spacing-right-medium:1.92%;--awb-spacing-left-medium:1.92%;--awb-width-small:100%;--awb-spacing-right-small:1.92%;--awb-spacing-left-small:1.92%;\"><div class=\"fusion-column-wrapper fusion-flex-justify-content-flex-start fusion-content-layout-column\"><div class=\"fusion-title title fusion-title-1 fusion-sep-none fusion-title-text fusion-title-size-one\" style=\"--awb-margin-bottom:20px;--awb-margin-top-small:10px;--awb-margin-right-small:0px;--awb-margin-bottom-small:10px;--awb-margin-left-small:0px;\"><h1 class=\"fusion-title-heading title-heading-left fusion-responsive-typography-calculated\" style=\"margin:0;--fontSize:30;line-height:1.4;\">Tarih<\/h1><\/div><div class=\"fusion-text fusion-text-1\"><ul>\n<li>Tarih dersi, lise e\u011fitiminin her s\u0131n\u0131f\u0131nda temel dersler aras\u0131nda bulunmaktad\u0131r. Bu derste ba\u015far\u0131y\u0131 yakalamak i\u00e7in \u00f6ncelikle 9. ve 10. s\u0131n\u0131f m\u00fcfredat\u0131 \u00f6\u011frenciye \u00e7ok iyi d\u00fczeyde kavrat\u0131lmal\u0131 ve bu dersin metodolojisi hakk\u0131nda temel bilgiler ve kavramlar \u00f6\u011fretilmelidir.<\/li>\n<li>Bu ba\u011flamda SAJEV Vakf\u0131, K\u00fc\u00e7\u00fck Prens Lisesi\u2019nin 9. ve 10. s\u0131n\u0131flar\u0131nda yap\u0131lan Tarih derslerinde, her konu ile ilgili g\u00f6rseller haz\u0131rlanm\u0131\u015ft\u0131r. G\u00f6rerek \u00f6\u011frenmenin kolay ve kal\u0131c\u0131 oldu\u011fu anlay\u0131\u015f\u0131ndan hareketle, dersler powerpoint sunumlar e\u015fli\u011finde i\u015flenmektedir. Zengin g\u00f6rsel sunum ar\u015fivimizden i\u015fleyi\u015fe en uygun \u015fekilde \u201cak\u0131ll\u0131 tahta\u201d etkinlikleriyle yararlanmaktay\u0131z. Her dersin ba\u015flang\u0131c\u0131nda, bir \u00f6nceki derste i\u015flenen konular tekrar edilmekte, bu konularla ilgili \u00f6\u011frencilere sorular sorulmakta ve daha iyi ve kal\u0131c\u0131 bir \u00f6\u011frenme ger\u00e7ekle\u015ftirilmeye \u00e7al\u0131\u015f\u0131lmaktad\u0131r. \u00d6\u011frencilerin eksik kalan noktalar\u0131 anlamalar\u0131, peki\u015ftirmeleri ve bilgilerinin kal\u0131c\u0131 olmas\u0131 i\u00e7in 3 a\u015famal\u0131 bir uygulamaya ba\u015fvurulmaktad\u0131r. Bu a\u015famalar, her hafta verilen \u201chaftal\u0131k \u00f6devler\u201d, ders esnas\u0131nda tatbik edilen \u201cetkinlik ve mini s\u0131navlar\u201d ile \u00f6\u011frencilerin e-mail adreslerine haftal\u0131k olarak g\u00f6nderilen \u201cg\u00f6rsel sunum ve uygulamalar\u201dd\u0131r.<\/li>\n<li>Derslerde ve gezilerde yap\u0131lmas\u0131 planlanan t\u00fcm \u00e7al\u0131\u015fmalar ve etkinlikler, \u00f6\u011frencilerimizin kendilerini geli\u015ftirmelerine katk\u0131 sa\u011flamakla birlikte, esas olarak d\u00f6rt y\u0131l sonra girecekleri YGS s\u0131nav\u0131ndaki ba\u015far\u0131lar\u0131n\u0131n istenen d\u00fczeyde ger\u00e7ekle\u015fmesi i\u00e7in daha b\u00fcy\u00fck bir \u00f6neme sahip olacakt\u0131r. Bu nedenle, Tarih dersinin i\u015fleni\u015finde YGS s\u0131nav mant\u0131\u011f\u0131na dikkat edilmekte, \u00f6\u011frencilerimiz bir taraftan m\u00fcfredatla ilgili kazan\u0131mlar\u0131 \u00f6\u011frenirken di\u011fer taraftan ileride girecekleri s\u0131navlardaki ba\u015far\u0131lar\u0131na da haz\u0131rlanmakta; okulumuzda Soru Bankas\u0131 olu\u015fturulmas\u0131 kapsam\u0131nda ise, \u00d6l\u00e7me-De\u011ferlendirme Birimi z\u00fcmremizin \u00f6zg\u00fcn sorular\u0131yla desteklemektedir.<\/li>\n<li>YGS ve LYS ba\u015far\u0131s\u0131 \u00f6nemli olmakla beraber, K\u00fc\u00e7\u00fck Prens Lisesi gibi se\u00e7kin \u00f6\u011frenciler yeti\u015ftirmeyi hedef edinen bir okul i\u00e7in yeterli bir ama\u00e7 de\u011fildir. Okullar\u0131 farkl\u0131 ve sayg\u0131n k\u0131lan \u00f6\u011frencileri ve mezunlar\u0131d\u0131r. Ancak bilgili, donan\u0131ml\u0131, d\u00fcnyadaki ve \u00fclkemizdeki geli\u015fmelere duyarl\u0131, evrensel ve ulusal de\u011ferleri \u00f6\u011frenip i\u00e7selle\u015ftirebilen \u00f6\u011frenciler okullar\u0131 ad\u0131na bir farkl\u0131l\u0131k yaratabilir. B\u00f6yle \u00f6\u011frencilerin yeti\u015ftirilebilmesi i\u00e7in di\u011fer dersler ile birlikte Tarih dersi de \u00f6nemli g\u00f6rev ve sorumluluklar d\u00fc\u015fmektedir.<\/li>\n<\/ul>\n<p>\u00d6\u011frencilerimize;<\/p>\n<ol>\n<li>Analiz ve sentez yapabilme becerisi kazand\u0131rmay\u0131,<\/li>\n<li>D\u00fcnya milletlerinin ve bunun bir par\u00e7as\u0131 olarak T\u00fcrk milletinin tarihi maceras\u0131n\u0131n parametrelerini \u00f6\u011fretmeyi,<\/li>\n<li>Atat\u00fcrk\u00e7\u00fc d\u00fc\u015f\u00fcnce sistemini ve bu sistem \u00e7er\u00e7evesinde tam ba\u011f\u0131ms\u0131z, laik ve demokratik T\u00fcrkiye idealini benimsetmeyi hedefliyoruz.<\/li>\n<\/ol>\n<\/div><\/div><\/div><div class=\"fusion-layout-column fusion_builder_column_inner fusion-builder-nested-column-1 fusion_builder_column_inner_1_3 1_3 fusion-flex-column card-1\" style=\"--awb-padding-top:24px;--awb-padding-right:24px;--awb-padding-bottom:20px;--awb-padding-left:24px;--awb-bg-color:#fafafa;--awb-bg-color-hover:#fafafa;--awb-bg-size:cover;--awb-width-large:33.333333333333%;--awb-margin-top-large:0px;--awb-spacing-right-large:5.76%;--awb-margin-bottom-large:20px;--awb-spacing-left-large:5.76%;--awb-width-medium:100%;--awb-spacing-right-medium:1.92%;--awb-spacing-left-medium:1.92%;--awb-width-small:100%;--awb-spacing-right-small:1.92%;--awb-spacing-left-small:1.92%;\"><div class=\"fusion-column-wrapper fusion-flex-justify-content-flex-start fusion-content-layout-column\"><div class=\"fusion-title title fusion-title-2 fusion-sep-none fusion-title-text fusion-title-size-four\" style=\"--awb-margin-bottom:20px;--awb-margin-top-small:10px;--awb-margin-right-small:0px;--awb-margin-bottom-small:10px;--awb-margin-left-small:0px;\"><h4 class=\"fusion-title-heading title-heading-left fusion-responsive-typography-calculated\" style=\"margin:0;--fontSize:20;--minFontSize:20;line-height:1.5;\"><h4>Akademik B\u00f6l\u00fcmler<\/h4><\/h4><\/div><div class=\"fusion-title title fusion-title-3 fusion-sep-none fusion-title-text fusion-title-size-six\" style=\"--awb-margin-top-small:10px;--awb-margin-right-small:0px;--awb-margin-bottom-small:10px;--awb-margin-left-small:0px;\"><h6 class=\"fusion-title-heading title-heading-left fusion-responsive-typography-calculated\" style=\"margin:0;--fontSize:16;--minFontSize:16;line-height:2;\"><a href=\"http:\/\/kp.k12.tr\/lise\/akademik\/akademik-bolumler\/fransizca\/\">Frans\u0131zca<\/a><br \/>\n<a href=\"http:\/\/kp.k12.tr\/lise\/akademik\/akademik-bolumler\/edebiyat\/\">T\u00fcrk Dili &amp; Edebiyat\u0131<\/a><br \/>\n<a href=\"http:\/\/kp.k12.tr\/lise\/akademik\/akademik-bolumler\/ingilizce\/\">\u0130ngilizce<\/a><br \/>\n<a href=\"http:\/\/kp.k12.tr\/lise\/akademik\/akademik-bolumler\/matematik\/\">Matematik<\/a><br \/>\n<a href=\"http:\/\/kp.k12.tr\/lise\/akademik\/akademik-bolumler\/fizik\/\">Fizik<\/a><br \/>\n<a href=\"http:\/\/kp.k12.tr\/lise\/akademik\/akademik-bolumler\/biyoloji\/\">Biyoloji<\/a><br \/>\n<a href=\"http:\/\/kp.k12.tr\/lise\/akademik\/akademik-bolumler\/tarih\/\">Tarih<\/a><br \/>\n<a href=\"http:\/\/kp.k12.tr\/lise\/akademik\/akademik-bolumler\/cografya\/\">Co\u011frafya<\/a><br \/>\n<a href=\"http:\/\/kp.k12.tr\/lise\/akademik\/akademik-bolumler\/felsefe\/\">Felsefe<\/a><br \/>\n<a href=\"http:\/\/kp.k12.tr\/lise\/akademik\/akademik-bolumler\/muzik\/\">M\u00fczik<\/a><br \/>\n<a href=\"http:\/\/kp.k12.tr\/lise\/akademik\/akademik-bolumler\/gorsel-sanatlar\/\">G\u00f6rsel Sanatlar<\/a><br \/>\n<a href=\"http:\/\/kp.k12.tr\/lise\/akademik\/akademik-bolumler\/beden-egitimi\/\">Beden E\u011fitimi<\/a><\/h6><\/div><\/div><\/div><\/div><\/div><\/div><\/div><\/div>\n","protected":false},"excerpt":{"rendered":"","protected":false},"author":6,"featured_media":0,"parent":12,"menu_order":16,"comment_status":"closed","ping_status":"closed","template":"100-width.php","meta":{"_view_id":"","footnotes":""},"class_list":["post-20","page","type-page","status-publish","hentry"],"jetpack_sharing_enabled":true,"_links":{"self":[{"href":"https:\/\/kp.k12.tr\/lise\/wp-json\/wp\/v2\/pages\/20","targetHints":{"allow":["GET"]}}],"collection":[{"href":"https:\/\/kp.k12.tr\/lise\/wp-json\/wp\/v2\/pages"}],"about":[{"href":"https:\/\/kp.k12.tr\/lise\/wp-json\/wp\/v2\/types\/page"}],"author":[{"embeddable":true,"href":"https:\/\/kp.k12.tr\/lise\/wp-json\/wp\/v2\/users\/6"}],"replies":[{"embeddable":true,"href":"https:\/\/kp.k12.tr\/lise\/wp-json\/wp\/v2\/comments?post=20"}],"version-history":[{"count":0,"href":"https:\/\/kp.k12.tr\/lise\/wp-json\/wp\/v2\/pages\/20\/revisions"}],"up":[{"embeddable":true,"href":"https:\/\/kp.k12.tr\/lise\/wp-json\/wp\/v2\/pages\/12"}],"wp:attachment":[{"href":"https:\/\/kp.k12.tr\/lise\/wp-json\/wp\/v2\/media?parent=20"}],"curies":[{"name":"wp","href":"https:\/\/api.w.org\/{rel}","templated":true}]}}