{"id":17,"date":"2018-01-18T08:07:20","date_gmt":"2018-01-18T08:07:20","guid":{"rendered":"http:\/\/kp.k12.tr\/lise\/egitim\/akademik-bolumler\/fizik\/"},"modified":"2024-03-28T20:51:29","modified_gmt":"2024-03-28T17:51:29","slug":"fizik","status":"publish","type":"page","link":"https:\/\/kp.k12.tr\/lise\/akademik\/akademik-bolumler\/fizik\/","title":{"rendered":"Fizik"},"content":{"rendered":"<div class=\"fusion-fullwidth fullwidth-box fusion-builder-row-1 fusion-flex-container fusion-parallax-fixed nonhundred-percent-fullwidth non-hundred-percent-height-scrolling lazyload card-1\" style=\"--awb-background-blend-mode:overlay;--awb-border-radius-top-left:0px;--awb-border-radius-top-right:0px;--awb-border-radius-bottom-right:0px;--awb-border-radius-bottom-left:0px;--awb-padding-top:60px;--awb-padding-bottom:60px;--awb-background-color:rgba(255,255,255,0.88);--awb-background-size:cover;--awb-flex-wrap:wrap;background-attachment:fixed;\" data-bg=\"http:\/\/kp.k12.tr\/lise\/wp-content\/uploads\/sites\/2\/2018\/02\/sajev_lise_tarihBG.jpg\" ><div class=\"fusion-builder-row fusion-row fusion-flex-align-items-flex-start fusion-flex-content-wrap\" style=\"max-width:1144px;margin-left: calc(-4% \/ 2 );margin-right: calc(-4% \/ 2 );\"><div class=\"fusion-layout-column fusion_builder_column fusion-builder-column-0 fusion_builder_column_1_1 1_1 fusion-flex-column card-1\" style=\"--awb-padding-top:5%;--awb-padding-right:5%;--awb-padding-left:5%;--awb-bg-color:rgba(255,255,255,0.87);--awb-bg-color-hover:rgba(255,255,255,0.87);--awb-bg-size:cover;--awb-width-large:100%;--awb-margin-top-large:0px;--awb-spacing-right-large:1.92%;--awb-margin-bottom-large:0px;--awb-spacing-left-large:1.92%;--awb-width-medium:100%;--awb-spacing-right-medium:1.92%;--awb-spacing-left-medium:1.92%;--awb-width-small:100%;--awb-spacing-right-small:1.92%;--awb-spacing-left-small:1.92%;\"><div class=\"fusion-column-wrapper fusion-flex-justify-content-flex-start fusion-content-layout-column\"><div class=\"fusion-builder-row fusion-builder-row-inner fusion-row fusion-flex-align-items-flex-start fusion-flex-content-wrap\" style=\"--awb-flex-grow:0;--awb-flex-grow-medium:0;--awb-flex-grow-small:0;--awb-flex-shrink:0;--awb-flex-shrink-medium:0;--awb-flex-shrink-small:0;width:104% !important;max-width:104% !important;margin-left: calc(-4% \/ 2 );margin-right: calc(-4% \/ 2 );\"><div class=\"fusion-layout-column fusion_builder_column_inner fusion-builder-nested-column-0 fusion_builder_column_inner_2_3 2_3 fusion-flex-column\" style=\"--awb-bg-size:cover;--awb-width-large:66.666666666667%;--awb-margin-top-large:0px;--awb-spacing-right-large:2.88%;--awb-margin-bottom-large:20px;--awb-spacing-left-large:2.88%;--awb-width-medium:100%;--awb-spacing-right-medium:1.92%;--awb-spacing-left-medium:1.92%;--awb-width-small:100%;--awb-spacing-right-small:1.92%;--awb-spacing-left-small:1.92%;\"><div class=\"fusion-column-wrapper fusion-flex-justify-content-flex-start fusion-content-layout-column\"><div class=\"fusion-title title fusion-title-1 fusion-sep-none fusion-title-text fusion-title-size-one\" style=\"--awb-margin-bottom:20px;--awb-margin-top-small:10px;--awb-margin-right-small:0px;--awb-margin-bottom-small:10px;--awb-margin-left-small:0px;\"><h1 class=\"fusion-title-heading title-heading-left fusion-responsive-typography-calculated\" style=\"margin:0;--fontSize:30;line-height:1.4;\">Fizik<\/h1><\/div><div class=\"fusion-text fusion-text-1\"><p>K\u00fc\u00e7\u00fck Prens Lisesi&#8217;ndeki fen program\u0131, \u00f6\u011frencilerin bilimsel problem \u00e7\u00f6zme becerilerini geli\u015ftirmeleri i\u00e7in temel ilkeleri derinlemesine anlamalar\u0131n\u0131 sa\u011flamak \u00fczere tasarlanm\u0131\u015ft\u0131r. Bu program, \u00f6\u011frencilerin merak\u0131n\u0131 uyand\u0131rmay\u0131 ve \u00e7evrelerindeki d\u00fcnyaya ili\u015fkin bilimsel bir vizyon kazanmalar\u0131na yard\u0131mc\u0131 olmay\u0131 ama\u00e7lamaktad\u0131r.<\/p>\n<p>\u00d6\u011frencilerimiz fizik \u00e7al\u0131\u015fmalar\u0131 s\u0131ras\u0131nda mekanik, elektrik, manyetizma, optik, termodinamik, n\u00fckleer ve modern fizik gibi fizi\u011fin farkl\u0131 alanlar\u0131yla tan\u0131\u015f\u0131rlar. Bu alanlar\u0131 y\u00f6neten temel ilkeleri ve bunlar\u0131n ger\u00e7ek d\u00fcnyadaki sorunlar\u0131 \u00e7\u00f6zmek i\u00e7in nas\u0131l uygulanaca\u011f\u0131n\u0131 \u00f6\u011frenirler.<\/p>\n<p>Fizik laboratuvar dersleri program\u0131n vazge\u00e7ilmez bir unsuru olup \u00f6\u011frencilere teorik bilgilerini prati\u011fe d\u00f6n\u00fc\u015ft\u00fcrme f\u0131rsat\u0131 sunar. Fizik deneyleri, \u00f6\u011frencilerin fiziksel ilkeleri kendi ba\u015flar\u0131na ke\u015ffetmelerine, deneysel verileri toplay\u0131p analiz etmelerine ve \u00f6l\u00e7\u00fcm aletlerini ve di\u011fer deney malzemeleri kullanma gibi pratik beceriler geli\u015ftirmelerine olanak tan\u0131r.<\/p>\n<\/div><\/div><\/div><div class=\"fusion-layout-column fusion_builder_column_inner fusion-builder-nested-column-1 fusion_builder_column_inner_1_3 1_3 fusion-flex-column card-1\" style=\"--awb-padding-top:24px;--awb-padding-right:24px;--awb-padding-bottom:20px;--awb-padding-left:24px;--awb-bg-color:#fafafa;--awb-bg-color-hover:#fafafa;--awb-bg-size:cover;--awb-width-large:33.333333333333%;--awb-margin-top-large:0px;--awb-spacing-right-large:5.76%;--awb-margin-bottom-large:20px;--awb-spacing-left-large:5.76%;--awb-width-medium:100%;--awb-spacing-right-medium:1.92%;--awb-spacing-left-medium:1.92%;--awb-width-small:100%;--awb-spacing-right-small:1.92%;--awb-spacing-left-small:1.92%;\"><div class=\"fusion-column-wrapper fusion-flex-justify-content-flex-start fusion-content-layout-column\"><div class=\"fusion-title title fusion-title-2 fusion-sep-none fusion-title-text fusion-title-size-four\" style=\"--awb-margin-bottom:20px;--awb-margin-top-small:10px;--awb-margin-right-small:0px;--awb-margin-bottom-small:10px;--awb-margin-left-small:0px;\"><h4 class=\"fusion-title-heading title-heading-left fusion-responsive-typography-calculated\" style=\"margin:0;--fontSize:20;--minFontSize:20;line-height:1.5;\"><h4>Akademik B\u00f6l\u00fcmler<\/h4><\/h4><\/div><div class=\"fusion-title title fusion-title-3 fusion-sep-none fusion-title-text fusion-title-size-six\" style=\"--awb-margin-top-small:10px;--awb-margin-right-small:0px;--awb-margin-bottom-small:10px;--awb-margin-left-small:0px;\"><h6 class=\"fusion-title-heading title-heading-left fusion-responsive-typography-calculated\" style=\"margin:0;--fontSize:16;--minFontSize:16;line-height:2;\"><a href=\"http:\/\/kp.k12.tr\/lise\/akademik\/akademik-bolumler\/fransizca\/\">Frans\u0131zca<\/a><br \/>\n<a href=\"http:\/\/kp.k12.tr\/lise\/akademik\/akademik-bolumler\/edebiyat\/\">T\u00fcrk Dili &amp; Edebiyat\u0131<\/a><br \/>\n<a href=\"http:\/\/kp.k12.tr\/lise\/akademik\/akademik-bolumler\/ingilizce\/\">\u0130ngilizce<\/a><br \/>\n<a href=\"http:\/\/kp.k12.tr\/lise\/akademik\/akademik-bolumler\/matematik\/\">Matematik<\/a><br \/>\n<a href=\"http:\/\/kp.k12.tr\/lise\/akademik\/akademik-bolumler\/fizik\/\">Fizik<\/a><br \/>\n<a href=\"http:\/\/kp.k12.tr\/lise\/akademik\/akademik-bolumler\/biyoloji\/\">Biyoloji<\/a><br \/>\n<a href=\"http:\/\/kp.k12.tr\/lise\/akademik\/akademik-bolumler\/tarih\/\">Tarih<\/a><br \/>\n<a href=\"http:\/\/kp.k12.tr\/lise\/akademik\/akademik-bolumler\/cografya\/\">Co\u011frafya<\/a><br \/>\n<a href=\"http:\/\/kp.k12.tr\/lise\/akademik\/akademik-bolumler\/felsefe\/\">Felsefe<\/a><br \/>\n<a href=\"http:\/\/kp.k12.tr\/lise\/akademik\/akademik-bolumler\/muzik\/\">M\u00fczik<\/a><br \/>\n<a href=\"http:\/\/kp.k12.tr\/lise\/akademik\/akademik-bolumler\/gorsel-sanatlar\/\">G\u00f6rsel Sanatlar<\/a><br \/>\n<a href=\"http:\/\/kp.k12.tr\/lise\/akademik\/akademik-bolumler\/beden-egitimi\/\">Beden E\u011fitimi<\/a><\/h6><\/div><\/div><\/div><\/div><\/div><\/div><\/div><\/div>\n","protected":false},"excerpt":{"rendered":"","protected":false},"author":6,"featured_media":0,"parent":12,"menu_order":13,"comment_status":"closed","ping_status":"closed","template":"100-width.php","meta":{"_view_id":"","footnotes":""},"class_list":["post-17","page","type-page","status-publish","hentry"],"jetpack_sharing_enabled":true,"_links":{"self":[{"href":"https:\/\/kp.k12.tr\/lise\/wp-json\/wp\/v2\/pages\/17","targetHints":{"allow":["GET"]}}],"collection":[{"href":"https:\/\/kp.k12.tr\/lise\/wp-json\/wp\/v2\/pages"}],"about":[{"href":"https:\/\/kp.k12.tr\/lise\/wp-json\/wp\/v2\/types\/page"}],"author":[{"embeddable":true,"href":"https:\/\/kp.k12.tr\/lise\/wp-json\/wp\/v2\/users\/6"}],"replies":[{"embeddable":true,"href":"https:\/\/kp.k12.tr\/lise\/wp-json\/wp\/v2\/comments?post=17"}],"version-history":[{"count":0,"href":"https:\/\/kp.k12.tr\/lise\/wp-json\/wp\/v2\/pages\/17\/revisions"}],"up":[{"embeddable":true,"href":"https:\/\/kp.k12.tr\/lise\/wp-json\/wp\/v2\/pages\/12"}],"wp:attachment":[{"href":"https:\/\/kp.k12.tr\/lise\/wp-json\/wp\/v2\/media?parent=17"}],"curies":[{"name":"wp","href":"https:\/\/api.w.org\/{rel}","templated":true}]}}