{"id":15,"date":"2018-01-18T08:07:20","date_gmt":"2018-01-18T08:07:20","guid":{"rendered":"http:\/\/kp.k12.tr\/lise\/egitim\/akademik-bolumler\/ingilizce\/"},"modified":"2024-03-28T20:50:52","modified_gmt":"2024-03-28T17:50:52","slug":"ingilizce","status":"publish","type":"page","link":"https:\/\/kp.k12.tr\/lise\/akademik\/akademik-bolumler\/ingilizce\/","title":{"rendered":"\u0130ngilizce"},"content":{"rendered":"<div class=\"fusion-fullwidth fullwidth-box fusion-builder-row-1 fusion-flex-container nonhundred-percent-fullwidth non-hundred-percent-height-scrolling card-1\" style=\"--awb-border-radius-top-left:0px;--awb-border-radius-top-right:0px;--awb-border-radius-bottom-right:0px;--awb-border-radius-bottom-left:0px;--awb-padding-top:60px;--awb-padding-bottom:60px;--awb-background-color:rgba(255,255,255,0.88);--awb-flex-wrap:wrap;\" ><div class=\"fusion-builder-row fusion-row fusion-flex-align-items-flex-start fusion-flex-content-wrap\" style=\"max-width:1144px;margin-left: calc(-4% \/ 2 );margin-right: calc(-4% \/ 2 );\"><div class=\"fusion-layout-column fusion_builder_column fusion-builder-column-0 fusion_builder_column_1_1 1_1 fusion-flex-column card-1\" style=\"--awb-padding-top:5%;--awb-padding-right:5%;--awb-padding-bottom:5%;--awb-padding-left:5%;--awb-bg-color:rgba(255,255,255,0.87);--awb-bg-color-hover:rgba(255,255,255,0.87);--awb-bg-size:cover;--awb-width-large:100%;--awb-margin-top-large:0px;--awb-spacing-right-large:1.92%;--awb-margin-bottom-large:0px;--awb-spacing-left-large:1.92%;--awb-width-medium:100%;--awb-spacing-right-medium:1.92%;--awb-spacing-left-medium:1.92%;--awb-width-small:100%;--awb-spacing-right-small:1.92%;--awb-spacing-left-small:1.92%;\"><div class=\"fusion-column-wrapper fusion-flex-justify-content-flex-start fusion-content-layout-column\"><div class=\"fusion-builder-row fusion-builder-row-inner fusion-row fusion-flex-align-items-flex-start fusion-flex-content-wrap\" style=\"--awb-flex-grow:0;--awb-flex-grow-medium:0;--awb-flex-grow-small:0;--awb-flex-shrink:0;--awb-flex-shrink-medium:0;--awb-flex-shrink-small:0;width:104% !important;max-width:104% !important;margin-left: calc(-4% \/ 2 );margin-right: calc(-4% \/ 2 );\"><div class=\"fusion-layout-column fusion_builder_column_inner fusion-builder-nested-column-0 fusion_builder_column_inner_2_3 2_3 fusion-flex-column\" style=\"--awb-bg-size:cover;--awb-width-large:66.666666666667%;--awb-margin-top-large:0px;--awb-spacing-right-large:2.88%;--awb-margin-bottom-large:20px;--awb-spacing-left-large:2.88%;--awb-width-medium:100%;--awb-spacing-right-medium:1.92%;--awb-spacing-left-medium:1.92%;--awb-width-small:100%;--awb-spacing-right-small:1.92%;--awb-spacing-left-small:1.92%;\"><div class=\"fusion-column-wrapper fusion-flex-justify-content-flex-start fusion-content-layout-column\"><div class=\"fusion-title title fusion-title-1 fusion-sep-none fusion-title-text fusion-title-size-one\" style=\"--awb-margin-bottom:20px;--awb-margin-top-small:10px;--awb-margin-right-small:0px;--awb-margin-bottom-small:10px;--awb-margin-left-small:0px;\"><h1 class=\"fusion-title-heading title-heading-left fusion-responsive-typography-calculated\" style=\"margin:0;--fontSize:30;line-height:1.4;\">\u0130ngilizce<\/h1><\/div><div class=\"fusion-text fusion-text-1\"><p><strong>Haz\u0131rl\u0131k S\u0131n\u0131f\u0131 \u0130ngilizce Dersinde;<\/strong><\/p>\n<ul>\n<li>Temel amac\u0131m\u0131z; Haz\u0131rl\u0131k s\u0131n\u0131f\u0131ndan mezun \u00f6\u011frencilerin yabanc\u0131 dil \u00f6\u011fretiminde ORTAK AVRUPA D\u0130L \u00d6\u011eRET\u0130M \u00c7ER\u00c7EVE Plan\u0131 (COMMON EUROPEAN FRAMEWORK FOR LANGUAGE LEARNING) B1 seviyesine gelmelerinin sa\u011flanmas\u0131d\u0131r.<\/li>\n<li>Hedefimiz \u00f6\u011frencilerin, gereksinim duydu\u011fu sosyal, mesleki konularda etkin bir bi\u00e7imde okuyup konu\u015fabilmelerini, derslerde not tutup, kitaplardan \u00f6zetler \u00e7\u0131karabilmelerini ve \u00e7e\u015fitli konularda \u0130ngilizce yaz\u0131\u015fabilecek d\u00fczeye ula\u015fmalar\u0131n\u0131n sa\u011flanmas\u0131d\u0131r.<\/li>\n<\/ul>\n<p><strong>9. S\u0131n\u0131f \u0130ngilizce Dersinde;<\/strong><\/p>\n<ul>\n<li>9. s\u0131n\u0131f \u00f6\u011frencilerin yabanc\u0131 dil \u00f6\u011fretiminde ORTAK AVRUPA D\u0130L \u00d6\u011eRET\u0130M \u00c7ER\u00c7EVE Plan\u0131 (COMMON EUROPEAN FRAMEWORK FOR LANGUAGE LEARNING) B2 seviyesine ula\u015fmalar\u0131 hedeflenir.<\/li>\n<li>\u00d6\u011frencilerin fikirlerini hem s\u00f6zl\u00fc hem de yaz\u0131l\u0131 olarak mant\u0131ksal bir ak\u0131\u015f i\u00e7inde ve ikna edici bir \u015fekilde sunmalar\u0131, fikirlerini iyi \u00f6rneklerle desteklemeleri beklenir.<\/li>\n<\/ul>\n<p><strong>10. S\u0131n\u0131f \u0130ngilizce Dersinde;<\/strong><\/p>\n<ul>\n<li>10. s\u0131n\u0131f\u0131n sonunda B2 seviyesini tamamlayan \u00f6\u011frencilerimizin, 11. s\u0131n\u0131fta yap\u0131lacak IELTS s\u0131nav\u0131na hizmet eden \u0130ngilizce derslerine haz\u0131r hale gelmeleri hedeflenir.<\/li>\n<li>\u00d6\u011frencilerimiz bu a\u015famada yapay zek\u00e2 destekli EnglishScore mobil s\u0131nav uygulamas\u0131n\u0131 al\u0131rlar; bu sayede IELTS odakl\u0131 derslere haz\u0131r bulunu\u015fluk d\u00fczeyleri \u00f6l\u00e7\u00fcl\u00fcr. \u00d6\u011frencilerimiz, bu s\u0131nav sonucunda elde edecekleri sertifikalar\u0131n\u0131 12. s\u0131n\u0131fta yurtd\u0131\u015f\u0131 \u00fcniversite kabullerinde de \u00f6n ko\u015ful olarak kullanabilirler.<\/li>\n<li>Bu seviyeye gelen \u00f6\u011frencilerimiz, okuma, anlama, konu\u015fma ve yazma becerilerini IELTS s\u0131nav\u0131nda uygulayabilecek oranda geli\u015ftirir.<\/li>\n<\/ul>\n<p><strong>11. S\u0131n\u0131f \u0130ngilizce Dersinde;<\/strong><\/p>\n<ul>\n<li>11. s\u0131n\u0131f \u00f6\u011frencilerimizin, dinleme, okuma, yazma ve konu\u015fma becerilerini IELTS s\u0131nav\u0131nda uygulayabilecek oranda geli\u015ftirmeleri hedeflenir.<\/li>\n<li>11. s\u0131n\u0131f\u0131n sonunda haziran ay\u0131nda IELTS s\u0131nav\u0131na girip en az B2 seviyesinde belgelerini almalar\u0131 hedeflenir.<\/li>\n<\/ul>\n<\/div><\/div><\/div><div class=\"fusion-layout-column fusion_builder_column_inner fusion-builder-nested-column-1 fusion_builder_column_inner_1_3 1_3 fusion-flex-column card-1\" style=\"--awb-padding-top:24px;--awb-padding-right:24px;--awb-padding-bottom:20px;--awb-padding-left:24px;--awb-bg-color:#fafafa;--awb-bg-color-hover:#fafafa;--awb-bg-size:cover;--awb-width-large:33.333333333333%;--awb-margin-top-large:0px;--awb-spacing-right-large:5.76%;--awb-margin-bottom-large:20px;--awb-spacing-left-large:5.76%;--awb-width-medium:100%;--awb-spacing-right-medium:1.92%;--awb-spacing-left-medium:1.92%;--awb-width-small:100%;--awb-spacing-right-small:1.92%;--awb-spacing-left-small:1.92%;\"><div class=\"fusion-column-wrapper fusion-flex-justify-content-flex-start fusion-content-layout-column\"><div class=\"fusion-title title fusion-title-2 fusion-sep-none fusion-title-text fusion-title-size-four\" style=\"--awb-margin-bottom:20px;--awb-margin-top-small:10px;--awb-margin-right-small:0px;--awb-margin-bottom-small:10px;--awb-margin-left-small:0px;\"><h4 class=\"fusion-title-heading title-heading-left fusion-responsive-typography-calculated\" style=\"margin:0;--fontSize:20;--minFontSize:20;line-height:1.5;\"><h4>Akademik B\u00f6l\u00fcmler<\/h4><\/h4><\/div><div class=\"fusion-title title fusion-title-3 fusion-sep-none fusion-title-text fusion-title-size-six\" style=\"--awb-margin-top-small:10px;--awb-margin-right-small:0px;--awb-margin-bottom-small:10px;--awb-margin-left-small:0px;\"><h6 class=\"fusion-title-heading title-heading-left fusion-responsive-typography-calculated\" style=\"margin:0;--fontSize:16;--minFontSize:16;line-height:2;\"><a href=\"http:\/\/kp.k12.tr\/lise\/akademik\/akademik-bolumler\/fransizca\/\">Frans\u0131zca<\/a><br \/>\n<a href=\"http:\/\/kp.k12.tr\/lise\/akademik\/akademik-bolumler\/edebiyat\/\">T\u00fcrk Dili &amp; Edebiyat\u0131<\/a><br \/>\n<a href=\"http:\/\/kp.k12.tr\/lise\/akademik\/akademik-bolumler\/ingilizce\/\">\u0130ngilizce<\/a><br \/>\n<a href=\"http:\/\/kp.k12.tr\/lise\/akademik\/akademik-bolumler\/matematik\/\">Matematik<\/a><br \/>\n<a href=\"http:\/\/kp.k12.tr\/lise\/akademik\/akademik-bolumler\/fizik\/\">Fizik<\/a><br \/>\n<a href=\"http:\/\/kp.k12.tr\/lise\/akademik\/akademik-bolumler\/biyoloji\/\">Biyoloji<\/a><br \/>\n<a href=\"http:\/\/kp.k12.tr\/lise\/akademik\/akademik-bolumler\/tarih\/\">Tarih<\/a><br \/>\n<a href=\"http:\/\/kp.k12.tr\/lise\/akademik\/akademik-bolumler\/cografya\/\">Co\u011frafya<\/a><br \/>\n<a href=\"http:\/\/kp.k12.tr\/lise\/akademik\/akademik-bolumler\/felsefe\/\">Felsefe<\/a><br \/>\n<a href=\"http:\/\/kp.k12.tr\/lise\/akademik\/akademik-bolumler\/muzik\/\">M\u00fczik<\/a><br \/>\n<a href=\"http:\/\/kp.k12.tr\/lise\/akademik\/akademik-bolumler\/gorsel-sanatlar\/\">G\u00f6rsel Sanatlar<\/a><br \/>\n<a href=\"http:\/\/kp.k12.tr\/lise\/akademik\/akademik-bolumler\/beden-egitimi\/\">Beden E\u011fitimi<\/a><\/h6><\/div><\/div><\/div><\/div><\/div><\/div><\/div><\/div>\n","protected":false},"excerpt":{"rendered":"","protected":false},"author":6,"featured_media":0,"parent":12,"menu_order":11,"comment_status":"closed","ping_status":"closed","template":"100-width.php","meta":{"_view_id":"","footnotes":""},"class_list":["post-15","page","type-page","status-publish","hentry"],"jetpack_sharing_enabled":true,"_links":{"self":[{"href":"https:\/\/kp.k12.tr\/lise\/wp-json\/wp\/v2\/pages\/15","targetHints":{"allow":["GET"]}}],"collection":[{"href":"https:\/\/kp.k12.tr\/lise\/wp-json\/wp\/v2\/pages"}],"about":[{"href":"https:\/\/kp.k12.tr\/lise\/wp-json\/wp\/v2\/types\/page"}],"author":[{"embeddable":true,"href":"https:\/\/kp.k12.tr\/lise\/wp-json\/wp\/v2\/users\/6"}],"replies":[{"embeddable":true,"href":"https:\/\/kp.k12.tr\/lise\/wp-json\/wp\/v2\/comments?post=15"}],"version-history":[{"count":0,"href":"https:\/\/kp.k12.tr\/lise\/wp-json\/wp\/v2\/pages\/15\/revisions"}],"up":[{"embeddable":true,"href":"https:\/\/kp.k12.tr\/lise\/wp-json\/wp\/v2\/pages\/12"}],"wp:attachment":[{"href":"https:\/\/kp.k12.tr\/lise\/wp-json\/wp\/v2\/media?parent=15"}],"curies":[{"name":"wp","href":"https:\/\/api.w.org\/{rel}","templated":true}]}}