{"id":14,"date":"2018-01-18T08:07:20","date_gmt":"2018-01-18T08:07:20","guid":{"rendered":"http:\/\/kp.k12.tr\/lise\/egitim\/akademik-bolumler\/fransizca\/"},"modified":"2024-03-28T20:50:19","modified_gmt":"2024-03-28T17:50:19","slug":"fransizca","status":"publish","type":"page","link":"https:\/\/kp.k12.tr\/lise\/akademik\/akademik-bolumler\/fransizca\/","title":{"rendered":"Frans\u0131zca"},"content":{"rendered":"<div class=\"fusion-fullwidth fullwidth-box fusion-builder-row-1 fusion-flex-container fusion-parallax-fixed nonhundred-percent-fullwidth non-hundred-percent-height-scrolling lazyload card-1\" style=\"--awb-background-blend-mode:overlay;--awb-border-radius-top-left:0px;--awb-border-radius-top-right:0px;--awb-border-radius-bottom-right:0px;--awb-border-radius-bottom-left:0px;--awb-padding-top:60px;--awb-padding-bottom:60px;--awb-background-color:rgba(255,255,255,0.88);--awb-background-size:cover;--awb-flex-wrap:wrap;background-attachment:fixed;\" data-bg=\"http:\/\/kp.k12.tr\/lise\/wp-content\/uploads\/sites\/2\/2018\/02\/sajev_lise_tarihBG.jpg\" ><div class=\"fusion-builder-row fusion-row fusion-flex-align-items-flex-start fusion-flex-content-wrap\" style=\"max-width:1144px;margin-left: calc(-4% \/ 2 );margin-right: calc(-4% \/ 2 );\"><div class=\"fusion-layout-column fusion_builder_column fusion-builder-column-0 fusion_builder_column_1_1 1_1 fusion-flex-column card-1\" style=\"--awb-padding-top:5%;--awb-padding-right:5%;--awb-padding-left:5%;--awb-bg-color:rgba(255,255,255,0.87);--awb-bg-color-hover:rgba(255,255,255,0.87);--awb-bg-size:cover;--awb-width-large:100%;--awb-margin-top-large:0px;--awb-spacing-right-large:1.92%;--awb-margin-bottom-large:0px;--awb-spacing-left-large:1.92%;--awb-width-medium:100%;--awb-spacing-right-medium:1.92%;--awb-spacing-left-medium:1.92%;--awb-width-small:100%;--awb-spacing-right-small:1.92%;--awb-spacing-left-small:1.92%;\"><div class=\"fusion-column-wrapper fusion-flex-justify-content-flex-start fusion-content-layout-column\"><div class=\"fusion-builder-row fusion-builder-row-inner fusion-row fusion-flex-align-items-flex-start fusion-flex-content-wrap\" style=\"--awb-flex-grow:0;--awb-flex-grow-medium:0;--awb-flex-grow-small:0;--awb-flex-shrink:0;--awb-flex-shrink-medium:0;--awb-flex-shrink-small:0;width:104% !important;max-width:104% !important;margin-left: calc(-4% \/ 2 );margin-right: calc(-4% \/ 2 );\"><div class=\"fusion-layout-column fusion_builder_column_inner fusion-builder-nested-column-0 fusion_builder_column_inner_2_3 2_3 fusion-flex-column\" style=\"--awb-bg-size:cover;--awb-width-large:66.666666666667%;--awb-margin-top-large:0px;--awb-spacing-right-large:2.88%;--awb-margin-bottom-large:20px;--awb-spacing-left-large:2.88%;--awb-width-medium:100%;--awb-spacing-right-medium:1.92%;--awb-spacing-left-medium:1.92%;--awb-width-small:100%;--awb-spacing-right-small:1.92%;--awb-spacing-left-small:1.92%;\"><div class=\"fusion-column-wrapper fusion-flex-justify-content-flex-start fusion-content-layout-column\"><div class=\"fusion-title title fusion-title-1 fusion-sep-none fusion-title-text fusion-title-size-one\" style=\"--awb-margin-bottom:20px;--awb-margin-top-small:10px;--awb-margin-right-small:0px;--awb-margin-bottom-small:10px;--awb-margin-left-small:0px;\"><h1 class=\"fusion-title-heading title-heading-left fusion-responsive-typography-calculated\" style=\"margin:0;--fontSize:30;line-height:1.4;\">Frans\u0131zca<\/h1><\/div><div class=\"fusion-text fusion-text-1\"><p><strong>Haz\u0131rl\u0131k S\u0131n\u0131flar\u0131<\/strong><\/p>\n<ul>\n<li>Haz\u0131rl\u0131k s\u0131n\u0131flar\u0131nda Frans\u0131zca ders kitaplar\u0131n\u0131n<strong> \u201cEssentiel et Plus 1-2\u201d<\/strong> m\u00fcfredat\u0131 t\u00fcm konu ve kazan\u0131mlar\u0131 kapsayacak \u015fekilde ZENG\u0130NLE\u015eT\u0130R\u0130LEREK kullan\u0131lmaktad\u0131r.<\/li>\n<li><strong>Frans\u0131zca konu\u015fma dersi<\/strong> (haz\u0131rl\u0131k s\u0131n\u0131flar\u0131nda) haftada 3 saat olmak \u00fczere, \u201ckonu\u015fmada pratik\u201d temeline dayanan metoduyla k\u0131sa zamanda \u00f6\u011frencilerimizin s\u00f6zl\u00fc anlat\u0131mlar\u0131n\u0131 geli\u015ftirecek \u00e7e\u015fitli aktiviteler yap\u0131lmaktad\u0131r. \u00d6\u011frenciler, ders kitaplar\u0131ndaki diyaloglar\u0131 ezberleyerek video \u00e7ekimleri yapmaktad\u0131rlar. Ayr\u0131ca,\u201cVoxopop\u201d,\u201cGlogster\u201d veya \u201cPadlet\u201d gibi \u00e7oklu ortam platformlar\u0131 i\u00e7erisinde tart\u0131\u015fma gruplar\u0131 olu\u015fturarak m\u00fcnazara yap\u0131lmaktad\u0131r. B\u00f6ylece \u00f6\u011frencilerimizin Frans\u0131zca \u00f6\u011frenme s\u00fcrecinde bilgi ve ileti\u015fim teknolojilerinden aktif olarak yararlanmalar\u0131 sa\u011flanmaktad\u0131r.<\/li>\n<li><strong>Kompozisyon derslerinde,<\/strong> \u00f6\u011frencilerimizin ders kitab\u0131nda \u00f6\u011frendikleri kompozisyon konular\u0131n\u0131 \u00e7a\u011fda\u015f y\u00f6ntemlerle yeniden ele alarak i\u015flenmektedir. Bu dersler, haftada 2- 4 saat uygulan\u0131r. Kelime da\u011farc\u0131\u011f\u0131 peki\u015ftirilerek, \u00f6\u011fretmen e\u015fli\u011finde model kompozisyon yaz\u0131l\u0131r. Son olarak \u00f6\u011frenciler de \u00f6\u011fretmen e\u015fli\u011finde olu\u015fturulan modelden yararlanarak hafta sonu \u00f6devi yaparlar.<\/li>\n<\/ul>\n<p><strong>9. S\u0131n\u0131flar<\/strong><\/p>\n<ul>\n<li>9. s\u0131n\u0131f d\u00fczeyinde Frans\u0131zca ders kitaplar\u0131n\u0131n \u201cEssentiel et Plus 3-4\u201d m\u00fcfredat\u0131 t\u00fcm konu ve kazan\u0131mlar\u0131 kapsayacak \u015fekilde ZENG\u0130NLE\u015eT\u0130R\u0130LEREK kullan\u0131lmaktad\u0131r. Ayr\u0131ca, \u201cAnalyse Grammaticale\u201d adl\u0131 \u00f6\u011fretmenler taraf\u0131ndan olu\u015fturulan ders kitap\u00e7\u0131\u011f\u0131 yard\u0131m\u0131yla \u00f6\u011frencilerimiz c\u00fcmle yap\u0131s\u0131n\u0131 ve dil bilgisi kurallar\u0131n\u0131 analiz ederek yaz\u0131l\u0131 ifadelerini g\u00fc\u00e7lendirirler.<\/li>\n<li><strong>Kompozisyon derslerinde,<\/strong> \u00f6\u011frencilerimizin ders kitab\u0131nda \u00f6\u011frendikleri kompozisyon konular\u0131, \u00e7a\u011fda\u015f y\u00f6ntemlerle yeniden ele al\u0131narak i\u015flenmektedir.<\/li>\n<li>Bu dersler, haftada 2- 4 saat uygulan\u0131r. Kelime da\u011farc\u0131\u011f\u0131 peki\u015ftirilerek, \u00f6\u011fretmen e\u015fli\u011finde model kompozisyon yaz\u0131l\u0131r. Son olarak \u00f6\u011frenciler de \u00f6\u011fretmen e\u015fli\u011finde olu\u015fturulan modelden yararlanarak hafta sonu \u00f6devi yaparlar.<\/li>\n<\/ul>\n<p><strong>10. S\u0131n\u0131flar<\/strong><\/p>\n<ul>\n<li>10.s\u0131n\u0131f Frans\u0131zca dersi iki b\u00f6l\u00fcmden olu\u015fmaktad\u0131r: Frans\u0131zca Edebiyat ve Frans\u0131z K\u00fclt\u00fcr ve Uygarl\u0131k dersleri. Kitap\u00e7\u0131k halinde \u00f6\u011fretmenler taraf\u0131ndan olu\u015fturulan bu dersler, t\u00fcm konu ve kazan\u0131mlar\u0131 kapsayacak \u015fekilde haz\u0131rlanm\u0131\u015f ve uygulanmaktad\u0131r.<\/li>\n<li><strong>Kompozisyon derslerinde,<\/strong> \u00f6\u011frencilerimizin ders kitab\u0131nda \u00f6\u011frendikleri kompozisyon konular\u0131 \u00e7a\u011fda\u015f y\u00f6ntemlerle yeniden ele al\u0131narak i\u015flenmektedir.<\/li>\n<li>\u00d6\u011frencilerimizin s\u00f6zl\u00fc, yaz\u0131l\u0131, okuma ve anlama becerileri geli\u015ftirilmektedir. Ayn\u0131 zamanda onlara Frans\u0131z k\u00fclt\u00fcr ve uygarl\u0131\u011f\u0131 ile ilgili bilgiler kazand\u0131r\u0131lmaktad\u0131r.<\/li>\n<\/ul>\n<p><strong>Kompozisyon derslerinde,<\/strong> \u00f6\u011frencilerimizin ders kitab\u0131nda \u00f6\u011frendikleri kompozisyon konular\u0131 \u00e7a\u011fda\u015f y\u00f6ntemlerle yeniden ele alarak i\u015flenmektedir. Bu dersler, hafta da 1 saat uygulan\u0131r. Kelime da\u011farc\u0131\u011f\u0131 peki\u015ftirilerek, \u00f6\u011fretmen e\u015fli\u011finde model kompozisyon yaz\u0131l\u0131r. Son olarak \u00f6\u011frenciler de \u00f6\u011fretmen e\u015fli\u011finde olu\u015fturulan modelden yararlanarak hafta sonu \u00f6devi yaparlar. Bu dersin hedefinde DELF B2 s\u0131nav\u0131 vard\u0131r.<\/p>\n<\/div><\/div><\/div><div class=\"fusion-layout-column fusion_builder_column_inner fusion-builder-nested-column-1 fusion_builder_column_inner_1_3 1_3 fusion-flex-column card-1\" style=\"--awb-padding-top:24px;--awb-padding-right:24px;--awb-padding-bottom:20px;--awb-padding-left:24px;--awb-bg-color:#fafafa;--awb-bg-color-hover:#fafafa;--awb-bg-size:cover;--awb-width-large:33.333333333333%;--awb-margin-top-large:0px;--awb-spacing-right-large:5.76%;--awb-margin-bottom-large:20px;--awb-spacing-left-large:5.76%;--awb-width-medium:100%;--awb-spacing-right-medium:1.92%;--awb-spacing-left-medium:1.92%;--awb-width-small:100%;--awb-spacing-right-small:1.92%;--awb-spacing-left-small:1.92%;\"><div class=\"fusion-column-wrapper fusion-flex-justify-content-flex-start fusion-content-layout-column\"><div class=\"fusion-title title fusion-title-2 fusion-sep-none fusion-title-text fusion-title-size-four\" style=\"--awb-margin-bottom:20px;--awb-margin-top-small:10px;--awb-margin-right-small:0px;--awb-margin-bottom-small:10px;--awb-margin-left-small:0px;\"><h4 class=\"fusion-title-heading title-heading-left fusion-responsive-typography-calculated\" style=\"margin:0;--fontSize:20;--minFontSize:20;line-height:1.5;\"><h4>Akademik B\u00f6l\u00fcmler<\/h4><\/h4><\/div><div class=\"fusion-title title fusion-title-3 fusion-sep-none fusion-title-text fusion-title-size-six\" style=\"--awb-margin-top-small:10px;--awb-margin-right-small:0px;--awb-margin-bottom-small:10px;--awb-margin-left-small:0px;\"><h6 class=\"fusion-title-heading title-heading-left fusion-responsive-typography-calculated\" style=\"margin:0;--fontSize:16;--minFontSize:16;line-height:2;\"><a href=\"http:\/\/kp.k12.tr\/lise\/akademik\/akademik-bolumler\/fransizca\/\">Frans\u0131zca<\/a><br \/>\n<a href=\"http:\/\/kp.k12.tr\/lise\/akademik\/akademik-bolumler\/edebiyat\/\">T\u00fcrk Dili &amp; Edebiyat\u0131<\/a><br \/>\n<a href=\"http:\/\/kp.k12.tr\/lise\/akademik\/akademik-bolumler\/ingilizce\/\">\u0130ngilizce<\/a><br \/>\n<a href=\"http:\/\/kp.k12.tr\/lise\/akademik\/akademik-bolumler\/matematik\/\">Matematik<\/a><br \/>\n<a href=\"http:\/\/kp.k12.tr\/lise\/akademik\/akademik-bolumler\/fizik\/\">Fizik<\/a><br \/>\n<a href=\"http:\/\/kp.k12.tr\/lise\/akademik\/akademik-bolumler\/biyoloji\/\">Biyoloji<\/a><br \/>\n<a href=\"http:\/\/kp.k12.tr\/lise\/akademik\/akademik-bolumler\/tarih\/\">Tarih<\/a><br \/>\n<a href=\"http:\/\/kp.k12.tr\/lise\/akademik\/akademik-bolumler\/cografya\/\">Co\u011frafya<\/a><br \/>\n<a href=\"http:\/\/kp.k12.tr\/lise\/akademik\/akademik-bolumler\/felsefe\/\">Felsefe<\/a><br \/>\n<a href=\"http:\/\/kp.k12.tr\/lise\/akademik\/akademik-bolumler\/muzik\/\">M\u00fczik<\/a><br \/>\n<a href=\"http:\/\/kp.k12.tr\/lise\/akademik\/akademik-bolumler\/gorsel-sanatlar\/\">G\u00f6rsel Sanatlar<\/a><br \/>\n<a href=\"http:\/\/kp.k12.tr\/lise\/akademik\/akademik-bolumler\/beden-egitimi\/\">Beden E\u011fitimi<\/a><\/h6><\/div><\/div><\/div><\/div><\/div><\/div><\/div><\/div>\n","protected":false},"excerpt":{"rendered":"","protected":false},"author":6,"featured_media":0,"parent":12,"menu_order":10,"comment_status":"closed","ping_status":"closed","template":"100-width.php","meta":{"_view_id":"","footnotes":""},"class_list":["post-14","page","type-page","status-publish","hentry"],"jetpack_sharing_enabled":true,"_links":{"self":[{"href":"https:\/\/kp.k12.tr\/lise\/wp-json\/wp\/v2\/pages\/14","targetHints":{"allow":["GET"]}}],"collection":[{"href":"https:\/\/kp.k12.tr\/lise\/wp-json\/wp\/v2\/pages"}],"about":[{"href":"https:\/\/kp.k12.tr\/lise\/wp-json\/wp\/v2\/types\/page"}],"author":[{"embeddable":true,"href":"https:\/\/kp.k12.tr\/lise\/wp-json\/wp\/v2\/users\/6"}],"replies":[{"embeddable":true,"href":"https:\/\/kp.k12.tr\/lise\/wp-json\/wp\/v2\/comments?post=14"}],"version-history":[{"count":0,"href":"https:\/\/kp.k12.tr\/lise\/wp-json\/wp\/v2\/pages\/14\/revisions"}],"up":[{"embeddable":true,"href":"https:\/\/kp.k12.tr\/lise\/wp-json\/wp\/v2\/pages\/12"}],"wp:attachment":[{"href":"https:\/\/kp.k12.tr\/lise\/wp-json\/wp\/v2\/media?parent=14"}],"curies":[{"name":"wp","href":"https:\/\/api.w.org\/{rel}","templated":true}]}}