{"id":13,"date":"2018-01-18T08:07:20","date_gmt":"2018-01-18T08:07:20","guid":{"rendered":"http:\/\/kp.k12.tr\/lise\/egitim\/akademik-bolumler\/edebiyat\/"},"modified":"2024-03-28T20:55:58","modified_gmt":"2024-03-28T17:55:58","slug":"edebiyat","status":"publish","type":"page","link":"https:\/\/kp.k12.tr\/lise\/akademik\/akademik-bolumler\/edebiyat\/","title":{"rendered":"Edebiyat"},"content":{"rendered":"<div class=\"fusion-fullwidth fullwidth-box fusion-builder-row-1 fusion-flex-container fusion-parallax-fixed nonhundred-percent-fullwidth non-hundred-percent-height-scrolling lazyload card-1\" style=\"--awb-background-blend-mode:overlay;--awb-border-radius-top-left:0px;--awb-border-radius-top-right:0px;--awb-border-radius-bottom-right:0px;--awb-border-radius-bottom-left:0px;--awb-padding-top:60px;--awb-padding-bottom:60px;--awb-background-color:rgba(255,255,255,0.88);--awb-background-size:cover;--awb-flex-wrap:wrap;background-attachment:fixed;\" data-bg=\"http:\/\/kp.k12.tr\/lise\/wp-content\/uploads\/sites\/2\/2018\/02\/sajev_lise_tarihBG.jpg\" ><div class=\"fusion-builder-row fusion-row fusion-flex-align-items-flex-start fusion-flex-content-wrap\" style=\"max-width:1144px;margin-left: calc(-4% \/ 2 );margin-right: calc(-4% \/ 2 );\"><div class=\"fusion-layout-column fusion_builder_column fusion-builder-column-0 fusion_builder_column_1_1 1_1 fusion-flex-column card-1\" style=\"--awb-padding-top:5%;--awb-padding-right:5%;--awb-padding-left:5%;--awb-bg-color:rgba(255,255,255,0.87);--awb-bg-color-hover:rgba(255,255,255,0.87);--awb-bg-size:cover;--awb-width-large:100%;--awb-margin-top-large:0px;--awb-spacing-right-large:1.92%;--awb-margin-bottom-large:0px;--awb-spacing-left-large:1.92%;--awb-width-medium:100%;--awb-spacing-right-medium:1.92%;--awb-spacing-left-medium:1.92%;--awb-width-small:100%;--awb-spacing-right-small:1.92%;--awb-spacing-left-small:1.92%;\"><div class=\"fusion-column-wrapper fusion-flex-justify-content-flex-start fusion-content-layout-column\"><div class=\"fusion-builder-row fusion-builder-row-inner fusion-row fusion-flex-align-items-flex-start fusion-flex-content-wrap\" style=\"--awb-flex-grow:0;--awb-flex-grow-medium:0;--awb-flex-grow-small:0;--awb-flex-shrink:0;--awb-flex-shrink-medium:0;--awb-flex-shrink-small:0;width:104% !important;max-width:104% !important;margin-left: calc(-4% \/ 2 );margin-right: calc(-4% \/ 2 );\"><div class=\"fusion-layout-column fusion_builder_column_inner fusion-builder-nested-column-0 fusion_builder_column_inner_2_3 2_3 fusion-flex-column\" style=\"--awb-bg-size:cover;--awb-width-large:66.666666666667%;--awb-margin-top-large:0px;--awb-spacing-right-large:2.88%;--awb-margin-bottom-large:20px;--awb-spacing-left-large:2.88%;--awb-width-medium:100%;--awb-spacing-right-medium:1.92%;--awb-spacing-left-medium:1.92%;--awb-width-small:100%;--awb-spacing-right-small:1.92%;--awb-spacing-left-small:1.92%;\"><div class=\"fusion-column-wrapper fusion-flex-justify-content-flex-start fusion-content-layout-column\"><div class=\"fusion-title title fusion-title-1 fusion-sep-none fusion-title-text fusion-title-size-one\" style=\"--awb-margin-bottom:20px;--awb-margin-top-small:10px;--awb-margin-right-small:0px;--awb-margin-bottom-small:10px;--awb-margin-left-small:0px;\"><h1 class=\"fusion-title-heading title-heading-left fusion-responsive-typography-calculated\" style=\"margin:0;--fontSize:30;line-height:1.4;\">T\u00fcrk Dili &amp; Edebiyat\u0131<\/h1><\/div><div class=\"fusion-text fusion-text-1\"><p><strong>Haz\u0131rl\u0131k S\u0131n\u0131f\u0131 T\u00fcrk Dili ve Edebiyat\u0131<\/strong><\/p>\n<ul>\n<li>Haftada 4 saat olan T\u00fcrk Dili ve Edebiyat\u0131 derslerinde temel amac\u0131m\u0131z; 8. s\u0131n\u0131fta test tekni\u011fine al\u0131\u015fan, okuma ve yazma k\u00fclt\u00fcr\u00fcnden uzakla\u015fan \u00f6\u011frencilere okuma ve yazma al\u0131\u015fkanl\u0131\u011f\u0131n\u0131 tekrar kazand\u0131rmakt\u0131r.<\/li>\n<li>Bu ama\u00e7 do\u011frultusunda, dersin m\u00fcfredat\u0131na ek olarak g\u00fcncel yaz\u0131lardan se\u00e7ilen metinler s\u0131n\u0131fta i\u015flenir ve metinde dile getirilen d\u00fc\u015f\u00fcnceler tart\u0131\u015f\u0131l\u0131r.<\/li>\n<li>\u00d6\u011frencilerimiz s\u0131n\u0131f seviyesine uygun olarak se\u00e7ilen 6 eseri okur (ilk d\u00f6nem 3 ve ikinci d\u00f6nem 3 eser olmak \u00fczere), eserler \u00fczerine edebi ele\u015ftiriler yazar. Eserlerde belirlenen konularda sunumlar ve yarat\u0131c\u0131 \u00e7al\u0131\u015fmalar haz\u0131rlar, bunlar\u0131 s\u0131n\u0131f ortam\u0131nda arkada\u015flar\u0131 ile payla\u015f\u0131r.<\/li>\n<li>Haz\u0131rl\u0131k s\u0131n\u0131f\u0131n\u0131 bitiren \u00f6\u011frencimiz, okudu\u011fu bir eserin kurgusunu \u00e7\u00f6z\u00fcmleyebilir, esere edebi yakla\u015f\u0131mlar getirebilir, eserle g\u00fcn\u00fcm\u00fcz aras\u0131nda ba\u011flant\u0131 kurabilir, okudu\u011fu eser \u00fczerine 400 s\u00f6zc\u00fckten olu\u015fan bir edebi ele\u015ftiri yazabilir.<\/li>\n<\/ul>\n<p><strong>9. S\u0131n\u0131f T\u00fcrk Dili ve Edebiyat\u0131<\/strong><\/p>\n<ul>\n<li>9. s\u0131n\u0131f T\u00fcrk Dili ve Edebiyat\u0131 dersinde dilin do\u011fru kullan\u0131m\u0131na hakim olur.<\/li>\n<li>\u00d6\u011frenciler Atat\u00fcrk ilke ve ink\u0131laplar\u0131n\u0131n \u0131\u015f\u0131\u011f\u0131nda ana dillerini ve k\u00fclt\u00fcrlerini iyi anlayan sorgulay\u0131c\u0131, ara\u015ft\u0131rmac\u0131 ve yeniliklere a\u00e7\u0131k hale gelir.<\/li>\n<li>Okulumuzda yeni metotlara ayak uyduran ak\u0131lc\u0131 yakla\u015f\u0131ml\u0131 ders programlar\u0131 uygulan\u0131r.<\/li>\n<li>\u00d6\u011frenciler edebiyat t\u00fcrlerinin bilgisini edinir. T\u00fcrlerde kullan\u0131lan yap\u0131, teknik ve tarzlar\u0131; bunlar\u0131n eserlere etkilerini saptayabilir.<\/li>\n<li>Fikirlerini hem s\u00f6zl\u00fc hem de yaz\u0131l\u0131 olarak mant\u0131ksal bir ak\u0131\u015f i\u00e7inde ve ikna edici bir \u015fekilde sunar, fikirlerini iyi \u00f6rneklerle destekler.<\/li>\n<li>Ki\u015fisel g\u00f6r\u00fc\u015flerini ortaya koyan ba\u011f\u0131ms\u0131z ele\u015ftiri yapabilme becerisi kazan\u0131r.<\/li>\n<li>S\u0131n\u0131f seviyesine uygun olarak se\u00e7ilen 6 eseri okur, inceler; eserler \u00fczerine edebi ele\u015ftiriler yazar, eserden belirlenen konularda sunumlar ve yarat\u0131c\u0131 \u00e7al\u0131\u015fmalar yapar.<\/li>\n<li>S\u00fcreli yay\u0131nlardan en az birini (k\u00fclt\u00fcr-sanat- edebiyat dergisi) d\u00fczenli olarak takip eder.<\/li>\n<li>\u2022 9. s\u0131n\u0131f\u0131 bitiren \u00f6\u011frencimiz, okudu\u011fu eserin t\u00fcr\u00fcn\u00fc, d\u00f6nemini, ak\u0131m\u0131n\u0131 belirler; t\u00fcr, d\u00f6nem ve ak\u0131m bilgilerini ve \u00f6zelliklerini eserden \u00f6rneklemeler yaparak a\u00e7\u0131klayabilir. Okudu\u011fu eser \u00fczerine 500 s\u00f6zc\u00fckten olu\u015fan bir edebi ele\u015ftiri yazabilir.<\/li>\n<\/ul>\n<p><strong>10. S\u0131n\u0131f T\u00fcrk Dili ve Edebiyat\u0131<\/strong><\/p>\n<ul>\n<li>10. s\u0131n\u0131f T\u00fcrk Dili ve Edebiyat\u0131 derslerimiz haftada zorunlu 5 saat olarak belirlenmi\u015ftir.<\/li>\n<li>T\u00fcrk Dili ve Edebiyat\u0131 dersimiz MEB lise edebiyat m\u00fcfredat\u0131yla paralel bir d\u00fczen h\u00e2linde verilirken edebi d\u00f6nemler de sosyal ve siyasi ya\u015fant\u0131lar\u0131n eserlere etkisi ba\u011flam\u0131nda incelenir.<\/li>\n<li>Ders i\u00e7eri\u011findeki s\u00f6zl\u00fc anlat\u0131m t\u00fcrleri, anlat\u0131m \u00f6zelliklerini ve s\u00f6zc\u00fck t\u00fcrlerini kapsayan konular ve T\u00fcrk\u00e7e dil bilgisi kapsam\u0131nda yer alan konular; 10. s\u0131n\u0131f T\u00fcrk Dili ve Edebiyat\u0131 dersi m\u00fcfredat\u0131yla paralellik g\u00f6stererek do\u011frudan YKS s\u00fcreci ile ba\u011flant\u0131l\u0131 olu\u015fturulmaktad\u0131r.<\/li>\n<li>\u00d6\u011frencilerimiz; proje \u00e7al\u0131\u015fmalar\u0131n\u0131n sonucunda edebi makale, edebi ele\u015ftiri, \u00f6yk\u00fc, deneme, vb. t\u00fcrlerde; yaz\u0131 t\u00fcr\u00fcn\u00fcn kurallar\u0131na uygun, bilimsel ara\u015ft\u0131rma formasyonunda nitelikli ve alan\u0131nda derinle\u015fmi\u015f yaz\u0131l\u0131 \u00fcr\u00fcnler olu\u015ftururlar.<\/li>\n<li>M\u00fcfredat\u0131m\u0131z, her ay i\u00e7in belirlenmi\u015f olan okuma listemizdeki T\u00fcrk ve d\u00fcnya edebiyat\u0131nda \u00f6nemli yere sahip farkl\u0131 t\u00fcrlerdeki kitaplarla desteklenir.<\/li>\n<\/ul>\n<p><strong>11. S\u0131n\u0131f T\u00fcrk Dili ve Edebiyat\u0131<\/strong><\/p>\n<ul>\n<li>\u00d6\u011frenciler T\u00fcrk\u00e7enin \u00f6nemini, k\u00fclt\u00fcrle ve edebiyatla ili\u015fkisini kavrar; T\u00fcrk\u00e7eyi zengin s\u00f6z da\u011farc\u0131\u011f\u0131n\u0131 yans\u0131tabilecek \u015fekilde etkili ve do\u011fru kullan\u0131r.<\/li>\n<li>T\u00fcrk ve d\u00fcnya edebiyat\u0131ndan se\u00e7ilen nitelikli eserler ile \u00f6\u011frencilerin edebiyat ve sanat zevklerinin geli\u015fmesi desteklenir.<\/li>\n<li>Nitelikli okuma al\u0131\u015fkanl\u0131\u011f\u0131 kazanan \u00f6\u011frenciler, d\u00fc\u015f\u00fcnce ve duygular\u0131n\u0131 hem s\u00f6zl\u00fc hem de yaz\u0131l\u0131 olarak etkili bir \u015fekilde ifade edebilir.<\/li>\n<li>\u00d6\u011frenciler; T\u00fcrk edebiyat\u0131n\u0131n d\u00f6nemleri, edebi topluluklar, sanat anlay\u0131\u015flar\u0131, yazarlar ve \u015fairler hakk\u0131nda donan\u0131ml\u0131 bilgiye sahip olur.<\/li>\n<li>\u00d6\u011frenciler edebiyat t\u00fcrlerinin bilgisini edinir; t\u00fcrlerde kullan\u0131lan yap\u0131, teknik ve tarzlar\u0131, bunlar\u0131n eserlere yans\u0131malar\u0131n\u0131 saptayabilir. Belirlenen t\u00fcr\u00fcn \u00f6zelliklerine uygun metin yazabilir.<\/li>\n<li>S\u0131n\u0131f seviyesine uygun olarak T\u00fcrk ve d\u00fcnya edebiyat\u0131ndan se\u00e7ilen 6 eseri okur, inceler; eserler \u00fczerine en az 700 kelimeden olu\u015fan edebi ele\u015ftiri yazar.<\/li>\n<li>S\u00fcreli yay\u0131nlardan en az ikisini (k\u00fclt\u00fcr-sanat- edebiyat dergisi) d\u00fczenli olarak takip eder.<\/li>\n<li>Se\u00e7meli T\u00fcrk dili ve edebiyat\u0131 derslerinde \u00f6\u011frencilerin konu eksikleri tespit edilir, belirlenen eksiklikler tamamlan\u0131r; soru \u00e7\u00f6z\u00fcmleri ile \u00fcniversite s\u0131navlar\u0131na \u00f6n haz\u0131rl\u0131k yap\u0131l\u0131r.<\/li>\n<\/ul>\n<p><strong>12. S\u0131n\u0131f T\u00fcrk Dili ve Edebiyat\u0131<\/strong><\/p>\n<ul>\n<li>\u00d6\u011frenciler; \u015fiir, roman, hik\u00e2ye gibi edebi eserler \u0131\u015f\u0131\u011f\u0131nda ger\u00e7ek ya\u015fam ile eser aras\u0131nda ba\u011f kurar ve edebi eserlere ele\u015ftiri getirebilir.<\/li>\n<li>G\u00f6rsel ve i\u015fitsel ara\u00e7lar\u0131n hayat\u0131n her alan\u0131nda etkin olarak kullan\u0131ld\u0131\u011f\u0131 bu y\u00fczy\u0131lda \u00f6\u011frenciler, teknolojiyi etkin olarak kullan\u0131r.<\/li>\n<li>T\u00fcm lise hayat\u0131nda T\u00fcrk Dili ve Edebiyat b\u00f6l\u00fcm\u00fc taraf\u0131ndan belirlenen kitaplar\u0131 okuyarak s\u00f6zc\u00fck da\u011farc\u0131\u011f\u0131 zenginle\u015fir ve hayat boyu okuma al\u0131\u015fkanl\u0131\u011f\u0131 edinir.<\/li>\n<li>T\u00fcrk dilinin yaz\u0131m ve noktalama kurallar\u0131na h\u00e2kim olarak mezun olduktan sonra dili \u00fcniversite ve i\u015f hayat\u0131nda do\u011fru kullanacak donan\u0131ma sahip olur.<\/li>\n<li>Topluluk kar\u015f\u0131s\u0131nda etkili konu\u015facak alt yap\u0131ya ve sa\u011fl\u0131kl\u0131 ileti\u015fim becerilerine sahip olur.<\/li>\n<li>T\u00fcrk dilini t\u00fcm anlat\u0131m olanaklar\u0131yla kullanarak entelekt\u00fcel duyarl\u0131l\u0131\u011fa sahip bireyler olur.<\/li>\n<li>TYT ve AYT \u00e7al\u0131\u015fmalar\u0131 kapsam\u0131nda t\u00fcm lise m\u00fcfredat\u0131 anlat\u0131l\u0131r; \u00f6\u011frenciler, \u00fcniversite s\u0131nav\u0131na haz\u0131r hale gelir.<\/li>\n<li>12. s\u0131n\u0131flarda TYT- AYT soru tekni\u011fine paralel, \u00f6zg\u00fcn sorularla ders i\u00e7inde deneme s\u0131navlar\u0131 uygulanarak \u00f6\u011frencilerin s\u0131nav tekniklerini edinmeleri sa\u011flan\u0131r.<\/li>\n<\/ul>\n<\/div><\/div><\/div><div class=\"fusion-layout-column fusion_builder_column_inner fusion-builder-nested-column-1 fusion_builder_column_inner_1_3 1_3 fusion-flex-column card-1\" style=\"--awb-padding-top:24px;--awb-padding-right:24px;--awb-padding-bottom:20px;--awb-padding-left:24px;--awb-bg-color:#fafafa;--awb-bg-color-hover:#fafafa;--awb-bg-size:cover;--awb-width-large:33.333333333333%;--awb-margin-top-large:0px;--awb-spacing-right-large:5.76%;--awb-margin-bottom-large:20px;--awb-spacing-left-large:5.76%;--awb-width-medium:100%;--awb-spacing-right-medium:1.92%;--awb-spacing-left-medium:1.92%;--awb-width-small:100%;--awb-spacing-right-small:1.92%;--awb-spacing-left-small:1.92%;\"><div class=\"fusion-column-wrapper fusion-flex-justify-content-flex-start fusion-content-layout-column\"><div class=\"fusion-title title fusion-title-2 fusion-sep-none fusion-title-text fusion-title-size-four\" style=\"--awb-margin-bottom:20px;--awb-margin-top-small:10px;--awb-margin-right-small:0px;--awb-margin-bottom-small:10px;--awb-margin-left-small:0px;\"><h4 class=\"fusion-title-heading title-heading-left fusion-responsive-typography-calculated\" style=\"margin:0;--fontSize:20;--minFontSize:20;line-height:1.5;\"><h4>Akademik B\u00f6l\u00fcmler<\/h4><\/h4><\/div><div class=\"fusion-title title fusion-title-3 fusion-sep-none fusion-title-text fusion-title-size-six\" style=\"--awb-margin-top-small:10px;--awb-margin-right-small:0px;--awb-margin-bottom-small:10px;--awb-margin-left-small:0px;\"><h6 class=\"fusion-title-heading title-heading-left fusion-responsive-typography-calculated\" style=\"margin:0;--fontSize:16;--minFontSize:16;line-height:2;\"><a href=\"http:\/\/kp.k12.tr\/lise\/akademik\/akademik-bolumler\/fransizca\/\">Frans\u0131zca<\/a><br \/>\n<a href=\"http:\/\/kp.k12.tr\/lise\/akademik\/akademik-bolumler\/edebiyat\/\">T\u00fcrk Dili &amp; Edebiyat\u0131<\/a><br \/>\n<a href=\"http:\/\/kp.k12.tr\/lise\/akademik\/akademik-bolumler\/ingilizce\/\">\u0130ngilizce<\/a><br \/>\n<a href=\"http:\/\/kp.k12.tr\/lise\/akademik\/akademik-bolumler\/matematik\/\">Matematik<\/a><br \/>\n<a href=\"http:\/\/kp.k12.tr\/lise\/akademik\/akademik-bolumler\/fizik\/\">Fizik<\/a><br \/>\n<a href=\"http:\/\/kp.k12.tr\/lise\/akademik\/akademik-bolumler\/biyoloji\/\">Biyoloji<\/a><br \/>\n<a href=\"http:\/\/kp.k12.tr\/lise\/akademik\/akademik-bolumler\/tarih\/\">Tarih<\/a><br \/>\n<a href=\"http:\/\/kp.k12.tr\/lise\/akademik\/akademik-bolumler\/cografya\/\">Co\u011frafya<\/a><br \/>\n<a href=\"http:\/\/kp.k12.tr\/lise\/akademik\/akademik-bolumler\/felsefe\/\">Felsefe<\/a><br \/>\n<a href=\"http:\/\/kp.k12.tr\/lise\/akademik\/akademik-bolumler\/muzik\/\">M\u00fczik<\/a><br \/>\n<a href=\"http:\/\/kp.k12.tr\/lise\/akademik\/akademik-bolumler\/gorsel-sanatlar\/\">G\u00f6rsel Sanatlar<\/a><br \/>\n<a href=\"http:\/\/kp.k12.tr\/lise\/akademik\/akademik-bolumler\/beden-egitimi\/\">Beden E\u011fitimi<\/a><\/h6><\/div><\/div><\/div><\/div><\/div><\/div><\/div><\/div>\n","protected":false},"excerpt":{"rendered":"","protected":false},"author":6,"featured_media":0,"parent":12,"menu_order":9,"comment_status":"closed","ping_status":"closed","template":"100-width.php","meta":{"_view_id":"","footnotes":""},"class_list":["post-13","page","type-page","status-publish","hentry"],"jetpack_sharing_enabled":true,"_links":{"self":[{"href":"https:\/\/kp.k12.tr\/lise\/wp-json\/wp\/v2\/pages\/13","targetHints":{"allow":["GET"]}}],"collection":[{"href":"https:\/\/kp.k12.tr\/lise\/wp-json\/wp\/v2\/pages"}],"about":[{"href":"https:\/\/kp.k12.tr\/lise\/wp-json\/wp\/v2\/types\/page"}],"author":[{"embeddable":true,"href":"https:\/\/kp.k12.tr\/lise\/wp-json\/wp\/v2\/users\/6"}],"replies":[{"embeddable":true,"href":"https:\/\/kp.k12.tr\/lise\/wp-json\/wp\/v2\/comments?post=13"}],"version-history":[{"count":0,"href":"https:\/\/kp.k12.tr\/lise\/wp-json\/wp\/v2\/pages\/13\/revisions"}],"up":[{"embeddable":true,"href":"https:\/\/kp.k12.tr\/lise\/wp-json\/wp\/v2\/pages\/12"}],"wp:attachment":[{"href":"https:\/\/kp.k12.tr\/lise\/wp-json\/wp\/v2\/media?parent=13"}],"curies":[{"name":"wp","href":"https:\/\/api.w.org\/{rel}","templated":true}]}}