{"id":11,"date":"2018-01-18T08:07:20","date_gmt":"2018-01-18T08:07:20","guid":{"rendered":"http:\/\/kp.k12.tr\/lise\/egitim\/akademik-kadro\/"},"modified":"2026-02-04T15:42:23","modified_gmt":"2026-02-04T12:42:23","slug":"akademik-kadro","status":"publish","type":"page","link":"https:\/\/kp.k12.tr\/lise\/akademik\/akademik-kadro\/","title":{"rendered":"Akademik kadro"},"content":{"rendered":"<div class=\"fusion-fullwidth fullwidth-box fusion-builder-row-1 fusion-flex-container nonhundred-percent-fullwidth non-hundred-percent-height-scrolling\" style=\"--awb-border-radius-top-left:0px;--awb-border-radius-top-right:0px;--awb-border-radius-bottom-right:0px;--awb-border-radius-bottom-left:0px;--awb-margin-top:60px;--awb-margin-bottom:60px;--awb-background-color:#fafafa;--awb-flex-wrap:wrap;\" ><div class=\"fusion-builder-row fusion-row fusion-flex-align-items-flex-start fusion-flex-content-wrap\" style=\"max-width:1144px;margin-left: calc(-4% \/ 2 );margin-right: calc(-4% \/ 2 );\"><div class=\"fusion-layout-column fusion_builder_column fusion-builder-column-0 fusion_builder_column_1_1 1_1 fusion-flex-column card-1\" style=\"--awb-padding-top:5%;--awb-padding-right:5%;--awb-padding-bottom:5%;--awb-padding-left:5%;--awb-bg-color:#ffffff;--awb-bg-color-hover:#ffffff;--awb-bg-size:cover;--awb-width-large:100%;--awb-margin-top-large:0px;--awb-spacing-right-large:1.92%;--awb-margin-bottom-large:20px;--awb-spacing-left-large:1.92%;--awb-width-medium:100%;--awb-spacing-right-medium:1.92%;--awb-spacing-left-medium:1.92%;--awb-width-small:100%;--awb-spacing-right-small:1.92%;--awb-spacing-left-small:1.92%;\"><div class=\"fusion-column-wrapper fusion-flex-justify-content-flex-start fusion-content-layout-column\"><div class=\"fusion-title title fusion-title-1 fusion-sep-none fusion-title-center fusion-title-text fusion-title-size-one\" style=\"--awb-margin-bottom:20px;--awb-margin-top-small:10px;--awb-margin-right-small:0px;--awb-margin-bottom-small:10px;--awb-margin-left-small:0px;\"><h1 class=\"fusion-title-heading title-heading-center fusion-responsive-typography-calculated\" style=\"margin:0;--fontSize:30;line-height:1.4;\">Akademik Y\u00f6netici Kadro<\/h1><\/div><div class=\"fusion-text fusion-text-1\"><table width=\"100%\">\n<tbody>\n<tr>\n<td>ERDAL KAZAN<\/td>\n<td>Okul M\u00fcd\u00fcr\u00fc<\/td>\n<td><a href=\"mailto:erdal.kazan@kp.k12.tr\">erdal.kazan@kp.k12.tr<\/a><\/td>\n<\/tr>\n<tr>\n<td>BET\u00dcL I\u015eIKLILAR<\/td>\n<td>Haz\u0131rl\u0131k Kademesi M\u00fcd\u00fcr Yard\u0131mc\u0131s\u0131<\/td>\n<td><a href=\"mailto:betul.isiklilar@kp.k12.tr\">betul.isiklilar@kp.k12.tr<\/a><\/td>\n<\/tr>\n<tr>\n<td>C\u0130HAN OCAK<\/td>\n<td>9. Ve 10. S\u0131n\u0131f Kademeleri M\u00fcd\u00fcr Yard\u0131mc\u0131s\u0131<\/td>\n<td><span data-ogsb=\"yellow\"><a class=\"ms-outlook-linkify\" href=\"mailto:cihan.ocak@g.kp.k12.tr\" data-ogsc=\"\">cihan.ocak@g.kp.k12.tr<\/a><\/span><\/td>\n<\/tr>\n<tr>\n<td>BANU G\u00dcLTEK\u0130N<\/td>\n<td>11. S\u0131n\u0131f Kademesi M\u00fcd\u00fcr Yard\u0131mc\u0131s\u0131<\/td>\n<td><a class=\"ms-outlook-linkify\" href=\"mailto:banu.gultekin@g.kp.k12.tr\" data-ogsc=\"\">banu.gultekin@g.kp.k12.tr<\/a><\/td>\n<\/tr>\n<tr>\n<td>ORK\u0130DE AKSOY<\/td>\n<td>12. S\u0131n\u0131f Kademesi M\u00fcd\u00fcr Yard\u0131mc\u0131s\u0131<\/td>\n<td><a href=\"mailto:orkide.aksoy@kp.k12.tr\">orkide.aksoy@kp.k12.tr<\/a><\/td>\n<\/tr>\n<\/tbody>\n<\/table>\n<\/div><\/div><\/div><\/div><\/div>\n","protected":false},"excerpt":{"rendered":"","protected":false},"author":6,"featured_media":0,"parent":9,"menu_order":7,"comment_status":"closed","ping_status":"closed","template":"100-width.php","meta":{"_view_id":"","footnotes":""},"class_list":["post-11","page","type-page","status-publish","hentry"],"jetpack_sharing_enabled":true,"_links":{"self":[{"href":"https:\/\/kp.k12.tr\/lise\/wp-json\/wp\/v2\/pages\/11","targetHints":{"allow":["GET"]}}],"collection":[{"href":"https:\/\/kp.k12.tr\/lise\/wp-json\/wp\/v2\/pages"}],"about":[{"href":"https:\/\/kp.k12.tr\/lise\/wp-json\/wp\/v2\/types\/page"}],"author":[{"embeddable":true,"href":"https:\/\/kp.k12.tr\/lise\/wp-json\/wp\/v2\/users\/6"}],"replies":[{"embeddable":true,"href":"https:\/\/kp.k12.tr\/lise\/wp-json\/wp\/v2\/comments?post=11"}],"version-history":[{"count":1,"href":"https:\/\/kp.k12.tr\/lise\/wp-json\/wp\/v2\/pages\/11\/revisions"}],"predecessor-version":[{"id":12746,"href":"https:\/\/kp.k12.tr\/lise\/wp-json\/wp\/v2\/pages\/11\/revisions\/12746"}],"up":[{"embeddable":true,"href":"https:\/\/kp.k12.tr\/lise\/wp-json\/wp\/v2\/pages\/9"}],"wp:attachment":[{"href":"https:\/\/kp.k12.tr\/lise\/wp-json\/wp\/v2\/media?parent=11"}],"curies":[{"name":"wp","href":"https:\/\/api.w.org\/{rel}","templated":true}]}}