{"id":4897,"date":"2022-02-21T09:42:29","date_gmt":"2022-02-21T06:42:29","guid":{"rendered":"https:\/\/kp.k12.tr\/ilkokul\/?page_id=4897"},"modified":"2026-02-04T16:12:16","modified_gmt":"2026-02-04T13:12:16","slug":"okul-marsimiz","status":"publish","type":"page","link":"https:\/\/kp.k12.tr\/ilkokul\/egitim\/okul-marsimiz\/","title":{"rendered":"Okul Mar\u015f\u0131m\u0131z"},"content":{"rendered":"<div class=\"fusion-fullwidth fullwidth-box fusion-builder-row-1 fusion-flex-container fusion-parallax-fixed nonhundred-percent-fullwidth non-hundred-percent-height-scrolling lazyload\" style=\"--awb-border-radius-top-left:0px;--awb-border-radius-top-right:0px;--awb-border-radius-bottom-right:0px;--awb-border-radius-bottom-left:0px;--awb-padding-bottom:120px;--awb-background-color:#fafafa;--awb-background-size:cover;--awb-flex-wrap:wrap;background-attachment:fixed;\" data-bg=\"https:\/\/kp.k12.tr\/ilkokul\/wp-content\/uploads\/sites\/4\/2018\/02\/ilkorta_bg.jpg\" ><div class=\"fusion-builder-row fusion-row fusion-flex-align-items-flex-start fusion-flex-content-wrap\" style=\"max-width:calc( 1100px + 0px );margin-left: calc(-0px \/ 2 );margin-right: calc(-0px \/ 2 );\"><div class=\"fusion-layout-column fusion_builder_column fusion-builder-column-0 fusion_builder_column_1_1 1_1 fusion-flex-column card-1\" style=\"--awb-padding-top:1%;--awb-padding-right:5%;--awb-padding-left:5%;--awb-bg-color:rgba(255,255,255,0.87);--awb-bg-color-hover:rgba(255,255,255,0.87);--awb-bg-size:cover;--awb-width-large:100%;--awb-margin-top-large:191px;--awb-spacing-right-large:0px;--awb-margin-bottom-large:20px;--awb-spacing-left-large:0px;--awb-width-medium:100%;--awb-spacing-right-medium:0px;--awb-spacing-left-medium:0px;--awb-width-small:100%;--awb-spacing-right-small:0px;--awb-spacing-left-small:0px;\"><div class=\"fusion-column-wrapper fusion-flex-justify-content-flex-start fusion-content-layout-column\"><div class=\"fusion-builder-row fusion-builder-row-inner fusion-row fusion-flex-align-items-flex-start fusion-flex-content-wrap\" style=\"--awb-flex-grow:0;--awb-flex-grow-medium:0;--awb-flex-grow-small:0;--awb-flex-shrink:0;--awb-flex-shrink-medium:0;--awb-flex-shrink-small:0;width:calc( 100% + 0px ) !important;max-width:calc( 100% + 0px ) !important;margin-left: calc(-0px \/ 2 );margin-right: calc(-0px \/ 2 );\"><div class=\"fusion-layout-column fusion_builder_column_inner fusion-builder-nested-column-0 fusion_builder_column_inner_1_5 1_5 fusion-flex-column\" style=\"--awb-bg-size:cover;--awb-width-large:20%;--awb-margin-top-large:0px;--awb-spacing-right-large:0px;--awb-margin-bottom-large:20px;--awb-spacing-left-large:0px;--awb-width-medium:100%;--awb-spacing-right-medium:0px;--awb-spacing-left-medium:0px;--awb-width-small:100%;--awb-spacing-right-small:0px;--awb-spacing-left-small:0px;\"><div class=\"fusion-column-wrapper fusion-flex-justify-content-flex-start fusion-content-layout-column\"><\/div><\/div><div class=\"fusion-layout-column fusion_builder_column_inner fusion-builder-nested-column-1 fusion_builder_column_inner_3_5 3_5 fusion-flex-column\" style=\"--awb-bg-size:cover;--awb-width-large:60%;--awb-margin-top-large:0px;--awb-spacing-right-large:0px;--awb-margin-bottom-large:20px;--awb-spacing-left-large:0px;--awb-width-medium:100%;--awb-spacing-right-medium:0px;--awb-spacing-left-medium:0px;--awb-width-small:100%;--awb-spacing-right-small:0px;--awb-spacing-left-small:0px;\"><div class=\"fusion-column-wrapper fusion-flex-justify-content-flex-start fusion-content-layout-column\"><div class=\"fusion-title title fusion-title-1 fusion-sep-none fusion-title-text fusion-title-size-one\" style=\"--awb-margin-top-small:10px;--awb-margin-right-small:0px;--awb-margin-bottom-small:10px;--awb-margin-left-small:0px;\"><h1 class=\"fusion-title-heading title-heading-left fusion-responsive-typography-calculated\" style=\"margin:0;--fontSize:30;line-height:1.4;\">K\u00fc\u00e7\u00fck Prens Mar\u015f\u0131<\/h1><\/div><\/div><\/div><div class=\"fusion-layout-column fusion_builder_column_inner fusion-builder-nested-column-2 fusion_builder_column_inner_1_5 1_5 fusion-flex-column\" style=\"--awb-bg-size:cover;--awb-width-large:20%;--awb-margin-top-large:0px;--awb-spacing-right-large:0px;--awb-margin-bottom-large:20px;--awb-spacing-left-large:0px;--awb-width-medium:100%;--awb-spacing-right-medium:0px;--awb-spacing-left-medium:0px;--awb-width-small:100%;--awb-spacing-right-small:0px;--awb-spacing-left-small:0px;\"><div class=\"fusion-column-wrapper fusion-flex-justify-content-flex-start fusion-content-layout-column\"><\/div><\/div><div class=\"fusion-layout-column fusion_builder_column_inner fusion-builder-nested-column-3 fusion_builder_column_inner_1_5 1_5 fusion-flex-column\" style=\"--awb-bg-size:cover;--awb-width-large:20%;--awb-margin-top-large:0px;--awb-spacing-right-large:0px;--awb-margin-bottom-large:20px;--awb-spacing-left-large:0px;--awb-width-medium:100%;--awb-spacing-right-medium:0px;--awb-spacing-left-medium:0px;--awb-width-small:100%;--awb-spacing-right-small:0px;--awb-spacing-left-small:0px;\"><div class=\"fusion-column-wrapper fusion-flex-justify-content-flex-start fusion-content-layout-column\"><\/div><\/div><div class=\"fusion-layout-column fusion_builder_column_inner fusion-builder-nested-column-4 fusion_builder_column_inner_3_5 3_5 fusion-flex-column\" style=\"--awb-bg-size:cover;--awb-width-large:60%;--awb-margin-top-large:0px;--awb-spacing-right-large:0px;--awb-margin-bottom-large:20px;--awb-spacing-left-large:0px;--awb-width-medium:100%;--awb-spacing-right-medium:0px;--awb-spacing-left-medium:0px;--awb-width-small:100%;--awb-spacing-right-small:0px;--awb-spacing-left-small:0px;\"><div class=\"fusion-column-wrapper fusion-flex-justify-content-flex-start fusion-content-layout-column\"><div class=\"fusion-text fusion-text-1\"><p>Her sabah g\u00fcne\u015f gibi, parlayan \u0131\u015f\u0131klar\u0131z,<br \/>Ayd\u0131nl\u0131k yar\u0131nlara, inanm\u0131\u015f \u00e7ocuklar\u0131z.<br \/>Ata\u2019m\u0131z\u0131n yolunda, her zorlu\u011fu a\u015far\u0131z,<br \/>Biz K\u00fc\u00e7\u00fck Prens\u2019 liyiz umutlar\u0131z.<\/p>\n<p>Y\u00fcklenip hedefleri, \u00e7\u0131kt\u0131k yolculuklara,<br \/>Yelken a\u00e7t\u0131k bilgiye, en yeni umutlara,<br \/>Sevginin \u0131\u015f\u0131\u011f\u0131nda, okyanuslar a\u015far\u0131z,<br \/>Biz k\u00fc\u00e7\u00fck Prens\u2019liyiz umutlar\u0131z.<\/p>\n<p>K\u00fc\u00e7\u00fck Prens, K\u00fc\u00e7\u00fck Prens,<br \/>Yelkenimde r\u00fczg\u00e2r\u0131mda K\u00fc\u00e7\u00fck Prens,<br \/>Yolculuk yar\u0131nlara, en g\u00fczel umutlara,<br \/>S\u0131ms\u0131cak yuvam benim K\u00fc\u00e7\u00fck Prens.<\/p>\n<p>Her sabah g\u00fcne\u015f gibi, parlayan \u0131\u015f\u0131klar\u0131z,<br \/>Ayd\u0131nl\u0131k yar\u0131nlara, inanm\u0131\u015f \u00e7ocuklar\u0131z,<br \/>Ata\u2019m\u0131z\u0131n yolunda, her zorlu\u011fu a\u015far\u0131z,<br \/>Biz K\u00fc\u00e7\u00fck\u00a0 Prens\u2019liyiz umutlar\u0131z.<\/p>\n<p>Y\u00fcklenip hedefleri, \u00e7\u0131kt\u0131k yolculuklara,<br \/>Yelken a\u00e7t\u0131k bilgiye, en yeni umutlara,<br \/>Sevginin \u0131\u015f\u0131\u011f\u0131nda, okyanuslar a\u015far\u0131z,<br \/>Biz K\u00fc\u00e7\u00fck Prens\u2019liyiz umutlar\u0131z.<\/p>\n<p>K\u00fc\u00e7\u00fck Prens, K\u00fc\u00e7\u00fck Prens,<br \/>Yelkenimde r\u00fczg\u00e2r\u0131m K\u00fc\u00e7\u00fck Prens,<br \/>Yolculuk yar\u0131nlara, en g\u00fczel umutlara,<br \/>S\u0131ms\u0131cak yuvam benim K\u00fc\u00e7\u00fck Prens,<\/p>\n<p>K\u00fc\u00e7\u00fck Prens, K\u00fc\u00e7\u00fck Prens,<br \/>Yelkenimde r\u00fczg\u00e2r\u0131m K\u00fc\u00e7\u00fck Prens,<br \/>Yolculuk yar\u0131nlara, en g\u00fczel umutlara,<br \/>Yelkenim r\u00fczg\u00e2r\u0131m,<br \/>Yeni umutlar\u0131m,<br \/>S\u0131ms\u0131cak yuvam K\u00fc\u00e7\u00fck Prens.<\/p>\n<p>S\u00f6z : 2001-2002 y\u0131l\u0131 2.3.4. ve 5. S\u0131n\u0131f \u00d6\u011frencileri<br \/>M\u00fczik: Koray DEM\u0130RKAPI<\/p>\n<audio class=\"wp-audio-shortcode\" id=\"audio-4897-1\" preload=\"none\" style=\"width: 100%;\" controls=\"controls\"><source type=\"audio\/mpeg\" src=\"https:\/\/kp.k12.tr\/ilkokul\/wp-content\/uploads\/sites\/4\/2022\/02\/K\u00fc\u00e7\u00fck-Prens-Mar\u015f\u0131.mp3?_=1\" \/><a href=\"https:\/\/kp.k12.tr\/ilkokul\/wp-content\/uploads\/sites\/4\/2022\/02\/K\u00fc\u00e7\u00fck-Prens-Mar\u015f\u0131.mp3\">https:\/\/kp.k12.tr\/ilkokul\/wp-content\/uploads\/sites\/4\/2022\/02\/K\u00fc\u00e7\u00fck-Prens-Mar\u015f\u0131.mp3<\/a><\/audio>\n<\/div><\/div><\/div><div class=\"fusion-layout-column fusion_builder_column_inner fusion-builder-nested-column-5 fusion_builder_column_inner_1_5 1_5 fusion-flex-column\" style=\"--awb-bg-size:cover;--awb-width-large:20%;--awb-margin-top-large:0px;--awb-spacing-right-large:0px;--awb-margin-bottom-large:20px;--awb-spacing-left-large:0px;--awb-width-medium:100%;--awb-spacing-right-medium:0px;--awb-spacing-left-medium:0px;--awb-width-small:100%;--awb-spacing-right-small:0px;--awb-spacing-left-small:0px;\"><div class=\"fusion-column-wrapper fusion-flex-justify-content-flex-start fusion-content-layout-column\"><\/div><\/div><\/div><\/div><\/div><\/div><\/div>\n","protected":false},"excerpt":{"rendered":"","protected":false},"author":5,"featured_media":0,"parent":9,"menu_order":3,"comment_status":"closed","ping_status":"closed","template":"100-width.php","meta":{"_view_id":"","footnotes":""},"class_list":["post-4897","page","type-page","status-publish","hentry"],"jetpack_sharing_enabled":true,"_links":{"self":[{"href":"https:\/\/kp.k12.tr\/ilkokul\/wp-json\/wp\/v2\/pages\/4897","targetHints":{"allow":["GET"]}}],"collection":[{"href":"https:\/\/kp.k12.tr\/ilkokul\/wp-json\/wp\/v2\/pages"}],"about":[{"href":"https:\/\/kp.k12.tr\/ilkokul\/wp-json\/wp\/v2\/types\/page"}],"author":[{"embeddable":true,"href":"https:\/\/kp.k12.tr\/ilkokul\/wp-json\/wp\/v2\/users\/5"}],"replies":[{"embeddable":true,"href":"https:\/\/kp.k12.tr\/ilkokul\/wp-json\/wp\/v2\/comments?post=4897"}],"version-history":[{"count":1,"href":"https:\/\/kp.k12.tr\/ilkokul\/wp-json\/wp\/v2\/pages\/4897\/revisions"}],"predecessor-version":[{"id":8734,"href":"https:\/\/kp.k12.tr\/ilkokul\/wp-json\/wp\/v2\/pages\/4897\/revisions\/8734"}],"up":[{"embeddable":true,"href":"https:\/\/kp.k12.tr\/ilkokul\/wp-json\/wp\/v2\/pages\/9"}],"wp:attachment":[{"href":"https:\/\/kp.k12.tr\/ilkokul\/wp-json\/wp\/v2\/media?parent=4897"}],"curies":[{"name":"wp","href":"https:\/\/api.w.org\/{rel}","templated":true}]}}