{"id":2013,"date":"2018-04-17T15:00:44","date_gmt":"2018-04-17T12:00:44","guid":{"rendered":"http:\/\/kp.k12.tr\/ilkokul\/?page_id=2013"},"modified":"2018-12-28T11:30:03","modified_gmt":"2018-12-28T08:30:03","slug":"fen-matematik","status":"publish","type":"page","link":"https:\/\/kp.k12.tr\/ilkokul\/egitim\/akademik-bolumler\/fen-matematik\/","title":{"rendered":"Fen &#8211; Matematik"},"content":{"rendered":"<div class=\"fusion-fullwidth fullwidth-box fusion-builder-row-1 fusion-flex-container nonhundred-percent-fullwidth non-hundred-percent-height-scrolling\" style=\"--awb-border-radius-top-left:0px;--awb-border-radius-top-right:0px;--awb-border-radius-bottom-right:0px;--awb-border-radius-bottom-left:0px;--awb-margin-top:60px;--awb-margin-bottom:60px;--awb-flex-wrap:wrap;\" ><div class=\"fusion-builder-row fusion-row fusion-flex-align-items-flex-start fusion-flex-content-wrap\" style=\"max-width:1144px;margin-left: calc(-4% \/ 2 );margin-right: calc(-4% \/ 2 );\"><div class=\"fusion-layout-column fusion_builder_column fusion-builder-column-0 fusion_builder_column_1_1 1_1 fusion-flex-column card-1\" style=\"--awb-padding-top:5%;--awb-padding-right:5%;--awb-padding-left:5%;--awb-bg-size:cover;--awb-width-large:100%;--awb-margin-top-large:0px;--awb-spacing-right-large:1.92%;--awb-margin-bottom-large:0px;--awb-spacing-left-large:1.92%;--awb-width-medium:100%;--awb-spacing-right-medium:1.92%;--awb-spacing-left-medium:1.92%;--awb-width-small:100%;--awb-spacing-right-small:1.92%;--awb-spacing-left-small:1.92%;\"><div class=\"fusion-column-wrapper fusion-flex-justify-content-flex-start fusion-content-layout-column\"><div class=\"fusion-builder-row fusion-builder-row-inner fusion-row fusion-flex-align-items-flex-start fusion-flex-content-wrap\" style=\"--awb-flex-grow:0;--awb-flex-grow-medium:0;--awb-flex-grow-small:0;--awb-flex-shrink:0;--awb-flex-shrink-medium:0;--awb-flex-shrink-small:0;width:104% !important;max-width:104% !important;margin-left: calc(-4% \/ 2 );margin-right: calc(-4% \/ 2 );\"><div class=\"fusion-layout-column fusion_builder_column_inner fusion-builder-nested-column-0 fusion_builder_column_inner_2_3 2_3 fusion-flex-column\" style=\"--awb-bg-size:cover;--awb-width-large:66.666666666667%;--awb-margin-top-large:0px;--awb-spacing-right-large:3.84%;--awb-margin-bottom-large:20px;--awb-spacing-left-large:2.88%;--awb-width-medium:100%;--awb-spacing-right-medium:1.92%;--awb-spacing-left-medium:1.92%;--awb-width-small:100%;--awb-spacing-right-small:1.92%;--awb-spacing-left-small:1.92%;\"><div class=\"fusion-column-wrapper fusion-flex-justify-content-flex-start fusion-content-layout-column\"><div class=\"fusion-title title fusion-title-1 fusion-sep-none fusion-title-text fusion-title-size-one\" style=\"--awb-margin-bottom:20px;--awb-margin-top-small:10px;--awb-margin-right-small:0px;--awb-margin-bottom-small:10px;--awb-margin-left-small:0px;\"><h1 class=\"fusion-title-heading title-heading-left fusion-responsive-typography-calculated\" style=\"margin:0;--fontSize:30;line-height:1.4;\">Fen &#8211; Matematik<\/h1><\/div><div class=\"fusion-text fusion-text-1\"><p><strong>Fen Bilimleri Dersi<\/strong><\/p>\n<p>Fen Bilimleri derslerinde temel amac\u0131m\u0131z; ya\u015fad\u0131\u011f\u0131 \u00e7evreyi tan\u0131yan, seven, de\u011fi\u015fen \u00e7evre \u015fartlar\u0131na uyum sa\u011flama bilincine sahip, yap\u0131c\u0131, fen bilimlerine ilgi duyan, bilim ve teknolojinin toplumun ilerlemesindeki etki ve \u00f6nemini kavram\u0131\u015f ve bu ba\u011flamda bilim ve teknolojideki geli\u015fmeleri izleyen gen\u00e7ler yeti\u015ftirmektir.<\/p>\n<p>Bu hedefler do\u011frultusunda derslerimizde \u00f6\u011frencilerimizin ezbercilikten uzak, yaparak ya\u015fayarak \u00f6\u011frenmelerini sa\u011flamak amac\u0131yla laboratuvar \u00e7al\u0131\u015fmalar\u0131na \u00f6nem verilir. Bu \u00e7al\u0131\u015fmalarla \u00f6\u011frencilerimiz ara\u00e7- gere\u00e7 kullanma yetene\u011fi kazan\u0131r, g\u00f6zlem ve deney sonu\u00e7lar\u0131n\u0131 s\u00f6z, yaz\u0131, resim, \u015fekil ve grafiklerle g\u00f6sterebilir, yorumlayabilir ve genelleme yetene\u011fini kazan\u0131r.<\/p>\n<p>Laboratuvarda her\u00a0\u00f6\u011frenci deneyleri yaparak deney sonucunu g\u00f6zleme ve yorumlama olana\u011f\u0131na sahiptir. \u00d6\u011frencilerimizin laboratuvar ortam\u0131na al\u0131\u015fmas\u0131 ve bilimsel deneyleri profesyonel anlamda yapma becerisini geli\u015ftirmeleri ama\u00e7lan\u0131r.<\/p>\n<p>Okulumuzda Fen Bilimleri dersleri 3. s\u0131n\u0131ftan itibaren ba\u015flar ve s\u0131n\u0131f \u00f6\u011fretmenleri taraf\u0131ndan y\u00fcr\u00fct\u00fcl\u00fcr. M\u00fcfredat program\u0131; beyin f\u0131rt\u0131nas\u0131 yoluyla konu \u00f6ncesi bilgileri tarama, deney ya da model yapma, konuyla ilgili video filmi,\u00a0 \u00fcnite CD\u2019si izleme, interaktif etkinlikler ve bilgisayar oyunlar\u0131na kat\u0131lma, kavram ve zihin haritalar\u0131n\u0131 uygulama \u015feklinde ger\u00e7ekle\u015ftirilir. Ayr\u0131ca konular\u0131n peki\u015ftirilmesi amac\u0131yla m\u00fcfredata uygun geziler d\u00fczenlenir.<\/p>\n<p>\u00d6\u011frencilerimize verdi\u011fimiz ara\u015ft\u0131rma \u00f6devleri, \u00f6\u011frencinin bilimsel s\u00fcre\u00e7, yarat\u0131c\u0131l\u0131k, ara\u015ft\u0131rma, ileti\u015fim gibi \u00fcst d\u00fczey becerilerini geli\u015ftirmeye y\u00f6nelik \u00e7al\u0131\u015fmalard\u0131r. Konular\u0131n, \u00f6\u011frencide merak uyand\u0131racak, \u00f6\u011frencinin d\u00fczeyine uygun nitelikte olmas\u0131na dikkat edilerek z\u00fcmre \u00f6\u011fretmenleri taraf\u0131ndan se\u00e7ilir.<\/p>\n<p><strong>Matematik Dersi<\/strong><\/p>\n<p>Matematik B\u00f6l\u00fcm\u00fc olarak \u00e7al\u0131\u015fmalar\u0131m\u0131z\u0131 Atat\u00fcrk\u2019\u00fcn \u201cBen \u00f6\u011frenim devriminde matematik konusuna \u00e7ok \u00f6nem vermi\u015fimdir ve bundan hayat\u0131m\u0131n \u00e7e\u015fitli safhalar\u0131nda ba\u015far\u0131 elde etmek i\u00e7in faydalanm\u0131\u015f oldu\u011fumu s\u00f6yleyebilirim. Onun i\u00e7in herkes matematik bilgisinin \u00e7ok gerekli oldu\u011funa inanmal\u0131d\u0131r.\u201d\u00a0s\u00f6z\u00fcn\u00fc merkeze alarak planl\u0131yoruz.<\/p>\n<p>Bu planlama \u00e7er\u00e7evesinde ama\u00e7lar\u0131m\u0131za ula\u015fmak i\u00e7in yapt\u0131\u011f\u0131m\u0131z \u00e7al\u0131\u015fmalar;<\/p>\n<ol>\n<li>\u201cHer \u00e7ocuk matemati\u011fi \u00f6\u011frenebilir\u201d ilkesinden hareketle matemati\u011fi sevdirmektir.<\/li>\n<li>\u00d6\u011frencinin matemati\u011fe kar\u015f\u0131 olan ilgisini, iste\u011fini, becerisini ve merak\u0131n\u0131 artt\u0131racak \u00e7al\u0131\u015fmalar yapmakt\u0131r.<\/li>\n<li>\u00d6\u011frencilerimize, basitten karma\u015f\u0131\u011fa, genelden \u00f6zele, somuttan soyuta do\u011fru bir s\u0131ra izleyerek analiz etme, yorumlama ve genelle\u015ftirme ile d\u00fc\u015f\u00fcnme yolunu \u00f6\u011fretmektir.<\/li>\n<li>\u00d6\u011frencilerimizin matematik bilgilerini g\u00fcnl\u00fck ya\u015famdaki problemlerin \u00e7\u00f6z\u00fcm\u00fcne ve di\u011fer derslere uygulayabilmelerini sa\u011flamakt\u0131r<\/li>\n<li>\u00c7e\u015fitli laboratuvar etkinlikleri ve m\u00fcze gezileriyle \u00f6\u011frenilenlerin peki\u015ftirilebildi\u011fi ortamlar yaratmakt\u0131r.<\/li>\n<li>\u00d6\u011frencilerimizin yarat\u0131c\u0131l\u0131k, ara\u015ft\u0131rma, ileti\u015fim, teknolojiyi aktif kullanma, grupla \u00e7al\u0131\u015fma becerilerinin geli\u015fmesini sa\u011flamak amac\u0131yla \u00e7al\u0131\u015fmalara y\u00f6neltmektir.<\/li>\n<\/ol>\n<p>S\u0131n\u0131f \u00f6\u011fretmenleri olarak hedefimiz;<\/p>\n<ol>\n<li>Bilgiyi yorumlayabilen,<\/li>\n<li>Ba\u011f\u0131ms\u0131z d\u00fc\u015f\u00fcn\u00fcp, karar verebilen,<\/li>\n<li>\u00d6z d\u00fczenleme gibi bireysel becerileri geli\u015fmi\u015f,<\/li>\n<li>Ak\u0131l y\u00fcr\u00fctebilen,<\/li>\n<li>Problemlere \u00e7\u00f6z\u00fcm yolu bulabilen,<\/li>\n<li>Ele\u015ftirici, yarat\u0131c\u0131,<\/li>\n<li>Kendini geli\u015ftirebilen,<\/li>\n<li>\u00d6zg\u00fcven sahibi,<\/li>\n<li>\u00d6\u011frendikleri kavramlar\u0131 g\u00fcnl\u00fck hayatta ve di\u011fer alanlarda kullanabilen<\/li>\n<li>Ara\u015ft\u0131rma yoluyla do\u011fru bilgilere ula\u015fabilen,<\/li>\n<li>Bilgiyi \u00fcretebilen ve bilgiyi do\u011fru kullanabilen,<\/li>\n<li>Teknolojiyi takip eden,<\/li>\n<\/ol>\n<p>Bilimin insan d\u00fc\u015f\u00fcncesinin geli\u015fmesindeki \u00f6neminin fark\u0131nda olabilen birer birey olarak hayata haz\u0131rlanmalar\u0131n\u0131 sa\u011flamakt\u0131r.<\/p>\n<\/div><\/div><\/div><div class=\"fusion-layout-column fusion_builder_column_inner fusion-builder-nested-column-1 fusion_builder_column_inner_1_3 1_3 fusion-flex-column card-1\" style=\"--awb-padding-top:24px;--awb-padding-right:24px;--awb-padding-bottom:24px;--awb-padding-left:24px;--awb-bg-color:#fafafa;--awb-bg-color-hover:#fafafa;--awb-bg-size:cover;--awb-width-large:33.333333333333%;--awb-margin-top-large:0px;--awb-spacing-right-large:5.76%;--awb-margin-bottom-large:20px;--awb-spacing-left-large:3.8399999999999%;--awb-width-medium:100%;--awb-spacing-right-medium:1.92%;--awb-spacing-left-medium:1.92%;--awb-width-small:100%;--awb-spacing-right-small:1.92%;--awb-spacing-left-small:1.92%;\"><div class=\"fusion-column-wrapper fusion-flex-justify-content-flex-start fusion-content-layout-column\"><div class=\"fusion-title title fusion-title-2 fusion-sep-none fusion-title-text fusion-title-size-two\" style=\"--awb-margin-bottom:20px;--awb-margin-top-small:10px;--awb-margin-right-small:0px;--awb-margin-bottom-small:10px;--awb-margin-left-small:0px;\"><h2 class=\"fusion-title-heading title-heading-left fusion-responsive-typography-calculated\" style=\"margin:0;--fontSize:24;line-height:1.2;\">Akademik B\u00f6l\u00fcmler<\/h2><\/div><div class=\"fusion-text fusion-text-2\"><p><a href=\"http:\/\/kp.k12.tr\/ilkokul\/egitim\/akademik-bolumler\/fransizca\/\">Frans\u0131zca<\/a><br \/>\n<a href=\"http:\/\/kp.k12.tr\/ilkokul\/egitim\/akademik-bolumler\/ingilizce\/\">\u0130ngilizce<\/a><br \/>\n<a href=\"http:\/\/kp.k12.tr\/ilkokul\/egitim\/akademik-bolumler\/turkce-sosyal\/\">T\u00fcrk\u00e7e-Sosyal<\/a><br \/>\n<a href=\"http:\/\/kp.k12.tr\/ilkokul\/egitim\/akademik-bolumler\/fen-matematik\/\">Fen-Matematik<\/a><br \/>\n<a href=\"http:\/\/kp.k12.tr\/ilkokul\/egitim\/akademik-bolumler\/muzik\/\">M\u00fczik<\/a><br \/>\n<a href=\"http:\/\/kp.k12.tr\/ilkokul\/egitim\/akademik-bolumler\/gorsel-sanatlar\/\">G\u00f6rsel Sanatlar<\/a><br \/>\n<a href=\"http:\/\/kp.k12.tr\/ilkokul\/egitim\/akademik-bolumler\/beden-egitimi\/\">Beden E\u011fitimi<\/a><br \/>\n<a href=\"http:\/\/kp.k12.tr\/ilkokul\/egitim\/akademik-bolumler\/bilisim-teknolojileri\/\">Bili\u015fim Teknolojileri<\/a><br \/>\n<a href=\"http:\/\/kp.k12.tr\/ilkokul\/egitim\/akademik-bolumler\/olcme-degerlendirme\/\">\u00d6l\u00e7me De\u011ferlendirme<\/a><\/p>\n<\/div><\/div><\/div><\/div><\/div><\/div><\/div><\/div>\n","protected":false},"excerpt":{"rendered":"","protected":false},"author":6,"featured_media":0,"parent":1978,"menu_order":0,"comment_status":"closed","ping_status":"closed","template":"","meta":{"_view_id":"","footnotes":""},"class_list":["post-2013","page","type-page","status-publish","hentry"],"jetpack_sharing_enabled":true,"_links":{"self":[{"href":"https:\/\/kp.k12.tr\/ilkokul\/wp-json\/wp\/v2\/pages\/2013","targetHints":{"allow":["GET"]}}],"collection":[{"href":"https:\/\/kp.k12.tr\/ilkokul\/wp-json\/wp\/v2\/pages"}],"about":[{"href":"https:\/\/kp.k12.tr\/ilkokul\/wp-json\/wp\/v2\/types\/page"}],"author":[{"embeddable":true,"href":"https:\/\/kp.k12.tr\/ilkokul\/wp-json\/wp\/v2\/users\/6"}],"replies":[{"embeddable":true,"href":"https:\/\/kp.k12.tr\/ilkokul\/wp-json\/wp\/v2\/comments?post=2013"}],"version-history":[{"count":0,"href":"https:\/\/kp.k12.tr\/ilkokul\/wp-json\/wp\/v2\/pages\/2013\/revisions"}],"up":[{"embeddable":true,"href":"https:\/\/kp.k12.tr\/ilkokul\/wp-json\/wp\/v2\/pages\/1978"}],"wp:attachment":[{"href":"https:\/\/kp.k12.tr\/ilkokul\/wp-json\/wp\/v2\/media?parent=2013"}],"curies":[{"name":"wp","href":"https:\/\/api.w.org\/{rel}","templated":true}]}}