{"id":1997,"date":"2018-04-17T14:37:07","date_gmt":"2018-04-17T11:37:07","guid":{"rendered":"http:\/\/kp.k12.tr\/ilkokul\/?page_id=1997"},"modified":"2018-12-28T11:28:29","modified_gmt":"2018-12-28T08:28:29","slug":"turkce-sosyal","status":"publish","type":"page","link":"https:\/\/kp.k12.tr\/ilkokul\/egitim\/akademik-bolumler\/turkce-sosyal\/","title":{"rendered":"T\u00fcrk\u00e7e-Sosyal"},"content":{"rendered":"<div class=\"fusion-fullwidth fullwidth-box fusion-builder-row-1 fusion-flex-container nonhundred-percent-fullwidth non-hundred-percent-height-scrolling\" style=\"--awb-border-radius-top-left:0px;--awb-border-radius-top-right:0px;--awb-border-radius-bottom-right:0px;--awb-border-radius-bottom-left:0px;--awb-margin-top:60px;--awb-margin-bottom:60px;--awb-flex-wrap:wrap;\" ><div class=\"fusion-builder-row fusion-row fusion-flex-align-items-flex-start fusion-flex-content-wrap\" style=\"max-width:1144px;margin-left: calc(-4% \/ 2 );margin-right: calc(-4% \/ 2 );\"><div class=\"fusion-layout-column fusion_builder_column fusion-builder-column-0 fusion_builder_column_1_1 1_1 fusion-flex-column card-1\" style=\"--awb-padding-top:5%;--awb-padding-right:5%;--awb-padding-left:5%;--awb-bg-size:cover;--awb-width-large:100%;--awb-margin-top-large:0px;--awb-spacing-right-large:1.92%;--awb-margin-bottom-large:0px;--awb-spacing-left-large:1.92%;--awb-width-medium:100%;--awb-spacing-right-medium:1.92%;--awb-spacing-left-medium:1.92%;--awb-width-small:100%;--awb-spacing-right-small:1.92%;--awb-spacing-left-small:1.92%;\"><div class=\"fusion-column-wrapper fusion-flex-justify-content-flex-start fusion-content-layout-column\"><div class=\"fusion-builder-row fusion-builder-row-inner fusion-row fusion-flex-align-items-flex-start fusion-flex-content-wrap\" style=\"--awb-flex-grow:0;--awb-flex-grow-medium:0;--awb-flex-grow-small:0;--awb-flex-shrink:0;--awb-flex-shrink-medium:0;--awb-flex-shrink-small:0;width:104% !important;max-width:104% !important;margin-left: calc(-4% \/ 2 );margin-right: calc(-4% \/ 2 );\"><div class=\"fusion-layout-column fusion_builder_column_inner fusion-builder-nested-column-0 fusion_builder_column_inner_2_3 2_3 fusion-flex-column\" style=\"--awb-bg-size:cover;--awb-width-large:66.666666666667%;--awb-margin-top-large:0px;--awb-spacing-right-large:3.84%;--awb-margin-bottom-large:20px;--awb-spacing-left-large:2.88%;--awb-width-medium:100%;--awb-spacing-right-medium:1.92%;--awb-spacing-left-medium:1.92%;--awb-width-small:100%;--awb-spacing-right-small:1.92%;--awb-spacing-left-small:1.92%;\"><div class=\"fusion-column-wrapper fusion-flex-justify-content-flex-start fusion-content-layout-column\"><div class=\"fusion-title title fusion-title-1 fusion-sep-none fusion-title-text fusion-title-size-one\" style=\"--awb-margin-bottom:20px;--awb-margin-top-small:10px;--awb-margin-right-small:0px;--awb-margin-bottom-small:10px;--awb-margin-left-small:0px;\"><h1 class=\"fusion-title-heading title-heading-left fusion-responsive-typography-calculated\" style=\"margin:0;--fontSize:30;line-height:1.4;\">T\u00fcrk\u00e7e-Sosyal<\/h1><\/div><div class=\"fusion-text fusion-text-1\"><p><strong>T\u00fcrk\u00e7e Dersi<\/strong><\/p>\n<p>T\u00fcrk\u00e7e derslerinde temel hedefimiz; bireysel ve toplumsal ba\u015far\u0131da \u201cana dil\u201din \u00f6nemini kavram\u0131\u015f; okuma al\u0131\u015fkanl\u0131\u011f\u0131 ve zevki kazanm\u0131\u015f, duygular\u0131n\u0131, d\u00fc\u015f\u00fcncelerini en do\u011fru ve etkili bi\u00e7imde aktarabilen; estetik anlay\u0131\u015f\u0131 geli\u015fmi\u015f, yeteneklerini fark eden ve geli\u015ftirmeye \u00e7al\u0131\u015fan; duyarl\u0131l\u0131klar\u0131 olan, \u00fcretken ve \u00e7a\u011fda\u015f bireyler yeti\u015ftirmektir.<\/p>\n<p>T\u00fcrk\u00e7e dersleri, birinci s\u0131n\u0131ftan itibaren paragraf \u00e7\u00f6z\u00fcmlemelerine a\u011f\u0131rl\u0131k verilerek ezbercilikten uzak bir anlay\u0131\u015fla i\u015flenir. Yaln\u0131zca okuma de\u011fil dinleme ve yazma etkinlikleriyle de \u00f6\u011frencilerin bu alanlardaki becerileri geli\u015ftirilir.<\/p>\n<p>Okuma becerilerini geli\u015ftirmek ve \u00f6\u011frencilere okuma zevkini ve al\u0131\u015fkanl\u0131\u011f\u0131n\u0131 kazand\u0131rmak amac\u0131yla her s\u0131n\u0131f d\u00fczeyinde se\u00e7ilen kitaplar T\u00fcrk\u00e7e derslerinde okunup incelenir.<\/p>\n<p>Yazma becerilerinin geli\u015fimi i\u00e7in derslerde yaz\u0131lan ya da \u00f6dev olarak verilen \u00e7al\u0131\u015fmalar\u0131n yan\u0131nda s\u0131n\u0131f d\u00fczeyine uygun olarak masal, \u00f6yk\u00fc, \u015fiir, an\u0131, mektup, haber yaz\u0131s\u0131 gibi yaz\u0131 t\u00fcrlerinde de yazma \u00e7al\u0131\u015fmalar\u0131 yap\u0131l\u0131r.<\/p>\n<p>Dinleme etkinliklerinde, d\u00fczeye ve i\u015flenen temaya uygun se\u00e7ilen eserlerle \u00f6\u011frencilerin dinleme kurallar\u0131n\u0131 \u00f6\u011frenmesi, dinlediklerini anlamas\u0131 ama\u00e7lan\u0131r. \u0130nsanlar aras\u0131ndaki ileti\u015fimde en \u00f6nemli yeri tutan konu\u015fma becerisinin en iyi d\u00fczeye \u00e7\u0131kar\u0131lmas\u0131 ve \u00f6\u011frencinin derse kat\u0131l\u0131m\u0131n\u0131n sa\u011flanmas\u0131 i\u00e7in her T\u00fcrk\u00e7e dersinde konu\u015fma etkinliklerine de yer verilir.<\/p>\n<p>T\u00fcrk\u00e7e ve s\u0131n\u0131f \u00f6\u011fretmenlerimiz taraf\u0131ndan s\u0131n\u0131f seviyelerine uygun olarak olu\u015fturulan \u201cAtas\u00f6z\u00fc ve Deyimler \u00c7al\u0131\u015fmas\u0131\u201d ile \u00f6\u011frencilerimizin T\u00fcrk\u00e7e\u2019nin zenginliklerini fark etmeleri ve g\u00fcnl\u00fck ya\u015famda konu\u015furken ya da yazarken kullanmalar\u0131 sa\u011flan\u0131r.<\/p>\n<p>Hafta i\u00e7inde \u00f6\u011frenilen kazan\u0131mlar\u0131n peki\u015ftirilmesi amac\u0131yla \u00f6\u011frencilerimize verilen \u00e7al\u0131\u015fmalar\u0131n geri d\u00f6n\u00fc\u015f\u00fc takip edilerek \u00f6\u011frencinin akademik geli\u015fimi s\u00fcrekli izlenir.<\/p>\n<p>Akademik ba\u015far\u0131 kazand\u0131rman\u0131n yan\u0131 s\u0131ra \u00f6\u011frencilerimizin yarat\u0131c\u0131 yanlar\u0131n\u0131 ortaya \u00e7\u0131karmaya, onlar\u0131 k\u00fclt\u00fcrel a\u00e7\u0131dan da geli\u015ftirmeye y\u00f6nelik etkinlikler yap\u0131l\u0131r. \u00d6\u011frencilerimiz taraf\u0131ndan \u00e7ok okunan, sevilen yazar ve \u015fairler okulumuza davet edilerek \u00f6\u011frencilerimizin onlar\u0131 yak\u0131ndan tan\u0131malar\u0131na f\u0131rsat verilir. Ayr\u0131ca belli d\u00f6nemlerde a\u00e7\u0131lan kitap stantlar\u0131yla \u00f6\u011frencilerimizin yararlanabilecekleri ve zevkle okuyabilecekleri kitaplarla bulu\u015fmas\u0131 sa\u011flan\u0131r.<\/p>\n<p><strong>Hayat Bilgisi Dersi \/ Sosyal Bilgiler Dersi<\/strong><\/p>\n<p>1, 2 ve 3. s\u0131n\u0131flarda Hayat Bilgisi, 4. s\u0131n\u0131fta Sosyal Bilgiler dersinde amac\u0131m\u0131z Atat\u00fcrk \u0130lke ve Devrimleri \u0131\u015f\u0131\u011f\u0131nda; temel ya\u015fam becerilerine sahip, kendini tan\u0131yan, sa\u011fl\u0131kl\u0131 ve g\u00fcvenli bir ya\u015fam s\u00fcren, i\u015fbirli\u011fine a\u00e7\u0131k, ya\u015fad\u0131\u011f\u0131 toplumun de\u011ferlerini \u00f6z\u00fcmseyen, do\u011faya ve \u00e7evreye duyarl\u0131, ara\u015ft\u0131ran, \u00fcreten ve \u00fclkesini seven; T\u00fcrkiye Cumhuriyeti\u2019nin sosyal, k\u00fclt\u00fcrel ve ekonomik kalk\u0131nmas\u0131ndaki yerini kavrayan, demokratik, laik, mill\u00ee ve \u00e7a\u011fda\u015f de\u011ferleri ya\u015fatan bireyler yeti\u015ftirmektir.<\/p>\n<p>Hafta i\u00e7inde \u00f6\u011frenilen kazan\u0131mlar\u0131n peki\u015ftirilmesi amac\u0131yla \u00f6\u011frencilerimize hafta sonu ev \u00e7al\u0131\u015fmalar\u0131 verilir, bu \u00e7al\u0131\u015fmalar\u0131n geri d\u00f6n\u00fc\u015f\u00fc takip edilerek \u00f6\u011frencinin akademik geli\u015fimi s\u00fcrekli izlenir.<\/p>\n<p>\u00d6\u011fretim y\u0131l\u0131 i\u00e7erisinde m\u00fcfredat\u0131n daha iyi peki\u015ftirilmesi amac\u0131yla, \u00f6\u011fretmenlerimiz rehberli\u011finde \u00f6\u011frencilerimizle gezileri yap\u0131l\u0131r.<\/p>\n<\/div><\/div><\/div><div class=\"fusion-layout-column fusion_builder_column_inner fusion-builder-nested-column-1 fusion_builder_column_inner_1_3 1_3 fusion-flex-column card-1\" style=\"--awb-padding-top:24px;--awb-padding-right:24px;--awb-padding-bottom:24px;--awb-padding-left:24px;--awb-bg-color:#fafafa;--awb-bg-color-hover:#fafafa;--awb-bg-size:cover;--awb-width-large:33.333333333333%;--awb-margin-top-large:0px;--awb-spacing-right-large:5.76%;--awb-margin-bottom-large:20px;--awb-spacing-left-large:3.8399999999999%;--awb-width-medium:100%;--awb-spacing-right-medium:1.92%;--awb-spacing-left-medium:1.92%;--awb-width-small:100%;--awb-spacing-right-small:1.92%;--awb-spacing-left-small:1.92%;\"><div class=\"fusion-column-wrapper fusion-flex-justify-content-flex-start fusion-content-layout-column\"><div class=\"fusion-title title fusion-title-2 fusion-sep-none fusion-title-text fusion-title-size-two\" style=\"--awb-margin-bottom:20px;--awb-margin-top-small:10px;--awb-margin-right-small:0px;--awb-margin-bottom-small:10px;--awb-margin-left-small:0px;\"><h2 class=\"fusion-title-heading title-heading-left fusion-responsive-typography-calculated\" style=\"margin:0;--fontSize:24;line-height:1.2;\">Akademik B\u00f6l\u00fcmler<\/h2><\/div><div class=\"fusion-text fusion-text-2\"><p><a href=\"http:\/\/kp.k12.tr\/ilkokul\/egitim\/akademik-bolumler\/fransizca\/\">Frans\u0131zca<\/a><br \/>\n<a href=\"http:\/\/kp.k12.tr\/ilkokul\/egitim\/akademik-bolumler\/ingilizce\/\">\u0130ngilizce<\/a><br \/>\n<a href=\"http:\/\/kp.k12.tr\/ilkokul\/egitim\/akademik-bolumler\/turkce-sosyal\/\">T\u00fcrk\u00e7e-Sosyal<\/a><br \/>\n<a href=\"http:\/\/kp.k12.tr\/ilkokul\/egitim\/akademik-bolumler\/fen-matematik\/\">Fen-Matematik<\/a><br \/>\n<a href=\"http:\/\/kp.k12.tr\/ilkokul\/egitim\/akademik-bolumler\/muzik\/\">M\u00fczik<\/a><br \/>\n<a href=\"http:\/\/kp.k12.tr\/ilkokul\/egitim\/akademik-bolumler\/gorsel-sanatlar\/\">G\u00f6rsel Sanatlar<\/a><br \/>\n<a href=\"http:\/\/kp.k12.tr\/ilkokul\/egitim\/akademik-bolumler\/beden-egitimi\/\">Beden E\u011fitimi<\/a><br \/>\n<a href=\"http:\/\/kp.k12.tr\/ilkokul\/egitim\/akademik-bolumler\/bilisim-teknolojileri\/\">Bili\u015fim Teknolojileri<\/a><br \/>\n<a href=\"http:\/\/kp.k12.tr\/ilkokul\/egitim\/akademik-bolumler\/olcme-degerlendirme\/\">\u00d6l\u00e7me De\u011ferlendirme<\/a><\/p>\n<\/div><\/div><\/div><\/div><\/div><\/div><\/div><\/div>\n","protected":false},"excerpt":{"rendered":"","protected":false},"author":6,"featured_media":0,"parent":1978,"menu_order":0,"comment_status":"closed","ping_status":"closed","template":"","meta":{"_view_id":"","footnotes":""},"class_list":["post-1997","page","type-page","status-publish","hentry"],"jetpack_sharing_enabled":true,"_links":{"self":[{"href":"https:\/\/kp.k12.tr\/ilkokul\/wp-json\/wp\/v2\/pages\/1997","targetHints":{"allow":["GET"]}}],"collection":[{"href":"https:\/\/kp.k12.tr\/ilkokul\/wp-json\/wp\/v2\/pages"}],"about":[{"href":"https:\/\/kp.k12.tr\/ilkokul\/wp-json\/wp\/v2\/types\/page"}],"author":[{"embeddable":true,"href":"https:\/\/kp.k12.tr\/ilkokul\/wp-json\/wp\/v2\/users\/6"}],"replies":[{"embeddable":true,"href":"https:\/\/kp.k12.tr\/ilkokul\/wp-json\/wp\/v2\/comments?post=1997"}],"version-history":[{"count":0,"href":"https:\/\/kp.k12.tr\/ilkokul\/wp-json\/wp\/v2\/pages\/1997\/revisions"}],"up":[{"embeddable":true,"href":"https:\/\/kp.k12.tr\/ilkokul\/wp-json\/wp\/v2\/pages\/1978"}],"wp:attachment":[{"href":"https:\/\/kp.k12.tr\/ilkokul\/wp-json\/wp\/v2\/media?parent=1997"}],"curies":[{"name":"wp","href":"https:\/\/api.w.org\/{rel}","templated":true}]}}