{"id":1359,"date":"2018-02-02T04:37:52","date_gmt":"2018-02-02T04:37:52","guid":{"rendered":"http:\/\/kp.k12.tr\/ilkokul\/?page_id=1359"},"modified":"2026-02-04T16:10:04","modified_gmt":"2026-02-04T13:10:04","slug":"egitim-teknolojileri","status":"publish","type":"page","link":"https:\/\/kp.k12.tr\/ilkokul\/egitim\/egitim-teknolojileri\/","title":{"rendered":"E\u011fitim Teknolojileri"},"content":{"rendered":"<div class=\"fusion-fullwidth fullwidth-box fusion-builder-row-1 fusion-flex-container fusion-parallax-fixed nonhundred-percent-fullwidth non-hundred-percent-height-scrolling lazyload\" style=\"--awb-border-radius-top-left:0px;--awb-border-radius-top-right:0px;--awb-border-radius-bottom-right:0px;--awb-border-radius-bottom-left:0px;--awb-padding-bottom:120px;--awb-background-color:#fafafa;--awb-background-size:cover;--awb-flex-wrap:wrap;background-attachment:fixed;\" data-bg=\"https:\/\/kp.k12.tr\/ilkokul\/wp-content\/uploads\/sites\/4\/2018\/02\/ilkorta_bg.jpg\" ><div class=\"fusion-builder-row fusion-row fusion-flex-align-items-flex-start fusion-flex-content-wrap\" style=\"max-width:calc( 1100px + 0px );margin-left: calc(-0px \/ 2 );margin-right: calc(-0px \/ 2 );\"><div class=\"fusion-layout-column fusion_builder_column fusion-builder-column-0 fusion_builder_column_1_1 1_1 fusion-flex-column card-1\" style=\"--awb-padding-top:3%;--awb-padding-right:5%;--awb-padding-left:5%;--awb-bg-color:rgba(255,255,255,0.87);--awb-bg-color-hover:rgba(255,255,255,0.87);--awb-bg-size:cover;--awb-width-large:100%;--awb-margin-top-large:190px;--awb-spacing-right-large:0px;--awb-margin-bottom-large:20px;--awb-spacing-left-large:0px;--awb-width-medium:100%;--awb-spacing-right-medium:0px;--awb-spacing-left-medium:0px;--awb-width-small:100%;--awb-spacing-right-small:0px;--awb-spacing-left-small:0px;\"><div class=\"fusion-column-wrapper fusion-flex-justify-content-flex-start fusion-content-layout-column\"><div class=\"fusion-builder-row fusion-builder-row-inner fusion-row fusion-flex-align-items-flex-start fusion-flex-content-wrap\" style=\"--awb-flex-grow:0;--awb-flex-grow-medium:0;--awb-flex-grow-small:0;--awb-flex-shrink:0;--awb-flex-shrink-medium:0;--awb-flex-shrink-small:0;width:calc( 100% + 0px ) !important;max-width:calc( 100% + 0px ) !important;margin-left: calc(-0px \/ 2 );margin-right: calc(-0px \/ 2 );\"><div class=\"fusion-layout-column fusion_builder_column_inner fusion-builder-nested-column-0 fusion_builder_column_inner_1_5 1_5 fusion-flex-column\" style=\"--awb-bg-size:cover;--awb-width-large:20%;--awb-margin-top-large:0px;--awb-spacing-right-large:0px;--awb-margin-bottom-large:20px;--awb-spacing-left-large:0px;--awb-width-medium:100%;--awb-spacing-right-medium:0px;--awb-spacing-left-medium:0px;--awb-width-small:100%;--awb-spacing-right-small:0px;--awb-spacing-left-small:0px;\"><div class=\"fusion-column-wrapper fusion-flex-justify-content-flex-start fusion-content-layout-column\"><\/div><\/div><div class=\"fusion-layout-column fusion_builder_column_inner fusion-builder-nested-column-1 fusion_builder_column_inner_3_5 3_5 fusion-flex-column\" style=\"--awb-bg-size:cover;--awb-width-large:60%;--awb-margin-top-large:0px;--awb-spacing-right-large:0px;--awb-margin-bottom-large:20px;--awb-spacing-left-large:0px;--awb-width-medium:100%;--awb-spacing-right-medium:0px;--awb-spacing-left-medium:0px;--awb-width-small:100%;--awb-spacing-right-small:0px;--awb-spacing-left-small:0px;\"><div class=\"fusion-column-wrapper fusion-flex-justify-content-flex-start fusion-content-layout-column\"><div class=\"fusion-title title fusion-title-1 fusion-sep-none fusion-title-text fusion-title-size-one\" style=\"--awb-margin-top-small:10px;--awb-margin-right-small:0px;--awb-margin-bottom-small:10px;--awb-margin-left-small:0px;\"><h1 class=\"fusion-title-heading title-heading-left fusion-responsive-typography-calculated\" style=\"margin:0;--fontSize:30;line-height:1.4;\">E\u011fitim Teknolojileri<\/h1><\/div><\/div><\/div><div class=\"fusion-layout-column fusion_builder_column_inner fusion-builder-nested-column-2 fusion_builder_column_inner_1_5 1_5 fusion-flex-column\" style=\"--awb-bg-size:cover;--awb-width-large:20%;--awb-margin-top-large:0px;--awb-spacing-right-large:0px;--awb-margin-bottom-large:20px;--awb-spacing-left-large:0px;--awb-width-medium:100%;--awb-spacing-right-medium:0px;--awb-spacing-left-medium:0px;--awb-width-small:100%;--awb-spacing-right-small:0px;--awb-spacing-left-small:0px;\"><div class=\"fusion-column-wrapper fusion-flex-justify-content-flex-start fusion-content-layout-column\"><\/div><\/div><div class=\"fusion-layout-column fusion_builder_column_inner fusion-builder-nested-column-3 fusion_builder_column_inner_1_5 1_5 fusion-flex-column\" style=\"--awb-bg-size:cover;--awb-width-large:20%;--awb-margin-top-large:0px;--awb-spacing-right-large:0px;--awb-margin-bottom-large:20px;--awb-spacing-left-large:0px;--awb-width-medium:100%;--awb-spacing-right-medium:0px;--awb-spacing-left-medium:0px;--awb-width-small:100%;--awb-spacing-right-small:0px;--awb-spacing-left-small:0px;\"><div class=\"fusion-column-wrapper fusion-flex-justify-content-flex-start fusion-content-layout-column\"><\/div><\/div><div class=\"fusion-layout-column fusion_builder_column_inner fusion-builder-nested-column-4 fusion_builder_column_inner_3_5 3_5 fusion-flex-column\" style=\"--awb-bg-size:cover;--awb-width-large:60%;--awb-margin-top-large:0px;--awb-spacing-right-large:0px;--awb-margin-bottom-large:20px;--awb-spacing-left-large:0px;--awb-width-medium:100%;--awb-spacing-right-medium:0px;--awb-spacing-left-medium:0px;--awb-width-small:100%;--awb-spacing-right-small:0px;--awb-spacing-left-small:0px;\"><div class=\"fusion-column-wrapper fusion-flex-justify-content-flex-start fusion-content-layout-column\"><div class=\"fusion-text fusion-text-1\"><div class=\"fusion-text\">\n<p>E\u011fitim Teknolojileri B\u00f6l\u00fcm\u00fc olarak amac\u0131m\u0131z \u00f6\u011frenci ve \u00f6\u011fretmenlerimizin, i\u00e7inde bulundu\u011fumuz y\u00fczy\u0131l\u0131n \u00f6nemli yetkinlikleri aras\u0131nda yer alan Bilgi ve Teknoloji Okuryazarl\u0131\u011f\u0131 becerilerinin geli\u015fimini sa\u011flamak ve anaokulundan lise sonuna kadar t\u00fcm kademelerde teknolojinin \u00f6\u011frenme ortamlar\u0131n\u0131 zenginle\u015ftirici ve \u00f6\u011frencilerin aktif \u00f6\u011frenme s\u00fcre\u00e7lerini g\u00fc\u00e7lendirici bir ara\u00e7 olarak m\u00fcfredata entegrasyonunu ger\u00e7ekle\u015ftirmek i\u00e7in \u00f6\u011fretmenlerimize liderlik etmektir. Bu ama\u00e7lar do\u011frultusunda s\u00fcrekli iyile\u015ftirme ad\u0131na e\u011fitim teknolojilerinde yeni y\u00f6ntem ve yakla\u015f\u0131mlar takip edilerek, ara\u015ft\u0131rma ve geli\u015ftirme \u00e7al\u0131\u015fmalar\u0131 y\u00fcr\u00fct\u00fclmektedir.<\/p>\n<p>Teknolojinin e\u011fitim ortamlar\u0131yla b\u00fct\u00fcnle\u015ftirilmesi i\u00e7in uygun sistemlerin, proje ve \u00e7\u00f6z\u00fcmlerin se\u00e7imi, tasar\u0131m\u0131, dijital \u00f6\u011fretim materyallerinin \u00fcretilmesi ve uygulanmas\u0131na y\u00f6nelik \u00e7al\u0131\u015fmalar ile \u00f6\u011fretmen ve personelin E\u011fitim Teknolojileri konusunda deneyimlerini artt\u0131rmak i\u00e7in bran\u015f bazl\u0131 geli\u015fim programlar\u0131 haz\u0131rlanmakta ve e\u011fitimler verilmektedir.<\/p>\n<p>\u00d6\u011frencilerimizin aktif kat\u0131l\u0131m\u0131n\u0131 desteklemek, dijital ara\u00e7lar\u0131 \u00f6\u011frenme deneyimlerini g\u00fc\u00e7lendirecek bi\u00e7imde kullanmalar\u0131n\u0131 sa\u011flayarak, ara\u015ft\u0131rmaya, sorgulamaya, i\u015fbirli\u011fi yapmaya y\u00f6nlendirecek proje ve etkinlikler E\u011fitim Teknolojileri b\u00f6l\u00fcm\u00fc ve bran\u015f \u00f6\u011fretmenleriyle birlikte planlan\u0131r ve uygulan\u0131r.<\/p>\n<p>Okullar\u0131m\u0131z kablosuz a\u011f ba\u011flant\u0131s\u0131, bilgisayar ve teknoloji laboratuvarlar\u0131, kodlama ve robotik e\u011fitim setleri, 3B yaz\u0131c\u0131, iPad istasyonu ve s\u0131n\u0131f i\u00e7inde yer alan ak\u0131ll\u0131 projeksiyonlar\u0131 ile g\u00fc\u00e7l\u00fc bir \u00f6\u011frenme ortam\u0131n\u0131 olu\u015fturarak \u00f6\u011fretmen ve \u00f6\u011frencilerimize sunmaktad\u0131r.<\/p>\n<h4>Bili\u015fim Teknolojileri Dersleri<\/h4>\n<p>Bili\u015fim Teknolojileri dersleri, \u00f6\u011frencilerimizin yarat\u0131c\u0131l\u0131\u011f\u0131n\u0131 ve \u00fcretkenli\u011fini geli\u015ftiren ve farkl\u0131 bran\u015flarda \u00f6\u011frendikleri bilgileri uygulama f\u0131rsat\u0131 sa\u011flayan disiplinler aras\u0131 teknoloji destekli \u00e7al\u0131\u015fmalar\u0131 hayata ge\u00e7irmek i\u00e7in ortaokul ve lise programlar\u0131m\u0131zda yer almaktad\u0131r. Do\u011fru bilgiye ula\u015fma, bili\u015fim ara\u00e7lar\u0131n\u0131 kullanarak dijital \u00fcr\u00fcn geli\u015ftirme, etik ve g\u00fcvenlik y\u00f6nleriyle dijital vatanda\u015fl\u0131k ve hesaplamal\u0131 d\u00fc\u015f\u00fcnme konular\u0131 bili\u015fim teknolojileri derslerinde ele al\u0131nmaktad\u0131r. \u0130lkokul 1-2-3. S\u0131n\u0131flar ile Ortaokul 5-6. S\u0131n\u0131f seviyelerinde verdi\u011fimiz Bili\u015fim Teknolojileri ve Kodlama dersleri ile \u00f6\u011frencilerimiz yeni \u00e7a\u011f\u0131n gerektirdi\u011fi \u00fcst d\u00fczey becerileri kazanmalar\u0131 ve problem \u00e7\u00f6zme becerilerini geli\u015ftirmelerine destek olmak hedeflenmektedir.<\/p>\n<h4>Kodlama \u00c7al\u0131\u015fmalar\u0131<\/h4>\n<p>Bili\u015fim Teknolojileri ve Yaz\u0131l\u0131m derslerinin yan\u0131 s\u0131ra, ilkokul ve ortaokul sosyal etkinlik kul\u00fcplerimizde \u00f6\u011frencilerimizle bilgisayars\u0131z kodlamadan ba\u015flayarak web ara\u00e7lar\u0131, tablet ve seviyelerine uygun robotik ve elektronik kitlerle kodlama \u00e7al\u0131\u015fmalar\u0131 ile maker hareketini benimseyen proje uygulamalar\u0131 di\u011fer disiplinlerle i\u015fbirli\u011fi i\u00e7erisinde y\u00fcr\u00fct\u00fclmektedir.<\/p>\n<\/div>\n<\/div><\/div><\/div><div class=\"fusion-layout-column fusion_builder_column_inner fusion-builder-nested-column-5 fusion_builder_column_inner_1_5 1_5 fusion-flex-column\" style=\"--awb-bg-size:cover;--awb-width-large:20%;--awb-margin-top-large:0px;--awb-spacing-right-large:0px;--awb-margin-bottom-large:20px;--awb-spacing-left-large:0px;--awb-width-medium:100%;--awb-spacing-right-medium:0px;--awb-spacing-left-medium:0px;--awb-width-small:100%;--awb-spacing-right-small:0px;--awb-spacing-left-small:0px;\"><div class=\"fusion-column-wrapper fusion-flex-justify-content-flex-start fusion-content-layout-column\"><\/div><\/div><\/div><\/div><\/div><\/div><\/div>\n","protected":false},"excerpt":{"rendered":"","protected":false},"author":6,"featured_media":0,"parent":9,"menu_order":0,"comment_status":"closed","ping_status":"closed","template":"100-width.php","meta":{"_view_id":"","footnotes":""},"class_list":["post-1359","page","type-page","status-publish","hentry"],"jetpack_sharing_enabled":true,"_links":{"self":[{"href":"https:\/\/kp.k12.tr\/ilkokul\/wp-json\/wp\/v2\/pages\/1359","targetHints":{"allow":["GET"]}}],"collection":[{"href":"https:\/\/kp.k12.tr\/ilkokul\/wp-json\/wp\/v2\/pages"}],"about":[{"href":"https:\/\/kp.k12.tr\/ilkokul\/wp-json\/wp\/v2\/types\/page"}],"author":[{"embeddable":true,"href":"https:\/\/kp.k12.tr\/ilkokul\/wp-json\/wp\/v2\/users\/6"}],"replies":[{"embeddable":true,"href":"https:\/\/kp.k12.tr\/ilkokul\/wp-json\/wp\/v2\/comments?post=1359"}],"version-history":[{"count":1,"href":"https:\/\/kp.k12.tr\/ilkokul\/wp-json\/wp\/v2\/pages\/1359\/revisions"}],"predecessor-version":[{"id":8730,"href":"https:\/\/kp.k12.tr\/ilkokul\/wp-json\/wp\/v2\/pages\/1359\/revisions\/8730"}],"up":[{"embeddable":true,"href":"https:\/\/kp.k12.tr\/ilkokul\/wp-json\/wp\/v2\/pages\/9"}],"wp:attachment":[{"href":"https:\/\/kp.k12.tr\/ilkokul\/wp-json\/wp\/v2\/media?parent=1359"}],"curies":[{"name":"wp","href":"https:\/\/api.w.org\/{rel}","templated":true}]}}