{"id":966,"date":"2018-02-01T23:55:01","date_gmt":"2018-02-01T23:55:01","guid":{"rendered":"http:\/\/kp.k12.tr\/anaokulu\/?page_id=966"},"modified":"2025-03-14T12:08:14","modified_gmt":"2025-03-14T09:08:14","slug":"fransizca","status":"publish","type":"page","link":"https:\/\/kp.k12.tr\/anaokulu\/egitim\/akademik-bolumler\/fransizca\/","title":{"rendered":"Frans\u0131zca"},"content":{"rendered":"<div class=\"fusion-fullwidth fullwidth-box fusion-builder-row-1 fusion-flex-container fusion-parallax-fixed nonhundred-percent-fullwidth non-hundred-percent-height-scrolling lazyload\" style=\"--awb-border-radius-top-left:0px;--awb-border-radius-top-right:0px;--awb-border-radius-bottom-right:0px;--awb-border-radius-bottom-left:0px;--awb-padding-bottom:120px;--awb-background-color:#fafafa;--awb-background-size:cover;--awb-flex-wrap:wrap;background-attachment:fixed;\" data-bg=\"http:\/\/kp.k12.tr\/anaokulu\/wp-content\/uploads\/sites\/3\/2018\/02\/sajev_anaokulu_arkaplan_kucukprensvetilki.jpg\" ><div class=\"fusion-builder-row fusion-row fusion-flex-align-items-flex-start fusion-flex-content-wrap\" style=\"max-width:calc( 1100px + 0px );margin-left: calc(-0px \/ 2 );margin-right: calc(-0px \/ 2 );\"><div class=\"fusion-layout-column fusion_builder_column fusion-builder-column-0 fusion_builder_column_1_1 1_1 fusion-flex-column card-1\" style=\"--awb-padding-top:5%;--awb-padding-right:5%;--awb-padding-left:5%;--awb-bg-color:rgba(255,255,255,0.87);--awb-bg-color-hover:rgba(255,255,255,0.87);--awb-bg-size:cover;--awb-width-large:100%;--awb-margin-top-large:300px;--awb-spacing-right-large:0px;--awb-margin-bottom-large:20px;--awb-spacing-left-large:0px;--awb-width-medium:100%;--awb-spacing-right-medium:0px;--awb-spacing-left-medium:0px;--awb-width-small:100%;--awb-spacing-right-small:0px;--awb-spacing-left-small:0px;\"><div class=\"fusion-column-wrapper fusion-flex-justify-content-flex-start fusion-content-layout-column\"><div class=\"fusion-builder-row fusion-builder-row-inner fusion-row fusion-flex-align-items-flex-start fusion-flex-content-wrap\" style=\"--awb-flex-grow:0;--awb-flex-grow-medium:0;--awb-flex-grow-small:0;--awb-flex-shrink:0;--awb-flex-shrink-medium:0;--awb-flex-shrink-small:0;width:calc( 100% + 0px ) !important;max-width:calc( 100% + 0px ) !important;margin-left: calc(-0px \/ 2 );margin-right: calc(-0px \/ 2 );\"><div class=\"fusion-layout-column fusion_builder_column_inner fusion-builder-nested-column-0 fusion_builder_column_inner_1_5 1_5 fusion-flex-column\" style=\"--awb-bg-size:cover;--awb-width-large:20%;--awb-margin-top-large:0px;--awb-spacing-right-large:0px;--awb-margin-bottom-large:20px;--awb-spacing-left-large:0px;--awb-width-medium:100%;--awb-spacing-right-medium:0px;--awb-spacing-left-medium:0px;--awb-width-small:100%;--awb-spacing-right-small:0px;--awb-spacing-left-small:0px;\"><div class=\"fusion-column-wrapper fusion-flex-justify-content-flex-start fusion-content-layout-column\"><\/div><\/div><div class=\"fusion-layout-column fusion_builder_column_inner fusion-builder-nested-column-1 fusion_builder_column_inner_3_5 3_5 fusion-flex-column\" style=\"--awb-bg-size:cover;--awb-width-large:60%;--awb-margin-top-large:0px;--awb-spacing-right-large:0px;--awb-margin-bottom-large:20px;--awb-spacing-left-large:0px;--awb-width-medium:100%;--awb-spacing-right-medium:0px;--awb-spacing-left-medium:0px;--awb-width-small:100%;--awb-spacing-right-small:0px;--awb-spacing-left-small:0px;\"><div class=\"fusion-column-wrapper fusion-flex-justify-content-flex-start fusion-content-layout-column\"><div class=\"fusion-title title fusion-title-1 fusion-sep-none fusion-title-text fusion-title-size-one\" style=\"--awb-margin-top-small:10px;--awb-margin-right-small:0px;--awb-margin-bottom-small:10px;--awb-margin-left-small:0px;\"><h1 class=\"fusion-title-heading title-heading-left fusion-responsive-typography-calculated\" style=\"margin:0;--fontSize:30;line-height:1.4;\">Frans\u0131zca<\/h1><\/div><\/div><\/div><div class=\"fusion-layout-column fusion_builder_column_inner fusion-builder-nested-column-2 fusion_builder_column_inner_1_5 1_5 fusion-flex-column\" style=\"--awb-bg-size:cover;--awb-width-large:20%;--awb-margin-top-large:0px;--awb-spacing-right-large:0px;--awb-margin-bottom-large:20px;--awb-spacing-left-large:0px;--awb-width-medium:100%;--awb-spacing-right-medium:0px;--awb-spacing-left-medium:0px;--awb-width-small:100%;--awb-spacing-right-small:0px;--awb-spacing-left-small:0px;\"><div class=\"fusion-column-wrapper fusion-flex-justify-content-flex-start fusion-content-layout-column\"><\/div><\/div><div class=\"fusion-layout-column fusion_builder_column_inner fusion-builder-nested-column-3 fusion_builder_column_inner_1_6 1_6 fusion-flex-column\" style=\"--awb-bg-size:cover;--awb-width-large:16.666666666667%;--awb-margin-top-large:0px;--awb-spacing-right-large:0px;--awb-margin-bottom-large:20px;--awb-spacing-left-large:0px;--awb-width-medium:100%;--awb-spacing-right-medium:0px;--awb-spacing-left-medium:0px;--awb-width-small:100%;--awb-spacing-right-small:0px;--awb-spacing-left-small:0px;\"><div class=\"fusion-column-wrapper fusion-flex-justify-content-flex-start fusion-content-layout-column\"><\/div><\/div><div class=\"fusion-layout-column fusion_builder_column_inner fusion-builder-nested-column-4 fusion_builder_column_inner_2_3 2_3 fusion-flex-column\" style=\"--awb-bg-size:cover;--awb-width-large:66.666666666667%;--awb-margin-top-large:0px;--awb-spacing-right-large:0px;--awb-margin-bottom-large:20px;--awb-spacing-left-large:0px;--awb-width-medium:100%;--awb-spacing-right-medium:0px;--awb-spacing-left-medium:0px;--awb-width-small:100%;--awb-spacing-right-small:0px;--awb-spacing-left-small:0px;\"><div class=\"fusion-column-wrapper fusion-flex-justify-content-flex-start fusion-content-layout-column\"><div class=\"fusion-image-carousel fusion-image-carousel-auto fusion-image-carousel-1\"><div class=\"awb-carousel awb-swiper awb-swiper-carousel awb-carousel--carousel awb-swiper-dots-position-bottom\" data-layout=\"carousel\" data-autoplay=\"no\" data-autoplayspeed=\"2500\" data-autoplaypause=\"no\" data-loop=\"yes\" data-columns=\"1\" data-columnsmedium=\"1\" data-columnssmall=\"1\" data-itemmargin=\"3\" data-itemwidth=\"180\" data-touchscroll=\"no\" data-freemode=\"no\" data-imagesize=\"auto\" data-scrollitems=\"0\" data-centeredslides=\"no\" data-rotationangle=\"50\" data-depth=\"100\" data-speed=\"500\" data-shadow=\"no\" data-pagination=\"bullets\" style=\"--awb-columns:1;--awb-column-spacing:3px;\"><div class=\"swiper-wrapper awb-image-carousel-wrapper fusion-flex-align-items-center\"><div class=\"swiper-slide\"><div class=\"fusion-carousel-item-wrapper\"><div class=\"fusion-image-wrapper hover-type-none\"><img decoding=\"async\" width=\"684\" height=\"424\" src=\"https:\/\/kp.k12.tr\/anaokulu\/wp-content\/uploads\/sites\/3\/2018\/02\/sajev_anaokulu_fransizca_2.jpg\" class=\"attachment-full size-full lazyload\" alt=\"\" srcset=\"data:image\/svg+xml,%3Csvg%20xmlns%3D%27http%3A%2F%2Fwww.w3.org%2F2000%2Fsvg%27%20width%3D%27684%27%20height%3D%27424%27%20viewBox%3D%270%200%20684%20424%27%3E%3Crect%20width%3D%27684%27%20height%3D%27424%27%20fill-opacity%3D%220%22%2F%3E%3C%2Fsvg%3E\" data-orig-src=\"https:\/\/kp.k12.tr\/anaokulu\/wp-content\/uploads\/sites\/3\/2018\/02\/sajev_anaokulu_fransizca_2.jpg\" data-srcset=\"https:\/\/kp.k12.tr\/anaokulu\/wp-content\/uploads\/sites\/3\/2018\/02\/sajev_anaokulu_fransizca_2-200x124.jpg 200w, https:\/\/kp.k12.tr\/anaokulu\/wp-content\/uploads\/sites\/3\/2018\/02\/sajev_anaokulu_fransizca_2-300x186.jpg 300w, https:\/\/kp.k12.tr\/anaokulu\/wp-content\/uploads\/sites\/3\/2018\/02\/sajev_anaokulu_fransizca_2-400x248.jpg 400w, https:\/\/kp.k12.tr\/anaokulu\/wp-content\/uploads\/sites\/3\/2018\/02\/sajev_anaokulu_fransizca_2-600x372.jpg 600w, https:\/\/kp.k12.tr\/anaokulu\/wp-content\/uploads\/sites\/3\/2018\/02\/sajev_anaokulu_fransizca_2.jpg 684w\" data-sizes=\"auto\" \/><\/div><\/div><\/div><div class=\"swiper-slide\"><div class=\"fusion-carousel-item-wrapper\"><div class=\"fusion-image-wrapper hover-type-none\"><img decoding=\"async\" width=\"684\" height=\"424\" src=\"https:\/\/kp.k12.tr\/anaokulu\/wp-content\/uploads\/sites\/3\/2018\/02\/sajev_anaokulu_fransizca_1.jpg\" class=\"attachment-full size-full lazyload\" alt=\"\" srcset=\"data:image\/svg+xml,%3Csvg%20xmlns%3D%27http%3A%2F%2Fwww.w3.org%2F2000%2Fsvg%27%20width%3D%27684%27%20height%3D%27424%27%20viewBox%3D%270%200%20684%20424%27%3E%3Crect%20width%3D%27684%27%20height%3D%27424%27%20fill-opacity%3D%220%22%2F%3E%3C%2Fsvg%3E\" data-orig-src=\"https:\/\/kp.k12.tr\/anaokulu\/wp-content\/uploads\/sites\/3\/2018\/02\/sajev_anaokulu_fransizca_1.jpg\" data-srcset=\"https:\/\/kp.k12.tr\/anaokulu\/wp-content\/uploads\/sites\/3\/2018\/02\/sajev_anaokulu_fransizca_1-200x124.jpg 200w, https:\/\/kp.k12.tr\/anaokulu\/wp-content\/uploads\/sites\/3\/2018\/02\/sajev_anaokulu_fransizca_1-300x186.jpg 300w, https:\/\/kp.k12.tr\/anaokulu\/wp-content\/uploads\/sites\/3\/2018\/02\/sajev_anaokulu_fransizca_1-400x248.jpg 400w, https:\/\/kp.k12.tr\/anaokulu\/wp-content\/uploads\/sites\/3\/2018\/02\/sajev_anaokulu_fransizca_1-600x372.jpg 600w, https:\/\/kp.k12.tr\/anaokulu\/wp-content\/uploads\/sites\/3\/2018\/02\/sajev_anaokulu_fransizca_1.jpg 684w\" data-sizes=\"auto\" \/><\/div><\/div><\/div><\/div><div class=\"awb-swiper-button awb-swiper-button-prev\"><i class=\"awb-icon-angle-left\" aria-hidden=\"true\"><\/i><\/div><div class=\"awb-swiper-button awb-swiper-button-next\"><i class=\"awb-icon-angle-right\" aria-hidden=\"true\"><\/i><\/div><\/div><\/div><\/div><\/div><div class=\"fusion-layout-column fusion_builder_column_inner fusion-builder-nested-column-5 fusion_builder_column_inner_1_6 1_6 fusion-flex-column\" style=\"--awb-bg-size:cover;--awb-width-large:16.666666666667%;--awb-margin-top-large:0px;--awb-spacing-right-large:0px;--awb-margin-bottom-large:20px;--awb-spacing-left-large:0px;--awb-width-medium:100%;--awb-spacing-right-medium:0px;--awb-spacing-left-medium:0px;--awb-width-small:100%;--awb-spacing-right-small:0px;--awb-spacing-left-small:0px;\"><div class=\"fusion-column-wrapper fusion-flex-justify-content-flex-start fusion-content-layout-column\"><\/div><\/div><div class=\"fusion-layout-column fusion_builder_column_inner fusion-builder-nested-column-6 fusion_builder_column_inner_1_5 1_5 fusion-flex-column\" style=\"--awb-bg-size:cover;--awb-width-large:20%;--awb-margin-top-large:0px;--awb-spacing-right-large:0px;--awb-margin-bottom-large:20px;--awb-spacing-left-large:0px;--awb-width-medium:100%;--awb-spacing-right-medium:0px;--awb-spacing-left-medium:0px;--awb-width-small:100%;--awb-spacing-right-small:0px;--awb-spacing-left-small:0px;\"><div class=\"fusion-column-wrapper fusion-flex-justify-content-flex-start fusion-content-layout-column\"><\/div><\/div><div class=\"fusion-layout-column fusion_builder_column_inner fusion-builder-nested-column-7 fusion_builder_column_inner_3_5 3_5 fusion-flex-column\" style=\"--awb-bg-size:cover;--awb-width-large:60%;--awb-margin-top-large:0px;--awb-spacing-right-large:0px;--awb-margin-bottom-large:20px;--awb-spacing-left-large:0px;--awb-width-medium:100%;--awb-spacing-right-medium:0px;--awb-spacing-left-medium:0px;--awb-width-small:100%;--awb-spacing-right-small:0px;--awb-spacing-left-small:0px;\"><div class=\"fusion-column-wrapper fusion-flex-justify-content-flex-start fusion-content-layout-column\"><div class=\"fusion-text fusion-text-1\"><p>Anaokulumuzda Frans\u0131zca dil \u00f6\u011fretimi temel e\u011fitim program\u0131 ile e\u015fg\u00fcd\u00fcml\u00fc olarak y\u00fcr\u00fct\u00fcl\u00fcr. Her \u00e7ocu\u011fun kendine \u00f6zg\u00fc \u00f6\u011frenme \u00f6zellikleri g\u00f6z \u00f6n\u00fcne al\u0131narak \u00e7ocuklar\u0131n ya\u015f gruplar\u0131na uygun oyun ve etkinlikler planlan\u0131r. Anaokulumuzdaki Frans\u0131zca e\u011fitimi, \u00f6\u011frencilerimize konu\u015ftu\u011fu dilin d\u0131\u015f\u0131nda bir dili kullanarak ileti\u015fim kurma becerisini kazand\u0131rmay\u0131 ve k\u00fc\u00e7\u00fck ya\u015ftan itibaren Frans\u0131zcay\u0131 sevdirmeyi hedefler. Frans\u0131zca \u00f6\u011frenme s\u00fcreci \u00f6ncelikle dinleme becerisini geli\u015ftirme ile ba\u015flar ve sonras\u0131nda konu\u015fmay\u0131 olu\u015fturacak temel becerilere kapsaml\u0131 bir zemin haz\u0131rlanmas\u0131 ile devam eder. \u00a0Bu s\u00fcre\u00e7te gelecek y\u0131llarda g\u00f6rece\u011fi Frans\u0131zca \u00f6\u011frenimin alt yap\u0131s\u0131 da olu\u015fturulmu\u015f olur. \u00c7ocuklar Frans\u0131zcay\u0131 ya\u015fayarak ve e\u011flenerek \u00f6\u011frenirler. Dil geli\u015ftirme program\u0131 kapsam\u0131nda, g\u00fcnl\u00fck ak\u0131\u015f\u0131m\u0131zda \u201cFrans\u0131zca konu\u015fma etkinlikleri\u201d (Conversation), \u201cFrans\u0131zca kelime bilgisi\u201d (Vocabulaire), \u201cFrans\u0131zca ses fark\u0131ndal\u0131\u011f\u0131\u201d (Conscience Phonologique) gibi \u00f6zel zaman dilimleri bulunur.<\/p>\n<\/div><\/div><\/div><div class=\"fusion-layout-column fusion_builder_column_inner fusion-builder-nested-column-8 fusion_builder_column_inner_1_5 1_5 fusion-flex-column\" style=\"--awb-bg-size:cover;--awb-width-large:20%;--awb-margin-top-large:0px;--awb-spacing-right-large:0px;--awb-margin-bottom-large:20px;--awb-spacing-left-large:0px;--awb-width-medium:100%;--awb-spacing-right-medium:0px;--awb-spacing-left-medium:0px;--awb-width-small:100%;--awb-spacing-right-small:0px;--awb-spacing-left-small:0px;\"><div class=\"fusion-column-wrapper fusion-flex-justify-content-flex-start fusion-content-layout-column\"><\/div><\/div><\/div><\/div><\/div><\/div><\/div>\n","protected":false},"excerpt":{"rendered":"","protected":false},"author":6,"featured_media":0,"parent":12,"menu_order":21,"comment_status":"closed","ping_status":"closed","template":"100-width.php","meta":{"_view_id":"","footnotes":""},"class_list":["post-966","page","type-page","status-publish","hentry"],"jetpack_sharing_enabled":true,"_links":{"self":[{"href":"https:\/\/kp.k12.tr\/anaokulu\/wp-json\/wp\/v2\/pages\/966","targetHints":{"allow":["GET"]}}],"collection":[{"href":"https:\/\/kp.k12.tr\/anaokulu\/wp-json\/wp\/v2\/pages"}],"about":[{"href":"https:\/\/kp.k12.tr\/anaokulu\/wp-json\/wp\/v2\/types\/page"}],"author":[{"embeddable":true,"href":"https:\/\/kp.k12.tr\/anaokulu\/wp-json\/wp\/v2\/users\/6"}],"replies":[{"embeddable":true,"href":"https:\/\/kp.k12.tr\/anaokulu\/wp-json\/wp\/v2\/comments?post=966"}],"version-history":[{"count":0,"href":"https:\/\/kp.k12.tr\/anaokulu\/wp-json\/wp\/v2\/pages\/966\/revisions"}],"up":[{"embeddable":true,"href":"https:\/\/kp.k12.tr\/anaokulu\/wp-json\/wp\/v2\/pages\/12"}],"wp:attachment":[{"href":"https:\/\/kp.k12.tr\/anaokulu\/wp-json\/wp\/v2\/media?parent=966"}],"curies":[{"name":"wp","href":"https:\/\/api.w.org\/{rel}","templated":true}]}}