{"id":45,"date":"2018-01-18T08:19:26","date_gmt":"2018-01-18T08:19:26","guid":{"rendered":"http:\/\/kp.k12.tr\/anaokulu\/egitim\/egitim-teknolojileri\/"},"modified":"2025-03-14T12:15:06","modified_gmt":"2025-03-14T09:15:06","slug":"egitim-teknolojileri","status":"publish","type":"page","link":"https:\/\/kp.k12.tr\/anaokulu\/egitim\/egitim-teknolojileri\/","title":{"rendered":"E\u011fitim Teknolojileri"},"content":{"rendered":"<div class=\"fusion-fullwidth fullwidth-box fusion-builder-row-1 fusion-flex-container fusion-parallax-fixed nonhundred-percent-fullwidth non-hundred-percent-height-scrolling lazyload\" style=\"--awb-border-radius-top-left:0px;--awb-border-radius-top-right:0px;--awb-border-radius-bottom-right:0px;--awb-border-radius-bottom-left:0px;--awb-padding-bottom:120px;--awb-background-color:#fafafa;--awb-background-size:cover;--awb-flex-wrap:wrap;background-attachment:fixed;\" data-bg=\"http:\/\/kp.k12.tr\/anaokulu\/wp-content\/uploads\/sites\/3\/2018\/02\/sajev_anaokulu_arkaplan_kucukprensvetilki.jpg\" ><div class=\"fusion-builder-row fusion-row fusion-flex-align-items-flex-start fusion-flex-content-wrap\" style=\"max-width:calc( 1100px + 0px );margin-left: calc(-0px \/ 2 );margin-right: calc(-0px \/ 2 );\"><div class=\"fusion-layout-column fusion_builder_column fusion-builder-column-0 fusion_builder_column_1_1 1_1 fusion-flex-column card-1\" style=\"--awb-padding-top:5%;--awb-padding-right:5%;--awb-padding-left:5%;--awb-bg-color:rgba(255,255,255,0.87);--awb-bg-color-hover:rgba(255,255,255,0.87);--awb-bg-size:cover;--awb-width-large:100%;--awb-margin-top-large:300px;--awb-spacing-right-large:0px;--awb-margin-bottom-large:20px;--awb-spacing-left-large:0px;--awb-width-medium:100%;--awb-spacing-right-medium:0px;--awb-spacing-left-medium:0px;--awb-width-small:100%;--awb-spacing-right-small:0px;--awb-spacing-left-small:0px;\"><div class=\"fusion-column-wrapper fusion-flex-justify-content-flex-start fusion-content-layout-column\"><div class=\"fusion-builder-row fusion-builder-row-inner fusion-row fusion-flex-align-items-flex-start fusion-flex-content-wrap\" style=\"--awb-flex-grow:0;--awb-flex-grow-medium:0;--awb-flex-grow-small:0;--awb-flex-shrink:0;--awb-flex-shrink-medium:0;--awb-flex-shrink-small:0;width:calc( 100% + 0px ) !important;max-width:calc( 100% + 0px ) !important;margin-left: calc(-0px \/ 2 );margin-right: calc(-0px \/ 2 );\"><div class=\"fusion-layout-column fusion_builder_column_inner fusion-builder-nested-column-0 fusion_builder_column_inner_1_5 1_5 fusion-flex-column\" style=\"--awb-bg-size:cover;--awb-width-large:20%;--awb-margin-top-large:0px;--awb-spacing-right-large:0px;--awb-margin-bottom-large:20px;--awb-spacing-left-large:0px;--awb-width-medium:100%;--awb-spacing-right-medium:0px;--awb-spacing-left-medium:0px;--awb-width-small:100%;--awb-spacing-right-small:0px;--awb-spacing-left-small:0px;\"><div class=\"fusion-column-wrapper fusion-flex-justify-content-flex-start fusion-content-layout-column\"><\/div><\/div><div class=\"fusion-layout-column fusion_builder_column_inner fusion-builder-nested-column-1 fusion_builder_column_inner_3_5 3_5 fusion-flex-column\" style=\"--awb-bg-size:cover;--awb-width-large:60%;--awb-margin-top-large:0px;--awb-spacing-right-large:0px;--awb-margin-bottom-large:20px;--awb-spacing-left-large:0px;--awb-width-medium:100%;--awb-spacing-right-medium:0px;--awb-spacing-left-medium:0px;--awb-width-small:100%;--awb-spacing-right-small:0px;--awb-spacing-left-small:0px;\"><div class=\"fusion-column-wrapper fusion-flex-justify-content-flex-start fusion-content-layout-column\"><div class=\"fusion-title title fusion-title-1 fusion-sep-none fusion-title-text fusion-title-size-one\" style=\"--awb-margin-top-small:10px;--awb-margin-right-small:0px;--awb-margin-bottom-small:10px;--awb-margin-left-small:0px;\"><h1 class=\"fusion-title-heading title-heading-left fusion-responsive-typography-calculated\" style=\"margin:0;--fontSize:30;line-height:1.4;\">E\u011fitim Teknolojileri<\/h1><\/div><\/div><\/div><div class=\"fusion-layout-column fusion_builder_column_inner fusion-builder-nested-column-2 fusion_builder_column_inner_1_5 1_5 fusion-flex-column\" style=\"--awb-bg-size:cover;--awb-width-large:20%;--awb-margin-top-large:0px;--awb-spacing-right-large:0px;--awb-margin-bottom-large:20px;--awb-spacing-left-large:0px;--awb-width-medium:100%;--awb-spacing-right-medium:0px;--awb-spacing-left-medium:0px;--awb-width-small:100%;--awb-spacing-right-small:0px;--awb-spacing-left-small:0px;\"><div class=\"fusion-column-wrapper fusion-flex-justify-content-flex-start fusion-content-layout-column\"><\/div><\/div><div class=\"fusion-layout-column fusion_builder_column_inner fusion-builder-nested-column-3 fusion_builder_column_inner_1_5 1_5 fusion-flex-column\" style=\"--awb-bg-size:cover;--awb-width-large:20%;--awb-margin-top-large:0px;--awb-spacing-right-large:0px;--awb-margin-bottom-large:20px;--awb-spacing-left-large:0px;--awb-width-medium:100%;--awb-spacing-right-medium:0px;--awb-spacing-left-medium:0px;--awb-width-small:100%;--awb-spacing-right-small:0px;--awb-spacing-left-small:0px;\"><div class=\"fusion-column-wrapper fusion-flex-justify-content-flex-start fusion-content-layout-column\"><\/div><\/div><div class=\"fusion-layout-column fusion_builder_column_inner fusion-builder-nested-column-4 fusion_builder_column_inner_3_5 3_5 fusion-flex-column\" style=\"--awb-bg-size:cover;--awb-width-large:60%;--awb-margin-top-large:0px;--awb-spacing-right-large:0px;--awb-margin-bottom-large:20px;--awb-spacing-left-large:0px;--awb-width-medium:100%;--awb-spacing-right-medium:0px;--awb-spacing-left-medium:0px;--awb-width-small:100%;--awb-spacing-right-small:0px;--awb-spacing-left-small:0px;\"><div class=\"fusion-column-wrapper fusion-flex-justify-content-flex-start fusion-content-layout-column\"><div class=\"fusion-image-element \" style=\"--awb-caption-title-font-family:var(--h2_typography-font-family);--awb-caption-title-font-weight:var(--h2_typography-font-weight);--awb-caption-title-font-style:var(--h2_typography-font-style);--awb-caption-title-size:var(--h2_typography-font-size);--awb-caption-title-transform:var(--h2_typography-text-transform);--awb-caption-title-line-height:var(--h2_typography-line-height);--awb-caption-title-letter-spacing:var(--h2_typography-letter-spacing);\"><span class=\" fusion-imageframe imageframe-none imageframe-1 hover-type-none\"><img decoding=\"async\" width=\"684\" height=\"424\" title=\"egitim_teknolojileri\" src=\"https:\/\/kp.k12.tr\/anaokulu\/wp-content\/uploads\/sites\/3\/2018\/04\/egitim_teknolojileri.jpg\" data-orig-src=\"http:\/\/kp.k12.tr\/anaokulu\/wp-content\/uploads\/sites\/3\/2018\/04\/egitim_teknolojileri.jpg\" alt class=\"lazyload img-responsive wp-image-2211\" srcset=\"data:image\/svg+xml,%3Csvg%20xmlns%3D%27http%3A%2F%2Fwww.w3.org%2F2000%2Fsvg%27%20width%3D%27684%27%20height%3D%27424%27%20viewBox%3D%270%200%20684%20424%27%3E%3Crect%20width%3D%27684%27%20height%3D%27424%27%20fill-opacity%3D%220%22%2F%3E%3C%2Fsvg%3E\" data-srcset=\"https:\/\/kp.k12.tr\/anaokulu\/wp-content\/uploads\/sites\/3\/2018\/04\/egitim_teknolojileri-200x124.jpg 200w, https:\/\/kp.k12.tr\/anaokulu\/wp-content\/uploads\/sites\/3\/2018\/04\/egitim_teknolojileri-400x248.jpg 400w, https:\/\/kp.k12.tr\/anaokulu\/wp-content\/uploads\/sites\/3\/2018\/04\/egitim_teknolojileri-600x372.jpg 600w, https:\/\/kp.k12.tr\/anaokulu\/wp-content\/uploads\/sites\/3\/2018\/04\/egitim_teknolojileri.jpg 684w\" data-sizes=\"auto\" data-orig-sizes=\"(max-width: 1024px) 100vw, (max-width: 640px) 100vw, 684px\" \/><\/span><\/div><\/div><\/div><div class=\"fusion-layout-column fusion_builder_column_inner fusion-builder-nested-column-5 fusion_builder_column_inner_1_5 1_5 fusion-flex-column\" style=\"--awb-bg-size:cover;--awb-width-large:20%;--awb-margin-top-large:0px;--awb-spacing-right-large:0px;--awb-margin-bottom-large:20px;--awb-spacing-left-large:0px;--awb-width-medium:100%;--awb-spacing-right-medium:0px;--awb-spacing-left-medium:0px;--awb-width-small:100%;--awb-spacing-right-small:0px;--awb-spacing-left-small:0px;\"><div class=\"fusion-column-wrapper fusion-flex-justify-content-flex-start fusion-content-layout-column\"><\/div><\/div><div class=\"fusion-layout-column fusion_builder_column_inner fusion-builder-nested-column-6 fusion_builder_column_inner_1_5 1_5 fusion-flex-column\" style=\"--awb-bg-size:cover;--awb-width-large:20%;--awb-margin-top-large:0px;--awb-spacing-right-large:0px;--awb-margin-bottom-large:20px;--awb-spacing-left-large:0px;--awb-width-medium:100%;--awb-spacing-right-medium:0px;--awb-spacing-left-medium:0px;--awb-width-small:100%;--awb-spacing-right-small:0px;--awb-spacing-left-small:0px;\"><div class=\"fusion-column-wrapper fusion-flex-justify-content-flex-start fusion-content-layout-column\"><\/div><\/div><div class=\"fusion-layout-column fusion_builder_column_inner fusion-builder-nested-column-7 fusion_builder_column_inner_3_5 3_5 fusion-flex-column\" style=\"--awb-bg-size:cover;--awb-width-large:60%;--awb-margin-top-large:0px;--awb-spacing-right-large:0px;--awb-margin-bottom-large:20px;--awb-spacing-left-large:0px;--awb-width-medium:100%;--awb-spacing-right-medium:0px;--awb-spacing-left-medium:0px;--awb-width-small:100%;--awb-spacing-right-small:0px;--awb-spacing-left-small:0px;\"><div class=\"fusion-column-wrapper fusion-flex-justify-content-flex-start fusion-content-layout-column\"><div class=\"fusion-text fusion-text-1\"><p>E\u011fitim Teknolojileri B\u00f6l\u00fcm\u00fc olarak amac\u0131m\u0131z \u00f6\u011frenci ve \u00f6\u011fretmenlerimizin, i\u00e7inde bulundu\u011fumuz y\u00fczy\u0131l\u0131n \u00f6nemli yetkinlikleri aras\u0131nda yer alan Bilgi ve Teknoloji Okuryazarl\u0131\u011f\u0131 becerilerinin geli\u015fimini sa\u011flamak ve anaokulundan lise sonuna kadar t\u00fcm kademelerde teknolojinin \u00f6\u011frenme ortamlar\u0131n\u0131 zenginle\u015ftirici ve \u00f6\u011frencilerin aktif \u00f6\u011frenme s\u00fcre\u00e7lerini g\u00fc\u00e7lendirici bir ara\u00e7 olarak m\u00fcfredata entegrasyonunu ger\u00e7ekle\u015ftirmek i\u00e7in \u00f6\u011fretmenlerimize liderlik etmektir. Bu ama\u00e7lar do\u011frultusunda s\u00fcrekli iyile\u015ftirme ad\u0131na e\u011fitim teknolojilerinde yeni y\u00f6ntem ve yakla\u015f\u0131mlar takip edilerek, ara\u015ft\u0131rma ve geli\u015ftirme \u00e7al\u0131\u015fmalar\u0131 y\u00fcr\u00fct\u00fclmektedir.<\/p>\n<p>K\u00fc\u00e7\u00fck ya\u015f grubu \u00f6\u011frencilerinin ihtiya\u00e7lar\u0131 ve ders etkinlikleri dikkate al\u0131narak, teknoloji uygulamalar\u0131, kullan\u0131lacak materyaller ve uygulama planlar\u0131 E\u011fitim Teknoloji b\u00f6l\u00fcm\u00fc ve anaokulu \u00f6\u011fretmen ve y\u00f6neticileriyle birlikte olu\u015fturulur ve uygulan\u0131r. S\u0131n\u0131flar\u0131m\u0131zdaki ak\u0131ll\u0131 tahta, ak\u0131ll\u0131 masa ile etkile\u015fimli oyun, video ve di\u011fer \u00e7oklu ortam \u00f6\u011feleri, \u00f6\u011frenmeyi zenginle\u015ftirici ve onlar\u0131 aktif k\u0131lacak birer ara\u00e7 olarak kullan\u0131lmaktad\u0131r.<\/p>\n<p>S\u0131n\u0131flar\u0131m\u0131zda kavramlar\u0131 g\u00f6rselle\u015ftirmek ve \u00e7ocuklar\u0131m\u0131z\u0131n daha kolay ve kal\u0131c\u0131 \u00f6\u011frenmelerini sa\u011flamak i\u00e7in T\u00fcrk\u00e7e, Frans\u0131zca ve bran\u015f derslerinde e\u011fitim teknolojilerinden etkin bir bi\u00e7imde faydalanmaktad\u0131r.<\/p>\n<p><strong>Kodlama \u00c7al\u0131\u015fmalar\u0131<\/strong><\/p>\n<p>Yeni y\u00fczy\u0131l\u0131n yabanc\u0131 dili olarak tan\u0131mlanan kodlama, okul \u00f6ncesi d\u00f6nemden ba\u015flayarak \u00e7ocuklar\u0131n d\u00fc\u015f\u00fcnme, neden sonu\u00e7 ili\u015fkisi kurma gibi \u00fcst d\u00fczey d\u00fc\u015f\u00fcnme becerilerini geli\u015ftirici bir ara\u00e7 olarak kullan\u0131lmaya ba\u015flanm\u0131\u015ft\u0131r. Bu konuda \u00f6zellikle son iki y\u0131lda h\u0131zla artan tablet uygulamalar\u0131 ve web tabanl\u0131 g\u00f6rsel programlama ara\u00e7lar\u0131, \u00f6\u011frencilerin e\u011flenceli bulmacalar \u00e7\u00f6zerken kod yap\u0131lar\u0131n\u0131 da tan\u0131malar\u0131na imkan sa\u011flar.<\/p>\n<p>Anaokulumuzda b\u00fcy\u00fck grup \u00f6\u011frencilerimizle 2018 y\u0131l\u0131ndan ba\u015flayarak belirli aral\u0131klarla kodlama etkinlikleri yap\u0131lmaktad\u0131r. Komutlar, s\u0131ralama, basit ko\u015fullar ve karar yap\u0131lar\u0131, d\u00f6ng\u00fcler ve algoritma konular\u0131n\u0131n sene sonuna kadar ele al\u0131naca\u011f\u0131 oturumlarda bilgisayars\u0131z uygulamalar ile ak\u0131ll\u0131 masa, bilgisayar, tablet ve basit d\u00fczeyde robotik setler kullan\u0131lacakt\u0131r.<\/p>\n<\/div><\/div><\/div><div class=\"fusion-layout-column fusion_builder_column_inner fusion-builder-nested-column-8 fusion_builder_column_inner_1_5 1_5 fusion-flex-column\" style=\"--awb-bg-size:cover;--awb-width-large:20%;--awb-margin-top-large:0px;--awb-spacing-right-large:0px;--awb-margin-bottom-large:20px;--awb-spacing-left-large:0px;--awb-width-medium:100%;--awb-spacing-right-medium:0px;--awb-spacing-left-medium:0px;--awb-width-small:100%;--awb-spacing-right-small:0px;--awb-spacing-left-small:0px;\"><div class=\"fusion-column-wrapper fusion-flex-justify-content-flex-start fusion-content-layout-column\"><\/div><\/div><\/div><\/div><\/div><\/div><\/div>\n","protected":false},"excerpt":{"rendered":"","protected":false},"author":6,"featured_media":0,"parent":9,"menu_order":41,"comment_status":"closed","ping_status":"closed","template":"100-width.php","meta":{"_view_id":"","footnotes":""},"class_list":["post-45","page","type-page","status-publish","hentry"],"jetpack_sharing_enabled":true,"_links":{"self":[{"href":"https:\/\/kp.k12.tr\/anaokulu\/wp-json\/wp\/v2\/pages\/45","targetHints":{"allow":["GET"]}}],"collection":[{"href":"https:\/\/kp.k12.tr\/anaokulu\/wp-json\/wp\/v2\/pages"}],"about":[{"href":"https:\/\/kp.k12.tr\/anaokulu\/wp-json\/wp\/v2\/types\/page"}],"author":[{"embeddable":true,"href":"https:\/\/kp.k12.tr\/anaokulu\/wp-json\/wp\/v2\/users\/6"}],"replies":[{"embeddable":true,"href":"https:\/\/kp.k12.tr\/anaokulu\/wp-json\/wp\/v2\/comments?post=45"}],"version-history":[{"count":0,"href":"https:\/\/kp.k12.tr\/anaokulu\/wp-json\/wp\/v2\/pages\/45\/revisions"}],"up":[{"embeddable":true,"href":"https:\/\/kp.k12.tr\/anaokulu\/wp-json\/wp\/v2\/pages\/9"}],"wp:attachment":[{"href":"https:\/\/kp.k12.tr\/anaokulu\/wp-json\/wp\/v2\/media?parent=45"}],"curies":[{"name":"wp","href":"https:\/\/api.w.org\/{rel}","templated":true}]}}