{"id":2443,"date":"2018-10-17T09:43:03","date_gmt":"2018-10-17T06:43:03","guid":{"rendered":"http:\/\/kp.k12.tr\/anaokulu\/?page_id=2443"},"modified":"2025-03-14T12:09:08","modified_gmt":"2025-03-14T09:09:08","slug":"egitim-programi","status":"publish","type":"page","link":"https:\/\/kp.k12.tr\/anaokulu\/egitim\/akademik-bolumler\/egitim-programi\/","title":{"rendered":"E\u011fitim Program\u0131"},"content":{"rendered":"<div class=\"fusion-fullwidth fullwidth-box fusion-builder-row-1 fusion-flex-container fusion-parallax-fixed nonhundred-percent-fullwidth non-hundred-percent-height-scrolling lazyload\" style=\"--awb-border-radius-top-left:0px;--awb-border-radius-top-right:0px;--awb-border-radius-bottom-right:0px;--awb-border-radius-bottom-left:0px;--awb-padding-bottom:120px;--awb-background-color:#fafafa;--awb-background-size:cover;--awb-flex-wrap:wrap;background-attachment:fixed;\" data-bg=\"http:\/\/kp.k12.tr\/anaokulu\/wp-content\/uploads\/sites\/3\/2018\/02\/sajev_anaokulu_arkaplan_kucukprensvetilki.jpg\" ><div class=\"fusion-builder-row fusion-row fusion-flex-align-items-flex-start fusion-flex-content-wrap\" style=\"max-width:calc( 1100px + 0px );margin-left: calc(-0px \/ 2 );margin-right: calc(-0px \/ 2 );\"><div class=\"fusion-layout-column fusion_builder_column fusion-builder-column-0 fusion_builder_column_1_1 1_1 fusion-flex-column card-1\" style=\"--awb-padding-top:5%;--awb-padding-right:5%;--awb-padding-left:5%;--awb-bg-color:rgba(255,255,255,0.87);--awb-bg-color-hover:rgba(255,255,255,0.87);--awb-bg-size:cover;--awb-width-large:100%;--awb-margin-top-large:300px;--awb-spacing-right-large:0px;--awb-margin-bottom-large:20px;--awb-spacing-left-large:0px;--awb-width-medium:100%;--awb-spacing-right-medium:0px;--awb-spacing-left-medium:0px;--awb-width-small:100%;--awb-spacing-right-small:0px;--awb-spacing-left-small:0px;\"><div class=\"fusion-column-wrapper fusion-flex-justify-content-flex-start fusion-content-layout-column\"><div class=\"fusion-builder-row fusion-builder-row-inner fusion-row fusion-flex-align-items-flex-start fusion-flex-content-wrap\" style=\"--awb-flex-grow:0;--awb-flex-grow-medium:0;--awb-flex-grow-small:0;--awb-flex-shrink:0;--awb-flex-shrink-medium:0;--awb-flex-shrink-small:0;width:calc( 100% + 0px ) !important;max-width:calc( 100% + 0px ) !important;margin-left: calc(-0px \/ 2 );margin-right: calc(-0px \/ 2 );\"><div class=\"fusion-layout-column fusion_builder_column_inner fusion-builder-nested-column-0 fusion_builder_column_inner_1_5 1_5 fusion-flex-column\" style=\"--awb-bg-size:cover;--awb-width-large:20%;--awb-margin-top-large:0px;--awb-spacing-right-large:0px;--awb-margin-bottom-large:20px;--awb-spacing-left-large:0px;--awb-width-medium:100%;--awb-spacing-right-medium:0px;--awb-spacing-left-medium:0px;--awb-width-small:100%;--awb-spacing-right-small:0px;--awb-spacing-left-small:0px;\"><div class=\"fusion-column-wrapper fusion-flex-justify-content-flex-start fusion-content-layout-column\"><\/div><\/div><div class=\"fusion-layout-column fusion_builder_column_inner fusion-builder-nested-column-1 fusion_builder_column_inner_3_5 3_5 fusion-flex-column\" style=\"--awb-bg-size:cover;--awb-width-large:60%;--awb-margin-top-large:0px;--awb-spacing-right-large:0px;--awb-margin-bottom-large:20px;--awb-spacing-left-large:0px;--awb-width-medium:100%;--awb-spacing-right-medium:0px;--awb-spacing-left-medium:0px;--awb-width-small:100%;--awb-spacing-right-small:0px;--awb-spacing-left-small:0px;\"><div class=\"fusion-column-wrapper fusion-flex-justify-content-flex-start fusion-content-layout-column\"><div class=\"fusion-title title fusion-title-1 fusion-sep-none fusion-title-text fusion-title-size-one\" style=\"--awb-margin-top-small:10px;--awb-margin-right-small:0px;--awb-margin-bottom-small:10px;--awb-margin-left-small:0px;\"><h1 class=\"fusion-title-heading title-heading-left fusion-responsive-typography-calculated\" style=\"margin:0;--fontSize:30;line-height:1.4;\">E\u011fitim Program\u0131<\/h1><\/div><\/div><\/div><div class=\"fusion-layout-column fusion_builder_column_inner fusion-builder-nested-column-2 fusion_builder_column_inner_1_5 1_5 fusion-flex-column\" style=\"--awb-bg-size:cover;--awb-width-large:20%;--awb-margin-top-large:0px;--awb-spacing-right-large:0px;--awb-margin-bottom-large:20px;--awb-spacing-left-large:0px;--awb-width-medium:100%;--awb-spacing-right-medium:0px;--awb-spacing-left-medium:0px;--awb-width-small:100%;--awb-spacing-right-small:0px;--awb-spacing-left-small:0px;\"><div class=\"fusion-column-wrapper fusion-flex-justify-content-flex-start fusion-content-layout-column\"><\/div><\/div><div class=\"fusion-layout-column fusion_builder_column_inner fusion-builder-nested-column-3 fusion_builder_column_inner_1_6 1_6 fusion-flex-column\" style=\"--awb-bg-size:cover;--awb-width-large:16.666666666667%;--awb-margin-top-large:0px;--awb-spacing-right-large:0px;--awb-margin-bottom-large:20px;--awb-spacing-left-large:0px;--awb-width-medium:100%;--awb-spacing-right-medium:0px;--awb-spacing-left-medium:0px;--awb-width-small:100%;--awb-spacing-right-small:0px;--awb-spacing-left-small:0px;\"><div class=\"fusion-column-wrapper fusion-flex-justify-content-flex-start fusion-content-layout-column\"><\/div><\/div><div class=\"fusion-layout-column fusion_builder_column_inner fusion-builder-nested-column-4 fusion_builder_column_inner_2_3 2_3 fusion-flex-column\" style=\"--awb-bg-size:cover;--awb-width-large:66.666666666667%;--awb-margin-top-large:0px;--awb-spacing-right-large:0px;--awb-margin-bottom-large:20px;--awb-spacing-left-large:0px;--awb-width-medium:100%;--awb-spacing-right-medium:0px;--awb-spacing-left-medium:0px;--awb-width-small:100%;--awb-spacing-right-small:0px;--awb-spacing-left-small:0px;\"><div class=\"fusion-column-wrapper fusion-flex-justify-content-flex-start fusion-content-layout-column\"><div class=\"fusion-image-carousel fusion-image-carousel-auto fusion-image-carousel-1\"><div class=\"awb-carousel awb-swiper awb-swiper-carousel awb-carousel--carousel awb-swiper-dots-position-bottom\" data-layout=\"carousel\" data-autoplay=\"no\" data-autoplayspeed=\"2500\" data-autoplaypause=\"no\" data-loop=\"yes\" data-columns=\"1\" data-columnsmedium=\"1\" data-columnssmall=\"1\" data-itemmargin=\"3\" data-itemwidth=\"180\" data-touchscroll=\"no\" data-freemode=\"no\" data-imagesize=\"auto\" data-scrollitems=\"0\" data-centeredslides=\"no\" data-rotationangle=\"50\" data-depth=\"100\" data-speed=\"500\" data-shadow=\"no\" data-pagination=\"bullets\" style=\"--awb-columns:1;--awb-column-spacing:3px;\"><div class=\"swiper-wrapper awb-image-carousel-wrapper fusion-flex-align-items-center\"><div class=\"swiper-slide\"><div class=\"fusion-carousel-item-wrapper\"><div class=\"fusion-image-wrapper hover-type-none\"><img decoding=\"async\" width=\"684\" height=\"424\" src=\"https:\/\/kp.k12.tr\/anaokulu\/wp-content\/uploads\/sites\/3\/2018\/02\/sajev_anaokulu_akademik_bolumler_1.jpg\" class=\"attachment-full size-full lazyload\" alt=\"\" srcset=\"data:image\/svg+xml,%3Csvg%20xmlns%3D%27http%3A%2F%2Fwww.w3.org%2F2000%2Fsvg%27%20width%3D%27684%27%20height%3D%27424%27%20viewBox%3D%270%200%20684%20424%27%3E%3Crect%20width%3D%27684%27%20height%3D%27424%27%20fill-opacity%3D%220%22%2F%3E%3C%2Fsvg%3E\" data-orig-src=\"https:\/\/kp.k12.tr\/anaokulu\/wp-content\/uploads\/sites\/3\/2018\/02\/sajev_anaokulu_akademik_bolumler_1.jpg\" data-srcset=\"https:\/\/kp.k12.tr\/anaokulu\/wp-content\/uploads\/sites\/3\/2018\/02\/sajev_anaokulu_akademik_bolumler_1-200x124.jpg 200w, https:\/\/kp.k12.tr\/anaokulu\/wp-content\/uploads\/sites\/3\/2018\/02\/sajev_anaokulu_akademik_bolumler_1-300x186.jpg 300w, https:\/\/kp.k12.tr\/anaokulu\/wp-content\/uploads\/sites\/3\/2018\/02\/sajev_anaokulu_akademik_bolumler_1-400x248.jpg 400w, https:\/\/kp.k12.tr\/anaokulu\/wp-content\/uploads\/sites\/3\/2018\/02\/sajev_anaokulu_akademik_bolumler_1-600x372.jpg 600w, https:\/\/kp.k12.tr\/anaokulu\/wp-content\/uploads\/sites\/3\/2018\/02\/sajev_anaokulu_akademik_bolumler_1.jpg 684w\" data-sizes=\"auto\" \/><\/div><\/div><\/div><div class=\"swiper-slide\"><div class=\"fusion-carousel-item-wrapper\"><div class=\"fusion-image-wrapper hover-type-none\"><img decoding=\"async\" width=\"684\" height=\"424\" src=\"https:\/\/kp.k12.tr\/anaokulu\/wp-content\/uploads\/sites\/3\/2018\/02\/sajev_anaokulu_akademik_bolumler_2.jpg\" class=\"attachment-full size-full lazyload\" alt=\"\" srcset=\"data:image\/svg+xml,%3Csvg%20xmlns%3D%27http%3A%2F%2Fwww.w3.org%2F2000%2Fsvg%27%20width%3D%27684%27%20height%3D%27424%27%20viewBox%3D%270%200%20684%20424%27%3E%3Crect%20width%3D%27684%27%20height%3D%27424%27%20fill-opacity%3D%220%22%2F%3E%3C%2Fsvg%3E\" data-orig-src=\"https:\/\/kp.k12.tr\/anaokulu\/wp-content\/uploads\/sites\/3\/2018\/02\/sajev_anaokulu_akademik_bolumler_2.jpg\" data-srcset=\"https:\/\/kp.k12.tr\/anaokulu\/wp-content\/uploads\/sites\/3\/2018\/02\/sajev_anaokulu_akademik_bolumler_2-200x124.jpg 200w, https:\/\/kp.k12.tr\/anaokulu\/wp-content\/uploads\/sites\/3\/2018\/02\/sajev_anaokulu_akademik_bolumler_2-300x186.jpg 300w, https:\/\/kp.k12.tr\/anaokulu\/wp-content\/uploads\/sites\/3\/2018\/02\/sajev_anaokulu_akademik_bolumler_2-400x248.jpg 400w, https:\/\/kp.k12.tr\/anaokulu\/wp-content\/uploads\/sites\/3\/2018\/02\/sajev_anaokulu_akademik_bolumler_2-600x372.jpg 600w, https:\/\/kp.k12.tr\/anaokulu\/wp-content\/uploads\/sites\/3\/2018\/02\/sajev_anaokulu_akademik_bolumler_2.jpg 684w\" data-sizes=\"auto\" \/><\/div><\/div><\/div><div class=\"swiper-slide\"><div class=\"fusion-carousel-item-wrapper\"><div class=\"fusion-image-wrapper hover-type-none\"><img decoding=\"async\" width=\"684\" height=\"424\" src=\"https:\/\/kp.k12.tr\/anaokulu\/wp-content\/uploads\/sites\/3\/2018\/02\/sajev_anaokulu_akademik_bolumler_3.jpg\" class=\"attachment-full size-full lazyload\" alt=\"\" srcset=\"data:image\/svg+xml,%3Csvg%20xmlns%3D%27http%3A%2F%2Fwww.w3.org%2F2000%2Fsvg%27%20width%3D%27684%27%20height%3D%27424%27%20viewBox%3D%270%200%20684%20424%27%3E%3Crect%20width%3D%27684%27%20height%3D%27424%27%20fill-opacity%3D%220%22%2F%3E%3C%2Fsvg%3E\" data-orig-src=\"https:\/\/kp.k12.tr\/anaokulu\/wp-content\/uploads\/sites\/3\/2018\/02\/sajev_anaokulu_akademik_bolumler_3.jpg\" data-srcset=\"https:\/\/kp.k12.tr\/anaokulu\/wp-content\/uploads\/sites\/3\/2018\/02\/sajev_anaokulu_akademik_bolumler_3-200x124.jpg 200w, https:\/\/kp.k12.tr\/anaokulu\/wp-content\/uploads\/sites\/3\/2018\/02\/sajev_anaokulu_akademik_bolumler_3-300x186.jpg 300w, https:\/\/kp.k12.tr\/anaokulu\/wp-content\/uploads\/sites\/3\/2018\/02\/sajev_anaokulu_akademik_bolumler_3-400x248.jpg 400w, https:\/\/kp.k12.tr\/anaokulu\/wp-content\/uploads\/sites\/3\/2018\/02\/sajev_anaokulu_akademik_bolumler_3-600x372.jpg 600w, https:\/\/kp.k12.tr\/anaokulu\/wp-content\/uploads\/sites\/3\/2018\/02\/sajev_anaokulu_akademik_bolumler_3.jpg 684w\" data-sizes=\"auto\" \/><\/div><\/div><\/div><\/div><div class=\"awb-swiper-button awb-swiper-button-prev\"><i class=\"awb-icon-angle-left\" aria-hidden=\"true\"><\/i><\/div><div class=\"awb-swiper-button awb-swiper-button-next\"><i class=\"awb-icon-angle-right\" aria-hidden=\"true\"><\/i><\/div><\/div><\/div><\/div><\/div><div class=\"fusion-layout-column fusion_builder_column_inner fusion-builder-nested-column-5 fusion_builder_column_inner_1_6 1_6 fusion-flex-column\" style=\"--awb-bg-size:cover;--awb-width-large:16.666666666667%;--awb-margin-top-large:0px;--awb-spacing-right-large:0px;--awb-margin-bottom-large:20px;--awb-spacing-left-large:0px;--awb-width-medium:100%;--awb-spacing-right-medium:0px;--awb-spacing-left-medium:0px;--awb-width-small:100%;--awb-spacing-right-small:0px;--awb-spacing-left-small:0px;\"><div class=\"fusion-column-wrapper fusion-flex-justify-content-flex-start fusion-content-layout-column\"><\/div><\/div><div class=\"fusion-layout-column fusion_builder_column_inner fusion-builder-nested-column-6 fusion_builder_column_inner_1_5 1_5 fusion-flex-column\" style=\"--awb-bg-size:cover;--awb-width-large:20%;--awb-margin-top-large:0px;--awb-spacing-right-large:0px;--awb-margin-bottom-large:20px;--awb-spacing-left-large:0px;--awb-width-medium:100%;--awb-spacing-right-medium:0px;--awb-spacing-left-medium:0px;--awb-width-small:100%;--awb-spacing-right-small:0px;--awb-spacing-left-small:0px;\"><div class=\"fusion-column-wrapper fusion-flex-justify-content-flex-start fusion-content-layout-column\"><\/div><\/div><div class=\"fusion-layout-column fusion_builder_column_inner fusion-builder-nested-column-7 fusion_builder_column_inner_3_5 3_5 fusion-flex-column\" style=\"--awb-bg-size:cover;--awb-width-large:60%;--awb-margin-top-large:0px;--awb-spacing-right-large:0px;--awb-margin-bottom-large:20px;--awb-spacing-left-large:0px;--awb-width-medium:100%;--awb-spacing-right-medium:0px;--awb-spacing-left-medium:0px;--awb-width-small:100%;--awb-spacing-right-small:0px;--awb-spacing-left-small:0px;\"><div class=\"fusion-column-wrapper fusion-flex-justify-content-flex-start fusion-content-layout-column\"><div class=\"fusion-text fusion-text-1\"><p>\u00d6zel K\u00fc\u00e7\u00fck Prens Anaokulu E\u011fitim Program\u0131, \u00e7ocu\u011fun kendini tan\u0131mas\u0131 ve bireysel becerilerinin ortaya \u00e7\u0131kmas\u0131n\u0131 sa\u011flayan, ara\u015ft\u0131rmay\u0131 ve ke\u015ffi te\u015fvik eden, \u00f6\u011frenmeyi sevdiren, geli\u015fen d\u00fcnyaya uyum sa\u011flayan \u00f6zg\u00fcn bir e\u011fitim program\u0131d\u0131r.<\/p>\n<p>Eklektiktir \u00e7\u00fcnk\u00fc tek bir e\u011fitim yakla\u015f\u0131m\u0131n\u0131 benimsemez. Gems, Reggio Emilia, Waldorf, High Scope gibi t\u00fcm \u00f6nemli e\u011fitim yakla\u015f\u0131mlar\u0131n\u0131n temel unsurlar\u0131 programa entegre edilmi\u015ftir.<\/p>\n<p>Anaokulu E\u011fitim Program\u0131, ilk deneyimlerin sadece akademik ba\u015far\u0131ya de\u011fil, ya\u015fam ba\u015far\u0131s\u0131na odakl\u0131 olmas\u0131 gere\u011finden yola \u00e7\u0131karak b\u00fct\u00fcnsel geli\u015fimi hedefler. \u00c7ocu\u011fun bili\u015fsel, sosyal-duygusal, dil ve fiziksel geli\u015fimini desteklemek \u00fczere programda \u00f6zel b\u00f6l\u00fcmler olu\u015fturulur. \u00c7ocuklar\u0131n ilgilerini \u00e7eken aktiviteler arac\u0131l\u0131\u011f\u0131yla daha kolay \u00f6\u011frendikleri bilinen bir ger\u00e7ektir. Dolay\u0131s\u0131yla bu \u00f6zel b\u00f6l\u00fcmler vas\u0131tas\u0131yla, \u00e7ocu\u011fun beceri ve e\u011filimlerinin ke\u015ffedilmesinin ve bunlar\u0131n a\u00e7\u0131\u011fa \u00e7\u0131kar\u0131lmas\u0131n\u0131n, g\u00fc\u00e7lendirilmesinin \u00f6\u011frenmeyi daha anlaml\u0131 k\u0131laca\u011f\u0131 d\u00fc\u015f\u00fcn\u00fcl\u00fcr ve g\u00fcnl\u00fck ak\u0131\u015fta bu b\u00f6l\u00fcmlere Frans\u0131zca ve T\u00fcrk\u00e7e y\u00fcr\u00fct\u00fclecek \u201cAt\u00f6lye \u00c7al\u0131\u015fmalar\u0131\u201d olarak yer verilir. At\u00f6lye \u00e7al\u0131\u015fmalar\u0131 aras\u0131nda, Matematik, Fen ve Do\u011fa, Anadil, Mutfak At\u00f6lyeleri yer al\u0131r.<\/p>\n<p>Anaokulumuzda sadece \u201cyabanc\u0131 dil\u201d \u00fczerine de\u011fil, \u201cdil\u201d \u00fczerine odaklan\u0131lmas\u0131 ve her iki dili de etkin kullanan \u00e7ocuklar yeti\u015ftirilmesi hedeflenir. \u00d6zel K\u00fc\u00e7\u00fck Prens Anaokulunda g\u00fcnl\u00fck ak\u0131\u015f i\u00e7erisine yay\u0131lm\u0131\u015f zengin dil etkinlikleri ile \u00e7ocuklar\u0131n dil geli\u015fimini destekleyen, birbirini destekler nitelikte ve paralel y\u00fcr\u00fcyen, \u00f6zg\u00fcn T\u00fcrk\u00e7e ve Frans\u0131zca e\u011fitim programlar\u0131n\u0131n kullan\u0131ld\u0131\u011f\u0131 bir sistem y\u00fcr\u00fct\u00fcl\u00fcr. S\u0131n\u0131f i\u00e7erisinde Frans\u0131zca ve Anadil \u00f6\u011fretmenleri ayn\u0131 anda bulunur ve program e\u015fg\u00fcd\u00fcml\u00fc ilerler.<\/p>\n<p>Erken ya\u015flarda sosyal-duygusal geli\u015fimin \u00e7ocu\u011fun ki\u015filik geli\u015fiminde ve ya\u015fam ba\u015far\u0131s\u0131nda \u00f6nemi bilinmektedir. E\u011fitim program\u0131m\u0131zda sosyal ve duygusal geli\u015fim \u00e7ocu\u011fun hayata haz\u0131rlanmas\u0131 ve mutlu olmas\u0131 i\u00e7in esas kabul edilir. Sosyal Duygusal Becerileri Geli\u015ftirme Program\u0131 ve At\u00f6lye \u00e7al\u0131\u015fmalar\u0131nda, farkl\u0131l\u0131klara sayg\u0131, empati, \u00e7at\u0131\u015fma \u00e7\u00f6zme, \u00f6fke y\u00f6netimi, \u00f6zg\u00fcven, ileti\u015fim becerileri, \u00e7evre bilinci gibi konulara yer verilerek \u00f6\u011frencilerin sosyal-duygusal alanda anlay\u0131\u015f ve beceriler geli\u015ftirmesi ama\u00e7lan\u0131r.<\/p>\n<p>\u00d6zel K\u00fc\u00e7\u00fck Prens Anaokulunda \u00f6\u011fretmenleri rehberli\u011finde \u00f6\u011frencilerin g\u00f6r\u00fcnt\u00fcl\u00fc, sesli ve etkile\u015fimli uygulamalar yapabilece\u011fi ak\u0131ll\u0131 tahtalar ve bilgisayarlar\u0131n yan\u0131nda grup \u00e7al\u0131\u015fmalar\u0131nda kullan\u0131labilecek interaktif masa mevcuttur. E\u011fitim program\u0131nda, \u00f6\u011frencilerin ilgilerini \u00e7ekmek, etkinliklerden keyif almalar\u0131n\u0131 sa\u011flamak ve \u00f6zellikle Frans\u0131zca anlama becerilerini geli\u015ftirmek i\u00e7in ya\u015f seviyelerine uygun e\u011fitsel video klipler, g\u00f6rsel animasyonlar ve interaktif oyun-tabanl\u0131 dijital materyallerden faydalan\u0131l\u0131r. \u00c7ocu\u011fun geli\u015fiminde rol oynayan en \u00f6nemli \u00f6gelerden birisi ailedir. Aile kat\u0131l\u0131m\u0131n\u0131 destekleyen programlarda yeti\u015fen \u00e7ocuklar\u0131n geli\u015fimindeki olumlu etkilerin kal\u0131c\u0131 oldu\u011fu ara\u015ft\u0131rmalar taraf\u0131ndan ortaya konmu\u015ftur. Bu nedenle Anaokulumuzda ailenin okulu, okulun aileyi ORTAK g\u00f6rd\u00fc\u011f\u00fc bir anlay\u0131\u015f benimsenir. \u00c7ocu\u011fun sa\u011fl\u0131kl\u0131 geli\u015fimini sa\u011flamak ad\u0131na program\u0131m\u0131zda, anne babalar\u0131n \u00e7ocuklar\u0131n geli\u015fim ve e\u011fitimlerine katk\u0131da bulunmalar\u0131 i\u00e7in organize etti\u011fimiz etkinliklerle \u201cAile Kat\u0131l\u0131m\u0131\u201d etkinliklerine yer verilir.<\/p>\n<\/div><\/div><\/div><div class=\"fusion-layout-column fusion_builder_column_inner fusion-builder-nested-column-8 fusion_builder_column_inner_1_5 1_5 fusion-flex-column\" style=\"--awb-bg-size:cover;--awb-width-large:20%;--awb-margin-top-large:0px;--awb-spacing-right-large:0px;--awb-margin-bottom-large:20px;--awb-spacing-left-large:0px;--awb-width-medium:100%;--awb-spacing-right-medium:0px;--awb-spacing-left-medium:0px;--awb-width-small:100%;--awb-spacing-right-small:0px;--awb-spacing-left-small:0px;\"><div class=\"fusion-column-wrapper fusion-flex-justify-content-flex-start fusion-content-layout-column\"><\/div><\/div><\/div><\/div><\/div><\/div><\/div>\n","protected":false},"excerpt":{"rendered":"","protected":false},"author":5,"featured_media":0,"parent":12,"menu_order":8,"comment_status":"closed","ping_status":"closed","template":"100-width.php","meta":{"_view_id":"","footnotes":""},"class_list":["post-2443","page","type-page","status-publish","hentry"],"jetpack_sharing_enabled":true,"_links":{"self":[{"href":"https:\/\/kp.k12.tr\/anaokulu\/wp-json\/wp\/v2\/pages\/2443","targetHints":{"allow":["GET"]}}],"collection":[{"href":"https:\/\/kp.k12.tr\/anaokulu\/wp-json\/wp\/v2\/pages"}],"about":[{"href":"https:\/\/kp.k12.tr\/anaokulu\/wp-json\/wp\/v2\/types\/page"}],"author":[{"embeddable":true,"href":"https:\/\/kp.k12.tr\/anaokulu\/wp-json\/wp\/v2\/users\/5"}],"replies":[{"embeddable":true,"href":"https:\/\/kp.k12.tr\/anaokulu\/wp-json\/wp\/v2\/comments?post=2443"}],"version-history":[{"count":0,"href":"https:\/\/kp.k12.tr\/anaokulu\/wp-json\/wp\/v2\/pages\/2443\/revisions"}],"up":[{"embeddable":true,"href":"https:\/\/kp.k12.tr\/anaokulu\/wp-json\/wp\/v2\/pages\/12"}],"wp:attachment":[{"href":"https:\/\/kp.k12.tr\/anaokulu\/wp-json\/wp\/v2\/media?parent=2443"}],"curies":[{"name":"wp","href":"https:\/\/api.w.org\/{rel}","templated":true}]}}